{"id":37846,"date":"2021-06-15T07:09:40","date_gmt":"2021-06-15T07:09:40","guid":{"rendered":"https:\/\/www.sisinternational.com\/?page_id=37846"},"modified":"2026-01-24T20:41:05","modified_gmt":"2026-01-25T01:41:05","slug":"investigacion-de-mercado-en-madagascar-africa","status":"publish","type":"page","link":"https:\/\/www.sisinternational.com\/es\/cobertura\/investigacion-de-mercado-africa\/investigacion-de-mercado-en-madagascar-africa\/","title":{"rendered":"Investigaci\u00f3n de mercado en Madagascar, \u00c1frica"},"content":{"rendered":"<h1 class=\"wp-block-heading\">Investigaci\u00f3n de mercado en Madagascar<\/h1>\n\n\n\n<figure class=\"gb-block-image gb-block-image-2d4b73e8\"><img loading=\"lazy\" decoding=\"async\" width=\"1456\" height=\"816\" class=\"gb-image gb-image-2d4b73e8\" src=\"https:\/\/www.sisinternational.com\/wp-content\/uploads\/2025\/08\/madagascar-3.jpg\" alt=\"Investigaci\u00f3n y estrategia de mercado internacional de SIS\" title=\"madagascar (3)\" srcset=\"https:\/\/www.sisinternational.com\/wp-content\/uploads\/2025\/08\/madagascar-3.jpg 1456w, https:\/\/www.sisinternational.com\/wp-content\/uploads\/2025\/08\/madagascar-3-300x168.jpg 300w, https:\/\/www.sisinternational.com\/wp-content\/uploads\/2025\/08\/madagascar-3-1024x574.jpg 1024w, https:\/\/www.sisinternational.com\/wp-content\/uploads\/2025\/08\/madagascar-3-768x430.jpg 768w, https:\/\/www.sisinternational.com\/wp-content\/uploads\/2025\/08\/madagascar-3-18x10.jpg 18w\" sizes=\"auto, (max-width: 1456px) 100vw, 1456px\"><\/figure>\n\n\n\n<h2 class=\"wp-block-heading\">Barrios<\/h2>\n\n\n\n<p><a href=\"https:\/\/oec.world\/en\/profile\/country\/mdg\" target=\"_blank\" rel=\"noopener\">Madagascar es una naci\u00f3n insular a unas 250 millas de la costa de \u00c1frica Oriental.<\/a>. All\u00ed viven veintis\u00e9is millones de personas. De hecho, la mayor\u00eda de estos nacionales viven en la pobreza. S\u00f3lo otros cuatro pa\u00edses tienen un PIB per c\u00e1pita inferior al de Madagascar.<\/p>\n\n\n\n<p>Algunas de las razones por las que Madagascar es tan pobre son:<\/p>\n\n\n\n<ul class=\"wp-block-list\">\n<li>El relativo aislamiento del pa\u00eds en el mapa.<\/li>\n\n\n\n<li>A\u00f1os y a\u00f1os de corrupci\u00f3n e inestabilidad pol\u00edtica<\/li>\n<\/ul>\n\n\n\n<h2 class=\"wp-block-heading\">Tendencias<\/h2>\n\n\n\n<p>Madagascar is the fourth-largest and fifth most impoverished country in Africa. Still, it became a sought-after destination following the release of the animated movie \u2018Madagascar.\u201d<\/p>\n\n\n\n<p>El pa\u00eds es famoso por sus magn\u00edficos rascacielos Baobab, que dominan el paisaje. Madagascar tambi\u00e9n alberga m\u00e1s de 12 mil especies de plantas. Tiene m\u00e1s biodiversidad que cualquier otro pa\u00eds del mundo. De hecho, muchas de las plantas de Madagascar no existen en ning\u00fan otro lugar del mundo.<\/p>\n\n\n\n<p>Madagascar tiene una poblaci\u00f3n de vida silvestre \u00fanica compuesta por especies nativas. Estas especies incluyen fosas, l\u00e9mures y cientos de aves y reptiles. Su abundancia podr\u00eda deberse al aislamiento de la masa continental de sus vecinos continentales.<\/p>\n\n\n\n<h2 class=\"wp-block-heading\">Industrias clave en Madagascar<\/h2>\n\n\n\n<p>Madagascar es el principal productor mundial de vainilla. Tiene otras exportaciones primarias, por ejemplo, az\u00facar, caf\u00e9, mariscos, minerales, fibras y piedras preciosas.<\/p>\n\n\n\n<p>La principal piedra preciosa producida en Madagascar son los zafiros. Tambi\u00e9n es el \u00fanico pa\u00eds productor de caviar en \u00c1frica. La agricultura es una de las principales fuentes de ingresos en Madagascar, al igual que la pesca y la tala.<\/p>\n\n\n\n<h2 class=\"wp-block-heading\">Base de consumidores<\/h2>\n\n\n\n<p>Los malgaches importan petr\u00f3leo, veh\u00edculos, productos met\u00e1licos y otros productos manufacturados esenciales. De hecho, el petr\u00f3leo es una de las importaciones m\u00e1s importantes de Madagascar. De hecho, esta enorme factura por las importaciones de petr\u00f3leo puede ser una de las razones por las que Madagascar es uno de los pa\u00edses m\u00e1s pobres de \u00c1frica.<\/p>\n\n\n\n<p>La econom\u00eda de Madagascar depende del cultivo de algod\u00f3n, t\u00e9, l\u00e1cteos y arroz. Si bien tiene una poblaci\u00f3n joven y la mayor\u00eda de la gente vive en la pobreza, la econom\u00eda ha ido creciendo. Los niveles de educaci\u00f3n tambi\u00e9n est\u00e1n aumentando.<\/p>\n\n\n\n<h2 class=\"wp-block-heading\">Razones para hacer crecer su negocio en Madagascar<\/h2>\n\n\n\n<p>Madagascar es un pa\u00eds prometedor. En primer lugar, tiene una belleza natural \u00fanica. En segundo lugar, la gente es hospitalaria. Por lo tanto, las empresas se benefician de los trabajadores nativos calificados.<\/p>\n\n\n\n<p>Madagascar has preferential trade agreements with the United States and the European Union. It also has contracts with the Common <a href=\"https:\/\/www.sisinternational.com\/es\/el-cambiante-mercado-africano\/\" title=\"Investigaci\u00f3n de oportunidades de mercado en \u00c1frica\" data-wpil-monitor-id=\"2798\">Market of Eastern and Southern Africa<\/a>. Similarly, it is a member state of the Southern African Development Community.<\/p>\n\n\n\n<p>Madagascar tiene mucho margen de crecimiento y ofrece muchas oportunidades de inversi\u00f3n. Existe un enorme potencial para la agricultura debido al suelo f\u00e9rtil. Madagascar tambi\u00e9n tiene el clima perfecto para muchos cultivos. De hecho, este pa\u00eds lidera la producci\u00f3n de alimentos org\u00e1nicos en \u00c1frica.<\/p>\n\n\n\n<p>Madagascar es el principal exportador de productos textiles de \u00c1frica Oriental a Europa. Tiene una industria moderna que emplea a m\u00e1s de dos mil trabajadores calificados. Estos trabajadores producen productos textiles de alta calidad a precios competitivos.<\/p>\n\n\n\n<p>Las exportaciones de Madagascar han generado cientos de millones de d\u00f3lares en los \u00faltimos a\u00f1os. De hecho, algunas de las principales marcas de ropa tienen f\u00e1bricas en Madagascar. Entonces, estas marcas tienen los beneficios de una mano de obra barata y acceso a un mercado global.<\/p>\n\n\n\n<p>Startup costs for investment in Madagascar are low. These low costs are on account of an official exemption from customs duties and taxes for two years. Another benefit to businesses is the modern infrastructure, which is available in several cities in Madagascar.<\/p>\n\n\n\n<h2 class=\"wp-block-heading\">Acerca de la investigaci\u00f3n de mercado en Madagascar<\/h2>\n\n\n\n<p>\u00bfEs usted propietario de un negocio y desea invertir en Madagascar? Si es as\u00ed, este art\u00edculo cubre el potencial de Madagascar. Nuestra empresa tambi\u00e9n recopila <a href=\"https:\/\/www.sisinternational.com\/es\/que-es-la-investigacion-cualitativa\/\" target=\"_blank\" rel=\"noopener\">Cualitativo<\/a>, <a href=\"https:\/\/www.sisinternational.com\/es\/que-es-la-investigacion-cuantitativa\/\" target=\"_blank\" rel=\"noopener\">Cuantitativo<\/a>, y <a href=\"https:\/\/www.sisinternational.com\/es\/soluciones\/consultoria-estrategica\/como-la-investigacion-estrategica-puede-mejorar-su-rendimiento\/\" target=\"_blank\" rel=\"noopener\">Investigaci\u00f3n estrat\u00e9gica<\/a>. Adem\u00e1s, le ayudamos a tomar las mejores decisiones de inversi\u00f3n. Esperamos que la informaci\u00f3n proporcionada aqu\u00ed le ayude en su decisi\u00f3n de invertir en Madagascar.<\/p>\n\n\n\n<p><\/p>","protected":false},"excerpt":{"rendered":"<p>Las exportaciones de Madagascar han generado cientos de millones de d\u00f3lares en los \u00faltimos a\u00f1os. Los costos iniciales de inversi\u00f3n en Madagascar son bajos.<\/p>","protected":false},"author":1,"featured_media":65377,"parent":14281,"menu_order":27,"comment_status":"closed","ping_status":"closed","template":"","meta":{"footnotes":""},"class_list":["post-37846","page","type-page","status-publish","has-post-thumbnail"],"_links":{"self":[{"href":"https:\/\/www.sisinternational.com\/es\/wp-json\/wp\/v2\/pages\/37846","targetHints":{"allow":["GET"]}}],"collection":[{"href":"https:\/\/www.sisinternational.com\/es\/wp-json\/wp\/v2\/pages"}],"about":[{"href":"https:\/\/www.sisinternational.com\/es\/wp-json\/wp\/v2\/types\/page"}],"author":[{"embeddable":true,"href":"https:\/\/www.sisinternational.com\/es\/wp-json\/wp\/v2\/users\/1"}],"replies":[{"embeddable":true,"href":"https:\/\/www.sisinternational.com\/es\/wp-json\/wp\/v2\/comments?post=37846"}],"version-history":[{"count":4,"href":"https:\/\/www.sisinternational.com\/es\/wp-json\/wp\/v2\/pages\/37846\/revisions"}],"predecessor-version":[{"id":77133,"href":"https:\/\/www.sisinternational.com\/es\/wp-json\/wp\/v2\/pages\/37846\/revisions\/77133"}],"up":[{"embeddable":true,"href":"https:\/\/www.sisinternational.com\/es\/wp-json\/wp\/v2\/pages\/14281"}],"wp:featuredmedia":[{"embeddable":true,"href":"https:\/\/www.sisinternational.com\/es\/wp-json\/wp\/v2\/media\/65377"}],"wp:attachment":[{"href":"https:\/\/www.sisinternational.com\/es\/wp-json\/wp\/v2\/media?parent=37846"}],"curies":[{"name":"wp","href":"https:\/\/api.w.org\/{rel}","templated":true}]}}