{"id":37843,"date":"2021-06-15T06:59:55","date_gmt":"2021-06-15T06:59:55","guid":{"rendered":"https:\/\/www.sisinternational.com\/?page_id=37843"},"modified":"2025-09-14T17:33:07","modified_gmt":"2025-09-14T21:33:07","slug":"investigacion-de-mercado-en-libia-africa","status":"publish","type":"page","link":"https:\/\/www.sisinternational.com\/es\/cobertura\/investigacion-de-mercado-africa\/investigacion-de-mercado-en-libia-africa\/","title":{"rendered":"Investigaci\u00f3n de mercado en Libia, \u00c1frica"},"content":{"rendered":"<h1 class=\"wp-block-heading\">Investigaci\u00f3n de mercado en Libia<\/h1>\n\n\n\n<figure class=\"gb-block-image gb-block-image-46af734e\"><img loading=\"lazy\" decoding=\"async\" width=\"1456\" height=\"816\" class=\"gb-image gb-image-46af734e\" src=\"https:\/\/www.sisinternational.com\/wp-content\/uploads\/2025\/08\/Libya-44.jpg\" alt=\"Investigaci\u00f3n y estrategia de mercado internacional de SIS\" title=\"Libya 44\" srcset=\"https:\/\/www.sisinternational.com\/wp-content\/uploads\/2025\/08\/Libya-44.jpg 1456w, https:\/\/www.sisinternational.com\/wp-content\/uploads\/2025\/08\/Libya-44-300x168.jpg 300w, https:\/\/www.sisinternational.com\/wp-content\/uploads\/2025\/08\/Libya-44-1024x574.jpg 1024w, https:\/\/www.sisinternational.com\/wp-content\/uploads\/2025\/08\/Libya-44-768x430.jpg 768w, https:\/\/www.sisinternational.com\/wp-content\/uploads\/2025\/08\/Libya-44-18x10.jpg 18w\" sizes=\"auto, (max-width: 1456px) 100vw, 1456px\"><\/figure>\n\n\n\n<p><\/p>\n\n\n\n<p>Libia es un conocido pa\u00eds del norte de \u00c1frica de habla \u00e1rabe. Tambi\u00e9n es enorme. Con m\u00e1s de 600.000 millas cuadradas, <a href=\"https:\/\/oec.world\/en\/profile\/country\/lby\" target=\"_blank\" rel=\"noopener\">Libia es el cuarto pa\u00eds m\u00e1s grande de \u00c1frica.<\/a> y el decimosexto m\u00e1s grande del mundo. Es casi tres veces m\u00e1s grande que Texas en Estados Unidos.<\/p>\n\n\n\n<p>Libia atraves\u00f3 una guerra civil que termin\u00f3 en 2020. Para ser claros, dos gobiernos luchaban por ser dominantes, enfrentando a una facci\u00f3n contra la otra. En resumen, todos quer\u00edan tener una parte de autoridad. Adem\u00e1s, no existe un gobierno central en Libia, por lo que nadie tiene el control. Libia ahora est\u00e1 tratando de remodelarse, pero debido a su enorme tama\u00f1o, est\u00e1 teniendo dificultades para lograrlo.<\/p>\n\n\n\n<h2 class=\"wp-block-heading\">Industrias clave<\/h2>\n\n\n\n<p>Libia exporta petr\u00f3leo, cemento, textiles, hierro y acero.<\/p>\n\n\n\n<p>El pa\u00eds tambi\u00e9n tiene una reserva probada de petr\u00f3leo de cuarenta y seis mil millones de barriles, la mayor de \u00c1frica. Su producci\u00f3n anual de petr\u00f3leo es de aproximadamente 1,65 millones de barriles por d\u00eda. Debido a la reciente guerra, los precios del petr\u00f3leo han ca\u00eddo a niveles s\u00faper bajos. A\u00fan as\u00ed, el petr\u00f3leo y el gas natural representan m\u00e1s de la mitad del ingreso nacional de Libia. De hecho, Europa compra alrededor del ochenta por ciento de las exportaciones de petr\u00f3leo de Libia.<\/p>\n\n\n\n<h2 class=\"wp-block-heading\">Barrios en Libia<\/h2>\n\n\n\n<p>Chad est\u00e1 al sur de Libia, Nigeria est\u00e1 al suroeste y Sud\u00e1n est\u00e1 al sureste. Tambi\u00e9n comparte frontera con Egipto, que est\u00e1 al este.<\/p>\n\n\n\n<p>La capital de Libia es Tr\u00edpoli, situada al noroeste de la costa mediterr\u00e1nea. Tr\u00edpoli es la ciudad m\u00e1s grande de Libia y es donde se realiza la mayor parte del comercio del pa\u00eds. M\u00e1s de un mill\u00f3n de personas viven all\u00ed. Tr\u00edpoli es tambi\u00e9n el principal puerto de Libia. Otras ciudades importantes de Libia son Bengasi, Misrata y Tarhuna. Estas ciudades son donde vive la mayor\u00eda de la gente y donde comercian bienes y servicios.<\/p>\n\n\n\n<h2 class=\"wp-block-heading\">Base de consumidores<\/h2>\n\n\n\n<p>La factura de las importaciones de Libia es m\u00e1s alta que la de otros pa\u00edses de \u00c1frica debido a la reciente guerra. Una de las principales importaciones son los alimentos, que compra a otros pa\u00edses. Cosas como frijoles, trigo, arroz, lentejas y ma\u00edz son algunos de los alimentos demandados en Libia. Como resultado, la industria agr\u00edcola es una gran oportunidad de inversi\u00f3n para ganar dinero en Libia.<\/p>\n\n\n\n<p>M\u00e1s de las tres cuartas partes de la poblaci\u00f3n de Libia es urbana. El pa\u00eds sufre un desempleo agudo; las cifras reportadas llegan hasta el 50 por ciento. Sin embargo, alberga una gran cantidad de trabajadores extranjeros de pa\u00edses como Egipto, Turqu\u00eda e India. Muchos de estos trabajadores trabajan en la industria petrolera y, como resultado, ganan salarios altos.<\/p>\n\n\n\n<h2 class=\"wp-block-heading\">Razones para hacer crecer su negocio en Libia<\/h2>\n\n\n\n<p>Libia es un gran lugar para hacer crecer su negocio debido a su gran poblaci\u00f3n. Tambi\u00e9n necesita ayuda con el crecimiento econ\u00f3mico. Sud\u00e1frica, Nigeria y Egipto son algunos de los pa\u00edses m\u00e1s pr\u00f3speros de \u00c1frica, y Libia tiene el potencial de estar entre estos pa\u00edses. Los economistas esperan que Libia siga creciendo en riqueza. La producci\u00f3n de petr\u00f3leo es excelente y tiene vastas reservas sin explotar. Por eso invertir en Libia ser\u00eda una excelente idea.<\/p>\n\n\n\n<h2 class=\"wp-block-heading\">Acerca de la investigaci\u00f3n de mercado en Libia<\/h2>\n\n\n\n<p>\u00bfLe gustar\u00eda hacer negocios en Libia? Lo tenemos cubierto con informaci\u00f3n actualizada sobre oportunidades de inversi\u00f3n. Nos reunimos <a href=\"https:\/\/www.sisinternational.com\/es\/que-es-la-investigacion-cuantitativa\/\" target=\"_blank\" rel=\"noopener\">Cuantitativo<\/a>, <a href=\"https:\/\/www.sisinternational.com\/es\/que-es-la-investigacion-cualitativa\/\" target=\"_blank\" rel=\"noopener\">Cualitativo<\/a>, y <a href=\"https:\/\/www.sisinternational.com\/es\/soluciones\/consultoria-estrategica\/como-la-investigacion-estrategica-puede-mejorar-su-rendimiento\/\" target=\"_blank\" rel=\"noopener\">Investigaci\u00f3n estrat\u00e9gica<\/a> para usted o su empresa. Los datos recopilados tienen como objetivo informarle de la situaci\u00f3n econ\u00f3mica en Libia. Esperamos que este art\u00edculo haya sido beneficioso para usted y que considere invertir en Libia.<\/p>\n\n\n\n<p><\/p>","protected":false},"excerpt":{"rendered":"<p>Libia es un gran lugar para hacer crecer su negocio debido a su gran poblaci\u00f3n. Los economistas esperan que Libia siga creciendo en riqueza.<\/p>","protected":false},"author":1,"featured_media":65375,"parent":14281,"menu_order":26,"comment_status":"closed","ping_status":"closed","template":"","meta":{"footnotes":""},"class_list":["post-37843","page","type-page","status-publish","has-post-thumbnail"],"_links":{"self":[{"href":"https:\/\/www.sisinternational.com\/es\/wp-json\/wp\/v2\/pages\/37843","targetHints":{"allow":["GET"]}}],"collection":[{"href":"https:\/\/www.sisinternational.com\/es\/wp-json\/wp\/v2\/pages"}],"about":[{"href":"https:\/\/www.sisinternational.com\/es\/wp-json\/wp\/v2\/types\/page"}],"author":[{"embeddable":true,"href":"https:\/\/www.sisinternational.com\/es\/wp-json\/wp\/v2\/users\/1"}],"replies":[{"embeddable":true,"href":"https:\/\/www.sisinternational.com\/es\/wp-json\/wp\/v2\/comments?post=37843"}],"version-history":[{"count":2,"href":"https:\/\/www.sisinternational.com\/es\/wp-json\/wp\/v2\/pages\/37843\/revisions"}],"predecessor-version":[{"id":68554,"href":"https:\/\/www.sisinternational.com\/es\/wp-json\/wp\/v2\/pages\/37843\/revisions\/68554"}],"up":[{"embeddable":true,"href":"https:\/\/www.sisinternational.com\/es\/wp-json\/wp\/v2\/pages\/14281"}],"wp:featuredmedia":[{"embeddable":true,"href":"https:\/\/www.sisinternational.com\/es\/wp-json\/wp\/v2\/media\/65375"}],"wp:attachment":[{"href":"https:\/\/www.sisinternational.com\/es\/wp-json\/wp\/v2\/media?parent=37843"}],"curies":[{"name":"wp","href":"https:\/\/api.w.org\/{rel}","templated":true}]}}