{"id":37841,"date":"2021-06-15T06:54:55","date_gmt":"2021-06-15T06:54:55","guid":{"rendered":"https:\/\/www.sisinternational.com\/?page_id=37841"},"modified":"2025-09-14T17:34:07","modified_gmt":"2025-09-14T21:34:07","slug":"investigacion-de-mercado-en-liberia-africa","status":"publish","type":"page","link":"https:\/\/www.sisinternational.com\/es\/cobertura\/investigacion-de-mercado-africa\/investigacion-de-mercado-en-liberia-africa\/","title":{"rendered":"Investigaci\u00f3n de mercado en Liberia, \u00c1frica"},"content":{"rendered":"<h1 class=\"wp-block-heading\">Investigaci\u00f3n de mercado en Liberia<\/h1>\n\n\n\n<figure class=\"gb-block-image gb-block-image-cc0893d2\"><img loading=\"lazy\" decoding=\"async\" width=\"1456\" height=\"816\" class=\"gb-image gb-image-cc0893d2\" src=\"https:\/\/www.sisinternational.com\/wp-content\/uploads\/2025\/08\/Liberia-1.jpg\" alt=\"Investigaci\u00f3n y estrategia de mercado internacional de SIS\" title=\"Liberia (1)\" srcset=\"https:\/\/www.sisinternational.com\/wp-content\/uploads\/2025\/08\/Liberia-1.jpg 1456w, https:\/\/www.sisinternational.com\/wp-content\/uploads\/2025\/08\/Liberia-1-300x168.jpg 300w, https:\/\/www.sisinternational.com\/wp-content\/uploads\/2025\/08\/Liberia-1-1024x574.jpg 1024w, https:\/\/www.sisinternational.com\/wp-content\/uploads\/2025\/08\/Liberia-1-768x430.jpg 768w, https:\/\/www.sisinternational.com\/wp-content\/uploads\/2025\/08\/Liberia-1-18x10.jpg 18w\" sizes=\"auto, (max-width: 1456px) 100vw, 1456px\"><\/figure>\n\n\n\n<p><\/p>\n\n\n\n<p><a href=\"https:\/\/oec.world\/en\/profile\/country\/lbr\" target=\"_blank\" rel=\"noopener\">Liberia es un pa\u00eds de \u00c1frica occidental.<\/a> que limita con Costa de Marfil, Guinea y Sierra Leona. Como muchos otros pa\u00edses africanos, es una excelente inversi\u00f3n debido a que su mercado a\u00fan est\u00e1 sin explotar. Sin embargo, el pa\u00eds tiene muchos problemas, incluida una historia de guerra civil y disturbios.<\/p>\n\n\n\n<h2 class=\"wp-block-heading\">Industrias clave<\/h2>\n\n\n\n<p>Una de las industrias principales de Liberia es la miner\u00eda (hierro, oro, diamantes y minerales). Otras industrias importantes son el aceite de palma y el procesamiento del caucho.<\/p>\n\n\n\n<p>El sistema econ\u00f3mico de Liberia est\u00e1 subdesarrollado. Estos da\u00f1os fueron resultado de la Primera Guerra Civil Liberiana, librada entre 1989 y 1996. Desde entonces, Liberia se encuentra entre los pa\u00edses m\u00e1s empobrecidos del mundo.<\/p>\n\n\n\n<p>La guerra civil derroc\u00f3 a la minor\u00eda estadounidense-liberiana que gobernaba el pa\u00eds. La guerra tambi\u00e9n provoc\u00f3 una fuga de cerebros y una p\u00e9rdida de capital. En consecuencia, Liberia tiene el perfil t\u00edpico de la econom\u00eda del \u00c1frica subsahariana, con abundantes recursos minerales, bosques y agricultura. Pero carece de capital humano, infraestructura y estabilidad. Por tanto, la mayor parte de la poblaci\u00f3n depende de la agricultura. En contraste, los extranjeros poseen gran parte de la industria manufacturera local existente.<\/p>\n\n\n\n<h2 class=\"wp-block-heading\">Barrios en Liberia<\/h2>\n\n\n\n<p>Monrovia es la capital de Liberia, ubicada en la costa atl\u00e1ntica. Tiene la mayor poblaci\u00f3n del pa\u00eds. Esta ciudad, fundada en 1822, es el centro cultural, financiero y econ\u00f3mico del pa\u00eds. Su econom\u00eda depende de su papel como puerto y sede del gobierno liberiano.<\/p>\n\n\n\n<p>Gbarnga es otra ciudad importante. Es la capital del condado de Bonn, situada al noreste de Monrovia. Tuvo un papel esencial como base del Frente Patri\u00f3tico Nacional Liberiano de Charles Taylor cuando lucharon en la guerra civil inicial. Hoy en d\u00eda, Gbarnga desempe\u00f1a un papel m\u00e1s progresista en el desarrollo de Liberia. por ejemplo, alberga el Cuttington College. Esta universidad es una escuela privada afiliada a una Iglesia Anglicana cerca de la ciudad. Su campus alguna vez alberg\u00f3 el Museo Afroamericano, que la Guerra Civil destruy\u00f3.<\/p>\n\n\n\n<h2 class=\"wp-block-heading\">Tendencias y base de consumidores en Liberia<\/h2>\n\n\n\n<p>La mayor\u00eda de los liberianos ganan menos de $500 d\u00f3lares al mes, lo que no siempre es suficiente para comprar ropa, comida y vivienda.<\/p>\n\n\n\n<p>Los productos manufacturados, por ejemplo, los alimentos, los productos qu\u00edmicos y los combustibles, son las principales importaciones de Liberia.<br>El arroz es un ingrediente b\u00e1sico en Liberia. Otros productos agr\u00edcolas incluyen la yuca, el pescado, los pl\u00e1tanos y los c\u00edtricos. Los agricultores de Liberia tambi\u00e9n cultivan pl\u00e1tanos, cocos, okra y batatas.<\/p>\n\n\n\n<h2 class=\"wp-block-heading\">Fortalezas en el mercado<\/h2>\n\n\n\n<p>Una de las fortalezas de Liberia son sus recursos naturales.<\/p>\n\n\n\n<p>La agricultura sigue siendo su industria principal y emplea a dos tercios de la poblaci\u00f3n.<\/p>\n\n\n\n<p>La industria minera en Liberia se recuper\u00f3 despu\u00e9s de la Segunda Guerra Civil, que termin\u00f3 en 2003. Se han implementado nuevas leyes mineras y pol\u00edticas de desarrollo mineral para atraer inversi\u00f3n extranjera.<\/p>\n\n\n\n<h2 class=\"wp-block-heading\">Razones para hacer crecer su negocio mediante la investigaci\u00f3n de mercado en Liberia<\/h2>\n\n\n\n<p><strong>Administraci\u00f3n tributaria de apoyo<\/strong>;<br>Liberia ha instituido la Ley de Inversiones de 2016. El art\u00edculo 16 de esta ley aborda el sistema tributario liberiano. Proporciona incentivos financieros y no financieros especiales para las inversiones. Estas inversiones deben realizarse en cualquiera de los 15 sectores prioritarios, que incluyen manufactura, tecnolog\u00eda de la informaci\u00f3n y turismo.<\/p>\n\n\n\n<p><strong>No hay retornos m\u00ednimos sobre los ingresos ni l\u00edmite de cambio.<\/strong><br>El art\u00edculo 11 de la Ley de Inversiones de 2010 refuerza la protecci\u00f3n de las inversiones. Permite a los inversores devolver su capital y beneficios a sus pa\u00edses de origen, incluidas ganancias, dividendos y transferencias de efectivo en el momento de la venta o liquidaci\u00f3n. Tambi\u00e9n incluye el reembolso de pr\u00e9stamos obtenidos de bancos extranjeros.<\/p>\n\n\n\n<p><strong>Existe un mercado local insaturado de art\u00edculos para el hogar y comestibles.<\/strong><br>Liberia depende de la industria minera. Dado que el sector manufacturero no est\u00e1 bien desarrollado, el pa\u00eds importa la mayor\u00eda de los art\u00edculos dom\u00e9sticos que consume. Por ejemplo, se importan aproximadamente 90% del arroz que se consume cada a\u00f1o. Asimismo, existe la importaci\u00f3n de muchos art\u00edculos para el hogar. Por tanto, los art\u00edculos para el hogar resultar\u00edan un negocio muy lucrativo. El gobierno est\u00e1 ansioso por hacer la transici\u00f3n desde una econom\u00eda que depende de la miner\u00eda y las importaciones. Quiere pasar a una econom\u00eda orientada a la exportaci\u00f3n en el sector manufacturero.<\/p>\n\n\n\n<h2 class=\"wp-block-heading\">Acerca de la investigaci\u00f3n de mercado en Liberia<\/h2>\n\n\n\n<p>\u00bfQuieres iniciar un negocio? \u00bfLe parece Liberia un gran lugar? Entonces este articulo es para usted. Hemos creado Focus Groups para el sector privado africano. Tambi\u00e9n podemos realizar <a href=\"https:\/\/www.sisinternational.com\/es\/que-es-la-investigacion-cuantitativa\/\" target=\"_blank\" rel=\"noopener\">Cuantitativo<\/a>, <a href=\"https:\/\/www.sisinternational.com\/es\/que-es-la-investigacion-cualitativa\/\" target=\"_blank\" rel=\"noopener\">Cualitativo<\/a>, y <a href=\"https:\/\/www.sisinternational.com\/es\/soluciones\/consultoria-estrategica\/como-la-investigacion-estrategica-puede-mejorar-su-rendimiento\/\" target=\"_blank\" rel=\"noopener\">Investigaci\u00f3n estrat\u00e9gica<\/a> para su asociaci\u00f3n. As\u00ed, podr\u00e1s elegir la industria m\u00e1s adecuada para iniciar un negocio. Tomamos todas estas medidas para garantizar el \u00e9xito de su negocio.<\/p>\n\n\n\n<p>Este documento le brinda la orientaci\u00f3n necesaria para aprovechar al m\u00e1ximo su inversi\u00f3n en Liberia.<\/p>\n\n\n\n<p><\/p>","protected":false},"excerpt":{"rendered":"<p>Una de las fortalezas de Liberia son sus recursos naturales. La agricultura sigue siendo su industria principal y emplea a dos tercios de la poblaci\u00f3n.<\/p>","protected":false},"author":1,"featured_media":65369,"parent":14281,"menu_order":25,"comment_status":"closed","ping_status":"closed","template":"","meta":{"footnotes":""},"class_list":["post-37841","page","type-page","status-publish","has-post-thumbnail"],"_links":{"self":[{"href":"https:\/\/www.sisinternational.com\/es\/wp-json\/wp\/v2\/pages\/37841","targetHints":{"allow":["GET"]}}],"collection":[{"href":"https:\/\/www.sisinternational.com\/es\/wp-json\/wp\/v2\/pages"}],"about":[{"href":"https:\/\/www.sisinternational.com\/es\/wp-json\/wp\/v2\/types\/page"}],"author":[{"embeddable":true,"href":"https:\/\/www.sisinternational.com\/es\/wp-json\/wp\/v2\/users\/1"}],"replies":[{"embeddable":true,"href":"https:\/\/www.sisinternational.com\/es\/wp-json\/wp\/v2\/comments?post=37841"}],"version-history":[{"count":2,"href":"https:\/\/www.sisinternational.com\/es\/wp-json\/wp\/v2\/pages\/37841\/revisions"}],"predecessor-version":[{"id":68555,"href":"https:\/\/www.sisinternational.com\/es\/wp-json\/wp\/v2\/pages\/37841\/revisions\/68555"}],"up":[{"embeddable":true,"href":"https:\/\/www.sisinternational.com\/es\/wp-json\/wp\/v2\/pages\/14281"}],"wp:featuredmedia":[{"embeddable":true,"href":"https:\/\/www.sisinternational.com\/es\/wp-json\/wp\/v2\/media\/65369"}],"wp:attachment":[{"href":"https:\/\/www.sisinternational.com\/es\/wp-json\/wp\/v2\/media?parent=37841"}],"curies":[{"name":"wp","href":"https:\/\/api.w.org\/{rel}","templated":true}]}}