{"id":37839,"date":"2021-06-15T06:46:00","date_gmt":"2021-06-15T06:46:00","guid":{"rendered":"https:\/\/www.sisinternational.com\/?page_id=37839"},"modified":"2026-01-24T20:41:06","modified_gmt":"2026-01-25T01:41:06","slug":"investigacion-de-mercado-en-lesotho-africa","status":"publish","type":"page","link":"https:\/\/www.sisinternational.com\/es\/cobertura\/investigacion-de-mercado-africa\/investigacion-de-mercado-en-lesotho-africa\/","title":{"rendered":"Investigaci\u00f3n de mercado en Lesoto, \u00c1frica"},"content":{"rendered":"<h1 class=\"wp-block-heading\">Investigaci\u00f3n de mercado en Lesoto<\/h1>\n\n\n\n<figure class=\"gb-block-image gb-block-image-8b04ab6e\"><img loading=\"lazy\" decoding=\"async\" width=\"1456\" height=\"816\" class=\"gb-image gb-image-8b04ab6e\" src=\"https:\/\/www.sisinternational.com\/wp-content\/uploads\/2025\/08\/Lesotho-1vv-3.jpg\" alt=\"Investigaci\u00f3n y estrategia de mercado internacional de SIS\" title=\"Lesotho (1vv) (3)\" srcset=\"https:\/\/www.sisinternational.com\/wp-content\/uploads\/2025\/08\/Lesotho-1vv-3.jpg 1456w, https:\/\/www.sisinternational.com\/wp-content\/uploads\/2025\/08\/Lesotho-1vv-3-300x168.jpg 300w, https:\/\/www.sisinternational.com\/wp-content\/uploads\/2025\/08\/Lesotho-1vv-3-1024x574.jpg 1024w, https:\/\/www.sisinternational.com\/wp-content\/uploads\/2025\/08\/Lesotho-1vv-3-768x430.jpg 768w, https:\/\/www.sisinternational.com\/wp-content\/uploads\/2025\/08\/Lesotho-1vv-3-18x10.jpg 18w\" sizes=\"auto, (max-width: 1456px) 100vw, 1456px\"><\/figure>\n\n\n\n<p><\/p>\n\n\n\n<p>Sud\u00e1frica rodea el <a href=\"https:\/\/oec.world\/en\/profile\/country\/lso\" target=\"_blank\" rel=\"noopener\">antiguo protectorado brit\u00e1nico ahora conocido como Lesotho<\/a> \u2013 una situaci\u00f3n \u00fanica. Lesotho, anteriormente conocida como Basutolandia, obtuvo su independencia en 1966. Actualmente, Lesotho es una monarqu\u00eda con una econom\u00eda integrada. Hoy en d\u00eda, la mayor\u00eda de las familias viven de la agricultura.<\/p>\n\n\n\n<h2 class=\"wp-block-heading\">Industrias clave en Lesoto<\/h2>\n\n\n\n<p>La econom\u00eda de Lesoto se centra en la producci\u00f3n, la agricultura, la miner\u00eda y la ganader\u00eda. Muchos basotho, que es el nombre que reciben los habitantes de Lesotho, tambi\u00e9n dependen de las remesas. Aunque Lesotho depende de la agricultura, gran parte de su tierra no es cultivable. Por ello, muchos basotho se van a trabajar a las minas de Sud\u00e1frica. Estas remesas provienen de esos trabajadores migrantes.<\/p>\n\n\n\n<p>Las principales exportaciones de Lesotho son los recursos naturales y los productos manufacturados. El sector de la confecci\u00f3n es una de las industrias primarias y emplea a muchas trabajadoras.<\/p>\n\n\n\n<h2 class=\"wp-block-heading\">Barrios<\/h2>\n\n\n\n<p>La capital y ciudad m\u00e1s grande de Lesotho es Maseru. Se encuentra junto al r\u00edo Caledon, justo en la frontera entre Lesotho y Sud\u00e1frica. La ciudad sol\u00eda ser un campamento policial y se convirti\u00f3 en la capital despu\u00e9s de que Lesotho se convirtiera en protectorado brit\u00e1nico en 1869. Maseru sigui\u00f3 siendo la capital en 1966 incluso despu\u00e9s de que el pa\u00eds obtuviera su independencia. El nombre de la ciudad significa &quot;arenisca roja&quot;, palabra derivada de una palabra sesotho.<\/p>\n\n\n\n<h2 class=\"wp-block-heading\">Base de consumidores en Lesoto<\/h2>\n\n\n\n<p>El t\u00e9rmino &quot;mokhoro&quot; se refiere al estilo de construcci\u00f3n de Lesotho. Muchas casas tradicionales, especialmente en peque\u00f1os pueblos y ciudades, son de estilo mokhoro. Los basotho suelen pegar las paredes a grandes trozos de cemento. Hoy en d\u00eda tambi\u00e9n se utilizan ladrillos de arcilla, especialmente bloques de hormig\u00f3n. Los propietarios suelen sustituir los tradicionales tejados de paja por cart\u00f3n ondulado.<\/p>\n\n\n\n<p>Lesotho tiene recursos alimentarios limitados, por lo que la mayor\u00eda de las familias producen ganado y alimentos para alimentarse. Actualmente, la econom\u00eda est\u00e1 en transici\u00f3n. El pa\u00eds est\u00e1 tratando de poner fin a esta dependencia de la agricultura de subsistencia. Por tanto, se est\u00e1 diversificando lentamente, lo que supone una gran oportunidad para los inversores. Significar\u00e1 mayores ingresos para los basotho, por lo que el mercado local podr\u00e1 sostener un negocio.<\/p>\n\n\n\n<h2 class=\"wp-block-heading\">Fortalezas en el mercado<\/h2>\n\n\n\n<p>La fortaleza de Lesotho est\u00e1 en el turismo. Es un excelente lugar de vacaciones para visitantes porque ofrece lo siguiente:<\/p>\n\n\n\n<ol class=\"wp-block-list\">\n<li>Experiencia de naturaleza africana. Lesoto es el destino de viajeros exigentes y amantes de la aventura. Es perfecto para aquellos que desean algo m\u00e1s que unas vacaciones de negocios.<\/li>\n\n\n\n<li>Paisaje esc\u00e9nico. Lesotho es rico en vida silvestre \u00fanica y tambi\u00e9n tiene hermosos arroyos claros. Es uno de los entornos naturales m\u00e1s limpios y pr\u00edstinos de la regi\u00f3n.<\/li>\n\n\n\n<li>Cerca de Sud\u00e1frica. Como se mencion\u00f3 anteriormente, Sud\u00e1frica rodea a Lesotho. De hecho, esta situaci\u00f3n presenta muchas oportunidades. En primer lugar, ayuda al desarrollo y crecimiento de la industria tur\u00edstica de Lesotho. Sud\u00e1frica recibe muchos turistas, lo que brinda a Lesotho una oportunidad \u00fanica. Puede aprovechar las fortalezas de su pa\u00eds vecino. De hecho, puede posicionarse para convertirse en un destino tur\u00edstico internacional. De este modo, Sud\u00e1frica puede convertirse en la \u201cpuerta de entrada\u201d de Lesotho.<\/li>\n<\/ol>\n\n\n\n<h2 class=\"wp-block-heading\">Razones para hacer crecer su negocio en el mercado<\/h2>\n\n\n\n<ol class=\"wp-block-list\">\n<li>Lesoto tiene estabilidad pol\u00edtica. Por tanto, los inversores se beneficiar\u00e1n de la continuidad de las pol\u00edticas. Esta estabilidad tambi\u00e9n permite que las empresas crezcan y prosperen. Los inversores pueden planificar a largo plazo sin tener que preocuparse por las interrupciones debidas a agitaciones pol\u00edticas.<\/li>\n\n\n\n<li>Las recientes reformas gubernamentales han tenido un efecto positivo en la econom\u00eda.<\/li>\n\n\n\n<li>Existen oportunidades de inversi\u00f3n en las siguientes \u00e1reas:\n<ol class=\"wp-block-list\">\n<li>Agricultura<\/li>\n\n\n\n<li>Infraestructura y construcci\u00f3n<\/li>\n\n\n\n<li>Fabricaci\u00f3n<\/li>\n\n\n\n<li>TIC<\/li>\n\n\n\n<li>Energ\u00eda renovable<\/li>\n\n\n\n<li>Servicios financieros<\/li>\n\n\n\n<li>Turismo<\/li>\n\n\n\n<li>Miner\u00eda<\/li>\n<\/ol>\n<\/li>\n\n\n\n<li>Los impresionantes paisajes y las pistas nevadas de Lesoto son ideales para esquiar. Estas caracter\u00edsticas pueden promover el turismo.<\/li>\n\n\n\n<li>The \u201cAfrican Growth and Opportunity Act\u201d and the Continental Free Trade Area. These agreements provide a broader <a href=\"https:\/\/www.sisinternational.com\/es\/el-cambiante-mercado-africano\/\" title=\"Investigaci\u00f3n de oportunidades de mercado en \u00c1frica\" data-wpil-monitor-id=\"2802\">market for countries outside of South Africa<\/a>.<\/li>\n<\/ol>\n\n\n\n<h2 class=\"wp-block-heading\">Acerca de la investigaci\u00f3n de mercado en Lesoto<\/h2>\n\n\n\n<p>\u00bfQuieres iniciar un negocio? \u00bfLesoto parece un lugar ideal? Entonces este articulo es para usted. Creamos grupos focales para los sectores privados africanos. Tambi\u00e9n podemos realizar <a href=\"https:\/\/www.sisinternational.com\/es\/que-es-la-investigacion-cuantitativa\/\" target=\"_blank\" rel=\"noopener\">Cuantitativo<\/a>, <a href=\"https:\/\/www.sisinternational.com\/es\/que-es-la-investigacion-cualitativa\/\" target=\"_blank\" rel=\"noopener\">Cualitativo<\/a>, y <a href=\"https:\/\/www.sisinternational.com\/es\/soluciones\/consultoria-estrategica\/como-la-investigacion-estrategica-puede-mejorar-su-rendimiento\/\" target=\"_blank\" rel=\"noopener\">Investigaci\u00f3n estrat\u00e9gica<\/a> para su empresa. Para que puedas elegir la mejor industria para iniciar tu negocio. En definitiva, nuestra Investigaci\u00f3n de Mercado puede asegurar el \u00e9xito de su negocio.<\/p>\n\n\n\n<p><\/p>","protected":false},"excerpt":{"rendered":"<p>La fortaleza de Lesotho es el turismo. Lesotho es una monarqu\u00eda con una econom\u00eda integrada. Hoy en d\u00eda, la mayor\u00eda de las familias viven de la agricultura.<\/p>","protected":false},"author":1,"featured_media":65365,"parent":14281,"menu_order":24,"comment_status":"closed","ping_status":"closed","template":"","meta":{"footnotes":""},"class_list":["post-37839","page","type-page","status-publish","has-post-thumbnail"],"_links":{"self":[{"href":"https:\/\/www.sisinternational.com\/es\/wp-json\/wp\/v2\/pages\/37839","targetHints":{"allow":["GET"]}}],"collection":[{"href":"https:\/\/www.sisinternational.com\/es\/wp-json\/wp\/v2\/pages"}],"about":[{"href":"https:\/\/www.sisinternational.com\/es\/wp-json\/wp\/v2\/types\/page"}],"author":[{"embeddable":true,"href":"https:\/\/www.sisinternational.com\/es\/wp-json\/wp\/v2\/users\/1"}],"replies":[{"embeddable":true,"href":"https:\/\/www.sisinternational.com\/es\/wp-json\/wp\/v2\/comments?post=37839"}],"version-history":[{"count":4,"href":"https:\/\/www.sisinternational.com\/es\/wp-json\/wp\/v2\/pages\/37839\/revisions"}],"predecessor-version":[{"id":77137,"href":"https:\/\/www.sisinternational.com\/es\/wp-json\/wp\/v2\/pages\/37839\/revisions\/77137"}],"up":[{"embeddable":true,"href":"https:\/\/www.sisinternational.com\/es\/wp-json\/wp\/v2\/pages\/14281"}],"wp:featuredmedia":[{"embeddable":true,"href":"https:\/\/www.sisinternational.com\/es\/wp-json\/wp\/v2\/media\/65365"}],"wp:attachment":[{"href":"https:\/\/www.sisinternational.com\/es\/wp-json\/wp\/v2\/media?parent=37839"}],"curies":[{"name":"wp","href":"https:\/\/api.w.org\/{rel}","templated":true}]}}