{"id":37837,"date":"2021-06-15T06:31:57","date_gmt":"2021-06-15T06:31:57","guid":{"rendered":"https:\/\/www.sisinternational.com\/?page_id=37837"},"modified":"2026-01-24T20:50:51","modified_gmt":"2026-01-25T01:50:51","slug":"investigacion-de-mercado-en-kenia-africa","status":"publish","type":"page","link":"https:\/\/www.sisinternational.com\/es\/cobertura\/investigacion-de-mercado-africa\/investigacion-de-mercado-en-kenia-africa\/","title":{"rendered":"Investigaci\u00f3n de mercado en Kenia, \u00c1frica"},"content":{"rendered":"<h1 class=\"wp-block-heading\">Investigaci\u00f3n de mercado en Kenia<\/h1>\n\n\n\n<figure class=\"gb-block-image gb-block-image-87484c04\"><img loading=\"lazy\" decoding=\"async\" width=\"1456\" height=\"816\" class=\"gb-image gb-image-87484c04\" src=\"https:\/\/www.sisinternational.com\/wp-content\/uploads\/2025\/08\/Kenya-2.jpg\" alt=\"Investigaci\u00f3n y estrategia de mercado internacional de SIS\" title=\"Kenya (2)\" srcset=\"https:\/\/www.sisinternational.com\/wp-content\/uploads\/2025\/08\/Kenya-2.jpg 1456w, https:\/\/www.sisinternational.com\/wp-content\/uploads\/2025\/08\/Kenya-2-300x168.jpg 300w, https:\/\/www.sisinternational.com\/wp-content\/uploads\/2025\/08\/Kenya-2-1024x574.jpg 1024w, https:\/\/www.sisinternational.com\/wp-content\/uploads\/2025\/08\/Kenya-2-768x430.jpg 768w, https:\/\/www.sisinternational.com\/wp-content\/uploads\/2025\/08\/Kenya-2-18x10.jpg 18w\" sizes=\"auto, (max-width: 1456px) 100vw, 1456px\"><\/figure>\n\n\n\n<p><\/p>\n\n\n\n<p>El <a href=\"https:\/\/oec.world\/en\/profile\/country\/ken\" target=\"_blank\" rel=\"noopener\">Rep\u00fablica de Kenia<\/a> es un pa\u00eds de \u00c1frica Oriental ubicado al norte de Tanzania. Est\u00e1 al este de Uganda y al sureste de Sud\u00e1n del Sur. Etiop\u00eda est\u00e1 al norte y Somalia al noreste. El Oc\u00e9ano \u00cdndico est\u00e1 al sureste.<\/p>\n\n\n\n<h2 class=\"wp-block-heading\">Industrias clave en Kenia<\/h2>\n\n\n\n<p>La econom\u00eda de Kenia se basa en la agricultura. La agricultura representa poco m\u00e1s de un tercio del PIB. Las exportaciones tradicionales son el t\u00e9 y el caf\u00e9. Kenia tambi\u00e9n tiene una industria hort\u00edcola en ciernes.<\/p>\n\n\n\n<p>El sector agr\u00edcola se compone de la producci\u00f3n agr\u00edcola, la horticultura, la ganader\u00eda, la silvicultura y la pesca. La producci\u00f3n de cultivos y la horticultura son las que m\u00e1s aportan al PIB agr\u00edcola. Este sector proporciona la columna vertebral de la econom\u00eda de Kenia. Tambi\u00e9n ofrece un medio de ganarse la vida a la poblaci\u00f3n.<\/p>\n\n\n\n<p>The industrial sector is also a huge contributor to the GDP. The country has a well-developed industrial sector, and it is the <a href=\"https:\/\/www.sisinternational.com\/es\/el-cambiante-mercado-africano\/\" title=\"Investigaci\u00f3n de oportunidades de mercado en \u00c1frica\" data-wpil-monitor-id=\"2806\">market leader in East Africa<\/a>. This sector accounts for one-tenth of the GDP, and manufacturing is thriving.<\/p>\n\n\n\n<p>Los sectores de la construcci\u00f3n y el inmobiliario tambi\u00e9n est\u00e1n creciendo. Este crecimiento se debe en parte a la inversi\u00f3n gubernamental en infraestructura p\u00fablica. Los kenianos tambi\u00e9n est\u00e1n invirtiendo dinero en bienes ra\u00edces.<\/p>\n\n\n\n<p>Debido a la pandemia de COVID-19, los expertos esperan que el crecimiento de Kenia disminuya. El pa\u00eds ha reducido el comercio. Adem\u00e1s, el coronavirus ha alterado las cadenas de suministro y la producci\u00f3n nacional. A pesar de esto, el gobierno mantiene la esperanza. Contin\u00faa promoviendo la educaci\u00f3n, el comercio y la inversi\u00f3n. Esperan que la econom\u00eda pueda continuar la tendencia ascendente observada antes de la pandemia.<\/p>\n\n\n\n<h2 class=\"wp-block-heading\">Barrios en Kenia<\/h2>\n\n\n\n<p>Kenia tiene una gran cantidad de flora y fauna, que forman parte de la belleza natural del pa\u00eds.<\/p>\n\n\n\n<p>Las principales ciudades de Kenia son Nairobi, Mombasa y Kisumu. Nairobi, la capital, es la m\u00e1s grande. Esta ciudad da un gui\u00f1o a su pasado colonial al utilizar muchos top\u00f3nimos ingleses. En Nairobi, los residentes m\u00e1s ricos suelen vivir en las regiones centro-norte y oeste. Los colonos europeos residieron en estas regiones durante la \u00e9poca colonial. En contraste, los barrios de ingresos medio-bajos y medios-altos se encuentran en las zonas centro-norte de la ciudad.<\/p>\n\n\n\n<p>Mombasa, la segunda ciudad m\u00e1s grande, se encuentra en la costa sureste de Kenia. Tiene una base tur\u00edstica y tiene un aeropuerto internacional. Tambi\u00e9n alberga el tercer puerto m\u00e1s grande de \u00c1frica.<\/p>\n\n\n\n<p>Kisumu, la tercera ciudad m\u00e1s grande, es hermosa. La ciudad est\u00e1 dando nueva vida al centro y a las zonas bajas de la ciudad con un proyecto de rejuvenecimiento urbano. Est\u00e1 actualizando el aspecto de la orilla del lago y aliviando la aglomeraci\u00f3n de las calles principales, haci\u00e9ndolas m\u00e1s f\u00e1ciles de transitar para los peatones.<\/p>\n\n\n\n<h2 class=\"wp-block-heading\">Tendencias<\/h2>\n\n\n\n<p>Durante la \u00faltima d\u00e9cada, Kenia ha experimentado un gran crecimiento econ\u00f3mico. Este crecimiento se debe a las reformas pol\u00edticas y econ\u00f3micas que logr\u00f3. Lamentablemente, la actual pandemia ha afectado este crecimiento.<\/p>\n\n\n\n<p>Los principales desaf\u00edos del desarrollo incluyen la pobreza y el cambio clim\u00e1tico. Kenia tambi\u00e9n tiene una sociedad desigual y las inversiones del sector privado son bajas.<\/p>\n\n\n\n<p>Por ahora, las perspectivas econ\u00f3micas de Kenia son sombr\u00edas. Los economistas esperan que el pa\u00eds se recupere lentamente. La pandemia ha causado estragos en las exportaciones y el turismo de Kenia. Tambi\u00e9n ha perjudicado otras actividades econ\u00f3micas internas. Sin embargo, Kenia tiene un plan de desarrollo a largo plazo que hace de la fabricaci\u00f3n una prioridad. El plan tambi\u00e9n incluye atenci\u00f3n m\u00e9dica universal, vivienda asequible y seguridad alimentaria.<\/p>\n\n\n\n<h2 class=\"wp-block-heading\">Beneficios y Fortalezas en el Mercado<\/h2>\n\n\n\n<p>The agricultural sector is the pride and joy of the Kenyan market. Kenya is the third-largest tea producer in the world. The services sector is also expanding. Its economy is crucial to the East-African community. It is <a href=\"https:\/\/www.sisinternational.com\/es\/investigacion-de-mercado-en-africa-2\/\" title=\"Investigaci\u00f3n de mercado en \u00c1frica\" data-wpil-monitor-id=\"2945\">Africa\u2019s number-one common market<\/a> and the seventh-largest African economy.<\/p>\n\n\n\n<h2 class=\"wp-block-heading\">Base de consumidores en Kenia<\/h2>\n\n\n\n<p>Un peque\u00f1o n\u00famero de consumidores en Kenia se ha beneficiado de la r\u00e1pida expansi\u00f3n de la econom\u00eda. Pero un n\u00famero mucho mayor ha visto poco o ning\u00fan beneficio. Por tanto, sufren los efectos de la inflaci\u00f3n. La pobreza y la desnutrici\u00f3n siguen siendo problemas importantes para muchos kenianos.<\/p>\n\n\n\n<h2 class=\"wp-block-heading\">Razones para hacer crecer su negocio en el mercado de Kenia<\/h2>\n\n\n\n<p>Los mercados de Kenia ofrecen muchas oportunidades econ\u00f3micas para los inversores. Kenia tiene costos operativos m\u00e1s bajos que otros mercados emergentes y, por lo tanto, los inversionistas tienen una ventaja competitiva en costos de alquiler y mano de obra.<\/p>\n\n\n\n<p>Adem\u00e1s, Kenia ocupa una ubicaci\u00f3n geogr\u00e1fica privilegiada. Tiene acceso a las principales rutas mar\u00edtimas procedentes tanto de Europa como de Asia. Adem\u00e1s, el mercado de Kenia no est\u00e1 muy desarrollado. Por lo tanto, las nuevas empresas experimentar\u00e1n una falta de competencia durante su inicio. Esta situaci\u00f3n aumenta la posibilidad de un r\u00e1pido crecimiento en un corto per\u00edodo. Las nuevas empresas pueden esperar obtener apoyo del gobierno. El gobierno est\u00e1 fomentando el crecimiento en varios sectores.<\/p>\n\n\n\n<h2 class=\"wp-block-heading\">Acerca de la investigaci\u00f3n de mercado en Kenia<\/h2>\n\n\n\n<p>Es esencial hacer <a href=\"https:\/\/www.sisinternational.com\/es\/que-es-la-investigacion-cuantitativa\/\" target=\"_blank\" rel=\"noopener\">Cuantitativo<\/a>, <a href=\"https:\/\/www.sisinternational.com\/es\/que-es-la-investigacion-cualitativa\/\" target=\"_blank\" rel=\"noopener\">Cualitativo<\/a>, y <a href=\"https:\/\/www.sisinternational.com\/es\/soluciones\/consultoria-estrategica\/como-la-investigacion-estrategica-puede-mejorar-su-rendimiento\/\" target=\"_blank\" rel=\"noopener\">Investigaci\u00f3n estrat\u00e9gica<\/a>. Las empresas deber\u00edan realizar estos controles antes de entrar en cualquier mercado. Hacer una investigaci\u00f3n de mercado en Kenia es particularmente crucial. Ayuda a las nuevas empresas a determinar la mejor estrategia de entrada al mercado.<\/p>\n\n\n\n<p>La investigaci\u00f3n de mercado puede implicar visitar el mercado. Estas visitas contribuyen a la participaci\u00f3n de posibles socios locales. Ayudan a construir relaciones y encontrar oportunidades de mercado. La investigaci\u00f3n de mercado tambi\u00e9n puede involucrar grupos focales, entrevistas y encuestas.<\/p>\n\n\n\n<p><\/p>","protected":false},"excerpt":{"rendered":"<p>Durante la \u00faltima d\u00e9cada, Kenia ha experimentado un gran crecimiento econ\u00f3mico. El sector agr\u00edcola es el orgullo y la alegr\u00eda del mercado keniano.<\/p>","protected":false},"author":1,"featured_media":65205,"parent":14281,"menu_order":23,"comment_status":"closed","ping_status":"closed","template":"","meta":{"footnotes":""},"class_list":["post-37837","page","type-page","status-publish","has-post-thumbnail"],"_links":{"self":[{"href":"https:\/\/www.sisinternational.com\/es\/wp-json\/wp\/v2\/pages\/37837","targetHints":{"allow":["GET"]}}],"collection":[{"href":"https:\/\/www.sisinternational.com\/es\/wp-json\/wp\/v2\/pages"}],"about":[{"href":"https:\/\/www.sisinternational.com\/es\/wp-json\/wp\/v2\/types\/page"}],"author":[{"embeddable":true,"href":"https:\/\/www.sisinternational.com\/es\/wp-json\/wp\/v2\/users\/1"}],"replies":[{"embeddable":true,"href":"https:\/\/www.sisinternational.com\/es\/wp-json\/wp\/v2\/comments?post=37837"}],"version-history":[{"count":5,"href":"https:\/\/www.sisinternational.com\/es\/wp-json\/wp\/v2\/pages\/37837\/revisions"}],"predecessor-version":[{"id":77272,"href":"https:\/\/www.sisinternational.com\/es\/wp-json\/wp\/v2\/pages\/37837\/revisions\/77272"}],"up":[{"embeddable":true,"href":"https:\/\/www.sisinternational.com\/es\/wp-json\/wp\/v2\/pages\/14281"}],"wp:featuredmedia":[{"embeddable":true,"href":"https:\/\/www.sisinternational.com\/es\/wp-json\/wp\/v2\/media\/65205"}],"wp:attachment":[{"href":"https:\/\/www.sisinternational.com\/es\/wp-json\/wp\/v2\/media?parent=37837"}],"curies":[{"name":"wp","href":"https:\/\/api.w.org\/{rel}","templated":true}]}}