{"id":37835,"date":"2021-06-15T06:23:17","date_gmt":"2021-06-15T06:23:17","guid":{"rendered":"https:\/\/www.sisinternational.com\/?page_id=37835"},"modified":"2025-09-14T16:14:45","modified_gmt":"2025-09-14T20:14:45","slug":"investigacion-de-mercado-en-guinea-bissau-africa","status":"publish","type":"page","link":"https:\/\/www.sisinternational.com\/es\/cobertura\/investigacion-de-mercado-africa\/investigacion-de-mercado-en-guinea-bissau-africa\/","title":{"rendered":"Investigaci\u00f3n de mercado en Guinea-Bissau, \u00c1frica"},"content":{"rendered":"<h1 class=\"wp-block-heading\">Investigaci\u00f3n de mercado en Guinea-Bissau<\/h1>\n\n\n\n<figure class=\"gb-block-image gb-block-image-74da283f\"><img loading=\"lazy\" decoding=\"async\" width=\"1456\" height=\"816\" class=\"gb-image gb-image-74da283f\" src=\"https:\/\/www.sisinternational.com\/wp-content\/uploads\/2025\/08\/Guinea-Bissau-2.jpg\" alt=\"Investigaci\u00f3n y estrategia de mercado internacional de SIS\" title=\"Guinea-Bissau (2)\" srcset=\"https:\/\/www.sisinternational.com\/wp-content\/uploads\/2025\/08\/Guinea-Bissau-2.jpg 1456w, https:\/\/www.sisinternational.com\/wp-content\/uploads\/2025\/08\/Guinea-Bissau-2-300x168.jpg 300w, https:\/\/www.sisinternational.com\/wp-content\/uploads\/2025\/08\/Guinea-Bissau-2-1024x574.jpg 1024w, https:\/\/www.sisinternational.com\/wp-content\/uploads\/2025\/08\/Guinea-Bissau-2-768x430.jpg 768w, https:\/\/www.sisinternational.com\/wp-content\/uploads\/2025\/08\/Guinea-Bissau-2-18x10.jpg 18w\" sizes=\"auto, (max-width: 1456px) 100vw, 1456px\"><\/figure>\n\n\n\n<p><\/p>\n\n\n\n<p><a href=\"https:\/\/oec.world\/en\/profile\/country\/gnb\" target=\"_blank\" rel=\"noopener\">Guinea-Bissau es un pa\u00eds bajo en \u00c1frica occidental<\/a>. Es una de las naciones africanas m\u00e1s peque\u00f1as, pero alberga muchos animales y vida silvestre. Su composici\u00f3n geogr\u00e1fica se compone de humedales, bosques tropicales y sabanas.<\/p>\n\n\n\n<p>Guinea-Bissau comparte fronteras con Senegal, Guinea y el Oc\u00e9ano Atl\u00e1ntico. Senegal est\u00e1 al norte y Guinea al sureste. El Oc\u00e9ano Atl\u00e1ntico est\u00e1 al oeste.<\/p>\n\n\n\n<h2 class=\"wp-block-heading\">Industrias clave en Guinea-Bissau<\/h2>\n\n\n\n<p>Guinea-Bissau se basa en la agricultura. La agricultura representa m\u00e1s de la mitad del Producto Interno Bruto del pa\u00eds. Es una fuente de ingresos para m\u00e1s de las tres cuartas partes de la poblaci\u00f3n. El anacardo es el principal cultivo utilizado para la exportaci\u00f3n comercial, y el suministro de tierra, el man\u00ed y el aceite de palma son otros productos esenciales. Tambi\u00e9n lo son el caucho, la copra y la madera dura. La industria manufacturera aporta una parte importante del Producto Interno Bruto del pa\u00eds.<\/p>\n\n\n\n<p>La pesca es otra industria importante. La mayor\u00eda de las exportaciones de Guinea-Bissau se destinan a pa\u00edses asi\u00e1ticos, lo que contribuye a las divisas.<\/p>\n\n\n\n<p>Guinea-Bissau tiene potencial en el desarrollo forestal, ya que los bosques cubren alrededor de tres quintas partes del espacio terrestre. Los lugare\u00f1os utilizan gran parte de esta madera como combustible local. El pa\u00eds tambi\u00e9n exporta peque\u00f1as cantidades de madera aserrada.<\/p>\n\n\n\n<h2 class=\"wp-block-heading\">Barrios en Guinea-Bis\u00e1u<\/h2>\n\n\n\n<p>La capital de Guinea-Bissau es Bissau. Bissau, que significa &quot;valiente como el jaguar&quot;, se encuentra en la orilla occidental del r\u00edo Geba. Limita con el Oc\u00e9ano Atl\u00e1ntico.<\/p>\n\n\n\n<p>Bissau, la ciudad m\u00e1s poblada del pa\u00eds, cuenta con el Aeropuerto Internacional Osvaldo Vieira y el Nuevo Estadio Bissau. La ciudad alberga el puerto principal, Port Pidjiguiti. En el muelle hay un monumento dise\u00f1ado como un pu\u00f1o negro gigante. El pu\u00f1o conmemora una masacre ocurrida en 1959.<\/p>\n\n\n\n<p>Bissau tiene muchas atracciones. Estos incluyen el mercado primario, el Mercado de Bandim y el Museo Etnogr\u00e1fico Nacional. Excelentes restaurantes y atractivas playas realzan la ciudad. Un espejo de la guerra civil es el Palacio Presidencial. Los visitantes pueden caminar por los terrenos.<\/p>\n\n\n\n<p>Bafat\u00e1 es otra ciudad ubicada en el centro de Guinea-Bissau. Esta ciudad es la sede de la Di\u00f3cesis Cat\u00f3lica Romana de Bafat\u00e1. Una pista de aterrizaje, el aeropuerto de Bafat\u00e1, sirve a la ciudad. Bafat\u00e1 es famosa por su industria de fabricaci\u00f3n de ladrillos y su centro comercial.<\/p>\n\n\n\n<h2 class=\"wp-block-heading\">Tendencias<\/h2>\n\n\n\n<p>La tasa de desempleo de Guinea-Bissau sigue aumentando. Tambi\u00e9n hay un aumento en los casos de COVID-19. Como resultado, el gobierno est\u00e1 intentando administrar vacunas. Las cosas est\u00e1n mejorando, ya que los Centros Africanos para el Control de Enfermedades confirmaron que se est\u00e1n realizando ensayos de tratamiento.<\/p>\n\n\n\n<p>Guinea-Bissau tiene una industria procesadora de alimentos en r\u00e1pido crecimiento. En primer lugar, los inversores establecieron una planta procesadora de arroz y man\u00ed. Luego, otros inversores tambi\u00e9n construyeron una refiner\u00eda de az\u00facar, que ayuda a la producci\u00f3n eficaz de alimentos. Tambi\u00e9n ayuda a mantener a flote la econom\u00eda del pa\u00eds.<\/p>\n\n\n\n<h2 class=\"wp-block-heading\">Beneficios y Fortalezas en el Mercado<\/h2>\n\n\n\n<figure class=\"gb-block-image gb-block-image-630a5743\"><img loading=\"lazy\" decoding=\"async\" width=\"1024\" height=\"574\" class=\"gb-image gb-image-630a5743\" src=\"https:\/\/www.sisinternational.com\/wp-content\/uploads\/2025\/08\/Guinea-Bissau-3-1024x574.jpg\" srcset=\"https:\/\/www.sisinternational.com\/wp-content\/uploads\/2025\/08\/Guinea-Bissau-3-1024x574.jpg 1024w, https:\/\/www.sisinternational.com\/wp-content\/uploads\/2025\/08\/Guinea-Bissau-3-300x168.jpg 300w, https:\/\/www.sisinternational.com\/wp-content\/uploads\/2025\/08\/Guinea-Bissau-3-768x430.jpg 768w, https:\/\/www.sisinternational.com\/wp-content\/uploads\/2025\/08\/Guinea-Bissau-3-18x10.jpg 18w, https:\/\/www.sisinternational.com\/wp-content\/uploads\/2025\/08\/Guinea-Bissau-3.jpg 1456w\" sizes=\"auto, (max-width: 1024px) 100vw, 1024px\" alt=\"Investigaci\u00f3n y estrategia de mercado internacional de SIS\"><\/figure>\n\n\n\n<p><\/p>\n\n\n\n<p>Guinea-Bissau tiene un excelente potencial agr\u00edcola ya que el pa\u00eds tiene suelo f\u00e9rtil y abundantes precipitaciones. El cultivo comercial ex\u00f3tico, el anacardo, sigue dominando. Est\u00e1 ganando una amplia aceptaci\u00f3n en la econom\u00eda de Guinea-Bissau.<\/p>\n\n\n\n<h2 class=\"wp-block-heading\">Base de consumidores en Guinea-Bissau<\/h2>\n\n\n\n<p>Guinea-Bissau es uno de los pa\u00edses m\u00e1s pobres y fr\u00e1giles del mundo. Es una econom\u00eda agraria y muchos lugare\u00f1os trabajan en ese sector. La industria pesquera tambi\u00e9n es vital para la econom\u00eda nacional. A\u00fan as\u00ed, las cosas est\u00e1n mejorando. La econom\u00eda est\u00e1 creciendo debido al aumento de la producci\u00f3n de anacardos, lo que significa m\u00e1s ingresos disponibles para todos.<\/p>\n\n\n\n<h2 class=\"wp-block-heading\">Razones para hacer crecer su negocio con investigaci\u00f3n de mercado en Guinea-Bissau<\/h2>\n\n\n\n<p>Dado que el anacardo es el principal cultivo comercial, existen preocupaciones relacionadas con la biodiversidad. Los economistas tambi\u00e9n han cuestionado la sostenibilidad y la seguridad alimentaria del pa\u00eds. Por tanto, existe potencial en el cultivo de otros cultivos alimentarios.<\/p>\n\n\n\n<p>La producci\u00f3n de minerales es otra industria en crecimiento en Guinea-Bissau. La extracci\u00f3n de arena y grava es de peque\u00f1a escala. Pero el pa\u00eds quiere desarrollar la industria minera a trav\u00e9s de inversiones extranjeras. Recientemente se han descubierto dep\u00f3sitos de bauxita. La empresa Bauxite Angola se comprometi\u00f3 a invertir cientos de millones de d\u00f3lares en la exploraci\u00f3n. Otros inversores son bienvenidos en la industria.<\/p>\n\n\n\n<h2 class=\"wp-block-heading\">Acerca de la investigaci\u00f3n de mercado en Guinea-Bissau<\/h2>\n\n\n\n<p>Los inversores deben comprender el mercado de Guinea-Bissau. Una fortaleza es que el pa\u00eds es rico en recursos. En cambio, una debilidad es que la econom\u00eda del pa\u00eds sigue siendo vulnerable. Gran parte de esa vulnerabilidad se debe a la inestabilidad pol\u00edtica. Por lo tanto, los grupos focales juegan un papel crucial en la realizaci\u00f3n de encuestas sobre el pa\u00eds para comprender el mercado. Tambi\u00e9n podr\u00e1n realizar entrevistas. <a href=\"https:\/\/www.sisinternational.com\/es\/que-es-la-investigacion-cualitativa\/\" target=\"_blank\" rel=\"noopener\">Cualitativo<\/a> y <a href=\"https:\/\/www.sisinternational.com\/es\/que-es-la-investigacion-cuantitativa\/\" target=\"_blank\" rel=\"noopener\">Cuantitativo<\/a> La investigaci\u00f3n protege a\u00fan m\u00e1s a los inversores. <a href=\"https:\/\/www.sisinternational.com\/es\/soluciones\/consultoria-estrategica\/como-la-investigacion-estrategica-puede-mejorar-su-rendimiento\/\" target=\"_blank\" rel=\"noopener\">Investigaci\u00f3n estrat\u00e9gica<\/a> Permite al inversionista conocer la econom\u00eda del pa\u00eds. Este tipo de investigaci\u00f3n es de gran ayuda en la planificaci\u00f3n empresarial.<\/p>\n\n\n\n<p><\/p>","protected":false},"excerpt":{"rendered":"<p>Guinea-Bissau tiene un excelente potencial agr\u00edcola. El pa\u00eds tiene suelo f\u00e9rtil, abundantes precipitaciones y una industria procesadora de alimentos en r\u00e1pido crecimiento.<\/p>","protected":false},"author":1,"featured_media":65202,"parent":14281,"menu_order":22,"comment_status":"closed","ping_status":"closed","template":"","meta":{"footnotes":""},"class_list":["post-37835","page","type-page","status-publish","has-post-thumbnail"],"_links":{"self":[{"href":"https:\/\/www.sisinternational.com\/es\/wp-json\/wp\/v2\/pages\/37835","targetHints":{"allow":["GET"]}}],"collection":[{"href":"https:\/\/www.sisinternational.com\/es\/wp-json\/wp\/v2\/pages"}],"about":[{"href":"https:\/\/www.sisinternational.com\/es\/wp-json\/wp\/v2\/types\/page"}],"author":[{"embeddable":true,"href":"https:\/\/www.sisinternational.com\/es\/wp-json\/wp\/v2\/users\/1"}],"replies":[{"embeddable":true,"href":"https:\/\/www.sisinternational.com\/es\/wp-json\/wp\/v2\/comments?post=37835"}],"version-history":[{"count":2,"href":"https:\/\/www.sisinternational.com\/es\/wp-json\/wp\/v2\/pages\/37835\/revisions"}],"predecessor-version":[{"id":68518,"href":"https:\/\/www.sisinternational.com\/es\/wp-json\/wp\/v2\/pages\/37835\/revisions\/68518"}],"up":[{"embeddable":true,"href":"https:\/\/www.sisinternational.com\/es\/wp-json\/wp\/v2\/pages\/14281"}],"wp:featuredmedia":[{"embeddable":true,"href":"https:\/\/www.sisinternational.com\/es\/wp-json\/wp\/v2\/media\/65202"}],"wp:attachment":[{"href":"https:\/\/www.sisinternational.com\/es\/wp-json\/wp\/v2\/media?parent=37835"}],"curies":[{"name":"wp","href":"https:\/\/api.w.org\/{rel}","templated":true}]}}