{"id":37833,"date":"2021-06-15T06:17:32","date_gmt":"2021-06-15T06:17:32","guid":{"rendered":"https:\/\/www.sisinternational.com\/?page_id=37833"},"modified":"2025-09-14T16:16:20","modified_gmt":"2025-09-14T20:16:20","slug":"investigacion-de-mercado-en-ghana-africa","status":"publish","type":"page","link":"https:\/\/www.sisinternational.com\/es\/cobertura\/investigacion-de-mercado-africa\/investigacion-de-mercado-en-ghana-africa\/","title":{"rendered":"Investigaci\u00f3n de mercado en Ghana, \u00c1frica"},"content":{"rendered":"<h1 class=\"wp-block-heading\">Investigaci\u00f3n de mercado en Ghana, \u00c1frica<\/h1>\n\n\n\n<figure class=\"gb-block-image gb-block-image-c483eb15\"><img loading=\"lazy\" decoding=\"async\" width=\"1456\" height=\"816\" class=\"gb-image gb-image-c483eb15\" src=\"https:\/\/www.sisinternational.com\/wp-content\/uploads\/2025\/08\/Ghana-4.jpg\" alt=\"Investigaci\u00f3n y estrategia de mercado internacional de SIS\" title=\"Ghana, (4)\" srcset=\"https:\/\/www.sisinternational.com\/wp-content\/uploads\/2025\/08\/Ghana-4.jpg 1456w, https:\/\/www.sisinternational.com\/wp-content\/uploads\/2025\/08\/Ghana-4-300x168.jpg 300w, https:\/\/www.sisinternational.com\/wp-content\/uploads\/2025\/08\/Ghana-4-1024x574.jpg 1024w, https:\/\/www.sisinternational.com\/wp-content\/uploads\/2025\/08\/Ghana-4-768x430.jpg 768w, https:\/\/www.sisinternational.com\/wp-content\/uploads\/2025\/08\/Ghana-4-18x10.jpg 18w\" sizes=\"auto, (max-width: 1456px) 100vw, 1456px\"><\/figure>\n\n\n\n<p><\/p>\n\n\n\n<p><a href=\"https:\/\/oec.world\/en\/profile\/country\/gha\" target=\"_blank\" rel=\"noopener\">Situado en la costa del Golfo de Guinea en \u00c1frica occidental<\/a>, Ghana comparte fronteras al norte y al noroeste con Burkina Faso. Togo est\u00e1 al este, Costa de Marfil al oeste y el Oc\u00e9ano Atl\u00e1ntico al sur. El clima es tropical. Si bien es multiling\u00fce, el idioma oficial de Ghana es el ingl\u00e9s.<\/p>\n\n\n\n<p>Ghana se destaca por ser uno de los pa\u00edses l\u00edderes de \u00c1frica.<\/p>\n\n\n\n<p>Si bien el pueblo de Ghana puede pertenecer a un grupo amplio junto con la familia africana, existen muchos subgrupos. La mayor parte de la poblaci\u00f3n es cristiana y una quinta parte es musulmana. Adem\u00e1s, un peque\u00f1o segmento adhiere a las religiones ind\u00edgenas tradicionales.<\/p>\n\n\n\n<h2 class=\"wp-block-heading\">Industrias clave en Ghana<\/h2>\n\n\n\n<p>La agricultura, la silvicultura y la pesca son industrias vitales en Ghana. Estas industrias emplean a una gran parte de la poblaci\u00f3n. El cultivo de cacao para obtener granos de cacao representa m\u00e1s de la mitad de la tierra cultivable de Ghana. Adem\u00e1s, es una fuente importante de ingresos por exportaciones del pa\u00eds, y Ghana se encuentra entre los principales productores de cacao del mundo. La madera tambi\u00e9n es un importante producto de exportaci\u00f3n. Adem\u00e1s, las exportaciones de Ghana incluyen az\u00facar, caf\u00e9, aceite de palma, copra y diversas frutas y verduras.<\/p>\n\n\n\n<p>Existe una peque\u00f1a pero esencial industria del vidrio. Adem\u00e1s de vidrio, el pa\u00eds produce cemento y aluminio.<\/p>\n\n\n\n<p>El mercado del autom\u00f3vil de Ghana gan\u00f3 un enorme valor en 2020. Las proyecciones indican que aumentar\u00e1 a\u00fan m\u00e1s para 2026.<\/p>\n\n\n\n<h2 class=\"wp-block-heading\">Barrios<\/h2>\n\n\n\n<p>Accra, situada en la costa, es la capital de Ghana y el centro comercial y educativo del pa\u00eds. En primer lugar, la ciudad se divide en cinco regiones geogr\u00e1ficas: Norte, Oeste, Este, Centro y Sur. Luego, cuenta con once \u00e1reas submetropolitanas, cada una con una caracter\u00edstica \u00fanica. Por ejemplo, Central alberga los ministerios y la parte m\u00e1s animada de Accra.<\/p>\n\n\n\n<p>Kumasi, la ciudad jard\u00edn de \u00c1frica occidental, es un destacado centro comercial del centro-sur. Esta ciudad, que es la capital del hist\u00f3rico Imperio Ashanti, se encuentra en una regi\u00f3n de selva tropical.<\/p>\n\n\n\n<p>La Zona Costera es, con diferencia, la m\u00e1s peque\u00f1a de las regiones. Es donde se encuentran pescadores y peque\u00f1os agricultores. La zona costera tiene m\u00e1s centros urbanos que cualquier otra regi\u00f3n de Ghana.<\/p>\n\n\n\n<h2 class=\"wp-block-heading\">Tendencias<\/h2>\n\n\n\n<p>La pandemia de COVID-19 ha afectado a Ghana con protocolos como el distanciamiento social vigentes. Adem\u00e1s, Ghana recibi\u00f3 un duro golpe por el cierre de centros tur\u00edsticos y hoteleros. El virus ha abrumado el sistema de salud de Ghana.<\/p>\n\n\n\n<p>Ghana puede transformar estos desaf\u00edos en perspectivas y oportunidades. El gobierno est\u00e1 invirtiendo en impulsar el sector de la salud. Tambi\u00e9n est\u00e1 creando apoyo para las PYME. Estas industrias proporcionan mucho empleo a muchos ghaneses.<\/p>\n\n\n\n<h2 class=\"wp-block-heading\">Beneficios y Fortalezas del Mercado<\/h2>\n\n\n\n<p>El mercado de Ghana es rico en recursos naturales como oro, diamantes, petr\u00f3leo y bauxita. Tambi\u00e9n hay industrias en desarrollo como la del cine.<\/p>\n\n\n\n<p>Ghana quiere seguir siendo uno de los pa\u00edses l\u00edderes de \u00c1frica occidental. El gobierno ayuda a desarrollar sus industrias peque\u00f1as y m\u00e1s importantes. Ha brindado a\u00fan m\u00e1s apoyo desde que comenz\u00f3 la pandemia. Un ejemplo es la aprobaci\u00f3n del Proyecto de Ley de Desarrollo y Clasificaci\u00f3n de Pel\u00edculas para avanzar en su incipiente industria cinematogr\u00e1fica.<\/p>\n\n\n\n<h2 class=\"wp-block-heading\">Base de consumidores<\/h2>\n\n\n\n<p>Ghana tiene un excelente sistema educativo, uno de los mejores de \u00c1frica occidental.<\/p>\n\n\n\n<p>El pa\u00eds tambi\u00e9n tiene una alta tasa de crecimiento. Alrededor de dos tercios de los ghaneses tienen menos de 30 a\u00f1os. Tener una poblaci\u00f3n joven implica que la alta tasa de crecimiento del pa\u00eds continuar\u00e1 por alg\u00fan tiempo. Aunque baja en comparaci\u00f3n con los est\u00e1ndares mundiales, la esperanza de vida ha mejorado desde 1960. Se encuentra entre las m\u00e1s altas de \u00c1frica occidental.<\/p>\n\n\n\n<h2 class=\"wp-block-heading\">Razones para hacer crecer su negocio mediante la investigaci\u00f3n de mercado en Ghana<\/h2>\n\n\n\n<p>El gobierno invierte en su industria, infraestructura y seguridad alimentaria, que son elementos cr\u00edticos para la recuperaci\u00f3n econ\u00f3mica como parte de su visi\u00f3n Ghana Beyond Aid. Este apoyo ayuda a impulsar las empresas locales. Tambi\u00e9n se centra en la producci\u00f3n y el consumo local. Al invertir en Ghollywood, la industria cinematogr\u00e1fica de Ghana podr\u00eda resultar fruct\u00edfera.<\/p>\n\n\n\n<p>Tambi\u00e9n est\u00e1 surgiendo una industria de producci\u00f3n y venta de autom\u00f3viles, que recibe ayuda del gobierno. Es uno de los de m\u00e1s r\u00e1pido crecimiento en el mundo. Para finales de 2021, Ghana prev\u00e9 que representar\u00e1 una gran parte del PIB.<\/p>\n\n\n\n<h2 class=\"wp-block-heading\">Acerca de la investigaci\u00f3n de mercado en Ghana<\/h2>\n\n\n\n<p><a href=\"https:\/\/www.sisinternational.com\/es\/que-es-la-investigacion-cualitativa\/\" target=\"_blank\" rel=\"noopener\">Cualitativo<\/a> y <a href=\"https:\/\/www.sisinternational.com\/es\/que-es-la-investigacion-cuantitativa\/\" target=\"_blank\" rel=\"noopener\">Cuantitativo<\/a> La investigaci\u00f3n proporcionar\u00eda informaci\u00f3n necesaria sobre Ghana. Esta investigaci\u00f3n es esencial dado el fraude y la corrupci\u00f3n anteriores con el gobierno.<\/p>\n\n\n\n<p>Detallado <a href=\"https:\/\/www.sisinternational.com\/es\/soluciones\/consultoria-estrategica\/como-la-investigacion-estrategica-puede-mejorar-su-rendimiento\/\" target=\"_blank\" rel=\"noopener\">Investigaci\u00f3n estrat\u00e9gica<\/a> Tambi\u00e9n ser\u00eda \u00fatil si busca aprovechar los recursos naturales. Los grupos focales, las encuestas y las entrevistas brindan informaci\u00f3n cr\u00edtica sobre d\u00f3nde aprovechar el mercado.<\/p>\n\n\n\n<p><\/p>","protected":false},"excerpt":{"rendered":"<p>Ghana se destaca por ser uno de los pa\u00edses l\u00edderes de \u00c1frica. La agricultura, la silvicultura y la pesca son industrias vitales.<\/p>","protected":false},"author":1,"featured_media":65200,"parent":14281,"menu_order":21,"comment_status":"closed","ping_status":"closed","template":"","meta":{"footnotes":""},"class_list":["post-37833","page","type-page","status-publish","has-post-thumbnail"],"_links":{"self":[{"href":"https:\/\/www.sisinternational.com\/es\/wp-json\/wp\/v2\/pages\/37833","targetHints":{"allow":["GET"]}}],"collection":[{"href":"https:\/\/www.sisinternational.com\/es\/wp-json\/wp\/v2\/pages"}],"about":[{"href":"https:\/\/www.sisinternational.com\/es\/wp-json\/wp\/v2\/types\/page"}],"author":[{"embeddable":true,"href":"https:\/\/www.sisinternational.com\/es\/wp-json\/wp\/v2\/users\/1"}],"replies":[{"embeddable":true,"href":"https:\/\/www.sisinternational.com\/es\/wp-json\/wp\/v2\/comments?post=37833"}],"version-history":[{"count":2,"href":"https:\/\/www.sisinternational.com\/es\/wp-json\/wp\/v2\/pages\/37833\/revisions"}],"predecessor-version":[{"id":68519,"href":"https:\/\/www.sisinternational.com\/es\/wp-json\/wp\/v2\/pages\/37833\/revisions\/68519"}],"up":[{"embeddable":true,"href":"https:\/\/www.sisinternational.com\/es\/wp-json\/wp\/v2\/pages\/14281"}],"wp:featuredmedia":[{"embeddable":true,"href":"https:\/\/www.sisinternational.com\/es\/wp-json\/wp\/v2\/media\/65200"}],"wp:attachment":[{"href":"https:\/\/www.sisinternational.com\/es\/wp-json\/wp\/v2\/media?parent=37833"}],"curies":[{"name":"wp","href":"https:\/\/api.w.org\/{rel}","templated":true}]}}