{"id":37831,"date":"2021-06-15T06:04:58","date_gmt":"2021-06-15T06:04:58","guid":{"rendered":"https:\/\/www.sisinternational.com\/?page_id=37831"},"modified":"2025-09-14T16:20:22","modified_gmt":"2025-09-14T20:20:22","slug":"investigacion-de-mercado-en-gabon-africa","status":"publish","type":"page","link":"https:\/\/www.sisinternational.com\/es\/cobertura\/investigacion-de-mercado-africa\/investigacion-de-mercado-en-gabon-africa\/","title":{"rendered":"Investigaci\u00f3n de mercado en Gab\u00f3n, \u00c1frica"},"content":{"rendered":"<h1 class=\"wp-block-heading\">Investigaci\u00f3n de mercado en Gab\u00f3n<\/h1>\n\n\n\n<figure class=\"gb-block-image gb-block-image-820d3f6c\"><img loading=\"lazy\" decoding=\"async\" width=\"1456\" height=\"816\" class=\"gb-image gb-image-820d3f6c\" src=\"https:\/\/www.sisinternational.com\/wp-content\/uploads\/2025\/08\/Gabon-2.jpg\" alt=\"Investigaci\u00f3n y estrategia de mercado internacional de SIS\" title=\"Gabon (2)\" srcset=\"https:\/\/www.sisinternational.com\/wp-content\/uploads\/2025\/08\/Gabon-2.jpg 1456w, https:\/\/www.sisinternational.com\/wp-content\/uploads\/2025\/08\/Gabon-2-300x168.jpg 300w, https:\/\/www.sisinternational.com\/wp-content\/uploads\/2025\/08\/Gabon-2-1024x574.jpg 1024w, https:\/\/www.sisinternational.com\/wp-content\/uploads\/2025\/08\/Gabon-2-768x430.jpg 768w, https:\/\/www.sisinternational.com\/wp-content\/uploads\/2025\/08\/Gabon-2-18x10.jpg 18w\" sizes=\"auto, (max-width: 1456px) 100vw, 1456px\"><\/figure>\n\n\n\n<p><\/p>\n\n\n\n<h2 class=\"wp-block-heading\">Industrias clave<\/h2>\n\n\n\n<p>Gab\u00f3n es un pa\u00eds de ingresos medianos altos, donde el petr\u00f3leo contribuye a su producto interno bruto y a sus divisas, y la miner\u00eda tambi\u00e9n es una industria esencial. Gab\u00f3n es el quinto productor de petr\u00f3leo de \u00c1frica y el cuarto productor de manganeso de la regi\u00f3n. La silvicultura tambi\u00e9n contribuye a los ingresos de exportaci\u00f3n de Gab\u00f3n. Tambi\u00e9n lo son el caucho, el turismo, la agricultura y la pesca.<\/p>\n\n\n\n<h2 class=\"wp-block-heading\">Barrios<\/h2>\n\n\n\n<p><a href=\"https:\/\/oec.world\/en\/profile\/country\/gab\" target=\"_blank\" rel=\"noopener\">Gab\u00f3n es una naci\u00f3n centroafricana<\/a> situada en la costa atl\u00e1ntica. Comparte fronteras con Camer\u00fan, Guinea Ecuatorial y la Rep\u00fablica del Congo.<\/p>\n\n\n\n<p>Camer\u00fan se encuentra al norte de Gab\u00f3n. Guinea Ecuatorial se encuentra al noroeste y la Rep\u00fablica del Congo al sureste.<\/p>\n\n\n\n<p>Libreville es la capital de Gab\u00f3n. Tambi\u00e9n es el desarrollo urbano m\u00e1s poblado. Libreville se encuentra cerca del golfo de Guinea, a orillas del r\u00edo Komo. Libreville alberga el Palacio L\u00e9on M&#039;ba, el lugar de reuni\u00f3n del Parlamento del pa\u00eds. La ciudad tambi\u00e9n alberga el aeropuerto internacional de Libreville. El puerto de Libreville tiene una pr\u00f3spera industria de construcci\u00f3n naval. Este puerto mar\u00edtimo es para la exportaci\u00f3n de cacao, madera y caucho.<\/p>\n\n\n\n<p>Port-Gentil es la segunda ciudad de Gab\u00f3n y se extiende a lo largo de la playa. Tiene enormes plataformas de petr\u00f3leo y gas.<\/p>\n\n\n\n<h2 class=\"wp-block-heading\">Tendencias en Gab\u00f3n<\/h2>\n\n\n\n<p>La riqueza de recursos naturales de Gab\u00f3n crea una v\u00eda para las empresas.<\/p>\n\n\n\n<p>Gab\u00f3n cultiva maderas duras, algunas de las cuales tienen una gran demanda en todo el mundo. Algunos ejemplos son Okoume, Caoba, \u00c9bano y Tigerwood. En el pasado, la falta de infraestructura de transporte obstaculizaba la explotaci\u00f3n de productos forestales. Esta situaci\u00f3n cambi\u00f3 tras la construcci\u00f3n de la autopista Ndjole Bitam y el desarrollo del Ferrocarril Trans Gab\u00f3n. El gobierno gabon\u00e9s tambi\u00e9n ha fomentado la reforestaci\u00f3n y el raleo selectivo de los \u00e1rboles.<\/p>\n\n\n\n<h2 class=\"wp-block-heading\">Beneficios y Fortalezas en el Mercado<\/h2>\n\n\n\n<p>Los casos de COVID-19 en Gab\u00f3n han disminuido y aumentado, lo que ha llevado al cierre de las fronteras terrestres, excepto en los cruces aprobados por el gobierno. Situaciones como \u00e9stas pueden impactar la venta internacional de petr\u00f3leo.<\/p>\n\n\n\n<p>El gobierno gabon\u00e9s est\u00e1 tomando medidas para diversificar su econom\u00eda. Aunque el turismo en Gab\u00f3n a\u00fan est\u00e1 poco desarrollado, existen muchas atracciones tur\u00edsticas. Estos incluyen instalaciones de pesca continental, playas, r\u00edos y monta\u00f1as. Los turistas disfrutan visitando el Parque Nacional Crystal Mountains y las cataratas del r\u00edo Ogoou\u00e9, y tambi\u00e9n se est\u00e1 desarrollando un sistema de parques nacionales para promover el ecoturismo.<\/p>\n\n\n\n<h2 class=\"wp-block-heading\">Razones para hacer crecer su negocio en Gab\u00f3n<\/h2>\n\n\n\n<p>Actualmente, m\u00e1s de cincuenta empresas est\u00e1n explorando los bosques de Gab\u00f3n en busca de oportunidades en la industria maderera. El gobierno tambi\u00e9n est\u00e1 otorgando concesiones a posibles inversores.<\/p>\n\n\n\n<p>El gobierno est\u00e1 considerando la diversificaci\u00f3n de la econom\u00eda. Las medidas incluyen convertirlo en una ventanilla \u00fanica para inversores e introducir un marco de asociaci\u00f3n p\u00fablico-privada (APP) y un tribunal de arbitraje nacional.<\/p>\n\n\n\n<p>Gab\u00f3n ofrece ahora directrices para las industrias de los hidrocarburos y la miner\u00eda, haci\u00e9ndolas m\u00e1s transparentes y favorables a los inversores.<\/p>\n\n\n\n<h2 class=\"wp-block-heading\">Acerca de la investigaci\u00f3n de mercado en Gab\u00f3n<\/h2>\n\n\n\n<p>Poverty and the unemployment rate in Gabon are significant challenges. These problems are due to high levels of corruption. Thus, Focus Groups have a crucial role in safeguarding investors. That\u2019s why it\u2019s essential to conduct surveys on each country to understand the market. Qualitative and Quantitative Research also helps business owners. Investors can determine if an investment in Gabon\u2019s economy will be worthwhile.<\/p>\n\n\n\n<p>La investigaci\u00f3n estrat\u00e9gica tambi\u00e9n permite al inversor realizar un estudio sistem\u00e1tico de la econom\u00eda del pa\u00eds. Por ejemplo, un inversor est\u00e1 considerando invertir en combustibles f\u00f3siles. Ese inversor tendr\u00e1 que estar al tanto de los recursos que hay disponibles en el pa\u00eds. \u00c9l o ella tambi\u00e9n necesitar\u00e1 saber su ubicaci\u00f3n. El inversor tambi\u00e9n debe considerar la competencia que existe en el campo en particular. El equipo necesario para realizar las pruebas es otra decisi\u00f3n estrat\u00e9gica cr\u00edtica. Tambi\u00e9n lo es el conocimiento de los canales legales adecuados.<\/p>\n\n\n\n<p>\u00bfEst\u00e1s pensando en invertir en Gab\u00f3n? Estamos felices de proporcionar <a href=\"https:\/\/www.sisinternational.com\/es\/que-es-la-investigacion-cuantitativa\/\" target=\"_blank\" rel=\"noopener\">Cuantitativo<\/a>, <a href=\"https:\/\/www.sisinternational.com\/es\/que-es-la-investigacion-cualitativa\/\" target=\"_blank\" rel=\"noopener\">Cualitativo<\/a>, y <a href=\"https:\/\/www.sisinternational.com\/es\/soluciones\/consultoria-estrategica\/como-la-investigacion-estrategica-puede-mejorar-su-rendimiento\/\" target=\"_blank\" rel=\"noopener\">Investigaci\u00f3n estrat\u00e9gica<\/a>. We can help you decide on your plan of action. Contact us now for a consultation.<\/p>","protected":false},"excerpt":{"rendered":"<p>Gab\u00f3n est\u00e1 tomando medidas para diversificar su econom\u00eda. Hay muchas atracciones tur\u00edsticas con instalaciones de pesca, playas, r\u00edos y monta\u00f1as.<\/p>","protected":false},"author":1,"featured_media":65191,"parent":14281,"menu_order":20,"comment_status":"closed","ping_status":"closed","template":"","meta":{"footnotes":""},"class_list":["post-37831","page","type-page","status-publish","has-post-thumbnail"],"_links":{"self":[{"href":"https:\/\/www.sisinternational.com\/es\/wp-json\/wp\/v2\/pages\/37831","targetHints":{"allow":["GET"]}}],"collection":[{"href":"https:\/\/www.sisinternational.com\/es\/wp-json\/wp\/v2\/pages"}],"about":[{"href":"https:\/\/www.sisinternational.com\/es\/wp-json\/wp\/v2\/types\/page"}],"author":[{"embeddable":true,"href":"https:\/\/www.sisinternational.com\/es\/wp-json\/wp\/v2\/users\/1"}],"replies":[{"embeddable":true,"href":"https:\/\/www.sisinternational.com\/es\/wp-json\/wp\/v2\/comments?post=37831"}],"version-history":[{"count":2,"href":"https:\/\/www.sisinternational.com\/es\/wp-json\/wp\/v2\/pages\/37831\/revisions"}],"predecessor-version":[{"id":68520,"href":"https:\/\/www.sisinternational.com\/es\/wp-json\/wp\/v2\/pages\/37831\/revisions\/68520"}],"up":[{"embeddable":true,"href":"https:\/\/www.sisinternational.com\/es\/wp-json\/wp\/v2\/pages\/14281"}],"wp:featuredmedia":[{"embeddable":true,"href":"https:\/\/www.sisinternational.com\/es\/wp-json\/wp\/v2\/media\/65191"}],"wp:attachment":[{"href":"https:\/\/www.sisinternational.com\/es\/wp-json\/wp\/v2\/media?parent=37831"}],"curies":[{"name":"wp","href":"https:\/\/api.w.org\/{rel}","templated":true}]}}