{"id":37829,"date":"2021-06-15T06:00:03","date_gmt":"2021-06-15T06:00:03","guid":{"rendered":"https:\/\/www.sisinternational.com\/?page_id=37829"},"modified":"2026-01-27T15:24:05","modified_gmt":"2026-01-27T20:24:05","slug":"investigacion-de-mercado-en-etiopia-africa","status":"publish","type":"page","link":"https:\/\/www.sisinternational.com\/es\/cobertura\/investigacion-de-mercado-africa\/investigacion-de-mercado-en-etiopia-africa\/","title":{"rendered":"Investigaci\u00f3n de mercado en Etiop\u00eda, \u00c1frica"},"content":{"rendered":"<h1 class=\"wp-block-heading\">Investigaci\u00f3n de mercado en Etiop\u00eda<\/h1>\n\n\n\n<figure class=\"gb-block-image gb-block-image-9b9ae45b\"><img loading=\"lazy\" decoding=\"async\" width=\"1456\" height=\"816\" class=\"gb-image gb-image-9b9ae45b\" src=\"https:\/\/www.sisinternational.com\/wp-content\/uploads\/2025\/08\/Ethiopia-2.jpg\" alt=\"Investigaci\u00f3n y estrategia de mercado internacional de SIS\" title=\"Ethiopia (2)\" srcset=\"https:\/\/www.sisinternational.com\/wp-content\/uploads\/2025\/08\/Ethiopia-2.jpg 1456w, https:\/\/www.sisinternational.com\/wp-content\/uploads\/2025\/08\/Ethiopia-2-300x168.jpg 300w, https:\/\/www.sisinternational.com\/wp-content\/uploads\/2025\/08\/Ethiopia-2-1024x574.jpg 1024w, https:\/\/www.sisinternational.com\/wp-content\/uploads\/2025\/08\/Ethiopia-2-768x430.jpg 768w, https:\/\/www.sisinternational.com\/wp-content\/uploads\/2025\/08\/Ethiopia-2-18x10.jpg 18w\" sizes=\"auto, (max-width: 1456px) 100vw, 1456px\"><\/figure>\n\n\n\n<p><\/p>\n\n\n\n<h2 class=\"wp-block-heading\">Industrias clave<\/h2>\n\n\n\n<p><a href=\"https:\/\/oec.world\/en\/profile\/country\/eth\" target=\"_blank\" rel=\"noopener\">Etiop\u00eda tiene un mercado mixto con un vasto sector p\u00fablico<\/a>, therefore, it is&nbsp;moving toward a market economy and is privatizing several of its state-owned enterprises. Government-owned companies dominate the telecommunication, banking, and transportation sectors of the economy.<\/p>\n\n\n\n<p>Etiop\u00eda produce la mayor cantidad de caf\u00e9 del continente africano. El pa\u00eds tiene una gran cantidad de ganado vacuno, por lo que ocupa el quinto lugar en inventario ganadero. Sus otros productos exportados son productos de cuero, khat, semillas oleaginosas y oro. Etiop\u00eda ha desarrollado recientemente su sector de floricultura y pronto podr\u00eda estar a la cabeza de los exportadores de plantas y flores de todo el mundo.<\/p>\n\n\n\n<h2 class=\"wp-block-heading\">Barrios<\/h2>\n\n\n\n<p>La ciudad m\u00e1s grande y capital de Etiop\u00eda es Addis Abeba y se encuentra en una meseta rodeada de monta\u00f1as. Addis Abeba se encuentra en el centro geogr\u00e1fico del pa\u00eds.<\/p>\n\n\n\n<p>Addis Abeba ha sido la capital de Etiop\u00eda desde finales del siglo XIX. Durante los primeros a\u00f1os, parec\u00eda m\u00e1s un campamento militar que una ciudad. El palacio del emperador era el foco principal; s\u00f3lo hab\u00eda un ej\u00e9rcito custodiando el palacio. La poblaci\u00f3n ha crecido desde entonces. La ciudad es hermosa con la caracter\u00edstica \u00fanica de los eucaliptos importados de Australia que salpican el paisaje urbano.<\/p>\n\n\n\n<h2 class=\"wp-block-heading\">Tendencias, base de consumidores en Etiop\u00eda<\/h2>\n\n\n\n<p>En los \u00faltimos a\u00f1os, el comercio bilateral entre Etiop\u00eda y China ha aumentado, como resultado, Etiop\u00eda es uno de los pa\u00edses africanos de m\u00e1s r\u00e1pido crecimiento. Su comercio con China ha mostrado un crecimiento r\u00e1pido y sostenido. Ha habido muchas exportaciones de China a Etiop\u00eda.<\/p>\n\n\n\n<p>Another trend is in the light industry, textiles, and apparel products, as a result, these products have a large share of <a href=\"https:\/\/www.sisinternational.com\/es\/investigacion-de-mercado-en-el-medio-oriente\/\" title=\"Investigaci\u00f3n de mercado en Medio Oriente\" data-wpil-monitor-id=\"7337\">middle and low-end markets<\/a> in Ethiopia.<\/p>\n\n\n\n<p>Ha habido un fuerte aumento en la compra de bienes de consumo como electrodom\u00e9sticos, m\u00e1quinas electr\u00f3nicas y productos de alta tecnolog\u00eda.<\/p>\n\n\n\n<h2 class=\"wp-block-heading\">Deporte<\/h2>\n\n\n\n<p>Los principales deportes de Etiop\u00eda son el f\u00fatbol y el atletismo (especialmente las carreras de larga distancia).<\/p>\n\n\n\n<h2 class=\"wp-block-heading\">Cocina en Etiop\u00eda<\/h2>\n\n\n\n<p>El plato et\u00edope m\u00e1s conocido es la injera y los et\u00edopes sirven este gran pan plano de masa fermentada con varios tipos de guisos de carne espesos. Tambi\u00e9n lo comen con guarniciones de verduras. Muchos et\u00edopes no se preocupan por los utensilios, por ejemplo, recogen su comida con injera. En Etiop\u00eda es com\u00fan comer con un grupo de personas. Habr\u00eda un plato en el centro de la mesa para que todos compartieran. Tambi\u00e9n es una pr\u00e1ctica com\u00fan transferir comida a otros miembros del grupo con sus propias manos. Esta tradici\u00f3n es la &quot;gursha&quot;.<\/p>\n\n\n\n<h2 class=\"wp-block-heading\">Fortalezas en el mercado<\/h2>\n\n\n\n<ul class=\"wp-block-list\">\n<li>Fant\u00e1stico desempe\u00f1o en crecimiento y reducci\u00f3n de la pobreza<\/li>\n\n\n\n<li>Gran mercado<\/li>\n\n\n\n<li>Inversi\u00f3n p\u00fablica en desarrollo de infraestructura<\/li>\n\n\n\n<li>Centro de aviaci\u00f3n<\/li>\n\n\n\n<li>Posibilidades de energ\u00eda hidroel\u00e9ctrica, miner\u00eda (fosfato, hidrocarburos) y turismo.<\/li>\n<\/ul>\n\n\n\n<h2 class=\"wp-block-heading\">Razones para hacer crecer su negocio en Etiop\u00eda.<\/h2>\n\n\n\n<figure class=\"gb-block-image gb-block-image-bc18131f\"><img loading=\"lazy\" decoding=\"async\" width=\"1456\" height=\"816\" class=\"gb-image gb-image-bc18131f\" src=\"https:\/\/www.sisinternational.com\/wp-content\/uploads\/2025\/08\/Ethiopia-1.jpg\" alt=\"Investigaci\u00f3n y estrategia de mercado internacional de SIS\" title=\"Ethiopia (1)\" srcset=\"https:\/\/www.sisinternational.com\/wp-content\/uploads\/2025\/08\/Ethiopia-1.jpg 1456w, https:\/\/www.sisinternational.com\/wp-content\/uploads\/2025\/08\/Ethiopia-1-300x168.jpg 300w, https:\/\/www.sisinternational.com\/wp-content\/uploads\/2025\/08\/Ethiopia-1-1024x574.jpg 1024w, https:\/\/www.sisinternational.com\/wp-content\/uploads\/2025\/08\/Ethiopia-1-768x430.jpg 768w, https:\/\/www.sisinternational.com\/wp-content\/uploads\/2025\/08\/Ethiopia-1-18x10.jpg 18w\" sizes=\"auto, (max-width: 1456px) 100vw, 1456px\"><\/figure>\n\n\n\n<ul class=\"wp-block-list\">\n<li>Su ubicaci\u00f3n entre Asia y Europa le da una ventaja, por lo que debido a esta ubicaci\u00f3n, Etiop\u00eda se ha convertido en un destino manufacturero. Le est\u00e1 yendo muy bien en el sector de la confecci\u00f3n (RMG).<\/li>\n\n\n\n<li>Privatizaci\u00f3n total y parcial de empresas estatales<\/li>\n\n\n\n<li>Introducci\u00f3n e implementaci\u00f3n de reformas econ\u00f3micas locales.<\/li>\n\n\n\n<li>Liberalizaci\u00f3n de las industrias de la aviaci\u00f3n, la log\u00edstica y las telecomunicaciones.<\/li>\n<\/ul>\n\n\n\n<h2 class=\"wp-block-heading\">Acerca de la investigaci\u00f3n de mercado en Etiop\u00eda<\/h2>\n\n\n\n<p>\u00bfEst\u00e1s buscando iniciar un negocio? \u00bfLe parece Etiop\u00eda el lugar ideal? Si es asi, el articulo es para ti. SIS prepara grupos focales para empresas comerciales en \u00c1frica. podemos llevar a cabo <a href=\"https:\/\/www.sisinternational.com\/es\/que-es-la-investigacion-cuantitativa\/\" target=\"_blank\" rel=\"noopener\">Cuantitativo<\/a>, <a href=\"https:\/\/www.sisinternational.com\/es\/que-es-la-investigacion-cualitativa\/\" target=\"_blank\" rel=\"noopener\">Cualitativo<\/a>, y <a href=\"https:\/\/www.sisinternational.com\/es\/soluciones\/consultoria-estrategica\/como-la-investigacion-estrategica-puede-mejorar-su-rendimiento\/\" target=\"_blank\" rel=\"noopener\">Investigaci\u00f3n estrat\u00e9gica<\/a> para tu empresa, lo que te permitir\u00e1 elegir la mejor industria para iniciar tu negocio. SIS tambi\u00e9n puede acumular registros esenciales para usted y su empresa para garantizar su \u00e9xito.<\/p>\n\n\n\n<p>Esperamos que este art\u00edculo le ofrezca la orientaci\u00f3n que necesita para obtener ganancias monetarias en Etiop\u00eda.<\/p>","protected":false},"excerpt":{"rendered":"<p>En los \u00faltimos a\u00f1os, el comercio bilateral entre Etiop\u00eda y China ha aumentado. Etiop\u00eda es uno de los pa\u00edses africanos de m\u00e1s r\u00e1pido crecimiento.<\/p>","protected":false},"author":1,"featured_media":65188,"parent":14281,"menu_order":19,"comment_status":"closed","ping_status":"closed","template":"","meta":{"footnotes":""},"class_list":["post-37829","page","type-page","status-publish","has-post-thumbnail"],"_links":{"self":[{"href":"https:\/\/www.sisinternational.com\/es\/wp-json\/wp\/v2\/pages\/37829","targetHints":{"allow":["GET"]}}],"collection":[{"href":"https:\/\/www.sisinternational.com\/es\/wp-json\/wp\/v2\/pages"}],"about":[{"href":"https:\/\/www.sisinternational.com\/es\/wp-json\/wp\/v2\/types\/page"}],"author":[{"embeddable":true,"href":"https:\/\/www.sisinternational.com\/es\/wp-json\/wp\/v2\/users\/1"}],"replies":[{"embeddable":true,"href":"https:\/\/www.sisinternational.com\/es\/wp-json\/wp\/v2\/comments?post=37829"}],"version-history":[{"count":3,"href":"https:\/\/www.sisinternational.com\/es\/wp-json\/wp\/v2\/pages\/37829\/revisions"}],"predecessor-version":[{"id":80982,"href":"https:\/\/www.sisinternational.com\/es\/wp-json\/wp\/v2\/pages\/37829\/revisions\/80982"}],"up":[{"embeddable":true,"href":"https:\/\/www.sisinternational.com\/es\/wp-json\/wp\/v2\/pages\/14281"}],"wp:featuredmedia":[{"embeddable":true,"href":"https:\/\/www.sisinternational.com\/es\/wp-json\/wp\/v2\/media\/65188"}],"wp:attachment":[{"href":"https:\/\/www.sisinternational.com\/es\/wp-json\/wp\/v2\/media?parent=37829"}],"curies":[{"name":"wp","href":"https:\/\/api.w.org\/{rel}","templated":true}]}}