{"id":37827,"date":"2021-06-15T05:19:21","date_gmt":"2021-06-15T05:19:21","guid":{"rendered":"https:\/\/www.sisinternational.com\/?page_id=37827"},"modified":"2026-01-25T19:05:52","modified_gmt":"2026-01-26T00:05:52","slug":"investigacion-de-mercado-en-eswatini-africa","status":"publish","type":"page","link":"https:\/\/www.sisinternational.com\/es\/cobertura\/investigacion-de-mercado-africa\/investigacion-de-mercado-en-eswatini-africa\/","title":{"rendered":"Investigaci\u00f3n de mercado en Eswatini, \u00c1frica"},"content":{"rendered":"<h1 class=\"wp-block-heading\">Investigaci\u00f3n de mercado en Esuatini<\/h1>\n\n\n\n<figure class=\"gb-block-image gb-block-image-fa00031d\"><img loading=\"lazy\" decoding=\"async\" width=\"1456\" height=\"816\" class=\"gb-image gb-image-fa00031d\" src=\"https:\/\/www.sisinternational.com\/wp-content\/uploads\/2025\/08\/Eswatini-1.jpg\" alt=\"Investigaci\u00f3n y estrategia de mercado internacional de SIS\" title=\"Eswatini, (1)\" srcset=\"https:\/\/www.sisinternational.com\/wp-content\/uploads\/2025\/08\/Eswatini-1.jpg 1456w, https:\/\/www.sisinternational.com\/wp-content\/uploads\/2025\/08\/Eswatini-1-300x168.jpg 300w, https:\/\/www.sisinternational.com\/wp-content\/uploads\/2025\/08\/Eswatini-1-1024x574.jpg 1024w, https:\/\/www.sisinternational.com\/wp-content\/uploads\/2025\/08\/Eswatini-1-768x430.jpg 768w, https:\/\/www.sisinternational.com\/wp-content\/uploads\/2025\/08\/Eswatini-1-18x10.jpg 18w\" sizes=\"auto, (max-width: 1456px) 100vw, 1456px\"><\/figure>\n\n\n\n<p><\/p>\n\n\n\n<p>el diminuto <a href=\"https:\/\/oec.world\/en\/profile\/country\/swz\" target=\"_blank\" rel=\"noopener\">Reino de Eswatini o Suazilandia<\/a> Est\u00e1 en el sur del continente africano. Las Rep\u00fablicas de Mozambique y Sud\u00e1frica rodean esta naci\u00f3n sin salida al mar. Eswatini crea una fascinaci\u00f3n para los ge\u00f3logos y visitantes porque alberga formaciones rocosas \u00fanicas y hermosos paisajes monta\u00f1osos. El reino tambi\u00e9n alberga \u00e1reas protegidas repletas de diversas especies de vida silvestre, aves y flora.<\/p>\n\n\n\n<p>Los idiomas oficiales de Eswatini son el siswati y el ingl\u00e9s. El pa\u00eds basa su religi\u00f3n en los esp\u00edritus de sus antepasados, y los habitantes suazis adoran a un dios creador y supremo conocido como Mvelincanti.<\/p>\n\n\n\n<h2 class=\"wp-block-heading\">Industrias clave<\/h2>\n\n\n\n<p>Las industrias clave del Reino de Eswatini son la agricultura y el turismo; como resultado, la agricultura proporciona la mayor parte de las materias primas para las industrias manufactureras locales y genera la mayor cantidad de ingresos para el pa\u00eds. Sin embargo, la pandemia de COVID-19 ha cambiado las reglas del juego y ha obligado a reducir el gasto p\u00fablico.<\/p>\n\n\n\n<p>South <a href=\"https:\/\/www.sisinternational.com\/es\/el-cambiante-mercado-africano\/\" title=\"Investigaci\u00f3n de oportunidades de mercado en \u00c1frica\" data-wpil-monitor-id=\"2810\">Africa provides the primary market<\/a> for Swazi products. It buys Swazi sugar, cotton, citrus fruits, corn, and canned products.<\/p>\n\n\n\n<p>El turismo es tambi\u00e9n un aspecto esencial de la econom\u00eda. El rico patrimonio de Eswatini atrae a visitantes de todas partes y muchos participan en recorridos y visitas a reservas de vida silvestre. Otras atracciones incluyen:<\/p>\n\n\n\n<ul class=\"wp-block-list\">\n<li>Formaciones rocosas.<\/li>\n\n\n\n<li>Los mercados tradicionales de artesan\u00eda suazi.<\/li>\n\n\n\n<li>El Santuario de Vida Silvestre Mlilwane.<\/li>\n\n\n\n<li>La Aldea Cultural Suazi.<\/li>\n<\/ul>\n\n\n\n<h2 class=\"wp-block-heading\">Barrios<\/h2>\n\n\n\n<p>La capital de Eswatini es Mbabane y la principal zona industrial es Matsapa. El pa\u00eds tiene cuatro \u00e1reas principales: Hhohho, Lubombo, Manzini y Shiselweni. Las regiones m\u00e1s pobladas son Manzini y Hhohho, y las menos pobladas son Shiselweni y Lubombo. La provincia m\u00e1s peque\u00f1a de Eswatini es Lubombo, una zona monta\u00f1osa y pintoresca. Lubombo apoya la naturaleza y las actividades agr\u00edcolas.<\/p>\n\n\n\n<h2 class=\"wp-block-heading\">Tendencias<\/h2>\n\n\n\n<p>Unemployment in eSwatini was high even before the COVID-19 pandemic. The economy started to recover in the second half of 2020, however, the recovery was most evident in the service and industry sectors. But, domestic revenue is still on the decline. The informal sector expanded due to the effects of the pandemic. This sector is necessary for the survival of households. But many of these micro businesses have no safety net. They cannot withstand further economic losses.<\/p>\n\n\n\n<h2 class=\"wp-block-heading\">Fortalezas del mercado en Eswatini<\/h2>\n\n\n\n<p>What makes the market of Eswatini strong? Above all, it&#8217;s the country\u2019s natural resources. These resources include sugar, food products, wood pulp, and wildlife, and provide a solid basis for its lucrative trade and exports to South Africa.<\/p>\n\n\n\n<h2 class=\"wp-block-heading\">Base de consumidores<\/h2>\n\n\n\n<p>Subsistence farming is a massive aspect of Eswatini\u2019s economy, and over 70 percent of the country\u2019s population relies on it. In recent times, The Swaziland Agricultural Project has moved to improve food security because it wants to transform agriculture into a more robust sector.<\/p>\n\n\n\n<h2 class=\"wp-block-heading\">Razones para hacer crecer tu negocio en Eswatini (Suazilandia)<\/h2>\n\n\n\n<p>There are a few reasons to grow your business in Eswatini, and quality infrastructure and peace and safety are two of them. Quality infrastructure includes electricity, roads, water, and telecommunications, and is an essential aspect of a strong market. It indicates the potential future development of the country.<\/p>\n\n\n\n<p>The country\u2019s safe and peaceful environment is a much-desired ingredient; therefore, it makes for a strong market. Investors can feel confident in their prospects.<\/p>\n\n\n\n<h2 class=\"wp-block-heading\">Acerca de la investigaci\u00f3n de mercado en Eswatini<\/h2>\n\n\n\n<p>The initial thought of growing your business in Eswatini seems daunting, so given the current trends, future growth and development may seem limited. That\u2019s why we\u2019re here: to put your mind at ease. Our method is sure with the use of Focus Groups in the different African markets. At SIS, we can present you with the bare facts and figures of the economy because <a href=\"https:\/\/www.sisinternational.com\/es\/pericia\/industrias\/investigacion-de-mercado-de-juegos-y-apuestas\/\" title=\"Investigaci\u00f3n de mercado de juegos y apuestas\" data-wpil-monitor-id=\"5408\">research is our main game<\/a>.<\/p>\n\n\n\n<p>usos del SIS <a href=\"https:\/\/www.sisinternational.com\/es\/que-es-la-investigacion-cuantitativa\/\" target=\"_blank\" rel=\"noopener\">Cuantitativo<\/a>, <a href=\"https:\/\/www.sisinternational.com\/es\/que-es-la-investigacion-cualitativa\/\" target=\"_blank\" rel=\"noopener\">Cualitativo<\/a>, y <a href=\"https:\/\/www.sisinternational.com\/es\/soluciones\/consultoria-estrategica\/como-la-investigacion-estrategica-puede-mejorar-su-rendimiento\/\" target=\"_blank\" rel=\"noopener\">Investigaci\u00f3n estrat\u00e9gica<\/a> for your company. We also create surveys and compile the data that you need. We can help you make the right decision for your business.<\/p>\n\n\n\n<p><\/p>","protected":false},"excerpt":{"rendered":"<p>Las industrias clave del Reino de Eswatini son la agricultura y el turismo. El rico patrimonio de Eswatini atrae a visitantes de todas partes.<\/p>","protected":false},"author":1,"featured_media":65185,"parent":14281,"menu_order":18,"comment_status":"closed","ping_status":"closed","template":"","meta":{"footnotes":""},"class_list":["post-37827","page","type-page","status-publish","has-post-thumbnail"],"_links":{"self":[{"href":"https:\/\/www.sisinternational.com\/es\/wp-json\/wp\/v2\/pages\/37827","targetHints":{"allow":["GET"]}}],"collection":[{"href":"https:\/\/www.sisinternational.com\/es\/wp-json\/wp\/v2\/pages"}],"about":[{"href":"https:\/\/www.sisinternational.com\/es\/wp-json\/wp\/v2\/types\/page"}],"author":[{"embeddable":true,"href":"https:\/\/www.sisinternational.com\/es\/wp-json\/wp\/v2\/users\/1"}],"replies":[{"embeddable":true,"href":"https:\/\/www.sisinternational.com\/es\/wp-json\/wp\/v2\/comments?post=37827"}],"version-history":[{"count":6,"href":"https:\/\/www.sisinternational.com\/es\/wp-json\/wp\/v2\/pages\/37827\/revisions"}],"predecessor-version":[{"id":79189,"href":"https:\/\/www.sisinternational.com\/es\/wp-json\/wp\/v2\/pages\/37827\/revisions\/79189"}],"up":[{"embeddable":true,"href":"https:\/\/www.sisinternational.com\/es\/wp-json\/wp\/v2\/pages\/14281"}],"wp:featuredmedia":[{"embeddable":true,"href":"https:\/\/www.sisinternational.com\/es\/wp-json\/wp\/v2\/media\/65185"}],"wp:attachment":[{"href":"https:\/\/www.sisinternational.com\/es\/wp-json\/wp\/v2\/media?parent=37827"}],"curies":[{"name":"wp","href":"https:\/\/api.w.org\/{rel}","templated":true}]}}