{"id":37825,"date":"2021-06-15T05:16:57","date_gmt":"2021-06-15T05:16:57","guid":{"rendered":"https:\/\/www.sisinternational.com\/?page_id=37825"},"modified":"2026-01-24T20:41:08","modified_gmt":"2026-01-25T01:41:08","slug":"investigacion-de-mercado-en-guinea-ecuatorial-africa","status":"publish","type":"page","link":"https:\/\/www.sisinternational.com\/es\/cobertura\/investigacion-de-mercado-africa\/investigacion-de-mercado-en-guinea-ecuatorial-africa\/","title":{"rendered":"Investigaci\u00f3n de mercado en Guinea Ecuatorial, \u00c1frica"},"content":{"rendered":"<h1 class=\"wp-block-heading\">Investigaci\u00f3n de Mercado en Guinea Ecuatorial<\/h1>\n\n\n\n<figure class=\"gb-block-image gb-block-image-b3658b80\"><img loading=\"lazy\" decoding=\"async\" width=\"1456\" height=\"816\" class=\"gb-image gb-image-b3658b80\" src=\"https:\/\/www.sisinternational.com\/wp-content\/uploads\/2025\/08\/Equatorial-Guinea-2.jpg\" alt=\"Investigaci\u00f3n y estrategia de mercado internacional de SIS\" title=\"Equatorial Guinea (2)\" srcset=\"https:\/\/www.sisinternational.com\/wp-content\/uploads\/2025\/08\/Equatorial-Guinea-2.jpg 1456w, https:\/\/www.sisinternational.com\/wp-content\/uploads\/2025\/08\/Equatorial-Guinea-2-300x168.jpg 300w, https:\/\/www.sisinternational.com\/wp-content\/uploads\/2025\/08\/Equatorial-Guinea-2-1024x574.jpg 1024w, https:\/\/www.sisinternational.com\/wp-content\/uploads\/2025\/08\/Equatorial-Guinea-2-768x430.jpg 768w, https:\/\/www.sisinternational.com\/wp-content\/uploads\/2025\/08\/Equatorial-Guinea-2-18x10.jpg 18w\" sizes=\"auto, (max-width: 1456px) 100vw, 1456px\"><\/figure>\n\n\n\n<p><\/p>\n\n\n\n<p><a href=\"https:\/\/oec.world\/en\/profile\/country\/gnq\" target=\"_blank\" rel=\"noopener\">Guinea Ecuatorial se encuentra en la costa occidental de \u00c1frica.<\/a> Con su belleza natural, su excelente red de carreteras y sus impresionantes edificios nuevos, Guinea Ecuatorial tiene un ritmo incre\u00edble de desarrollo y transformaci\u00f3n. La industria principal del pa\u00eds es la pesca, mientras que el caf\u00e9 y el cacao son los principales productos tradicionales de exportaci\u00f3n. El descubrimiento de petr\u00f3leo en la d\u00e9cada de 1980 supuso un cambio radical.<\/p>\n\n\n\n<h2 class=\"wp-block-heading\">Pa\u00edses vecinos<\/h2>\n\n\n\n<p>Guinea Ecuatorial incluye territorio continental y tres islas principales y es el \u00fanico pa\u00eds de habla hispana en el continente africano.<\/p>\n\n\n\n<p>Hace dos d\u00e9cadas, Guinea Ecuatorial era una de las naciones m\u00e1s pobres de \u00c1frica; sin embargo, hoy es una de las econom\u00edas de m\u00e1s r\u00e1pido desarrollo de \u00c1frica.<\/p>\n\n\n\n<p>Su capital es Malabo y Bata es su ciudad m\u00e1s grande. Malabo es una ciudad de aproximadamente 300.000 habitantes. El espa\u00f1ol es el idioma oficial de la ciudad. El franc\u00e9s y el portugu\u00e9s tambi\u00e9n son idiomas que se hablan en la ciudad de Malabo.<\/p>\n\n\n\n<p>Guinea Ecuatorial presenta un clima tropical. Tiene una estaci\u00f3n seca de tres meses de duraci\u00f3n, de diciembre a febrero, y la estaci\u00f3n h\u00fameda cubre los nueve meses restantes. Por la noche la temperatura desciende hasta los 20-21 grados cent\u00edgrados. Este promedio excluye de enero a abril, ya que la temperatura es ligeramente m\u00e1s alta.<\/p>\n\n\n\n<p>En la d\u00e9cada de 1980 surgieron varias agencias para la cooperaci\u00f3n internacional y el desarrollo. Desde entonces, el pa\u00eds ha visto varios proyectos de desarrollo nacional y regional. La sede de estas agencias se encuentra en la oficina de cooperaci\u00f3n t\u00e9cnica en Malabo.<\/p>\n\n\n\n<h2 class=\"wp-block-heading\">Tendencias en Guinea Ecuatorial<\/h2>\n\n\n\n<p>La cultura, la salud y la educaci\u00f3n del pa\u00eds han recibido fortalecimiento institucional y se est\u00e1n desarrollando a un ritmo r\u00e1pido.<\/p>\n\n\n\n<p>Este impulso permite a los j\u00f3venes dar rienda suelta a su libertad creativa y una de las salidas para dicha expresi\u00f3n art\u00edstica es el Centro Cultural de Espa\u00f1a en Malabo. Fundado en 2003, este centro tiene tres puntos de acceso geogr\u00e1fico y pretende captar el mayor n\u00famero posible de personas de la regi\u00f3n y contribuir a su desarrollo. Otro medio fundamental es el Centro Cultural Hispano-Guineano.<\/p>\n\n\n\n<p>Las actividades incluyen arte, cine, teatro, m\u00fasica y juegos. Hay dos festivales principales:<\/p>\n\n\n\n<ul class=\"wp-block-list\">\n<li>MIFF \u2013 Festival Internacional de M\u00fasica y Cine de Malabo y<\/li>\n\n\n\n<li>Festival Internacional de Hip Hop de Malabo<\/li>\n<\/ul>\n\n\n\n<p>El sector tur\u00edstico ha experimentado un crecimiento muy significativo desde el descubrimiento de petr\u00f3leo. Este descubrimiento ha permitido al pa\u00eds mejorar su infraestructura. La ciudad es un punto focal para el turismo debido a la conexi\u00f3n directa con las principales atracciones de la isla Beoco.<\/p>\n\n\n\n<p>Guinea Ecuatorial cuenta con una amplia oferta hotelera, especialmente en sus ciudades. Tambi\u00e9n cuenta con un excelente producto tur\u00edstico para atender a los numerosos visitantes. Hay muchos destinos tur\u00edsticos. Algunos incluyen Eureka Springs, Ciudad de la Paz y San Antonio de Ureca.<\/p>\n\n\n\n<p>El comercio es una de las actividades econ\u00f3micas m\u00e1s esenciales y predominantes, por lo que varias empresas estadounidenses operan en Guinea Ecuatorial.<\/p>\n\n\n\n<h2 class=\"wp-block-heading\">Industrias clave y razones para hacer crecer su negocio en el mercado<\/h2>\n\n\n\n<p>Guinea Ecuatorial es el tercer productor de petr\u00f3leo de \u00c1frica. La producci\u00f3n media alcanz\u00f3 los 360.000 barriles por d\u00eda en 2005. A medida que aumentaba la producci\u00f3n, tambi\u00e9n lo hac\u00eda la poblaci\u00f3n de las regiones productoras de petr\u00f3leo.<\/p>\n\n\n\n<p>Guinea Ecuatorial est\u00e1 prosperando en turismo, comercio y cultura, y su poblaci\u00f3n joven es otro ingrediente de un gigante emergente. Guinea Ecuatorial pronto podr\u00eda convertirse en uno de los pa\u00edses africanos m\u00e1s ricos.<\/p>\n\n\n\n<p>Invertir en Guinea Ecuatorial es una gran decisi\u00f3n porque la industria del turismo est\u00e1 en auge y tiene abundantes reservas de petr\u00f3leo. Tiene una excelente oportunidad de obtener grandes recompensas. Negocios como hoteles y casas de vacaciones son grandes oportunidades de inversi\u00f3n.<\/p>\n\n\n\n<h2 class=\"wp-block-heading\">Acerca de la investigaci\u00f3n de mercado en Guinea Ecuatorial<\/h2>\n\n\n\n<p>Are you looking for a country in which to invest? Well, Equatorial Guinea is a great pick. With loaded oil reserves and a burgeoning tourism industry, you can profit from your investments. SIS arranges Focus Groups in individual <a href=\"https:\/\/www.sisinternational.com\/es\/el-futbol-en-africa-estudio-de-mercado\/\" title=\"El f\u00fatbol en \u00c1frica Estudios de mercado\" data-wpil-monitor-id=\"2812\">markets in Africa<\/a>. We can do <a href=\"https:\/\/www.sisinternational.com\/es\/soluciones\/consultoria-estrategica\/como-la-investigacion-estrategica-puede-mejorar-su-rendimiento\/\" target=\"_blank\" rel=\"noopener\">Investigaci\u00f3n estrat\u00e9gica<\/a> y obten <a href=\"https:\/\/www.sisinternational.com\/es\/que-es-la-investigacion-cualitativa\/\" target=\"_blank\" rel=\"noopener\">Cualitativo<\/a> y <a href=\"https:\/\/www.sisinternational.com\/es\/que-es-la-investigacion-cuantitativa\/\" target=\"_blank\" rel=\"noopener\">Cuantitativo<\/a> informaci\u00f3n para usted.<\/p>\n\n\n\n<p>SIS International Market Research puede ayudarle a tomar la mejor decisi\u00f3n sobre d\u00f3nde invertir su dinero, obteniendo informaci\u00f3n de todas las fuentes posibles para compilar los mejores art\u00edculos de investigaci\u00f3n. Esperamos que este art\u00edculo responda a sus preguntas y tambi\u00e9n que considere invertir en Guinea Ecuatorial.<\/p>","protected":false},"excerpt":{"rendered":"<p>Guinea Ecuatorial est\u00e1 prosperando en turismo, comercio y cultura, y su poblaci\u00f3n joven es otro ingrediente de un gigante emergente.<\/p>","protected":false},"author":1,"featured_media":65182,"parent":14281,"menu_order":17,"comment_status":"closed","ping_status":"closed","template":"","meta":{"footnotes":""},"class_list":["post-37825","page","type-page","status-publish","has-post-thumbnail"],"_links":{"self":[{"href":"https:\/\/www.sisinternational.com\/es\/wp-json\/wp\/v2\/pages\/37825","targetHints":{"allow":["GET"]}}],"collection":[{"href":"https:\/\/www.sisinternational.com\/es\/wp-json\/wp\/v2\/pages"}],"about":[{"href":"https:\/\/www.sisinternational.com\/es\/wp-json\/wp\/v2\/types\/page"}],"author":[{"embeddable":true,"href":"https:\/\/www.sisinternational.com\/es\/wp-json\/wp\/v2\/users\/1"}],"replies":[{"embeddable":true,"href":"https:\/\/www.sisinternational.com\/es\/wp-json\/wp\/v2\/comments?post=37825"}],"version-history":[{"count":3,"href":"https:\/\/www.sisinternational.com\/es\/wp-json\/wp\/v2\/pages\/37825\/revisions"}],"predecessor-version":[{"id":77146,"href":"https:\/\/www.sisinternational.com\/es\/wp-json\/wp\/v2\/pages\/37825\/revisions\/77146"}],"up":[{"embeddable":true,"href":"https:\/\/www.sisinternational.com\/es\/wp-json\/wp\/v2\/pages\/14281"}],"wp:featuredmedia":[{"embeddable":true,"href":"https:\/\/www.sisinternational.com\/es\/wp-json\/wp\/v2\/media\/65182"}],"wp:attachment":[{"href":"https:\/\/www.sisinternational.com\/es\/wp-json\/wp\/v2\/media?parent=37825"}],"curies":[{"name":"wp","href":"https:\/\/api.w.org\/{rel}","templated":true}]}}