{"id":37823,"date":"2021-06-15T05:14:22","date_gmt":"2021-06-15T05:14:22","guid":{"rendered":"https:\/\/www.sisinternational.com\/?page_id=37823"},"modified":"2025-09-14T16:25:14","modified_gmt":"2025-09-14T20:25:14","slug":"investigacion-de-mercado-en-comoras-africa","status":"publish","type":"page","link":"https:\/\/www.sisinternational.com\/es\/cobertura\/investigacion-de-mercado-africa\/investigacion-de-mercado-en-comoras-africa\/","title":{"rendered":"Investigaci\u00f3n de mercado en Comoras, \u00c1frica"},"content":{"rendered":"<h1 class=\"wp-block-heading\">Investigaci\u00f3n de mercado en Comoras<\/h1>\n\n\n\n<figure class=\"gb-block-image gb-block-image-9deb7018\"><img loading=\"lazy\" decoding=\"async\" width=\"1456\" height=\"816\" class=\"gb-image gb-image-9deb7018\" src=\"https:\/\/www.sisinternational.com\/wp-content\/uploads\/2025\/08\/Comoros-3.jpg\" alt=\"Investigaci\u00f3n y estrategia de mercado internacional de SIS\" title=\"Comoros, (3)\" srcset=\"https:\/\/www.sisinternational.com\/wp-content\/uploads\/2025\/08\/Comoros-3.jpg 1456w, https:\/\/www.sisinternational.com\/wp-content\/uploads\/2025\/08\/Comoros-3-300x168.jpg 300w, https:\/\/www.sisinternational.com\/wp-content\/uploads\/2025\/08\/Comoros-3-1024x574.jpg 1024w, https:\/\/www.sisinternational.com\/wp-content\/uploads\/2025\/08\/Comoros-3-768x430.jpg 768w, https:\/\/www.sisinternational.com\/wp-content\/uploads\/2025\/08\/Comoros-3-18x10.jpg 18w\" sizes=\"auto, (max-width: 1456px) 100vw, 1456px\"><\/figure>\n\n\n\n<p><\/p>\n\n\n\n<p>El <a href=\"https:\/\/oec.world\/en\/profile\/country\/com\" target=\"_blank\" rel=\"noopener\">Uni\u00f3n de Comoras<\/a> Est\u00e1 en el Oc\u00e9ano \u00cdndico. Esta cadena de islas es una naci\u00f3n de \u00c1frica Oriental ya que se encuentra frente a la costa oriental de \u00c1frica. Sus pa\u00edses vecinos son Mozambique, Madagascar, Seychelles, Tanzania y Mayotte. Y tambi\u00e9n es parte de la Uni\u00f3n Africana.<\/p>\n\n\n\n<p>La religi\u00f3n oficial de Comoras es el Islam sunita, es un estado miembro de la Liga \u00c1rabe y la \u00fanica naci\u00f3n \u00e1rabe ubicada \u00edntegramente en el hemisferio sur. El pueblo de Comoras habla tres idiomas oficiales: comorano, franc\u00e9s y \u00e1rabe, y existen dos grupos \u00e9tnicos en Comoras. La mayor\u00eda de la poblaci\u00f3n es afro\u00e1rabe y hay un peque\u00f1o grupo de malgaches. La moneda de este pa\u00eds es el franco comorano.<\/p>\n\n\n\n<h2 class=\"wp-block-heading\">Industrias clave en Comoras<\/h2>\n\n\n\n<p>La agricultura es la industria primaria. Algunas personas lo complementan con la caza, la pesca y la agricultura de subsistencia. La agricultura emplea a la mayor parte de la fuerza laboral del pa\u00eds, que es esencial para la gente y la econom\u00eda, ya que representa la mayor\u00eda de las exportaciones. La vainilla, el clavo, las esencias de perfumes y la copra son las principales exportaciones.<\/p>\n\n\n\n<p>Comoras es el principal proveedor mundial de ylang-ylang, una esencia utilizada en la fabricaci\u00f3n de perfumes. El pa\u00eds es el segundo mayor proveedor mundial de vainilla, mientras que se cultivan cultivos como pl\u00e1tanos, cocos y yuca para el consumo de la poblaci\u00f3n. Estos alimentos forman parte de su cocina diaria.<\/p>\n\n\n\n<h2 class=\"wp-block-heading\">Barrios<\/h2>\n\n\n\n<p>Moroni es la capital y ciudad m\u00e1s grande de Comoras y se encuentra en la mayor de las tres islas principales: Gran Comora. Moroni alberga un puerto y un museo, que sirven como atracciones tur\u00edsticas. La infraestructura mantiene un aspecto \u00e1rabe tradicional, incluso con modificaciones en los edificios. La ciudad tiene muchas mezquitas, pero Moroni tambi\u00e9n tiene iglesias y templos cristianos.<\/p>\n\n\n\n<h2 class=\"wp-block-heading\">Beneficios y fortalezas del Mercado<\/h2>\n\n\n\n<p>Comoras cultiva ylang ylang. Es una fortaleza porque tiene una demanda espec\u00edfica en la industria de la belleza y los cosm\u00e9ticos. El pa\u00eds tiene la capacidad y la fuerza laboral para ser el principal productor de este producto b\u00e1sico en el mundo; sin embargo, Comoras depende mucho del comercio para muchas cosas, incluidos los alimentos. El pa\u00eds ha podido mantener el suministro de sus especias y esencias, sin embargo, tambi\u00e9n ha desarrollado buenas relaciones internacionales para el comercio.<\/p>\n\n\n\n<h2 class=\"wp-block-heading\">Tendencias en Comoras<\/h2>\n\n\n\n<p>Comoras es una naci\u00f3n pobre y en desarrollo. El pa\u00eds posee recursos tanto naturales como humanos, pero no tiene los medios para aprovecharlos al m\u00e1ximo. Como muchos otros pa\u00edses en desarrollo, los recursos humanos necesitan trabajo; en consecuencia, la gente cualificada y educada de Comoras ha estado migrando a Francia, provocando una fuga de cerebros. Por eso el desarrollo de sus industrias es lento. La agricultura de subsistencia sigue siendo la principal actividad econ\u00f3mica.<\/p>\n\n\n\n<h2 class=\"wp-block-heading\">Base de consumidores<\/h2>\n\n\n\n<p>Aproximadamente dos tercios de la poblaci\u00f3n de Comoras vive en zonas rurales y el resto ocupa la capital y otras ciudades. Los isle\u00f1os de las Comoras compran productos locales en lugares como el mercado Volo Volo. Los vendedores venden especias, aceites, telas, joyas, artesan\u00edas y m\u00e1s. Sus compradores son tanto los habitantes de las Comoras como los turistas de paso por las islas. Comoras tambi\u00e9n tiene varios mercados de alimentos. Aqu\u00ed, los consumidores compran cultivos, alimentos procesados e importados y otros art\u00edculos.<\/p>\n\n\n\n<h2 class=\"wp-block-heading\">Acerca de la investigaci\u00f3n de mercado en Comoras<\/h2>\n\n\n\n<p>Si est\u00e1 pensando en hacer negocios en Comoras, podemos ayudarle. En SIS organizamos Focus Groups en los diferentes mercados africanos y hacemos el <a href=\"https:\/\/www.sisinternational.com\/es\/que-es-la-investigacion-cuantitativa\/\" target=\"_blank\" rel=\"noopener\">Cuantitativo<\/a>, <a href=\"https:\/\/www.sisinternational.com\/es\/que-es-la-investigacion-cualitativa\/\" target=\"_blank\" rel=\"noopener\">Cualitativo<\/a>, y <a href=\"https:\/\/www.sisinternational.com\/es\/soluciones\/consultoria-estrategica\/como-la-investigacion-estrategica-puede-mejorar-su-rendimiento\/\" target=\"_blank\" rel=\"noopener\">Investigaci\u00f3n estrat\u00e9gica<\/a> para su empresa. Profundizamos en informaci\u00f3n y hallazgos y los recopilamos todos para su negocio. Esperamos que este art\u00edculo le ayude con su negocio en Comoras.<\/p>\n\n\n\n<p><\/p>","protected":false},"excerpt":{"rendered":"<p>La agricultura es la industria principal en Comoras. Algunas personas lo complementan con la caza, la pesca y la agricultura de subsistencia.<\/p>","protected":false},"author":1,"featured_media":65166,"parent":14281,"menu_order":16,"comment_status":"closed","ping_status":"closed","template":"","meta":{"footnotes":""},"class_list":["post-37823","page","type-page","status-publish","has-post-thumbnail"],"_links":{"self":[{"href":"https:\/\/www.sisinternational.com\/es\/wp-json\/wp\/v2\/pages\/37823","targetHints":{"allow":["GET"]}}],"collection":[{"href":"https:\/\/www.sisinternational.com\/es\/wp-json\/wp\/v2\/pages"}],"about":[{"href":"https:\/\/www.sisinternational.com\/es\/wp-json\/wp\/v2\/types\/page"}],"author":[{"embeddable":true,"href":"https:\/\/www.sisinternational.com\/es\/wp-json\/wp\/v2\/users\/1"}],"replies":[{"embeddable":true,"href":"https:\/\/www.sisinternational.com\/es\/wp-json\/wp\/v2\/comments?post=37823"}],"version-history":[{"count":2,"href":"https:\/\/www.sisinternational.com\/es\/wp-json\/wp\/v2\/pages\/37823\/revisions"}],"predecessor-version":[{"id":68525,"href":"https:\/\/www.sisinternational.com\/es\/wp-json\/wp\/v2\/pages\/37823\/revisions\/68525"}],"up":[{"embeddable":true,"href":"https:\/\/www.sisinternational.com\/es\/wp-json\/wp\/v2\/pages\/14281"}],"wp:featuredmedia":[{"embeddable":true,"href":"https:\/\/www.sisinternational.com\/es\/wp-json\/wp\/v2\/media\/65166"}],"wp:attachment":[{"href":"https:\/\/www.sisinternational.com\/es\/wp-json\/wp\/v2\/media?parent=37823"}],"curies":[{"name":"wp","href":"https:\/\/api.w.org\/{rel}","templated":true}]}}