{"id":37733,"date":"2021-05-19T05:57:17","date_gmt":"2021-05-19T05:57:17","guid":{"rendered":"https:\/\/www.sisinternational.com\/?page_id=37733"},"modified":"2025-09-14T16:11:14","modified_gmt":"2025-09-14T20:11:14","slug":"investigacion-de-mercado-el-congo","status":"publish","type":"page","link":"https:\/\/www.sisinternational.com\/es\/cobertura\/investigacion-de-mercado-africa\/investigacion-de-mercado-el-congo\/","title":{"rendered":"Investigaci\u00f3n de mercado en el Congo"},"content":{"rendered":"<h1 class=\"wp-block-heading\">Investigaci\u00f3n de mercado en el Congo<\/h1>\n\n\n\n<figure class=\"gb-block-image gb-block-image-24c68747\"><img loading=\"lazy\" decoding=\"async\" width=\"1456\" height=\"816\" class=\"gb-image gb-image-24c68747\" src=\"https:\/\/www.sisinternational.com\/wp-content\/uploads\/2025\/08\/Congo-1.jpg\" alt=\"Investigaci\u00f3n y estrategia de mercado internacional de SIS\" title=\"Congo (1)\" srcset=\"https:\/\/www.sisinternational.com\/wp-content\/uploads\/2025\/08\/Congo-1.jpg 1456w, https:\/\/www.sisinternational.com\/wp-content\/uploads\/2025\/08\/Congo-1-300x168.jpg 300w, https:\/\/www.sisinternational.com\/wp-content\/uploads\/2025\/08\/Congo-1-1024x574.jpg 1024w, https:\/\/www.sisinternational.com\/wp-content\/uploads\/2025\/08\/Congo-1-768x430.jpg 768w, https:\/\/www.sisinternational.com\/wp-content\/uploads\/2025\/08\/Congo-1-18x10.jpg 18w\" sizes=\"auto, (max-width: 1456px) 100vw, 1456px\"><\/figure>\n\n\n\n<p><\/p>\n\n\n\n<p>Congo-Brazzaville y Congo-Kinshasa son pa\u00edses vecinos del \u00c1frica subsahariana. El nombre \u201cCongo\u201d proviene de los Bakongo, una tribu bant\u00fa que puebla ambos pa\u00edses. Los pa\u00edses comparten la cultura Bakongo y nombres casi id\u00e9nticos, pero difieren en varios factores.<\/p>\n\n\n\n<p>Congo-Kinshasa, que es el otro nombre de la Rep\u00fablica Democr\u00e1tica del Congo, es gigantesca. Es el segundo pa\u00eds m\u00e1s grande del continente. All\u00ed viven m\u00e1s de 80 millones de personas. Pero la poblaci\u00f3n del Congo-Brazzaville es de s\u00f3lo 5 millones de personas. Cubre un \u00e1rea geogr\u00e1fica peque\u00f1a.<\/p>\n\n\n\n<p>Ambos pa\u00edses utilizan el franc\u00e9s como idioma oficial. Sin embargo, dos naciones diferentes alguna vez los colonizaron. Francia ocup\u00f3 la Rep\u00fablica del Congo (ROC). La Rep\u00fablica Democr\u00e1tica del Congo era una colonia belga.<\/p>\n\n\n\n<p>La Rep\u00fablica Democr\u00e1tica del Congo (RDC) se encuentra en una posici\u00f3n geogr\u00e1fica \u00fanica. Tiene 25 millas de acceso costero al Oc\u00e9ano Atl\u00e1ntico hacia el oeste. Sin embargo, situada en el coraz\u00f3n de \u00c1frica, es el punto de cruce de los corredores que van al norte, al sur, al este y al oeste. La capital del Congo-Kinshasa, Kinshasa, es la ciudad m\u00e1s grande del pa\u00eds.<\/p>\n\n\n\n<h2 class=\"wp-block-heading\">Barrios<\/h2>\n\n\n\n<p>Kinshasa es una meg\u00e1polis en la orilla sur del r\u00edo Congo. El sistema urbano m\u00e1s prominente y de m\u00e1s r\u00e1pido crecimiento de \u00c1frica Central se est\u00e1 expandiendo cinco millas cuadradas por a\u00f1o. Despu\u00e9s de El Cairo y Lagos, Kinshasa es la tercera ciudad m\u00e1s grande de \u00c1frica. Ville Basse es la zona m\u00e1s antigua y rica, ubicada en las llanuras cercanas al r\u00edo. En las colinas que la rodean se est\u00e1n desarrollando zonas m\u00e1s nuevas de Kinshasa.<\/p>\n\n\n\n<h2 class=\"wp-block-heading\">Industrias clave<\/h2>\n\n\n\n<p>En la frontera occidental del r\u00edo Congo se encuentra Congo-Brazzaville, el m\u00e1s peque\u00f1o de los dos. En Brazzaville (Rep\u00fablica de China), los sectores petrolero, maderero y minero lideran la econom\u00eda. El sector petrolero reclama la mayor parte de las entradas de inversi\u00f3n extranjera. Es s\u00f3lo una peque\u00f1a industria, pero la forestal es la siguiente en importancia y est\u00e1 en expansi\u00f3n.<\/p>\n\n\n\n<p>El sector minero de la Rep\u00fablica Democr\u00e1tica del Congo tambi\u00e9n es abundante. Hay una gran riqueza de tierra cultivable. Dentro de la tierra, el cobre, el cobalto, el oro, los diamantes y el zinc son algunos de los muchos recursos naturales.<\/p>\n\n\n\n<h2 class=\"wp-block-heading\">Tendencias<\/h2>\n\n\n\n<p>The economy of Congo-Kinshasa has suffered from long years of political instability. Despite this, it shows a trend of upward growth, and the business climate is improving, reflecting many planned reforms aimed at strengthening governance and natural resource management. Surveys show a new environment of confidence alongside new directives to fight corruption. <a href=\"https:\/\/www.sisinternational.com\/es\/soluciones\/consultoria-estrategica\/esg-inversor-investigacion-de-mercado-estrategia-consultoria\/\" title=\"ESG Investor Strategy Consulting\"  data-wpil-monitor-id=\"8779\">Investors conducting strategy<\/a> research can focus on financing agriculture, mining, energy, and infrastructure.<\/p>\n\n\n\n<h2 class=\"wp-block-heading\">Beneficios y Fortalezas en el Mercado<\/h2>\n\n\n\n<p>El gobierno de Congo-Brazzaville busca estimular el desarrollo y el crecimiento en Congo-Brazzaville. El pa\u00eds planea diversificar su econom\u00eda. Los agronegocios en Congo-Brazzaville representan una oportunidad. No se cultiva gran parte de la tierra cultivable del pa\u00eds. El terreno tambi\u00e9n presenta potencial para inversi\u00f3n en ecoturismo. Contiene infinitas reservas forestales v\u00edrgenes. La construcci\u00f3n, el transporte y la miner\u00eda tambi\u00e9n son sectores atractivos para los inversores extranjeros.<\/p>\n\n\n\n<p>Brazzaville es la ciudad m\u00e1s grande de Congo-Brazzaville, pero Pointe-Noire es el importante centro comercial. Brazzaville es tambi\u00e9n la ciudad m\u00e1s antigua. Es una ciudad costera llena de expatriados y donde fluye el dinero del petr\u00f3leo. La ciudad se divide en el barrio europeo y el barrio africano (La Cit\u00e9), ofreciendo distintas experiencias y opciones gastron\u00f3micas internacionales. El barrio africano est\u00e1 lleno de actividad y bullicio. La Cit\u00e9 tiene muchos restaurantes y bares animados y es el mejor lugar para descubrir la cocina tradicional africana. Las playas de Pointe-Noire ofrecen alquiler de barcos y la oportunidad de relajarse.<\/p>\n\n\n\n<p>There is room for internet <a href=\"https:\/\/www.sisinternational.com\/es\/soluciones\/investigacion-de-consultoria-estrategica-fintech\/banca-como-servicio-investigacion-de-mercado-y-consultoria-estrategica\/\" title=\"Banca como Servicio Investigaci\u00f3n de Mercado y Consultor\u00eda Estrat\u00e9gica\"  data-wpil-monitor-id=\"8780\">services and mobile banking<\/a> here in the Republic of Congo, and consumers have high connectivity despite inadequate infrastructure in the telecommunications sector. The many cyber cafes are an indicator of unmet demand for reliable internet services.<\/p>\n\n\n\n<h2 class=\"wp-block-heading\">Razones para hacer crecer su negocio; Investigaci\u00f3n de mercado en el Congo<\/h2>\n\n\n\n<p>Los inversores pronto disfrutar\u00e1n de las reformas previstas por la Rep\u00fablica del Congo. Las iniciativas gubernamentales incluyen la entrada y protecci\u00f3n de la IED, el establecimiento de empresas, los impuestos y los recursos humanos. La inversi\u00f3n extranjera sigue aumentando. Actualmente convierten a la Rep\u00fablica de China en el principal destino de IED en <a href=\"https:\/\/www.sisinternational.com\/es\/cobertura\/investigacion-de-mercado-africa\/investigacion-de-mercado-republica-centroafricana\/\">\u00c1frica central<\/a>. La investigaci\u00f3n cuantitativa respalda estos hechos.<\/p>\n\n\n\n<p>You\u2019ll find that there is no lesser of the two Congos but that each presents opportunities. Qualitative <a href=\"https:\/\/www.sisinternational.com\/es\/soluciones\/investigacion-de-mercado-de-grupo-focal\/\" title=\"Investigaci\u00f3n de mercado con grupos focales\"  data-wpil-monitor-id=\"8778\">research via focus groups<\/a> can bring further clarity for future ventures.<\/p>\n\n\n\n<p>&nbsp;<\/p>","protected":false},"excerpt":{"rendered":"<p>Investigaci\u00f3n de mercado en los Congos: cada uno presenta oportunidades. La investigaci\u00f3n cualitativa a trav\u00e9s de grupos focales aporta mayor claridad para futuras empresas.<\/p>","protected":false},"author":1,"featured_media":65168,"parent":14281,"menu_order":15,"comment_status":"closed","ping_status":"closed","template":"","meta":{"footnotes":""},"class_list":["post-37733","page","type-page","status-publish","has-post-thumbnail"],"_links":{"self":[{"href":"https:\/\/www.sisinternational.com\/es\/wp-json\/wp\/v2\/pages\/37733","targetHints":{"allow":["GET"]}}],"collection":[{"href":"https:\/\/www.sisinternational.com\/es\/wp-json\/wp\/v2\/pages"}],"about":[{"href":"https:\/\/www.sisinternational.com\/es\/wp-json\/wp\/v2\/types\/page"}],"author":[{"embeddable":true,"href":"https:\/\/www.sisinternational.com\/es\/wp-json\/wp\/v2\/users\/1"}],"replies":[{"embeddable":true,"href":"https:\/\/www.sisinternational.com\/es\/wp-json\/wp\/v2\/comments?post=37733"}],"version-history":[{"count":4,"href":"https:\/\/www.sisinternational.com\/es\/wp-json\/wp\/v2\/pages\/37733\/revisions"}],"predecessor-version":[{"id":81472,"href":"https:\/\/www.sisinternational.com\/es\/wp-json\/wp\/v2\/pages\/37733\/revisions\/81472"}],"up":[{"embeddable":true,"href":"https:\/\/www.sisinternational.com\/es\/wp-json\/wp\/v2\/pages\/14281"}],"wp:featuredmedia":[{"embeddable":true,"href":"https:\/\/www.sisinternational.com\/es\/wp-json\/wp\/v2\/media\/65168"}],"wp:attachment":[{"href":"https:\/\/www.sisinternational.com\/es\/wp-json\/wp\/v2\/media?parent=37733"}],"curies":[{"name":"wp","href":"https:\/\/api.w.org\/{rel}","templated":true}]}}