{"id":37731,"date":"2021-05-19T05:53:02","date_gmt":"2021-05-19T05:53:02","guid":{"rendered":"https:\/\/www.sisinternational.com\/?page_id=37731"},"modified":"2026-01-25T16:55:42","modified_gmt":"2026-01-25T21:55:42","slug":"investigacion-de-mercado-djibouti","status":"publish","type":"page","link":"https:\/\/www.sisinternational.com\/es\/cobertura\/investigacion-de-mercado-africa\/investigacion-de-mercado-djibouti\/","title":{"rendered":"Investigaci\u00f3n de mercado en Yibuti"},"content":{"rendered":"<h1 class=\"wp-block-heading\">Investigaci\u00f3n de mercado en Yibuti<\/h1>\n\n\n\n<figure class=\"gb-block-image gb-block-image-77261c6a\"><img loading=\"lazy\" decoding=\"async\" width=\"1456\" height=\"816\" class=\"gb-image gb-image-77261c6a\" src=\"https:\/\/www.sisinternational.com\/wp-content\/uploads\/2025\/08\/Djibouti-3.jpg\" alt=\"Investigaci\u00f3n y estrategia de mercado internacional de SIS\" title=\"Djibouti (3)\" srcset=\"https:\/\/www.sisinternational.com\/wp-content\/uploads\/2025\/08\/Djibouti-3.jpg 1456w, https:\/\/www.sisinternational.com\/wp-content\/uploads\/2025\/08\/Djibouti-3-300x168.jpg 300w, https:\/\/www.sisinternational.com\/wp-content\/uploads\/2025\/08\/Djibouti-3-1024x574.jpg 1024w, https:\/\/www.sisinternational.com\/wp-content\/uploads\/2025\/08\/Djibouti-3-768x430.jpg 768w, https:\/\/www.sisinternational.com\/wp-content\/uploads\/2025\/08\/Djibouti-3-18x10.jpg 18w\" sizes=\"auto, (max-width: 1456px) 100vw, 1456px\"><\/figure>\n\n\n\n<p><\/p>\n\n\n\n<p>Djibouti es uno de los pa\u00edses m\u00e1s estrat\u00e9gicos de \u00c1frica. Este peque\u00f1o pa\u00eds en el cuerno de \u00c1frica tiene el nombre oficial de Rep\u00fablica de Djibouti. Djibouti se encuentra en la costa noreste de \u00c1frica hasta el Mar Rojo. Es famoso por sus paisajes \u00fanicos y su diversa vida silvestre. Las tradiciones y culturas de Yibuti tambi\u00e9n est\u00e1n llenas de diversidad. No s\u00f3lo en el lenguaje sino en los colores y las creencias supersticiosas.<\/p>\n\n\n\n<p>Este pa\u00eds alberga a casi un mill\u00f3n de personas seg\u00fan cifras recientes. La capital es la ciudad de Djibouti y el franc\u00e9s y el \u00e1rabe son los idiomas m\u00e1s comunes. Hay dos tribus principales en Djibouti: los somal\u00edes y los afar. Los musulmanes constituyen el 94 por ciento de la poblaci\u00f3n y el Islam es la religi\u00f3n principal.<\/p>\n\n\n\n<p>Djibouti ocupa una superficie de poco m\u00e1s de catorce mil millas cuadradas. Es un poco m\u00e1s grande que Eslovenia pero un poco m\u00e1s peque\u00f1a que Nueva Jersey en los Estados Unidos. Yibuti tiene uno de los oc\u00e9anos m\u00e1s salados del mundo.<\/p>\n\n\n\n<h2 class=\"wp-block-heading\">Barrios<\/h2>\n\n\n\n<p>Los pa\u00edses vecinos de Djibouti incluyen Somalia, Etiop\u00eda, Eritrea y Yemen. Todos estos pa\u00edses tienen frontera con Djibouti.<\/p>\n\n\n\n<p>El pa\u00eds tiene inter\u00e9s geogr\u00e1fico porque controla importantes v\u00edas fluviales como el Mar Rojo y el Canal de Suez. Estas aguas son dos de las rutas mar\u00edtimas m\u00e1s importantes.<\/p>\n\n\n\n<h2 class=\"wp-block-heading\">Zona de libre comercio internacional de Djibouti<\/h2>\n\n\n\n<p>DIFTZ (Djibouti international Free Trade Zone) is a model of China Africa cooperation. With the support of the Djibouti government, <a href=\"https:\/\/www.sisinternational.com\/es\/cobertura\/investigacion-de-mercado-asia\/investigacion-de-mercado-de-grupos-focales-en-china\/\" title=\"Investigaci\u00f3n de mercado de grupos focales en China\"  data-wpil-monitor-id=\"9315\">China and the port group<\/a> have joined forces and are collaborating to build this fantastic African project. They are transforming the Avenue General Gallieni, the location of the main port. It is already one of the most attractive areas for businesses. It can attract lots of international trade.<\/p>\n\n\n\n<h2 class=\"wp-block-heading\">Beneficios y fortalezas en el mercado de Yibuti: \u00bfPor qu\u00e9 hacer crecer su negocio all\u00ed?<\/h2>\n\n\n\n<p>Como hemos visto antes, Djibouti se encuentra en una posici\u00f3n bastante estrat\u00e9gica. Esta ubicaci\u00f3n en s\u00ed misma es la fortaleza del condado. Esta ubicaci\u00f3n est\u00e1 en el estrecho de Bab-el-Mandeb, donde termina el Oc\u00e9ano \u00cdndico y comienza el Mar Rojo. Los dos cuerpos de agua est\u00e1n a unas 15 millas de distancia el uno del otro. Esta ubicaci\u00f3n hace de Djibouti un pa\u00eds afortunado.<\/p>\n\n\n\n<p>El beneficio de la posici\u00f3n del pa\u00eds es que es un terreno para el comercio regional. Este comercio fomenta las divisas y aumenta la tasa de exportaci\u00f3n del pa\u00eds.<\/p>\n\n\n\n<p>The position is essential when deciding what country you would like your <a href=\"https:\/\/www.sisinternational.com\/es\/publicaciones\/exportacion-del-mercado-medio-japones\/\" title=\"Hacer crecer su negocio en Jap\u00f3n\"  data-wpil-monitor-id=\"9314\">business to grow<\/a> in. Ships from China, India, or anywhere in Asia to Europe or vice versa usually cross the strait.<\/p>\n\n\n\n<p>La regi\u00f3n es una de las mayores en producci\u00f3n de petr\u00f3leo. Cuando pasan cargamentos y barcos, la demanda de recursos es alta, por lo que se detienen en Yibuti. Esta conexi\u00f3n significa que las oportunidades comerciales y tur\u00edsticas son abundantes.<\/p>\n\n\n\n<p>Etiop\u00eda no tiene salida al mar, pero tiene una de las poblaciones m\u00e1s grandes de \u00c1frica. Djibouti es el puerto de Etiop\u00eda desde 1999. Por ello, el puerto de Djibouti es crucial y siempre activo. El puerto es una de las principales ventajas de Djibouti.<\/p>\n\n\n\n<p>Hacer negocios en Yibuti es un hermoso paso de inversi\u00f3n. Aunque la tasa impositiva es del 10 por ciento, las ganancias pueden m\u00e1s que duplicarla. Al estar en la ubicaci\u00f3n perfecta, todo lo que necesitas es estar al d\u00eda con las demandas de la gente. Es f\u00e1cil que un negocio despegue, aunque no hay garant\u00eda ya que todo conlleva la posibilidad de riesgo. Es una excelente elecci\u00f3n de pa\u00eds para invertir.<\/p>\n\n\n\n<h2 class=\"wp-block-heading\">Acerca de la investigaci\u00f3n de mercado en Yibuti<\/h2>\n\n\n\n<p>Are you interested in owning a business in Djibouti? This article has all there is to know about this unique country. SIS International <a href=\"https:\/\/www.sisinternational.com\/es\/pericia\/industrias\/investigacion-de-mercado-geopolitico\/\" title=\"Investigaci\u00f3n de Mercado Geopol\u00edtico\"  data-wpil-monitor-id=\"3821\">Research organizes Focus Groups in the markets<\/a> of Africa. We also do Qualitative, Quantitative, and Strategy Research. This <a href=\"https:\/\/www.sisinternational.com\/es\/publicaciones\/investigacion-de-mercado-empresarial-escalable-7-formas-de-construir-un-negocio-escalable\/\" title=\"Investigaci\u00f3n de mercado empresarial escalable: 7 formas de construir un negocio escalable\"  data-wpil-monitor-id=\"9316\">research will aid in your business<\/a> inquiries and help you decide your next move. We hope that you will consider doing business and investing in Djibouti. You will not regret it!<\/p>\n\n\n\n<p><\/p>","protected":false},"excerpt":{"rendered":"<p>Investigaci\u00f3n de mercado en Djibouti Djibouti es uno de los pa\u00edses m\u00e1s estrat\u00e9gicos de \u00c1frica. Este peque\u00f1o pa\u00eds en el cuerno de \u00c1frica tiene el nombre oficial de Rep\u00fablica de Djibouti. Djibouti se encuentra en la costa noreste de \u00c1frica hasta el Mar Rojo. Es famoso por sus paisajes \u00fanicos y su diversa vida silvestre. Las tradiciones y culturas\u2026 <a title=\"Investigaci\u00f3n de mercado en Yibuti\" class=\"read-more\" href=\"https:\/\/www.sisinternational.com\/es\/cobertura\/investigacion-de-mercado-africa\/investigacion-de-mercado-djibouti\/\" aria-label=\"Leer m\u00e1s sobre Investigaci\u00f3n de Mercado en Yibuti\">Leer m\u00e1s<\/a><\/p>","protected":false},"author":1,"featured_media":65176,"parent":14281,"menu_order":14,"comment_status":"closed","ping_status":"closed","template":"","meta":{"footnotes":""},"class_list":["post-37731","page","type-page","status-publish","has-post-thumbnail"],"_links":{"self":[{"href":"https:\/\/www.sisinternational.com\/es\/wp-json\/wp\/v2\/pages\/37731","targetHints":{"allow":["GET"]}}],"collection":[{"href":"https:\/\/www.sisinternational.com\/es\/wp-json\/wp\/v2\/pages"}],"about":[{"href":"https:\/\/www.sisinternational.com\/es\/wp-json\/wp\/v2\/types\/page"}],"author":[{"embeddable":true,"href":"https:\/\/www.sisinternational.com\/es\/wp-json\/wp\/v2\/users\/1"}],"replies":[{"embeddable":true,"href":"https:\/\/www.sisinternational.com\/es\/wp-json\/wp\/v2\/comments?post=37731"}],"version-history":[{"count":5,"href":"https:\/\/www.sisinternational.com\/es\/wp-json\/wp\/v2\/pages\/37731\/revisions"}],"predecessor-version":[{"id":81557,"href":"https:\/\/www.sisinternational.com\/es\/wp-json\/wp\/v2\/pages\/37731\/revisions\/81557"}],"up":[{"embeddable":true,"href":"https:\/\/www.sisinternational.com\/es\/wp-json\/wp\/v2\/pages\/14281"}],"wp:featuredmedia":[{"embeddable":true,"href":"https:\/\/www.sisinternational.com\/es\/wp-json\/wp\/v2\/media\/65176"}],"wp:attachment":[{"href":"https:\/\/www.sisinternational.com\/es\/wp-json\/wp\/v2\/media?parent=37731"}],"curies":[{"name":"wp","href":"https:\/\/api.w.org\/{rel}","templated":true}]}}