{"id":37729,"date":"2021-05-19T05:46:38","date_gmt":"2021-05-19T05:46:38","guid":{"rendered":"https:\/\/www.sisinternational.com\/?page_id=37729"},"modified":"2025-09-14T16:27:30","modified_gmt":"2025-09-14T20:27:30","slug":"investigacion-de-mercado-chad","status":"publish","type":"page","link":"https:\/\/www.sisinternational.com\/es\/cobertura\/investigacion-de-mercado-africa\/investigacion-de-mercado-chad\/","title":{"rendered":"Investigaci\u00f3n de mercado en Chad"},"content":{"rendered":"<h1 class=\"wp-block-heading\">Investigaci\u00f3n de mercado en Chad<\/h1>\n\n\n\n<figure class=\"gb-block-image gb-block-image-2e41044d\"><img loading=\"lazy\" decoding=\"async\" width=\"1456\" height=\"816\" class=\"gb-image gb-image-2e41044d\" src=\"https:\/\/www.sisinternational.com\/wp-content\/uploads\/2025\/08\/Chad-1.jpg\" alt=\"Investigaci\u00f3n y estrategia de mercado internacional de SIS\" title=\"Chad (1)\" srcset=\"https:\/\/www.sisinternational.com\/wp-content\/uploads\/2025\/08\/Chad-1.jpg 1456w, https:\/\/www.sisinternational.com\/wp-content\/uploads\/2025\/08\/Chad-1-300x168.jpg 300w, https:\/\/www.sisinternational.com\/wp-content\/uploads\/2025\/08\/Chad-1-1024x574.jpg 1024w, https:\/\/www.sisinternational.com\/wp-content\/uploads\/2025\/08\/Chad-1-768x430.jpg 768w, https:\/\/www.sisinternational.com\/wp-content\/uploads\/2025\/08\/Chad-1-18x10.jpg 18w\" sizes=\"auto, (max-width: 1456px) 100vw, 1456px\"><\/figure>\n\n\n\n<p><\/p>\n\n\n\n<p>La Rep\u00fablica del Chad se encuentra en el centro-norte de \u00c1frica. Este pa\u00eds sin salida al mar comparte fronteras con Sud\u00e1n al este, Libia al norte y Camer\u00fan y Nigeria al suroeste. La Rep\u00fablica Centroafricana se encuentra al sur y N\u00edger al oeste. La falta de infraestructura, la sequ\u00eda y la agitaci\u00f3n pol\u00edtica han afectado a la econom\u00eda chadiana. La lejan\u00eda geogr\u00e1fica del pa\u00eds tambi\u00e9n es un factor paralizante.<\/p>\n\n\n\n<h2 class=\"wp-block-heading\">Industrias clave<\/h2>\n\n\n\n<p>La agricultura y el petr\u00f3leo impulsan la econom\u00eda de Chad, y el petr\u00f3leo constituye la mayor parte de los ingresos del gobierno y de las exportaciones. Las principales exportaciones no petroleras del Chad son la goma ar\u00e1biga, el oro, el ganado vacuno, el s\u00e9samo y el algod\u00f3n. Otros productos agr\u00edcolas incluyen man\u00ed, sorgo, \u00f1ame, mijo, ma\u00edz, ca\u00f1a de az\u00facar, arroz, yuca, frijoles y batatas.<\/p>\n\n\n\n<p>La mayor\u00eda de la poblaci\u00f3n de Chad depende de la cr\u00eda de ganado y la agricultura de subsistencia. Los persistentes bajos precios mundiales del petr\u00f3leo han perjudicado a la econom\u00eda. Tambi\u00e9n lo ha hecho la crisis econ\u00f3mica de 2016-2017 que redujo el gasto de inversi\u00f3n. El pa\u00eds tambi\u00e9n est\u00e1 lidiando con las consecuencias financieras de la pandemia de COVID-19 en todo el mundo.<\/p>\n\n\n\n<p>Still, the government continues its campaign for economic relief. Its goal is to increase the export of value-added products. It also aims to diversify key sectors and develop a formal economy within the <a href=\"https:\/\/www.sisinternational.com\/es\/pericia\/industrias\/investigacion-de-mercado-automotriz\/el-futuro-de-los-vehiculos-electricos-en-estados-unidos\/\" title=\"The Future of Electric Vehicles in the USA &#8211; The Next 5 Years\"  data-wpil-monitor-id=\"7943\">next ten years<\/a>.<\/p>\n\n\n\n<h2 class=\"wp-block-heading\">Barrios<\/h2>\n\n\n\n<p>Las ciudades importantes de Chad son N&#039;Djamena, Koutere y Moundou. Chad es uno de los 25 pa\u00edses m\u00e1s pobres del mundo. No cuenta con una red de transporte estable y bien administrada. N&#039;Djamena es la capital, por lo que tiene carreteras asfaltadas, al igual que el resto de grandes ciudades. La calidad se deteriora a medida que uno se traslada a las zonas rurales. El coste de la vida en Yamena est\u00e1 por las nubes. Los alquileres rivalizan con los de Nueva York y Londres, lo que la convierte en la ciudad m\u00e1s cara de \u00c1frica en la que se puede vivir.<\/p>\n\n\n\n<h2 class=\"wp-block-heading\">Tendencias<\/h2>\n\n\n\n<p>Los economistas esperan que la econom\u00eda chadiana reanude el crecimiento a medida que la pandemia disminuya. Esperan que las actividades industriales vuelvan a niveles normales. La producci\u00f3n de petr\u00f3leo, el desmotado de algod\u00f3n y la industria textil pronto deber\u00edan cobrar impulso. Chad ha logrado avances en la reducci\u00f3n de la pobreza, pero la econom\u00eda sigue siendo fr\u00e1gil. El pa\u00eds enfrenta muchos riesgos, como la inestabilidad regional y la volatilidad de los precios del petr\u00f3leo.<\/p>\n\n\n\n<h2 class=\"wp-block-heading\">Beneficios y fortalezas en el mercado chadiano<\/h2>\n\n\n\n<p>Chad cannot use its national public finance <a href=\"https:\/\/www.sisinternational.com\/es\/soluciones\/si-crecimiento-global\/gestion-de-proyectos-globales\/\" title=\"Consultor\u00eda de gesti\u00f3n de proyectos globales\"  data-wpil-monitor-id=\"7941\">management system to implement projects<\/a> financed with external resources. The Paris Declaration does not allow it. This measure is due to the country\u2019s poor performance in economic governance. Still, the government is making progress in areas such as transparency. This transparency is especially evident in the management of its oil reserves.<\/p>\n\n\n\n<h2 class=\"wp-block-heading\">Base de consumidores<\/h2>\n\n\n\n<p>M\u00e1s de las tres cuartas partes de los chadianos viven en zonas rurales. Casi la mitad de los habitantes se encuentran por debajo del umbral nacional de pobreza. Chad es una sociedad agraria y la agricultura emplea a la mayor\u00eda de los adultos en edad de trabajar del pa\u00eds. La penetraci\u00f3n de la telefon\u00eda m\u00f3vil va a la zaga de la de otros pa\u00edses africanos. A\u00fan as\u00ed, los dos principales proveedores han logrado avances significativos, incluso en las zonas rurales. Sin embargo, Chad es uno de los tres pa\u00edses menos desarrollados del mundo, seg\u00fan el PNUD.<\/p>\n\n\n\n<h2 class=\"wp-block-heading\">Razones para hacer crecer su negocio en Chad<\/h2>\n\n\n\n<p>Chad\u2019s economic outlook may seem dismal, but things can only get better. It presents remarkable opportunities for early investors, and the investment climate is suitable for medium and large-scale projects. Opportunities exist in power generation and distribution (especially solar) and oil exploration. Investors can also do well in livestock, mining, telecommunications, agribusiness, and infrastructure. The success of several foreign <a href=\"https:\/\/www.sisinternational.com\/es\/cobertura\/investigacion-de-mercado-oriente-medio\/investment-opportunities-in-neom-real-estate\/\" title=\"Investment Opportunities in NEOM Real Estate\"  data-wpil-monitor-id=\"7942\">investments in Chad proves that business opportunities<\/a> exist. The country needs committed, skilled, and patient investors, despite the many challenges.<\/p>\n\n\n\n<h2 class=\"wp-block-heading\">Acerca de la investigaci\u00f3n de mercado en Chad<\/h2>\n\n\n\n<p>Companies interested in doing business in Chad should do thorough <a href=\"https:\/\/www.sisinternational.com\/es\/pericia\/industrias\/investigacion-de-mercado-de-productos-basicos-de-cocina\/\" title=\"Investigaci\u00f3n de mercado de elementos esenciales de cocina\"  data-wpil-monitor-id=\"7939\">Market Research because it\u2019s essential<\/a> to know the business environment and the legal and regulatory frameworks. <a href=\"https:\/\/www.sisinternational.com\/es\/soluciones\/investigacion-de-mercado-de-grupo-focal\/\" title=\"Investigaci\u00f3n de mercado con grupos focales\"  data-wpil-monitor-id=\"7940\">Grupos de discusi\u00f3n<\/a> can help determine the Chadian market\u2019s readiness, as can Interviews and Surveys. <a href=\"https:\/\/www.sisinternational.com\/es\/contacto-sis-investigacion-de-mercado-internacional\/\" title=\"Cont\u00e1ctenos\"  data-wpil-monitor-id=\"7938\">SIS International Research<\/a> offers Quantitative, Qualitative, and Strategy Research for Chad and other African countries. Research is not a mere option: it is a necessity for volatile countries such as Chad.<\/p>\n\n\n\n<p><\/p>","protected":false},"excerpt":{"rendered":"<p>Investigaci\u00f3n de mercado en Chad La Rep\u00fablica de Chad se encuentra en el centro-norte de \u00c1frica. Este pa\u00eds sin salida al mar comparte fronteras con Sud\u00e1n al este, Libia al norte y Camer\u00fan y Nigeria al suroeste. La Rep\u00fablica Centroafricana se encuentra al sur y N\u00edger al oeste. La falta de infraestructura, la sequ\u00eda y la agitaci\u00f3n pol\u00edtica han causado... <a title=\"Investigaci\u00f3n de mercado en Chad\" class=\"read-more\" href=\"https:\/\/www.sisinternational.com\/es\/cobertura\/investigacion-de-mercado-africa\/investigacion-de-mercado-chad\/\" aria-label=\"Leer m\u00e1s sobre Investigaci\u00f3n de Mercado en Chad\">Leer m\u00e1s<\/a><\/p>","protected":false},"author":1,"featured_media":65281,"parent":14281,"menu_order":13,"comment_status":"closed","ping_status":"closed","template":"","meta":{"footnotes":""},"class_list":["post-37729","page","type-page","status-publish","has-post-thumbnail"],"_links":{"self":[{"href":"https:\/\/www.sisinternational.com\/es\/wp-json\/wp\/v2\/pages\/37729","targetHints":{"allow":["GET"]}}],"collection":[{"href":"https:\/\/www.sisinternational.com\/es\/wp-json\/wp\/v2\/pages"}],"about":[{"href":"https:\/\/www.sisinternational.com\/es\/wp-json\/wp\/v2\/types\/page"}],"author":[{"embeddable":true,"href":"https:\/\/www.sisinternational.com\/es\/wp-json\/wp\/v2\/users\/1"}],"replies":[{"embeddable":true,"href":"https:\/\/www.sisinternational.com\/es\/wp-json\/wp\/v2\/comments?post=37729"}],"version-history":[{"count":3,"href":"https:\/\/www.sisinternational.com\/es\/wp-json\/wp\/v2\/pages\/37729\/revisions"}],"predecessor-version":[{"id":81338,"href":"https:\/\/www.sisinternational.com\/es\/wp-json\/wp\/v2\/pages\/37729\/revisions\/81338"}],"up":[{"embeddable":true,"href":"https:\/\/www.sisinternational.com\/es\/wp-json\/wp\/v2\/pages\/14281"}],"wp:featuredmedia":[{"embeddable":true,"href":"https:\/\/www.sisinternational.com\/es\/wp-json\/wp\/v2\/media\/65281"}],"wp:attachment":[{"href":"https:\/\/www.sisinternational.com\/es\/wp-json\/wp\/v2\/media?parent=37729"}],"curies":[{"name":"wp","href":"https:\/\/api.w.org\/{rel}","templated":true}]}}