{"id":37727,"date":"2021-05-19T05:44:09","date_gmt":"2021-05-19T05:44:09","guid":{"rendered":"https:\/\/www.sisinternational.com\/?page_id=37727"},"modified":"2025-09-14T17:12:36","modified_gmt":"2025-09-14T21:12:36","slug":"investigacion-de-mercado-burundi","status":"publish","type":"page","link":"https:\/\/www.sisinternational.com\/es\/cobertura\/investigacion-de-mercado-africa\/investigacion-de-mercado-burundi\/","title":{"rendered":"Investigaci\u00f3n de mercado en Burundi"},"content":{"rendered":"<h1 class=\"wp-block-heading\">Investigaci\u00f3n de mercado en Burundi<\/h1>\n\n\n\n<figure class=\"gb-block-image gb-block-image-3af6ae8b\"><img loading=\"lazy\" decoding=\"async\" width=\"1456\" height=\"816\" class=\"gb-image gb-image-3af6ae8b\" src=\"https:\/\/www.sisinternational.com\/wp-content\/uploads\/2025\/08\/Burundi-1.jpg\" alt=\"Investigaci\u00f3n y estrategia de mercado internacional de SIS\" title=\"Burundi (1)\" srcset=\"https:\/\/www.sisinternational.com\/wp-content\/uploads\/2025\/08\/Burundi-1.jpg 1456w, https:\/\/www.sisinternational.com\/wp-content\/uploads\/2025\/08\/Burundi-1-300x168.jpg 300w, https:\/\/www.sisinternational.com\/wp-content\/uploads\/2025\/08\/Burundi-1-1024x574.jpg 1024w, https:\/\/www.sisinternational.com\/wp-content\/uploads\/2025\/08\/Burundi-1-768x430.jpg 768w, https:\/\/www.sisinternational.com\/wp-content\/uploads\/2025\/08\/Burundi-1-18x10.jpg 18w\" sizes=\"auto, (max-width: 1456px) 100vw, 1456px\"><\/figure>\n\n\n\n<p><\/p>\n\n\n\n<h2 class=\"wp-block-heading\">Industrias clave<\/h2>\n\n\n\n<p>Burundi es un estado sin salida al mar en la regi\u00f3n de los Grandes Lagos de \u00c1frica Oriental. Comparte fronteras con Ruanda, Tanzania y la Rep\u00fablica Democr\u00e1tica del Congo. Las principales exportaciones de Burundi incluyen caf\u00e9, t\u00e9 y az\u00facar, y la mayor parte de la poblaci\u00f3n trabaja en la agricultura, el pilar central de la econom\u00eda burundesa. La agricultura representa un tercio del producto interno bruto (PIB) y 601 TP3T de las exportaciones de Burundi.<\/p>\n\n\n\n<p>Los sectores agr\u00edcola y minero captan la mayor parte de la inversi\u00f3n extranjera. Burundi cuenta con apoyo internacional para su pol\u00edtica agraria. Tambi\u00e9n es popular la construcci\u00f3n en curso de represas hidroel\u00e9ctricas. La generaci\u00f3n de energ\u00eda geot\u00e9rmica, e\u00f3lica y solar tiene un gran potencial.<\/p>\n\n\n\n<h2 class=\"wp-block-heading\">Tendencias<\/h2>\n\n\n\n<p>El mundo est\u00e1 mostrando un inter\u00e9s creciente en el desarrollo de la producci\u00f3n de tierras raras. Se est\u00e1n realizando m\u00e1s esfuerzos de investigaci\u00f3n cuantitativa sobre sus dep\u00f3sitos minerales sin explotar. Los m\u00e1s importantes son el cobre, el cobalto y el n\u00edquel. Es probable que otros recursos naturales como el petr\u00f3leo sean rentables.<\/p>\n\n\n\n<h2 class=\"wp-block-heading\">Beneficios y Fortalezas en el Mercado<\/h2>\n\n\n\n<p>Burundi has excellent <a href=\"https:\/\/www.sisinternational.com\/es\/investigacion_del_mercado_del_automovil_conectado\/\" title=\"Investigaci\u00f3n de mercado de autom\u00f3viles conectados\"  data-wpil-monitor-id=\"7963\">connections in the African markets<\/a>. Its geographical location positions it as a regional commercial hub. It has not yet taken advantage of its convenient location, but it has access to several neighboring countries.<\/p>\n\n\n\n<p>Es miembro de muchos acuerdos de libre comercio en el continente. Estos incluyen el \u00c1rea Econ\u00f3mica de \u00c1frica Central, la Comunidad de \u00c1frica Oriental y la Zona de Libre Comercio Continental Africana. Tambi\u00e9n tiene Acuerdos con Estados Unidos y la Uni\u00f3n Europea.<\/p>\n\n\n\n<p>La disminuci\u00f3n de la ayuda exterior desde 2015 ha causado dificultades a la econom\u00eda de Burundi. Esta p\u00e9rdida de recursos externos ha resultado en un menor crecimiento. El impacto de la pandemia de COVID-19 ha empeorado la situaci\u00f3n. La econom\u00eda no est\u00e1 diversificada y depende demasiado de los vol\u00e1tiles precios mundiales del caf\u00e9.<\/p>\n\n\n\n<p>The population is growing. Thus, the government has sought to meet the surge in demand for social and consumer goods. Their focus has turned to stimulate internal resources. Yet, a significant gap still exists in the <a href=\"https:\/\/www.sisinternational.com\/es\/pericia\/industrias\/investigacion-de-mercado-de-fabricacion-de-alimentos-y-bebidas\/\" title=\"Investigaci\u00f3n de mercado de fabricaci\u00f3n de alimentos y bebidas\"  data-wpil-monitor-id=\"7960\">market for locally-produced manufactured<\/a> goods. Public services make up 25% of Burundi\u2019s GDP.<\/p>\n\n\n\n<h2 class=\"wp-block-heading\">Barrios<\/h2>\n\n\n\n<p>Bujumbura es la capital econ\u00f3mica de Burundi. Se encuentra a orillas del lago Tanganica. Aqu\u00ed conviven grupos \u00e9tnicos tutsi y hutu junto a peque\u00f1as poblaciones de inmigrantes. Los expatriados suelen ser europeos y asi\u00e1ticos del sur. Una influencia europea persistente es evidente en los edificios de Bujumbura (anteriormente Usumbura), un vestigio de sus d\u00edas como capital colonial.<\/p>\n\n\n\n<p>La mezcla de culturas le da a la ciudad un aire cosmopolita. Los visitantes pueden disfrutar de la fant\u00e1stica cocina francesa, con excelente comida y bebida, y la vida nocturna es atractiva. Los amantes del arte pueden visitar el Museo Viviente de Bujumbura, un zool\u00f3gico y museo. El Museo Viviente es uno de los mejores de \u00c1frica y exhibe artesan\u00edas antiguas y modernas.<\/p>\n\n\n\n<p>Rohero I, hogar del Jard\u00edn P\u00fablico (un gran parque), es uno de los barrios m\u00e1s seguros de Bujumbura. Muchos residentes de Bujumbura se relajan en este espacio verde y disfrutan del clima c\u00e1lido del pa\u00eds. Otro suburbio m\u00e1s exclusivo es Kiriri, el barrio presidencial con vistas al lago Tanganica.<\/p>\n\n\n\n<h2 class=\"wp-block-heading\">Base de consumidores<\/h2>\n\n\n\n<p>Burundi\u2019s youngest generation will grow into an educated workforce. The Gross Enrollment Rate of primary education has exploded compared to twenty years ago. Most of the country speaks Kirundi, the first official language, as well as French. In the coming years, <a href=\"https:\/\/www.sisinternational.com\/es\/soluciones\/investigacion-de-mercado-de-ia-y-consultoria-estrategica\/bienes-de-consumo-servicios-automatizacion-ai-consultoria\/\" title=\"Bienes y Servicios de Consumo Automatizaci\u00f3n y Consultor\u00eda en IA\"  data-wpil-monitor-id=\"7962\">consumers will seek more online services<\/a>. The broadband internet market is untapped. With fiber optics installation, e-admin and e-banking opportunities will arise.<\/p>\n\n\n\n<h2 class=\"wp-block-heading\">Razones para hacer crecer su negocio en Burundi<\/h2>\n\n\n\n<p>El gobierno muestra un gran inter\u00e9s en mejorar el entorno empresarial en Burundi. Su objetivo es superar su baja clasificaci\u00f3n en el puesto 116 entre 190 econom\u00edas (Doing Business 2020). Ha promulgado una nueva ley de inversiones, que otorga a los inversores extranjeros derechos similares a los nacionales. Los inversores disfrutan de pocos l\u00edmites en materia de propiedad y control, as\u00ed como de un control limitado.<\/p>\n\n\n\n<h2 class=\"wp-block-heading\">Acerca de la investigaci\u00f3n de mercado en Burundi<\/h2>\n\n\n\n<p>For discerning shareholders, there are many investments available in Burundi. With focus groups and surveys, investors can gain essential insights into hot industries. Such insights can prove priceless. <a href=\"https:\/\/www.sisinternational.com\/es\/pericia\/industrias\/investigacion-de-mercados-industriales\/\" title=\"Investigaci\u00f3n y estrategia de mercados industriales\"  data-wpil-monitor-id=\"7959\">Strategy research on manufacturing industries<\/a> can result in critical assets for quantitative analysis. There are many <a href=\"https:\/\/www.sisinternational.com\/es\/soluciones\/consultoria-estrategica\/consultoria-de-mapeo-de-oportunidades-de-productos-de-mercado\/\" title=\"Consultor\u00eda en mapeo de oportunidades de mercado y productos\"  data-wpil-monitor-id=\"7961\">opportunities in manufacturing because the food products<\/a> processing, building materials, chemicals, and textiles industries are few. Burundi imports the majority of manufactured consumer goods. Hence the government is turning to foreign investors to fill the gap.<\/p>\n\n\n\n<p><\/p>","protected":false},"excerpt":{"rendered":"<p>Investigaci\u00f3n de mercado en Burundi Industrias clave Burundi es un estado sin salida al mar en la regi\u00f3n de los Grandes Lagos de \u00c1frica Oriental. Comparte fronteras con Ruanda, Tanzania y la Rep\u00fablica Democr\u00e1tica del Congo. Las principales exportaciones de Burundi incluyen caf\u00e9, t\u00e9 y az\u00facar, y la mayor parte de la poblaci\u00f3n trabaja en la agricultura, el pilar central de la econom\u00eda burundesa. \u2026 <a title=\"Investigaci\u00f3n de mercado en Burundi\" class=\"read-more\" href=\"https:\/\/www.sisinternational.com\/es\/cobertura\/investigacion-de-mercado-africa\/investigacion-de-mercado-burundi\/\" aria-label=\"Leer m\u00e1s sobre Investigaci\u00f3n de Mercado en Burundi\">Leer m\u00e1s<\/a><\/p>","protected":false},"author":1,"featured_media":65265,"parent":14281,"menu_order":12,"comment_status":"closed","ping_status":"closed","template":"","meta":{"footnotes":""},"class_list":["post-37727","page","type-page","status-publish","has-post-thumbnail"],"_links":{"self":[{"href":"https:\/\/www.sisinternational.com\/es\/wp-json\/wp\/v2\/pages\/37727","targetHints":{"allow":["GET"]}}],"collection":[{"href":"https:\/\/www.sisinternational.com\/es\/wp-json\/wp\/v2\/pages"}],"about":[{"href":"https:\/\/www.sisinternational.com\/es\/wp-json\/wp\/v2\/types\/page"}],"author":[{"embeddable":true,"href":"https:\/\/www.sisinternational.com\/es\/wp-json\/wp\/v2\/users\/1"}],"replies":[{"embeddable":true,"href":"https:\/\/www.sisinternational.com\/es\/wp-json\/wp\/v2\/comments?post=37727"}],"version-history":[{"count":3,"href":"https:\/\/www.sisinternational.com\/es\/wp-json\/wp\/v2\/pages\/37727\/revisions"}],"predecessor-version":[{"id":81341,"href":"https:\/\/www.sisinternational.com\/es\/wp-json\/wp\/v2\/pages\/37727\/revisions\/81341"}],"up":[{"embeddable":true,"href":"https:\/\/www.sisinternational.com\/es\/wp-json\/wp\/v2\/pages\/14281"}],"wp:featuredmedia":[{"embeddable":true,"href":"https:\/\/www.sisinternational.com\/es\/wp-json\/wp\/v2\/media\/65265"}],"wp:attachment":[{"href":"https:\/\/www.sisinternational.com\/es\/wp-json\/wp\/v2\/media?parent=37727"}],"curies":[{"name":"wp","href":"https:\/\/api.w.org\/{rel}","templated":true}]}}