{"id":37725,"date":"2021-05-19T05:39:12","date_gmt":"2021-05-19T05:39:12","guid":{"rendered":"https:\/\/www.sisinternational.com\/?page_id=37725"},"modified":"2025-09-14T17:13:33","modified_gmt":"2025-09-14T21:13:33","slug":"investigacion-de-mercado-burkina-faso","status":"publish","type":"page","link":"https:\/\/www.sisinternational.com\/es\/cobertura\/investigacion-de-mercado-africa\/investigacion-de-mercado-burkina-faso\/","title":{"rendered":"Investigaci\u00f3n de mercado en Burkina Faso"},"content":{"rendered":"<h1 class=\"wp-block-heading\">Investigaci\u00f3n de mercado en Burkina Faso<\/h1>\n\n\n\n<figure class=\"gb-block-image gb-block-image-1d97df6f\"><img loading=\"lazy\" decoding=\"async\" width=\"1456\" height=\"816\" class=\"gb-image gb-image-1d97df6f\" src=\"https:\/\/www.sisinternational.com\/wp-content\/uploads\/2025\/08\/Burkina-Faso-2.jpg\" alt=\"Investigaci\u00f3n y estrategia de mercado internacional de SIS\" title=\"Burkina Faso (2)\" srcset=\"https:\/\/www.sisinternational.com\/wp-content\/uploads\/2025\/08\/Burkina-Faso-2.jpg 1456w, https:\/\/www.sisinternational.com\/wp-content\/uploads\/2025\/08\/Burkina-Faso-2-300x168.jpg 300w, https:\/\/www.sisinternational.com\/wp-content\/uploads\/2025\/08\/Burkina-Faso-2-1024x574.jpg 1024w, https:\/\/www.sisinternational.com\/wp-content\/uploads\/2025\/08\/Burkina-Faso-2-768x430.jpg 768w, https:\/\/www.sisinternational.com\/wp-content\/uploads\/2025\/08\/Burkina-Faso-2-18x10.jpg 18w\" sizes=\"auto, (max-width: 1456px) 100vw, 1456px\"><\/figure>\n\n\n\n<p><\/p>\n\n\n\n<h2 class=\"wp-block-heading\">Historia de Burkina Faso<\/h2>\n\n\n\n<p>Burkina Faso es un pa\u00eds situado en \u00c1frica Occidental, que obtuvo su independencia el 5 de agosto de 1950. Su antiguo nombre es Rep\u00fablica del Alto Volta, utilizado entre 1958 y 1984. Comenz\u00f3 a utilizar el nombre de Burkina Faso el 4 de agosto de 1984.<\/p>\n\n\n\n<p>Burkina Faso tiene una superficie de alrededor de 170.000 mil millas cuadradas. Este peque\u00f1o pa\u00eds del continente africano reconoce tres idiomas. El franc\u00e9s es el idioma principal. Burkina Faso tiene una poblaci\u00f3n de 20,3 millones de personas.<\/p>\n\n\n\n<p>Burkina Faso tiene los mejores top\u00f3nimos del mundo. Cuando miras los nombres que se les da a los lugares en Burkina Faso, tienen hermosos significados. Burkina Faso significa &quot;tierra de hombres honestos&quot;. La capital &quot;Ouagadougou&quot; significa &quot;Eres bienvenido a casa aqu\u00ed con nosotros&quot;. Uagadug\u00fa es una de las ciudades m\u00e1s antiguas del mundo.<\/p>\n\n\n\n<h2 class=\"wp-block-heading\">Pa\u00edses vecinos<\/h2>\n\n\n\n<p>Six countries surround Burkina Faso. Mali is to the <a href=\"https:\/\/www.sisinternational.com\/es\/cobertura\/investigacion-de-mercado-africa\/investigacion-de-mercado-en-marruecos-norte-de-africa\/\" title=\"Investigaci\u00f3n de mercado en Marruecos, continente del noroeste de \u00c1frica\"  data-wpil-monitor-id=\"7910\">north and west<\/a>, Nigeria to the east, and Benin and Togo to the southeast. Ghana is south of Burkina Faso.<\/p>\n\n\n\n<p>El pa\u00eds ha generado un crecimiento econ\u00f3mico impresionante en los \u00faltimos a\u00f1os. Su PIB se ha expandido en los \u00faltimos cinco a\u00f1os aproximadamente. Ahora est\u00e1n rivalizando con las nuevas potencias econ\u00f3micas como China, India y Brasil.<\/p>\n\n\n\n<p>The spontaneous <a href=\"https:\/\/www.sisinternational.com\/es\/soluciones\/investigacion-de-consultoria-estrategica-fintech\/investigacion-de-mercado-de-mercados-de-capitales\/\" title=\"Investigaci\u00f3n de mercado de mercados de capitales\"  data-wpil-monitor-id=\"7909\">markets are everywhere in Burkina Faso&#8217;s capital<\/a>, called Ouagadougou. Vendors pop up everywhere, from government offices to banks, selling their goods around the clock. Thousands find employment through these ventures. But, some tend to be dangerous for road users while others pollute the environment.<\/p>\n\n\n\n<p>Estos comerciantes no tienen dinero para establecerse, por lo que muchos se instalan en la v\u00eda p\u00fablica y los autom\u00f3viles no pueden pasar. La falta de espacio y los elevados alquileres mensuales de las tiendas son un obst\u00e1culo importante.<\/p>\n\n\n\n<p>Cuando tienen problemas con el gobierno, ambos partidos suelen encontrar puntos en com\u00fan.<\/p>\n\n\n\n<p>The authorities are aware of the inconvenience <a href=\"https:\/\/www.sisinternational.com\/es\/soluciones\/consultoria-estrategica\/analisis-de-causa-raiz-investigacion-de-mercado-y-consultoria\/\" title=\"Root Cause Analysis Market Research\"  data-wpil-monitor-id=\"7911\">caused by the spontaneous markets<\/a>. They have recently designed a program of transportation and modernization to ensure better conditions for the vendors. It also removes the harassment factor, and introduces a level of legitimacy to these micro-enterprises.<\/p>\n\n\n\n<h2 class=\"wp-block-heading\">Burkina Faso Tendencias<\/h2>\n\n\n\n<p>Burkina Faso tiene una de las tasas de fertilidad m\u00e1s altas del mundo. Como consecuencia de esto, la poblaci\u00f3n ha aumentado en el \u00faltimo siglo. La tasa media de natalidad por hogar en Burkina Faso es de seis ni\u00f1os.<\/p>\n\n\n\n<p>Burkina Faso tiene pocos recursos naturales. Generalmente se sabe que \u00c1frica es un continente con muchos recursos naturales. Burkina Faso es uno de los pa\u00edses que no encajan en esa categor\u00eda.<\/p>\n\n\n\n<h2 class=\"wp-block-heading\">Razones por las que deber\u00eda invertir en Burkina Faso<\/h2>\n\n\n\n<ul class=\"wp-block-list\">\n<li>Bilateral Investment agreement. In August 2014, the United States signed a trade and investment framework agreement with Burkina Faso in <a href=\"https:\/\/www.sisinternational.com\/es\/cobertura\/las-americas\/cobertura-de-estados-unidos\/investigacion-de-mercado-en-el-estado-de-washington\/\" title=\"Investigaci\u00f3n de mercado en el estado de Washington\"  data-wpil-monitor-id=\"7913\">Washington<\/a>. Burkina Faso has cooperation agreements with France and Switzerland. It provides for the free transfer of corporate earnings, interest, and dividends.<\/li>\n\n\n\n<li>Burkina Faso has signed many investment promotions and mutual protection agreements. It has contracts with Germany, Belgium, the Netherlands, Malaysia, Ghana, Taiwan, South Korea, and many more countries.<\/li>\n\n\n\n<li>De esto se desprende claramente que hacer negocios en Burkina Faso es f\u00e1cil gracias a sus tratados bilaterales. Nadie quiere invertir en un pa\u00eds donde no est\u00e1 seguro de sus inversiones. Burkina Faso es un excelente lugar para hacer negocios.<\/li>\n\n\n\n<li>Sistema Regulatorio Transparente. Existe una ley que rige todos los Estados miembros de Ohada, incluido Burkina Faso. Esta ley, en palabras simples, establece que las pr\u00e1cticas comerciales deben ser justas y reguladas. Los precios no deber\u00edan ser demasiado altos. Esta ley garantiza que las personas puedan cubrir sus necesidades sin tener que pagar demasiado. Tambi\u00e9n le proporciona un grado de seguridad y confianza en las pol\u00edticas cambiarias del pa\u00eds.<\/li>\n\n\n\n<li>Incentivos de inversi\u00f3n. El gobierno de Burkina Faso est\u00e1 haciendo mucho para dar incentivos a los inversores porque quieren desarrollar el pa\u00eds. Tambi\u00e9n quieren utilizar a los inversores para ayudar a proporcionar empleo a los desempleados.<\/li>\n<\/ul>\n\n\n\n<h2 class=\"wp-block-heading\">Investigaci\u00f3n de mercado en Burkina Faso<\/h2>\n\n\n\n<p>Ofrecemos diferentes tipos de investigaci\u00f3n de mercado en Burkina Faso, incluida la investigaci\u00f3n estrat\u00e9gica. Tambi\u00e9n podemos organizar grupos focales para obtener informaci\u00f3n detallada.<\/p>\n\n\n\n<p>Our Qualitative <a href=\"https:\/\/www.sisinternational.com\/es\/top-5-benefits-of-qualitative-market-research-for-businesses\/\" title=\"Top 5 Benefits of Qualitative Market Research for Businesses\"  data-wpil-monitor-id=\"7912\">Investigaci\u00f3n<\/a> on Burkina Faso has led us to believe that it is a great place to do business and invest.<\/p>\n\n\n\n<p>Tambi\u00e9n hemos realizado investigaci\u00f3n cuantitativa. Esto demuestra que el mercado de Burkina Faso est\u00e1 en constante crecimiento y predecimos que florecer\u00e1 pronto. Es un pa\u00eds incre\u00edble y, con algo de ayuda de los inversores, puede ser uno de los m\u00e1s pr\u00f3speros de \u00c1frica.<\/p>\n\n\n\n<p><\/p>","protected":false},"excerpt":{"rendered":"<p>Investigaci\u00f3n de mercado en Burkina Faso Historia de Burkina Faso Burkina Faso es un pa\u00eds situado en \u00c1frica Occidental, que se independiz\u00f3 el 5 de agosto de 1950. Su antiguo nombre es Rep\u00fablica del Alto Volta, utilizado entre 1958 y 1984. Comenz\u00f3 a utilizar el nombre de Burkina Faso. el 4 de agosto de 1984. Burkina Faso cubre un \u00e1rea... <a title=\"Investigaci\u00f3n de mercado en Burkina Faso\" class=\"read-more\" href=\"https:\/\/www.sisinternational.com\/es\/cobertura\/investigacion-de-mercado-africa\/investigacion-de-mercado-burkina-faso\/\" aria-label=\"Leer m\u00e1s sobre Investigaci\u00f3n de Mercado en Burkina Faso\">Leer m\u00e1s<\/a><\/p>","protected":false},"author":1,"featured_media":65262,"parent":14281,"menu_order":11,"comment_status":"closed","ping_status":"closed","template":"","meta":{"footnotes":""},"class_list":["post-37725","page","type-page","status-publish","has-post-thumbnail"],"_links":{"self":[{"href":"https:\/\/www.sisinternational.com\/es\/wp-json\/wp\/v2\/pages\/37725","targetHints":{"allow":["GET"]}}],"collection":[{"href":"https:\/\/www.sisinternational.com\/es\/wp-json\/wp\/v2\/pages"}],"about":[{"href":"https:\/\/www.sisinternational.com\/es\/wp-json\/wp\/v2\/types\/page"}],"author":[{"embeddable":true,"href":"https:\/\/www.sisinternational.com\/es\/wp-json\/wp\/v2\/users\/1"}],"replies":[{"embeddable":true,"href":"https:\/\/www.sisinternational.com\/es\/wp-json\/wp\/v2\/comments?post=37725"}],"version-history":[{"count":3,"href":"https:\/\/www.sisinternational.com\/es\/wp-json\/wp\/v2\/pages\/37725\/revisions"}],"predecessor-version":[{"id":81334,"href":"https:\/\/www.sisinternational.com\/es\/wp-json\/wp\/v2\/pages\/37725\/revisions\/81334"}],"up":[{"embeddable":true,"href":"https:\/\/www.sisinternational.com\/es\/wp-json\/wp\/v2\/pages\/14281"}],"wp:featuredmedia":[{"embeddable":true,"href":"https:\/\/www.sisinternational.com\/es\/wp-json\/wp\/v2\/media\/65262"}],"wp:attachment":[{"href":"https:\/\/www.sisinternational.com\/es\/wp-json\/wp\/v2\/media?parent=37725"}],"curies":[{"name":"wp","href":"https:\/\/api.w.org\/{rel}","templated":true}]}}