{"id":37722,"date":"2021-05-19T05:34:36","date_gmt":"2021-05-19T05:34:36","guid":{"rendered":"https:\/\/www.sisinternational.com\/?page_id=37722"},"modified":"2025-09-14T14:43:49","modified_gmt":"2025-09-14T18:43:49","slug":"investigacion-de-mercado-botsuana","status":"publish","type":"page","link":"https:\/\/www.sisinternational.com\/es\/cobertura\/investigacion-de-mercado-africa\/investigacion-de-mercado-botsuana\/","title":{"rendered":"Investigaci\u00f3n de mercado en Botswana"},"content":{"rendered":"<h1 class=\"wp-block-heading\">Investigaci\u00f3n de mercado en Botswana<\/h1>\n\n\n\n<figure class=\"gb-block-image gb-block-image-ec92d225\"><img loading=\"lazy\" decoding=\"async\" width=\"1024\" height=\"574\" class=\"gb-image gb-image-ec92d225\" src=\"https:\/\/www.sisinternational.com\/wp-content\/uploads\/2025\/08\/Botswana-1-1024x574.jpg\" srcset=\"https:\/\/www.sisinternational.com\/wp-content\/uploads\/2025\/08\/Botswana-1-1024x574.jpg 1024w, https:\/\/www.sisinternational.com\/wp-content\/uploads\/2025\/08\/Botswana-1-300x168.jpg 300w, https:\/\/www.sisinternational.com\/wp-content\/uploads\/2025\/08\/Botswana-1-768x430.jpg 768w, https:\/\/www.sisinternational.com\/wp-content\/uploads\/2025\/08\/Botswana-1-18x10.jpg 18w, https:\/\/www.sisinternational.com\/wp-content\/uploads\/2025\/08\/Botswana-1.jpg 1456w\" sizes=\"auto, (max-width: 1024px) 100vw, 1024px\" alt=\"Investigaci\u00f3n y estrategia de mercado internacional de SIS\"><\/figure>\n\n\n\n<p><\/p>\n\n\n\n<p>La Rep\u00fablica de Botswana no tiene salida al mar. Est\u00e1 en la regi\u00f3n sur de \u00c1frica. Sus vecinos son Sud\u00e1frica al sur y sureste, Namibia al oeste y al norte y Zimbabwe al noreste. Los idiomas oficiales son el ingl\u00e9s y el setswana. Botswana es plana y m\u00e1s del 70 por ciento de ella es el desierto de Kalahari. Se independiz\u00f3 de los brit\u00e1nicos y obtuvo el estatus de Rep\u00fablica en 1966.<\/p>\n\n\n\n<h2 class=\"wp-block-heading\">Industrias clave<\/h2>\n\n\n\n<p>Botswana muestra un crecimiento econ\u00f3mico notable. Sol\u00eda estar entre los pa\u00edses m\u00e1s pobres del mundo, pero ahora se encuentra en la categor\u00eda de ingresos medios altos. La miner\u00eda juega un papel importante en el desarrollo del pa\u00eds. El principal objetivo del sector minero son los diamantes. Botswana tiene algunas de las reservas de diamantes m\u00e1s grandes del mundo. Tambi\u00e9n extrae oro, carbonato de sodio, cobre, n\u00edquel y carb\u00f3n.<\/p>\n\n\n\n<p>La industria agr\u00edcola tambi\u00e9n contribuye a la econom\u00eda. El clima del pa\u00eds y el desierto no permiten la agricultura a gran escala. Los agricultores de subsistencia cultivan ma\u00edz, sorgo, mijo y man\u00ed. Los botsuanos tambi\u00e9n cr\u00edan ganado para producir carne de vacuno.<\/p>\n\n\n\n<h2 class=\"wp-block-heading\">Barrios<\/h2>\n\n\n\n<p>Gabarone es la ciudad m\u00e1s grande de Botswana y sirve como capital gubernamental y econ\u00f3mica. La capital tiene oficinas gubernamentales, edificios del parlamento, instalaciones de salud y grandes empresas. Las compa\u00f1\u00edas el\u00e9ctricas y la Universidad de Botswana tambi\u00e9n se encuentran en la capital. El museo y la galer\u00eda de arte tambi\u00e9n se encuentran all\u00ed. La gente de Gaberone habla varios idiomas, que incluyen; setswana, ingl\u00e9s, kalanga y kgalagadi.<\/p>\n\n\n\n<h2 class=\"wp-block-heading\">Tendencias<\/h2>\n\n\n\n<p>La infraestructura de Botswana es bastante interesante. En los pueblos peque\u00f1os, a menudo encontrar\u00e1s chozas de barro y casas tradicionales justo al lado de una casa de estilo moderno. Algunas personas se aferran a la tradici\u00f3n mientras que otras adoptan un estilo de vida m\u00e1s moderno. Esta tendencia de mezclar lo viejo y lo nuevo tambi\u00e9n ocurre en la pol\u00edtica y la religi\u00f3n. Muchos botsuanos mantienen su lengua y religi\u00f3n nativas. Otros hablan ingl\u00e9s y se han convertido al cristianismo. Algunos temen que las lenguas \u00e9tnicas desaparezcan debido a la r\u00e1pida modernizaci\u00f3n.<\/p>\n\n\n\n<h2 class=\"wp-block-heading\">Beneficios y fortalezas del mercado.<\/h2>\n\n\n\n<p>Los diamantes siempre tienen demanda en todo el mundo. Botswana tiene suerte de tener una gran cantidad de diamantes con los que puede comercializar a tan gran escala. El comercio frecuente ha permitido a Botswana fomentar buenas relaciones con otros pa\u00edses. Uno de esos pa\u00edses es Estados Unidos.<\/p>\n\n\n\n<h2 class=\"wp-block-heading\">Base de consumidores<\/h2>\n\n\n\n<p>La mayor\u00eda de las personas que viven en comunidades urbanas dependen del Main Mall, el coraz\u00f3n comercial de la ciudad de Gaborone. Es donde encontrar\u00e1 negocios, tiendas, bancos y franquicias. Los botsuanos tambi\u00e9n utilizan esta zona para exhibir artesan\u00eda y arte y montar espect\u00e1culos. Muchas de las personas que viven en zonas rurales dependen de peque\u00f1as explotaciones agr\u00edcolas de subsistencia. Los productos son suficientes para satisfacer sus necesidades diarias y contribuir al suministro de alimentos del Main Mall.<\/p>\n\n\n\n<h2 class=\"wp-block-heading\">Razones para hacer crecer tu negocio en el mercado<\/h2>\n\n\n\n<p>The blend of urban and rural <a href=\"https:\/\/www.sisinternational.com\/es\/pericia\/industrias\/investigacion-de-mercado-de-ciencias-de-la-vida\/\" title=\"Investigaci\u00f3n de mercado de ciencias biol\u00f3gicas\"  data-wpil-monitor-id=\"7900\">life provides a market<\/a> for modern commodities in many parts of Botswana. Your business can add to the modernization of the city areas. Or help expand the variety of goods and services provided in underdeveloped regions. The nation\u2019s economy is on the rise, and <a href=\"https:\/\/www.sisinternational.com\/es\/future-trends-in-qualitative-market-research\/\" title=\"Future Trends in Qualitative Market Research\"  data-wpil-monitor-id=\"7899\">trends predict a lucrative future<\/a>. Investing now could be the best move for your business.<\/p>\n\n\n\n<h2 class=\"wp-block-heading\">Acerca de la investigaci\u00f3n de mercado en Botswana<\/h2>\n\n\n\n<p>Are you interested in doing business in Botswana? We\u2019re here to help. We organize <a href=\"https:\/\/www.sisinternational.com\/es\/soluciones\/investigacion-de-mercado-de-grupo-focal\/\" title=\"Investigaci\u00f3n de mercado con grupos focales\"  data-wpil-monitor-id=\"7896\">Focus Groups in the different African markets<\/a>. We can also undertake Quantitative, Qualitative, and <a href=\"https:\/\/www.sisinternational.com\/es\/soluciones\/consultoria-de-hosteleria-y-turismo-en-viajes\/empresa-de-gestion-hotelera-investigacion-de-mercado-consultoria-estrategica\/\" title=\"Empresa de gesti\u00f3n hotelera Investigaci\u00f3n de mercados y consultor\u00eda estrat\u00e9gica\"  data-wpil-monitor-id=\"7898\">Strategy Research for your company<\/a>. We go through piles of information and findings. Then we compile information for you and your business. We hope this article helps with your business endeavors in Botswana.<\/p>","protected":false},"excerpt":{"rendered":"<p>Investigaci\u00f3n de mercado en Botswana La Rep\u00fablica de Botswana no tiene salida al mar. Est\u00e1 en la regi\u00f3n sur de \u00c1frica. Sus vecinos son Sud\u00e1frica al sur y sureste, Namibia al oeste y al norte y Zimbabwe al noreste. Los idiomas oficiales son el ingl\u00e9s y el setswana. Botswana es plana y m\u00e1s del 70 por ciento de ella... <a title=\"Investigaci\u00f3n de mercado en Botswana\" class=\"read-more\" href=\"https:\/\/www.sisinternational.com\/es\/cobertura\/investigacion-de-mercado-africa\/investigacion-de-mercado-botsuana\/\" aria-label=\"Leer m\u00e1s sobre Investigaci\u00f3n de Mercado en Botswana\">Leer m\u00e1s<\/a><\/p>","protected":false},"author":1,"featured_media":65251,"parent":14281,"menu_order":10,"comment_status":"closed","ping_status":"closed","template":"","meta":{"footnotes":""},"class_list":["post-37722","page","type-page","status-publish","has-post-thumbnail"],"_links":{"self":[{"href":"https:\/\/www.sisinternational.com\/es\/wp-json\/wp\/v2\/pages\/37722","targetHints":{"allow":["GET"]}}],"collection":[{"href":"https:\/\/www.sisinternational.com\/es\/wp-json\/wp\/v2\/pages"}],"about":[{"href":"https:\/\/www.sisinternational.com\/es\/wp-json\/wp\/v2\/types\/page"}],"author":[{"embeddable":true,"href":"https:\/\/www.sisinternational.com\/es\/wp-json\/wp\/v2\/users\/1"}],"replies":[{"embeddable":true,"href":"https:\/\/www.sisinternational.com\/es\/wp-json\/wp\/v2\/comments?post=37722"}],"version-history":[{"count":3,"href":"https:\/\/www.sisinternational.com\/es\/wp-json\/wp\/v2\/pages\/37722\/revisions"}],"predecessor-version":[{"id":81332,"href":"https:\/\/www.sisinternational.com\/es\/wp-json\/wp\/v2\/pages\/37722\/revisions\/81332"}],"up":[{"embeddable":true,"href":"https:\/\/www.sisinternational.com\/es\/wp-json\/wp\/v2\/pages\/14281"}],"wp:featuredmedia":[{"embeddable":true,"href":"https:\/\/www.sisinternational.com\/es\/wp-json\/wp\/v2\/media\/65251"}],"wp:attachment":[{"href":"https:\/\/www.sisinternational.com\/es\/wp-json\/wp\/v2\/media?parent=37722"}],"curies":[{"name":"wp","href":"https:\/\/api.w.org\/{rel}","templated":true}]}}