{"id":37720,"date":"2021-05-19T05:29:23","date_gmt":"2021-05-19T05:29:23","guid":{"rendered":"https:\/\/www.sisinternational.com\/?page_id=37720"},"modified":"2026-01-27T16:37:06","modified_gmt":"2026-01-27T21:37:06","slug":"investigacion-de-mercado-costa-de-marfil","status":"publish","type":"page","link":"https:\/\/www.sisinternational.com\/es\/cobertura\/investigacion-de-mercado-africa\/investigacion-de-mercado-costa-de-marfil\/","title":{"rendered":"Investigaci\u00f3n de mercado en Costa de Marfil"},"content":{"rendered":"<h1 class=\"wp-block-heading p1\"><span class=\"s1\">Investigaci\u00f3n de mercado en Costa de Marfil<\/span><\/h1>\n\n\n\n<figure class=\"gb-block-image gb-block-image-2b9f1310\"><img loading=\"lazy\" decoding=\"async\" width=\"1456\" height=\"816\" class=\"gb-image gb-image-2b9f1310\" src=\"https:\/\/www.sisinternational.com\/wp-content\/uploads\/2025\/08\/Cote-dIvoire-3.jpg\" srcset=\"https:\/\/www.sisinternational.com\/wp-content\/uploads\/2025\/08\/Cote-dIvoire-3.jpg 1456w, https:\/\/www.sisinternational.com\/wp-content\/uploads\/2025\/08\/Cote-dIvoire-3-300x168.jpg 300w, https:\/\/www.sisinternational.com\/wp-content\/uploads\/2025\/08\/Cote-dIvoire-3-1024x574.jpg 1024w, https:\/\/www.sisinternational.com\/wp-content\/uploads\/2025\/08\/Cote-dIvoire-3-768x430.jpg 768w, https:\/\/www.sisinternational.com\/wp-content\/uploads\/2025\/08\/Cote-dIvoire-3-18x10.jpg 18w\" sizes=\"auto, (max-width: 1456px) 100vw, 1456px\" alt=\"Investigaci\u00f3n y estrategia de mercado internacional de SIS\"><\/figure>\n\n\n\n<p><\/p>\n\n\n\n<hr class=\"wp-block-separator has-alpha-channel-opacity is-style-dots\"\/>\n\n\n\n<h2 class=\"wp-block-heading p3\">Industrias clave<\/h2>\n\n\n\n<p class=\"p5\">Costa de Marfil en franc\u00e9s significa Costa de Marfil o Costa de Marfil. Este pa\u00eds ha ido haciendo crecer su econom\u00eda a pesar de la inestabilidad de su gobierno pol\u00edtico. Su sector agr\u00edcola est\u00e1 prosperando. Costa de Marfil produce aceite de palma, granos de cacao, caf\u00e9, \u00f1ame y anacardos. Otras exportaciones son el petr\u00f3leo crudo, el caucho, el petr\u00f3leo refinado y el oro.<\/p>\n\n\n\n<p class=\"p5\">The Ivory Coast has the largest fishing port in <a href=\"https:\/\/www.sisinternational.com\/es\/cobertura\/investigacion-de-mercado-africa\/investigacion-de-mercado-en-mauricio-africa\/\" title=\"Market Research in Mauritius \u2014 Island off Africa&#8217;s East Coast\"  data-wpil-monitor-id=\"8766\">\u00c1frica<\/a> for tuna. Their sardines supply is also high in stock.<\/p>\n\n\n\n<p class=\"p5\">Hay mucha miner\u00eda en Costa de Marfil. Esta miner\u00eda le ha asegurado su lugar como el noveno productor de manganeso del mundo.<\/p>\n\n\n\n<h2 class=\"wp-block-heading p3\">Barrios<\/h2>\n\n\n\n<p class=\"p5\">La capital de Costa de Marfil es el distrito de Yamoussoukro, que se encuentra al norte de Abidjan. Este distrito est\u00e1 sobre colinas y llanuras.<\/p>\n\n\n\n<p class=\"p5\">Abidjan es la antigua capital de Costa de Marfil. Es la ciudad m\u00e1s grande y alberga muchos centros comerciales y bancarios. Est\u00e1 en varias pen\u00ednsulas e islas conectadas por puentes.<\/p>\n\n\n\n<p class=\"p5\">Costa de Marfil es un pa\u00eds caluroso y h\u00famedo, y las calles suelen estar llenas de vendedores ambulantes. A pesar de ello, Abiy\u00e1n es el \u201cPar\u00eds de \u00c1frica Occidental\u201d. Este t\u00edtulo surgi\u00f3 por sus universidades, parques y modas ex\u00f3ticas. Tambi\u00e9n cuenta con amplios bulevares y museos.<\/p>\n\n\n\n<p class=\"p5\">Hay muchos departamentos gubernamentales en la ciudad, incluido el responsable del sistema nacional de carreteras. Tambi\u00e9n es el final del ferrocarril Abidjan-N\u00edger.<\/p>\n\n\n\n<p class=\"p5\">\u00c9rase una vez, Costa de Marfil era un pa\u00eds muy pac\u00edfico en camino de convertirse en rico. Ahora se est\u00e1 recuperando de las guerras civiles de Costa de Marfil, que se libraron entre 2002 y 2011.<\/p>\n\n\n\n<h2 class=\"wp-block-heading p3\">Tendencias, base de consumidores<\/h2>\n\n\n\n<h3 class=\"wp-block-heading p6\">Medios de comunicaci\u00f3n<\/h3>\n\n\n\n<p class=\"p5\">La televisi\u00f3n, la radio, las telecomunicaciones y la prensa son propiedad del gobierno y est\u00e1n controladas por \u00e9l. La libertad de expresi\u00f3n en los medios de comunicaci\u00f3n no es algo que ocurra en Costa de Marfil. Las autoridades a menudo castigan a reporteros y periodistas por extralimitarse.<\/p>\n\n\n\n<h3 class=\"wp-block-heading p6\">Cocina<\/h3>\n\n\n\n<p class=\"p5\">Los marfile\u00f1os son muy aficionados a su comida. A menudo utilizan cereales y tub\u00e9rculos en su cocina. El uso de pl\u00e1tano y yuca juega un papel importante en sus comidas. El aitiu, que es una forma de pasta de ma\u00edz, se suele utilizar para hacer bolas de ma\u00edz. Uno de sus acompa\u00f1amientos principales es el Atti\u00e9k\u00e9.<\/p>\n\n\n\n<p class=\"p5\">Los marfile\u00f1os comen mucho pollo. Tambi\u00e9n les gusta utilizar mariscos como sardinas, bonito, at\u00fan y gambas.<\/p>\n\n\n\n<h3 class=\"wp-block-heading p6\">M\u00fasica<\/h3>\n\n\n\n<p class=\"p5\">Costa de Marfil ha impactado la escena internacional con su m\u00fasica. Artistas como AfroB, Meiway, Magic Syst\u00e9me han colocado a Costa de Marfil en el mapa por su m\u00fasica. Los g\u00e9neros musicales se diferencian seg\u00fan los grupos \u00e9tnicos. Dos de sus rasgos distintivos son su bater\u00eda y polifon\u00eda vocal.<\/p>\n\n\n\n<h2 class=\"wp-block-heading p6\">Fortalezas en el mercado<\/h2>\n\n\n\n<figure class=\"gb-block-image gb-block-image-18789f0b\"><img loading=\"lazy\" decoding=\"async\" width=\"1456\" height=\"816\" class=\"gb-image gb-image-18789f0b\" src=\"https:\/\/www.sisinternational.com\/wp-content\/uploads\/2025\/08\/Cote-dIvoire-1.jpg\" alt=\"Investigaci\u00f3n y estrategia de mercado internacional de SIS\" title=\"Cote d&#039;Ivoire (1)\" srcset=\"https:\/\/www.sisinternational.com\/wp-content\/uploads\/2025\/08\/Cote-dIvoire-1.jpg 1456w, https:\/\/www.sisinternational.com\/wp-content\/uploads\/2025\/08\/Cote-dIvoire-1-300x168.jpg 300w, https:\/\/www.sisinternational.com\/wp-content\/uploads\/2025\/08\/Cote-dIvoire-1-1024x574.jpg 1024w, https:\/\/www.sisinternational.com\/wp-content\/uploads\/2025\/08\/Cote-dIvoire-1-768x430.jpg 768w, https:\/\/www.sisinternational.com\/wp-content\/uploads\/2025\/08\/Cote-dIvoire-1-18x10.jpg 18w\" sizes=\"auto, (max-width: 1456px) 100vw, 1456px\"><\/figure>\n\n\n\n<ol class=\"wp-block-list ol1\">\n<li>M\u00e1s de un tercio de los marfile\u00f1os viven en la pobreza y el trabajo infantil todav\u00eda existe. A\u00fan as\u00ed, hay una expansi\u00f3n de la clase media.<\/li>\n\n\n\n<li>Recursos diversificados: Costa de Marfil es rica en agricultura (cacao, caf\u00e9, az\u00facar, anacardos. Tambi\u00e9n es el mayor productor de caucho del mundo). El pa\u00eds tambi\u00e9n produce hidrocarburos y minerales (oro, cobre, hierro, manganeso y bauxita).<\/li>\n\n\n\n<li>Costa de Marfil forma parte de la Uni\u00f3n Econ\u00f3mica y Monetaria de \u00c1frica Occidental (UEMOA). Esta organizaci\u00f3n tiene una moneda com\u00fan, que mantiene la inflaci\u00f3n bajo control.<\/li>\n\n\n\n<li>La infraestructura est\u00e1 en proceso de modernizaci\u00f3n.<\/li>\n\n\n\n<li>El pa\u00eds est\u00e1 realizando mejoras continuas en los entornos empresarial y de gobernanza.<\/li>\n<\/ol>\n\n\n\n<h2 class=\"wp-block-heading p6\">Razones para hacer crecer su negocio en el mercado<\/h2>\n\n\n\n<ol class=\"wp-block-list ol1\">\n<li>Agronegocios: Costa de Marfil exporta materias primas. Existe potencial para las empresas que deseen procesar esos materiales dentro del pa\u00eds.<\/li>\n\n\n\n<li>The region imports the vast majority of its medical supplies. Thus, this sector has many opportunities, and as the population expands, the demand for healthcare will increase. Local <a href=\"https:\/\/www.sisinternational.com\/es\/pericia\/industrias\/investigacion-de-mercado-de-diagnostico-clinico\/\" title=\"Investigaci\u00f3n de mercado de diagn\u00f3stico cl\u00ednico\"  data-wpil-monitor-id=\"8765\">diagnostics centers and clinics<\/a> are still scarce. Affluent people often travel abroad for treatment. There is potential for the private sector to expand healthcare capacity.<\/li>\n\n\n\n<li>Education is another area of interest for investors. There is a shortfall in capacity and growing demand in this sector. Many members of the young population leave the educational circuit early with few qualifications. There are gaps in theoretical training and business needs.&nbsp;Businesses can establish training centers to close those gaps.<\/li>\n<\/ol>\n\n\n\n<h2 class=\"wp-block-heading p3\">Acerca de la investigaci\u00f3n de mercado en Costa de Marfil<\/h2>\n\n\n\n<p class=\"p5\">If you&#8217;re a business visionary who wants to work in Ivory Coast, <a href=\"https:\/\/www.sisinternational.com\/es\/contacto-sis-investigacion-de-mercado-internacional\/\" title=\"Cont\u00e1ctenos\"  data-wpil-monitor-id=\"8763\">SIS International Research<\/a> is ideal for you. We arrange focus groups in different <a href=\"https:\/\/www.sisinternational.com\/es\/el-efecto-de-la-cultura-de-mercado-nigeriana-en-los-negocios\/\" title=\"El mercado nigeriano: el efecto de la cultura en los negocios\"  data-wpil-monitor-id=\"7482\">business areas in Africa<\/a> and conduct Quantitative, Qualitative, and Strategy Research. We will collect essential information for you and your business. <a href=\"https:\/\/www.sisinternational.com\/es\/factores-clave-de-exito-en-la-investigacion-del-mercado-automotriz\/\" title=\"Factores clave de \u00e9xito en la investigaci\u00f3n de mercado automotriz\"  data-wpil-monitor-id=\"8764\">Market Research ensures your success<\/a>.<\/p>\n\n\n\n<p class=\"p5\"><\/p>","protected":false},"excerpt":{"rendered":"<p>Investigaci\u00f3n de mercado en Costa de Marfil Industrias clave Costa de Marfil en Costa de Marfil es el nombre franc\u00e9s para Costa de Marfil o Costa de Marfil. Este pa\u00eds ha ido haciendo crecer su econom\u00eda a pesar de la inestabilidad de su gobierno pol\u00edtico. Su sector agr\u00edcola est\u00e1 prosperando. Costa de Marfil produce aceite de palma, granos de cacao, caf\u00e9, \u00f1ame y anacardos. Otras exportaciones son petr\u00f3leo crudo, caucho,\u2026 <a title=\"Investigaci\u00f3n de mercado en Costa de Marfil\" class=\"read-more\" href=\"https:\/\/www.sisinternational.com\/es\/cobertura\/investigacion-de-mercado-africa\/investigacion-de-mercado-costa-de-marfil\/\" aria-label=\"Leer m\u00e1s sobre Investigaci\u00f3n de Mercado en Costa de Marfil\">Leer m\u00e1s<\/a><\/p>","protected":false},"author":1,"featured_media":65173,"parent":14281,"menu_order":9,"comment_status":"closed","ping_status":"closed","template":"","meta":{"footnotes":""},"class_list":["post-37720","page","type-page","status-publish","has-post-thumbnail"],"_links":{"self":[{"href":"https:\/\/www.sisinternational.com\/es\/wp-json\/wp\/v2\/pages\/37720","targetHints":{"allow":["GET"]}}],"collection":[{"href":"https:\/\/www.sisinternational.com\/es\/wp-json\/wp\/v2\/pages"}],"about":[{"href":"https:\/\/www.sisinternational.com\/es\/wp-json\/wp\/v2\/types\/page"}],"author":[{"embeddable":true,"href":"https:\/\/www.sisinternational.com\/es\/wp-json\/wp\/v2\/users\/1"}],"replies":[{"embeddable":true,"href":"https:\/\/www.sisinternational.com\/es\/wp-json\/wp\/v2\/comments?post=37720"}],"version-history":[{"count":5,"href":"https:\/\/www.sisinternational.com\/es\/wp-json\/wp\/v2\/pages\/37720\/revisions"}],"predecessor-version":[{"id":81470,"href":"https:\/\/www.sisinternational.com\/es\/wp-json\/wp\/v2\/pages\/37720\/revisions\/81470"}],"up":[{"embeddable":true,"href":"https:\/\/www.sisinternational.com\/es\/wp-json\/wp\/v2\/pages\/14281"}],"wp:featuredmedia":[{"embeddable":true,"href":"https:\/\/www.sisinternational.com\/es\/wp-json\/wp\/v2\/media\/65173"}],"wp:attachment":[{"href":"https:\/\/www.sisinternational.com\/es\/wp-json\/wp\/v2\/media?parent=37720"}],"curies":[{"name":"wp","href":"https:\/\/api.w.org\/{rel}","templated":true}]}}