{"id":37718,"date":"2021-05-19T05:24:58","date_gmt":"2021-05-19T05:24:58","guid":{"rendered":"https:\/\/www.sisinternational.com\/?page_id=37718"},"modified":"2025-09-14T14:46:34","modified_gmt":"2025-09-14T18:46:34","slug":"investigacion-de-mercado-angola","status":"publish","type":"page","link":"https:\/\/www.sisinternational.com\/es\/cobertura\/investigacion-de-mercado-africa\/investigacion-de-mercado-angola\/","title":{"rendered":"Investigaci\u00f3n de Mercado en Angola"},"content":{"rendered":"<h1 class=\"wp-block-heading\">Investigaci\u00f3n de Mercado en Angola<\/h1>\n\n\n\n<figure class=\"gb-block-image gb-block-image-92ac5641\"><img loading=\"lazy\" decoding=\"async\" width=\"1024\" height=\"574\" class=\"gb-image gb-image-92ac5641\" src=\"https:\/\/www.sisinternational.com\/wp-content\/uploads\/2025\/08\/Angola-2-1024x574.jpg\" srcset=\"https:\/\/www.sisinternational.com\/wp-content\/uploads\/2025\/08\/Angola-2-1024x574.jpg 1024w, https:\/\/www.sisinternational.com\/wp-content\/uploads\/2025\/08\/Angola-2-300x168.jpg 300w, https:\/\/www.sisinternational.com\/wp-content\/uploads\/2025\/08\/Angola-2-768x430.jpg 768w, https:\/\/www.sisinternational.com\/wp-content\/uploads\/2025\/08\/Angola-2-18x10.jpg 18w, https:\/\/www.sisinternational.com\/wp-content\/uploads\/2025\/08\/Angola-2.jpg 1456w\" sizes=\"auto, (max-width: 1024px) 100vw, 1024px\" alt=\"Investigaci\u00f3n y estrategia de mercado internacional de SIS\"><\/figure>\n\n\n\n<p><\/p>\n\n\n\n<h2 class=\"wp-block-heading\">Industrias clave<\/h2>\n\n\n\n<p>Durante el per\u00edodo colonial, Angola fue la joya de la corona de Portugal. Dio a la gente el est\u00edmulo que necesitaba para invertir en su econom\u00eda. Con esto, la econom\u00eda comenz\u00f3 a tener un r\u00e1pido crecimiento en la d\u00e9cada de 1970. Las principales exportaciones fueron los diamantes, el caf\u00e9, el petr\u00f3leo y el sisal. Tambi\u00e9n se desarroll\u00f3 la industria ligera en las principales ciudades.<\/p>\n\n\n\n<p>El crecimiento de la econom\u00eda fue desigual porque las ganancias iban a parar a la &quot;clase de los colonos&quot;. Debido a esto, la gente corriente tuvo que centrarse en la agricultura. Tuvieron que bajar los precios de los productos para ganarse la vida. Como resultado, llev\u00f3 a Angola a un movimiento nacionalista.<\/p>\n\n\n\n<h2 class=\"wp-block-heading\">Barrios<\/h2>\n\n\n\n<p>Angola es un pa\u00eds del suroeste de \u00c1frica. Es un pa\u00eds enorme con una gran variedad de paisajes: monta\u00f1as, valles, selvas tropicales y tierras semi\u00e1ridas.<\/p>\n\n\n\n<p>Luanda, la capital de Angola, es una gran ciudad portuaria en la costa norte. Mezcla estilos de casas tradicionales africanas con edificios coloniales de estilo portugu\u00e9s. Luanda tambi\u00e9n tiene muchos rascacielos modernos.<\/p>\n\n\n\n<h2 class=\"wp-block-heading\">Tendencias<\/h2>\n\n\n\n<p>El cine, los deportes y la m\u00fasica son una gran parte de la cultura de Angola. Las ra\u00edces africanas son evidentes en la m\u00fasica y la danza y est\u00e1n dando forma al habla de la lengua portuguesa. Tambi\u00e9n se encuentra en la escritura angole\u00f1a contempor\u00e1nea, particularmente en las obras de escritores nativos.<\/p>\n\n\n\n<p>El juego m\u00e1s popular en Angola es el baloncesto. Su selecci\u00f3n nacional ha ganado muchas veces el AfroBasket y ostenta el r\u00e9cord de m\u00e1s t\u00edtulos. Como uno de los mejores equipos de \u00c1frica, es un contendiente habitual en los Juegos Ol\u00edmpicos de verano y en la Copa Mundial FIBA.<\/p>\n\n\n\n<p>En f\u00fatbol, Angola fue sede de la Copa Africana de Naciones 2010. La selecci\u00f3n de f\u00fatbol de Angola lleg\u00f3 a la fase final de la Copa Mundial de la FIFA 2006: su primera aparici\u00f3n a ese nivel. Ganaron tres Copas COSAFA y quedaron subcampeones en el Campeonato Africano de Naciones de 2011.<\/p>\n\n\n\n<p>Angola participa desde hace tiempo en el Campeonato Mundial de Balonmano Femenino. La naci\u00f3n tambi\u00e9n ha estado presente en los Juegos Ol\u00edmpicos de verano desde hace mucho tiempo.<\/p>\n\n\n\n<p>Fortalezas en el mercado<\/p>\n\n\n\n<h3 class=\"wp-block-heading\">1. Generosos recursos naturales<\/h3>\n\n\n\n<p>Angola tiene vastos activos de hidrocarburos y minerales y abundante tierra cultivable. Tambi\u00e9n tiene un buen potencial para a\u00f1os de energ\u00eda hidroel\u00e9ctrica.<\/p>\n\n\n\n<h3 class=\"wp-block-heading\">2. La relaci\u00f3n comercial con China.<\/h3>\n\n\n\n<p>Angola tiene una relaci\u00f3n comercial con China para el desarrollo de su pa\u00eds.<\/p>\n\n\n\n<h2 class=\"wp-block-heading\">Base de consumidores<\/h2>\n\n\n\n<p>La mayor\u00eda de los angole\u00f1os son j\u00f3venes, lo que hace que la base de compradores de consumidores sea joven. Adem\u00e1s, la mayor\u00eda de estas personas viven en regiones metropolitanas.<\/p>\n\n\n\n<p>The standard of living in Angola has improved as of late with financial development. Yet, on average, Angolans still have a low standard of living. Discretionary income is insufficient. A high volume of <a href=\"https:\/\/www.sisinternational.com\/es\/pericia\/industrias\/alimentos-bebidas-voz-del-cliente-investigacion-de-mercado\/\" title=\"Investigaci\u00f3n de Mercado de la Voz del Cliente de Alimentos y Bebidas\"  data-wpil-monitor-id=\"7748\">customer spending is on food<\/a> and drink. Also, the food costs are high.<\/p>\n\n\n\n<p>If Angolans grow new foods instead of importing, this will ensure extra cash in the country. It can further enable a better standard of living. Thus, the fresh produce <a href=\"https:\/\/www.sisinternational.com\/es\/pericia\/industrias\/investigacion-de-mercado-de-mineria-espacial\/\" title=\"Investigaci\u00f3n de mercado de miner\u00eda espacial\"  data-wpil-monitor-id=\"7749\">market<\/a> in Angola has a lot of space to develop.<\/p>\n\n\n\n<p>El pa\u00eds est\u00e1 revisando un programa de desarrollo. Este programa se concentrar\u00e1 en las \u00e1reas pesquera, extractiva, monetaria y terrestre. La captura de peces ya ha aumentado.<\/p>\n\n\n\n<h2 class=\"wp-block-heading\">Razones para hacer crecer su negocio en el mercado<\/h2>\n\n\n\n<figure class=\"gb-block-image gb-block-image-8764b699\"><img loading=\"lazy\" decoding=\"async\" width=\"1456\" height=\"816\" class=\"gb-image gb-image-8764b699\" src=\"https:\/\/www.sisinternational.com\/wp-content\/uploads\/2025\/08\/Angola-3.jpg\" alt=\"Investigaci\u00f3n y estrategia de mercado internacional de SIS\" title=\"Angola (3)\" srcset=\"https:\/\/www.sisinternational.com\/wp-content\/uploads\/2025\/08\/Angola-3.jpg 1456w, https:\/\/www.sisinternational.com\/wp-content\/uploads\/2025\/08\/Angola-3-300x168.jpg 300w, https:\/\/www.sisinternational.com\/wp-content\/uploads\/2025\/08\/Angola-3-1024x574.jpg 1024w, https:\/\/www.sisinternational.com\/wp-content\/uploads\/2025\/08\/Angola-3-768x430.jpg 768w, https:\/\/www.sisinternational.com\/wp-content\/uploads\/2025\/08\/Angola-3-18x10.jpg 18w\" sizes=\"auto, (max-width: 1456px) 100vw, 1456px\"><\/figure>\n\n\n\n<p><\/p>\n\n\n\n<h3 class=\"wp-block-heading\">1. Algunos sectores industriales est\u00e1n exentos de impuestos.<\/h3>\n\n\n\n<p>El gobierno busca:<\/p>\n\n\n\n<h3 class=\"wp-block-heading\">2. Diversificaci\u00f3n econ\u00f3mica<\/h3>\n\n\n\n<h3 class=\"wp-block-heading\">3. Modificaci\u00f3n de las tecnolog\u00edas modernas.<\/h3>\n\n\n\n<h3 class=\"wp-block-heading\">4. Las \u00e1reas financieras y sociales con mayor potencial son:<\/h3>\n\n\n\n<ul class=\"wp-block-list\">\n<li>Agronegocios, producci\u00f3n ganadera y silvicultura<\/li>\n\n\n\n<li>Turismo<\/li>\n\n\n\n<li>Industrias de ensamblaje y procesamiento<\/li>\n\n\n\n<li>Pesca y acuicultura, incluida la manipulaci\u00f3n del pescado.<\/li>\n\n\n\n<li>Transporte y Telecomunicaciones<\/li>\n\n\n\n<li>Escolaridad (Educaci\u00f3n Regular y Formaci\u00f3n T\u00e9cnico-Profesional)<\/li>\n\n\n\n<li>Apoyo al desarrollo y la vivienda<\/li>\n\n\n\n<li>TI y tecnolog\u00eda de gesti\u00f3n<\/li>\n\n\n\n<li>Atenci\u00f3n m\u00e9dica (Medicina Preventiva e Industria Farmac\u00e9utica)<\/li>\n<\/ul>\n\n\n\n<h2 class=\"wp-block-heading\">Acerca de la investigaci\u00f3n de mercado en Angola<\/h2>\n\n\n\n<p>Are you a business visionary looking to work in Angola? If so, you have come to the best place. We put together Focus Groups in the different African business areas, and we can also do Quantitative, Qualitative, and Strategy <a href=\"https:\/\/www.sisinternational.com\/es\/pericia\/industrias\/organizaciones-de-investigacion-por-contrato-investigacion-de-mercado\/\" title=\"Investigaci\u00f3n por contrato Organizaciones Investigaci\u00f3n de mercado\"  data-wpil-monitor-id=\"7747\">Research for your organization<\/a>. We tunnel through primary research, surveys, interviews, and articles. That is only the start. We collect essential information for you and your business.<\/p>\n\n\n\n<p><\/p>","protected":false},"excerpt":{"rendered":"<p>Investigaci\u00f3n de mercado en Angola Industrias clave Durante el per\u00edodo colonial, Angola fue la joya de la corona de Portugal. Dio a la gente el est\u00edmulo que necesitaba para invertir en su econom\u00eda. Con esto, la econom\u00eda comenz\u00f3 a tener un r\u00e1pido crecimiento en la d\u00e9cada de 1970. Las principales exportaciones fueron los diamantes, el caf\u00e9, el petr\u00f3leo y el sisal. Tambi\u00e9n se desarroll\u00f3\u2026 <a title=\"Investigaci\u00f3n de Mercado en Angola\" class=\"read-more\" href=\"https:\/\/www.sisinternational.com\/es\/cobertura\/investigacion-de-mercado-africa\/investigacion-de-mercado-angola\/\" aria-label=\"Leer m\u00e1s sobre Investigaci\u00f3n de Mercado en Angola\">Leer m\u00e1s<\/a><\/p>","protected":false},"author":1,"featured_media":65244,"parent":14281,"menu_order":8,"comment_status":"closed","ping_status":"closed","template":"","meta":{"footnotes":""},"class_list":["post-37718","page","type-page","status-publish","has-post-thumbnail"],"_links":{"self":[{"href":"https:\/\/www.sisinternational.com\/es\/wp-json\/wp\/v2\/pages\/37718","targetHints":{"allow":["GET"]}}],"collection":[{"href":"https:\/\/www.sisinternational.com\/es\/wp-json\/wp\/v2\/pages"}],"about":[{"href":"https:\/\/www.sisinternational.com\/es\/wp-json\/wp\/v2\/types\/page"}],"author":[{"embeddable":true,"href":"https:\/\/www.sisinternational.com\/es\/wp-json\/wp\/v2\/users\/1"}],"replies":[{"embeddable":true,"href":"https:\/\/www.sisinternational.com\/es\/wp-json\/wp\/v2\/comments?post=37718"}],"version-history":[{"count":3,"href":"https:\/\/www.sisinternational.com\/es\/wp-json\/wp\/v2\/pages\/37718\/revisions"}],"predecessor-version":[{"id":81305,"href":"https:\/\/www.sisinternational.com\/es\/wp-json\/wp\/v2\/pages\/37718\/revisions\/81305"}],"up":[{"embeddable":true,"href":"https:\/\/www.sisinternational.com\/es\/wp-json\/wp\/v2\/pages\/14281"}],"wp:featuredmedia":[{"embeddable":true,"href":"https:\/\/www.sisinternational.com\/es\/wp-json\/wp\/v2\/media\/65244"}],"wp:attachment":[{"href":"https:\/\/www.sisinternational.com\/es\/wp-json\/wp\/v2\/media?parent=37718"}],"curies":[{"name":"wp","href":"https:\/\/api.w.org\/{rel}","templated":true}]}}