{"id":37714,"date":"2021-05-19T05:15:40","date_gmt":"2021-05-19T05:15:40","guid":{"rendered":"https:\/\/www.sisinternational.com\/?page_id=37714"},"modified":"2025-09-14T14:30:00","modified_gmt":"2025-09-14T18:30:00","slug":"investigacion-de-mercado-cabo-verde","status":"publish","type":"page","link":"https:\/\/www.sisinternational.com\/es\/cobertura\/investigacion-de-mercado-africa\/investigacion-de-mercado-cabo-verde\/","title":{"rendered":"Investigaci\u00f3n de mercado en Cabo Verde"},"content":{"rendered":"<h1 class=\"wp-block-heading\">Investigaci\u00f3n de mercado en Cabo Verde, \u00c1frica<\/h1>\n\n\n\n<figure class=\"gb-block-image gb-block-image-f976ab82\"><img loading=\"lazy\" decoding=\"async\" width=\"1456\" height=\"816\" class=\"gb-image gb-image-f976ab82\" src=\"https:\/\/www.sisinternational.com\/wp-content\/uploads\/2025\/08\/Cabo-Verde-2.jpg\" alt=\"Investigaci\u00f3n y estrategia de mercado internacional de SIS\" title=\"Cabo Verde (2)\" srcset=\"https:\/\/www.sisinternational.com\/wp-content\/uploads\/2025\/08\/Cabo-Verde-2.jpg 1456w, https:\/\/www.sisinternational.com\/wp-content\/uploads\/2025\/08\/Cabo-Verde-2-300x168.jpg 300w, https:\/\/www.sisinternational.com\/wp-content\/uploads\/2025\/08\/Cabo-Verde-2-1024x574.jpg 1024w, https:\/\/www.sisinternational.com\/wp-content\/uploads\/2025\/08\/Cabo-Verde-2-768x430.jpg 768w, https:\/\/www.sisinternational.com\/wp-content\/uploads\/2025\/08\/Cabo-Verde-2-18x10.jpg 18w\" sizes=\"auto, (max-width: 1456px) 100vw, 1456px\"><\/figure>\n\n\n\n<p><\/p>\n\n\n\n<p>Frente a la costa de \u00c1frica se encuentran las islas de Cabo Verde o Cabo Verde (Cabo Verde). Cabo Verde est\u00e1 formado por un archipi\u00e9lago de quince islas e islotes frente a la costa occidental de \u00c1frica. Llevan el nombre del cabo m\u00e1s occidental de \u00c1frica, Cabo Verde, y cubren un \u00e1rea de 1557 millas cuadradas.<\/p>\n\n\n\n<p>Nunca se puede exagerar la belleza de Cabo Verde. Estas islas cuentan con una magn\u00edfica variedad de paisajes. El idioma oficial es el portugu\u00e9s, pero tambi\u00e9n hay una mezcla de lengua vern\u00e1cula africana.<\/p>\n\n\n\n<h2 class=\"wp-block-heading\">Industrias clave<\/h2>\n\n\n\n<p>El sector tur\u00edstico domina la econom\u00eda de estas islas. Tambi\u00e9n dependen de la manufactura, la agricultura, la pesca y la silvicultura. El turismo representa m\u00e1s de 70% del PIB, mientras que la agricultura y la pesca aportan s\u00f3lo 9%.<\/p>\n\n\n\n<p>This country has few natural resources. Yet, it boasts high living standards, which attract thousands of international immigrants and visitors. Information and communication technology <a href=\"https:\/\/www.sisinternational.com\/es\/aumento-del-sector-educativo-durante-la-recesion\/\" title=\"Aumento del sector educativo durante la recesi\u00f3n\"  data-wpil-monitor-id=\"7764\">sectors are on the rise<\/a>. Investment in these areas will yield many benefits.<\/p>\n\n\n\n<h2 class=\"wp-block-heading\">Barrios<\/h2>\n\n\n\n<p>Cabo Verde remains a safe and peaceful country with a friendly population. It boasts a low crime rate, though there have been a few incidents of theft within the tourism belt. On the island of Boavista, violent crimes against tourists are increasing. The other islands remain crime-free for tourists, who are mainly European. We caution visiting tourists to be safe and alert as they vacation in Cabo Verde.<\/p>\n\n\n\n<p>De todas las islas, la m\u00e1s soleada es Sal y la m\u00e1s peque\u00f1a es Santa Luzia. La m\u00e1s monta\u00f1osa es Sao Nicolau y la m\u00e1s poblada es Sal Rei.<\/p>\n\n\n\n<h2 class=\"wp-block-heading\">Tendencias<\/h2>\n\n\n\n<p>Tourists flock to the Cabo Verde Islands for the warm tropical climate, using them as a winter escape. These volcanic islands boast wonderful music and extraordinary cuisine.<\/p>\n\n\n\n<p>The current population of Cabo Verde dwindled to approximately half a million over time. This departure is due to massive immigration movements as a result of historic droughts and volcanic activity.<\/p>\n\n\n\n<p>El clima tropical es estable durante todo el a\u00f1o, pero es m\u00e1s fr\u00edo que el de la mayor parte de \u00c1frica occidental. La temperatura es ideal para actividades tur\u00edsticas. Los visitantes pueden disfrutar de caminatas, deportes acu\u00e1ticos y nataci\u00f3n.<\/p>\n\n\n\n<h2 class=\"wp-block-heading\">Beneficios y fortalezas en el mercado<\/h2>\n\n\n\n<p>Cabo Verde provides good <a href=\"https:\/\/www.sisinternational.com\/es\/neuromarketing-para-pequenas-empresas\/\" title=\"Neuromarketing para peque\u00f1as empresas\"  data-wpil-monitor-id=\"7761\">business opportunities for small-<\/a> or medium-sized US companies. The physical infrastructure (airports, ports, roads, and hotels) is of high quality. The islands are a one-stop shop for foreign investors.<\/p>\n\n\n\n<p>The strength of the tourism <a href=\"https:\/\/www.sisinternational.com\/es\/soluciones\/soluciones-de-branding-e-investigacion-de-clientes\/investigacion-de-mercado-del-cuidado-de-la-piel\/\" title=\"Investigaci\u00f3n de mercado del cuidado de la piel | Consultor\u00eda en la industria de la belleza\"  data-wpil-monitor-id=\"7759\">industry lies in the exquisite beauty<\/a> of Cape Verde. The best locations are on the lovely beaches of Sal, Santa Maria, Santiago, and Boavista. As the tourism industry grows, so will the economy. Cabo Verde offers efficient <a href=\"https:\/\/www.sisinternational.com\/es\/soluciones\/investigacion-de-consultoria-estrategica-fintech\/banca-como-servicio-investigacion-de-mercado-y-consultoria-estrategica\/\" title=\"Banca como Servicio Investigaci\u00f3n de Mercado y Consultor\u00eda Estrat\u00e9gica\"  data-wpil-monitor-id=\"7763\">banking and telecommunications services<\/a>. It also has a stable political environment.<\/p>\n\n\n\n<p>Los f\u00e9rtiles valles de la isla de Santo Antao son una visita obligada para los turistas. Esta isla es perfecta para la industria agr\u00edcola.<\/p>\n\n\n\n<h2 class=\"wp-block-heading\">Base de consumidores<\/h2>\n\n\n\n<figure class=\"gb-block-image gb-block-image-3e5fb44a\"><img loading=\"lazy\" decoding=\"async\" width=\"1456\" height=\"816\" class=\"gb-image gb-image-3e5fb44a\" src=\"https:\/\/www.sisinternational.com\/wp-content\/uploads\/2025\/08\/Cabo-Verde-4.jpg\" alt=\"Investigaci\u00f3n y estrategia de mercado internacional de SIS\" title=\"Cabo Verde (4)\" srcset=\"https:\/\/www.sisinternational.com\/wp-content\/uploads\/2025\/08\/Cabo-Verde-4.jpg 1456w, https:\/\/www.sisinternational.com\/wp-content\/uploads\/2025\/08\/Cabo-Verde-4-300x168.jpg 300w, https:\/\/www.sisinternational.com\/wp-content\/uploads\/2025\/08\/Cabo-Verde-4-1024x574.jpg 1024w, https:\/\/www.sisinternational.com\/wp-content\/uploads\/2025\/08\/Cabo-Verde-4-768x430.jpg 768w, https:\/\/www.sisinternational.com\/wp-content\/uploads\/2025\/08\/Cabo-Verde-4-18x10.jpg 18w\" sizes=\"auto, (max-width: 1456px) 100vw, 1456px\"><\/figure>\n\n\n\n<p><\/p>\n\n\n\n<p>The economy of Cabo Verde thrives on the high consumption of its tourism services. The islands also depend on income from exports and imports. Also, the growing agriculture industry is evident. <a href=\"https:\/\/www.sisinternational.com\/es\/pericia\/industrias\/investigacion-de-mercado-de-la-industria-fruticola\/\" title=\"Investigaci\u00f3n de mercado de la industria frut\u00edcola\"  data-wpil-monitor-id=\"7762\">Fruit and vegetable markets<\/a> grace almost every Cape Verde town.<\/p>\n\n\n\n<p>Los locales dividen su consumo total entre varios art\u00edculos. Estos art\u00edculos incluyen alimentos, efectos personales, enseres dom\u00e9sticos, equipos, recreaci\u00f3n y salud.<\/p>\n\n\n\n<h2 class=\"wp-block-heading\">Razones para hacer crecer tu negocio en el mercado<\/h2>\n\n\n\n<p>\u00bfPor qu\u00e9 deber\u00eda elegir Cabo Verde para hacer sus negocios? Aqu\u00ed hay tres razones por las que deber\u00eda hacerlo:<\/p>\n\n\n\n<ol class=\"wp-block-list\">\n<li>El turismo est\u00e1 prosperando<\/li>\n\n\n\n<li>El <a href=\"https:\/\/www.sisinternational.com\/es\/pericia\/industrias\/investigacion-de-mercado-inmobiliario-comercial\/\" title=\"Investigaci\u00f3n de mercado inmobiliario comercial\"  data-wpil-monitor-id=\"7758\">real estate market<\/a> is growing<\/li>\n\n\n\n<li>Hay esquemas de \u00e9xito en la gesti\u00f3n de inversiones disponibles<\/li>\n<\/ol>\n\n\n\n<h2 class=\"wp-block-heading\">Acerca de la investigaci\u00f3n de mercado en Cabo Verde<\/h2>\n\n\n\n<p>If by now you have decided to grow your <a href=\"https:\/\/www.sisinternational.com\/es\/publicaciones\/investigacion-de-mercado-empresarial-escalable-7-formas-de-construir-un-negocio-escalable\/\" title=\"Investigaci\u00f3n de mercado empresarial escalable: 7 formas de construir un negocio escalable\"  data-wpil-monitor-id=\"7760\">business in the Cabo Verde market<\/a>, do so without fear. Our focus groups help you to maximize your potential as you begin to operate your business. We do surveys, and we offer Qualitative, Quantity, and Strategy research.<\/p>\n\n\n\n<p>Utilizamos hechos y cifras para recopilar los datos que necesita para seguir adelante. \u00a1Convi\u00e9rtase en un empresario caboverdiano hoy!<\/p>\n\n\n\n<p><\/p>","protected":false},"excerpt":{"rendered":"<p>Investigaci\u00f3n de mercado en Cabo Verde, \u00c1frica Frente a las costas de \u00c1frica se encuentran las islas de Cabo Verde o Cabo Verde (Cabo Verde). Cabo Verde est\u00e1 formado por un archipi\u00e9lago de quince islas e islotes frente a la costa occidental de \u00c1frica. Llevan el nombre del cabo m\u00e1s occidental de \u00c1frica, Cabo Verde, y cubren un \u00e1rea de 1557\u2026 <a title=\"Investigaci\u00f3n de mercado en Cabo Verde\" class=\"read-more\" href=\"https:\/\/www.sisinternational.com\/es\/cobertura\/investigacion-de-mercado-africa\/investigacion-de-mercado-cabo-verde\/\" aria-label=\"Leer m\u00e1s sobre Investigaci\u00f3n de Mercado en Cabo Verde\">Leer m\u00e1s<\/a><\/p>","protected":false},"author":1,"featured_media":65269,"parent":14281,"menu_order":6,"comment_status":"closed","ping_status":"closed","template":"","meta":{"footnotes":""},"class_list":["post-37714","page","type-page","status-publish","has-post-thumbnail"],"_links":{"self":[{"href":"https:\/\/www.sisinternational.com\/es\/wp-json\/wp\/v2\/pages\/37714","targetHints":{"allow":["GET"]}}],"collection":[{"href":"https:\/\/www.sisinternational.com\/es\/wp-json\/wp\/v2\/pages"}],"about":[{"href":"https:\/\/www.sisinternational.com\/es\/wp-json\/wp\/v2\/types\/page"}],"author":[{"embeddable":true,"href":"https:\/\/www.sisinternational.com\/es\/wp-json\/wp\/v2\/users\/1"}],"replies":[{"embeddable":true,"href":"https:\/\/www.sisinternational.com\/es\/wp-json\/wp\/v2\/comments?post=37714"}],"version-history":[{"count":3,"href":"https:\/\/www.sisinternational.com\/es\/wp-json\/wp\/v2\/pages\/37714\/revisions"}],"predecessor-version":[{"id":81308,"href":"https:\/\/www.sisinternational.com\/es\/wp-json\/wp\/v2\/pages\/37714\/revisions\/81308"}],"up":[{"embeddable":true,"href":"https:\/\/www.sisinternational.com\/es\/wp-json\/wp\/v2\/pages\/14281"}],"wp:featuredmedia":[{"embeddable":true,"href":"https:\/\/www.sisinternational.com\/es\/wp-json\/wp\/v2\/media\/65269"}],"wp:attachment":[{"href":"https:\/\/www.sisinternational.com\/es\/wp-json\/wp\/v2\/media?parent=37714"}],"curies":[{"name":"wp","href":"https:\/\/api.w.org\/{rel}","templated":true}]}}