{"id":37712,"date":"2021-05-19T05:08:38","date_gmt":"2021-05-19T05:08:38","guid":{"rendered":"https:\/\/www.sisinternational.com\/?page_id=37712"},"modified":"2025-09-14T14:28:09","modified_gmt":"2025-09-14T18:28:09","slug":"investigacion-de-mercado-republica-centroafricana","status":"publish","type":"page","link":"https:\/\/www.sisinternational.com\/es\/cobertura\/investigacion-de-mercado-africa\/investigacion-de-mercado-republica-centroafricana\/","title":{"rendered":"Investigaci\u00f3n de mercado en la Rep\u00fablica Centroafricana"},"content":{"rendered":"<h1 class=\"wp-block-heading\">Investigaci\u00f3n de mercado en la Rep\u00fablica Centroafricana<\/h1>\n\n\n\n<figure class=\"gb-block-image gb-block-image-074add71\"><img loading=\"lazy\" decoding=\"async\" width=\"1024\" height=\"574\" class=\"gb-image gb-image-074add71\" src=\"https:\/\/www.sisinternational.com\/wp-content\/uploads\/2025\/08\/Central-African-Republic-1-1024x574.jpg\" srcset=\"https:\/\/www.sisinternational.com\/wp-content\/uploads\/2025\/08\/Central-African-Republic-1-1024x574.jpg 1024w, https:\/\/www.sisinternational.com\/wp-content\/uploads\/2025\/08\/Central-African-Republic-1-300x168.jpg 300w, https:\/\/www.sisinternational.com\/wp-content\/uploads\/2025\/08\/Central-African-Republic-1-768x430.jpg 768w, https:\/\/www.sisinternational.com\/wp-content\/uploads\/2025\/08\/Central-African-Republic-1-18x10.jpg 18w, https:\/\/www.sisinternational.com\/wp-content\/uploads\/2025\/08\/Central-African-Republic-1.jpg 1456w\" sizes=\"auto, (max-width: 1024px) 100vw, 1024px\" alt=\"Investigaci\u00f3n y estrategia de mercado internacional de SIS\"><\/figure>\n\n\n\n<p><\/p>\n\n\n\n<h2 class=\"wp-block-heading\">Industrias clave<\/h2>\n\n\n\n<p>El mayor veh\u00edculo econ\u00f3mico de la Rep\u00fablica Centroafricana es la agricultura, que contribuye al producto interno bruto de la Rep\u00fablica y al mercado laboral. El capital internacional, la silvicultura y la pesca tambi\u00e9n son fuentes din\u00e1micas de divisas. Tambi\u00e9n lo son los diamantes, la madera y los cultivos comerciales, como el algod\u00f3n y el caf\u00e9.<\/p>\n\n\n\n<p>B\u00e9lgica compra la mayor parte de las exportaciones de diamantes de la Rep\u00fablica Centroafricana y Francia compra la mayor parte del caf\u00e9 y el tabaco. China, Alemania y Arabia Saudita tambi\u00e9n son socios comerciales importantes. Todos ellos contribuyen a impulsar la econom\u00eda de la Rep\u00fablica Centroafricana.<\/p>\n\n\n\n<h2 class=\"wp-block-heading\">Barrios<\/h2>\n\n\n\n<p>La Rep\u00fablica Centroafricana est\u00e1 precisamente donde su nombre lo dice: el centro de \u00c1frica. Comparte fronteras con cinco pa\u00edses vecinos: Camer\u00fan, Chad, la Rep\u00fablica Democr\u00e1tica del Congo, la Rep\u00fablica del Congo y Sud\u00e1n del Sur.<\/p>\n\n\n\n<p>Cameroon sits to the <a href=\"https:\/\/www.sisinternational.com\/es\/cobertura\/investigacion-de-mercado-africa\/investigacion-de-mercado-en-marruecos-norte-de-africa\/\" title=\"Investigaci\u00f3n de mercado en Marruecos, continente del noroeste de \u00c1frica\"  data-wpil-monitor-id=\"7715\">west of the Central African<\/a> Republic. Chad is to the north, and the Democratic Republic of Congo is to the south.<\/p>\n\n\n\n<p>La Rep\u00fablica del Congo tambi\u00e9n se encuentra al sur de la Rep\u00fablica Centroafricana y al este de Sud\u00e1n del Sur.<\/p>\n\n\n\n<h2 class=\"wp-block-heading\">Tendencias<\/h2>\n\n\n\n<p>Los ricos recursos minerales de la Rep\u00fablica Centroafricana crean una oportunidad. Las empresas pueden ampliar la exportaci\u00f3n de productos b\u00e1sicos.<\/p>\n\n\n\n<p>Se est\u00e1 construyendo un proyecto de oleoducto. Cuando est\u00e9 terminado, aumentar\u00e1 la viabilidad de la exploraci\u00f3n petrolera. Ser\u00e1 m\u00e1s f\u00e1cil y barato exportar reservas de petr\u00f3leo a trav\u00e9s del vecino Camer\u00fan.<\/p>\n\n\n\n<h2 class=\"wp-block-heading\">Beneficios y Fortalezas en el Mercado<\/h2>\n\n\n\n<p>La pandemia mundial ha paralizado muchas econom\u00edas. La Rep\u00fablica Centroafricana no es una excepci\u00f3n. Varios pa\u00edses han decidido cerrar sus fronteras para contener el virus. Dado que la econom\u00eda de la Rep\u00fablica Centroafricana se basa en la agricultura, podr\u00eda sobrevivir. Los desaf\u00edos de exportar diamantes, madera, caf\u00e9 y tabaco son m\u00e1s manejables que el turismo.<\/p>\n\n\n\n<p>Dicho esto, la Rep\u00fablica Centroafricana tambi\u00e9n es un excelente destino tur\u00edstico. Es el lugar perfecto para el ecoturismo, con su belleza natural y biodiversidad.<\/p>\n\n\n\n<p>Los v\u00ednculos pueden desempe\u00f1ar un papel crucial. Por ejemplo, el pa\u00eds produce abundante madera para muebles. Tambi\u00e9n cultiva caf\u00e9 y cacao, que los propietarios de complejos tur\u00edsticos pueden incorporar a la oferta de sus hu\u00e9spedes.<\/p>\n\n\n\n<p>Hay esperanzas incluso para otros tipos de empresas comerciales en la Rep\u00fablica Centroafricana. Los recursos naturales del pa\u00eds ayudar\u00e1n a mantener a flote los negocios.<\/p>\n\n\n\n<h2 class=\"wp-block-heading\">Razones para hacer crecer su negocio en el mercado<\/h2>\n\n\n\n<p>The Central African Republic\u2019s economy is currently struggling. Once a new business gets to establish its <a href=\"https:\/\/www.sisinternational.com\/es\/pericia\/curriculums-de-experiencia\/estudio-de-mercado-de-productos-de-cuidado-personal\/\" title=\"Investigaci\u00f3n de mercado de productos de cuidado personal\"  data-wpil-monitor-id=\"7710\">products in the market<\/a>, this will help to boost the economy.<\/p>\n\n\n\n<p>Ease of doing business. It\u2019s easy to set up a limited liability <a href=\"https:\/\/www.sisinternational.com\/es\/soluciones\/soluciones-de-branding-e-investigacion-de-clientes\/investigacion-de-mercado-de-pruebas-de-productos\/empresa-lider-en-pruebas-de-ubicacion-central\/\" title=\"Empresa l\u00edder en pruebas en ubicaciones centrales\"  data-wpil-monitor-id=\"7720\">company in the Central<\/a> African Republic. An LLC is the preferred legal entity, but the country offers other options. <a href=\"https:\/\/www.sisinternational.com\/es\/establecer-una-empresa-en-turquia\/\" title=\"Establecer una empresa en Turqu\u00eda\"  data-wpil-monitor-id=\"7723\">Businesses can also set<\/a> up as public limited companies, or they can open branches in the country.<\/p>\n\n\n\n<h2 class=\"wp-block-heading\">Acerca de la investigaci\u00f3n de mercado en la Rep\u00fablica Centroafricana<\/h2>\n\n\n\n<p>Los recursos naturales de la Rep\u00fablica Centroafricana tienen potencial. Sin embargo, el pa\u00eds enfrenta muchos obst\u00e1culos, como la deforestaci\u00f3n y una infraestructura deficiente. Algunos de ellos, como la epidemia de SIDA y la inestabilidad pol\u00edtica, pueden bloquear el desarrollo econ\u00f3mico.<\/p>\n\n\n\n<p>Thus, focus groups play a crucial role in protecting investors. That\u2019s why it\u2019s important to conduct surveys on the <a href=\"https:\/\/www.sisinternational.com\/es\/pericia\/industrias\/investigacion-de-mercados-de-paises-de-mercados-fronterizos\/\" title=\"Mercado fronterizo Investigaci\u00f3n de mercado nacional\"  data-wpil-monitor-id=\"7708\">country to understand the market<\/a>. The Central African Republic\u2019s economy is still vulnerable. Thus, <a href=\"https:\/\/www.sisinternational.com\/es\/soluciones\/soluciones-de-investigacion-cualitativa-cuantitativa\/reclutamiento-de-investigacion-cualitativa\/\" title=\"Reclutamiento de investigaci\u00f3n cualitativa\"  data-wpil-monitor-id=\"7713\">qualitative and quantitative research<\/a> will also help business owners. They can determine if they will be making a worthy investment into the economy.<\/p>\n\n\n\n<p><a href=\"https:\/\/www.sisinternational.com\/es\/what-to-expect-in-your-first-year-entering-a-new-market-5-essential-strategies\/\" title=\"What to Expect in Your First Year Entering a New Market: 5 Essential Strategies\"  data-wpil-monitor-id=\"7717\">Strategy research is also essential<\/a>. It enables the investor to conduct a systematic study of the country\u2019s economy. For example, let\u2019s say the investor wants to construct a hotel. He or she will have to consider the resources that are already available in the country. They will also have to consider the timeline for the completion of the project.<\/p>\n\n\n\n<p>\u00bfEst\u00e1s pensando en invertir en la Rep\u00fablica Centroafricana? Podemos proporcionar investigaci\u00f3n cuantitativa, cualitativa y estrat\u00e9gica para ayudarle a decidir. Cont\u00e1ctenos ahora para una consulta.<\/p>","protected":false},"excerpt":{"rendered":"<p>Investigaci\u00f3n de mercado en Rep\u00fablica Centroafricana: Brindamos Cuantitativa, Cualitativa y Estrat\u00e9gica. Cont\u00e1ctenos ahora para una consulta.<\/p>","protected":false},"author":1,"featured_media":65162,"parent":14281,"menu_order":5,"comment_status":"closed","ping_status":"closed","template":"","meta":{"footnotes":""},"class_list":["post-37712","page","type-page","status-publish","has-post-thumbnail"],"_links":{"self":[{"href":"https:\/\/www.sisinternational.com\/es\/wp-json\/wp\/v2\/pages\/37712","targetHints":{"allow":["GET"]}}],"collection":[{"href":"https:\/\/www.sisinternational.com\/es\/wp-json\/wp\/v2\/pages"}],"about":[{"href":"https:\/\/www.sisinternational.com\/es\/wp-json\/wp\/v2\/types\/page"}],"author":[{"embeddable":true,"href":"https:\/\/www.sisinternational.com\/es\/wp-json\/wp\/v2\/users\/1"}],"replies":[{"embeddable":true,"href":"https:\/\/www.sisinternational.com\/es\/wp-json\/wp\/v2\/comments?post=37712"}],"version-history":[{"count":3,"href":"https:\/\/www.sisinternational.com\/es\/wp-json\/wp\/v2\/pages\/37712\/revisions"}],"predecessor-version":[{"id":81303,"href":"https:\/\/www.sisinternational.com\/es\/wp-json\/wp\/v2\/pages\/37712\/revisions\/81303"}],"up":[{"embeddable":true,"href":"https:\/\/www.sisinternational.com\/es\/wp-json\/wp\/v2\/pages\/14281"}],"wp:featuredmedia":[{"embeddable":true,"href":"https:\/\/www.sisinternational.com\/es\/wp-json\/wp\/v2\/media\/65162"}],"wp:attachment":[{"href":"https:\/\/www.sisinternational.com\/es\/wp-json\/wp\/v2\/media?parent=37712"}],"curies":[{"name":"wp","href":"https:\/\/api.w.org\/{rel}","templated":true}]}}