{"id":37710,"date":"2021-05-19T05:04:18","date_gmt":"2021-05-19T05:04:18","guid":{"rendered":"https:\/\/www.sisinternational.com\/?page_id=37710"},"modified":"2026-01-24T20:50:49","modified_gmt":"2026-01-25T01:50:49","slug":"investigacion-de-mercado-en-eritrea","status":"publish","type":"page","link":"https:\/\/www.sisinternational.com\/es\/cobertura\/investigacion-de-mercado-africa\/investigacion-de-mercado-en-eritrea\/","title":{"rendered":"Investigaci\u00f3n de mercado en Eritrea, \u00c1frica"},"content":{"rendered":"<h1 class=\"wp-block-heading\">Investigaci\u00f3n de mercado en Eritrea, \u00c1frica<\/h1>\n\n\n\n<figure class=\"gb-block-image gb-block-image-d29d71b3\"><img loading=\"lazy\" decoding=\"async\" width=\"1456\" height=\"816\" class=\"gb-image gb-image-d29d71b3\" src=\"https:\/\/www.sisinternational.com\/wp-content\/uploads\/2025\/08\/Eritrea-1.jpg\" alt=\"Investigaci\u00f3n y estrategia de mercado internacional de SIS\" title=\"Eritrea (1)\" srcset=\"https:\/\/www.sisinternational.com\/wp-content\/uploads\/2025\/08\/Eritrea-1.jpg 1456w, https:\/\/www.sisinternational.com\/wp-content\/uploads\/2025\/08\/Eritrea-1-300x168.jpg 300w, https:\/\/www.sisinternational.com\/wp-content\/uploads\/2025\/08\/Eritrea-1-1024x574.jpg 1024w, https:\/\/www.sisinternational.com\/wp-content\/uploads\/2025\/08\/Eritrea-1-768x430.jpg 768w, https:\/\/www.sisinternational.com\/wp-content\/uploads\/2025\/08\/Eritrea-1-18x10.jpg 18w\" sizes=\"auto, (max-width: 1456px) 100vw, 1456px\"><\/figure>\n\n\n\n<p><\/p>\n\n\n\n<p>Eritrea es una palabra derivada del lat\u00edn &quot;Mar Rojo&quot;. Tambi\u00e9n es el nombre que se le da a la peque\u00f1a naci\u00f3n costera que se encuentra en el Mar Rojo en el Cuerno de \u00c1frica. Los pa\u00edses lim\u00edtrofes de Eritrea son Sud\u00e1n, Etiop\u00eda y Yibuti.<\/p>\n\n\n\n<p>Eritrea obtuvo su independencia de Etiop\u00eda en 1993, pero desde entonces sigue siendo uno de los pa\u00edses m\u00e1s pobres de \u00c1frica. Este estado es el resultado de sequ\u00edas, hambrunas y guerras recurrentes. Sus idiomas principales son el tigrinya, el tigre, el \u00e1rabe y el ingl\u00e9s, y las principales religiones son el islam y el cristianismo.<\/p>\n\n\n\n<h2 class=\"wp-block-heading\">Industrias clave<\/h2>\n\n\n\n<p>Las principales industrias de Eritrea son la textil, la elaboraci\u00f3n de alimentos, la agricultura, la miner\u00eda, la pesca y la sal. M\u00e1s all\u00e1 de esto, hay poca actividad industrial. La agricultura es el medio de vida de la poblaci\u00f3n. Otros sectores est\u00e1n creciendo, como las actividades y servicios relacionados con el mar.<\/p>\n\n\n\n<h2 class=\"wp-block-heading\">Barrios<\/h2>\n\n\n\n<p>Asmara, tambi\u00e9n conocida como Asmera, es la capital y ciudad m\u00e1s grande de Eritrea. Las calles de la ciudad est\u00e1n limpias y libres de contaminaci\u00f3n del tr\u00e1fico, y es conocida por su belleza y ofrece la apariencia de un recuerdo del siglo XX. Otras ciudades importantes son los puertos de Massawa y Assab.<\/p>\n\n\n\n<h2 class=\"wp-block-heading\">Tendencias<\/h2>\n\n\n\n<p>Eritrea tiene hermosas estructuras arquitect\u00f3nicas coloniales, algunas de las mejores del mundo. Su cultura sigue siendo diversa y cuenta con un &quot;crisol&quot; de nueve grupos \u00e9tnicos diferentes, cada uno con sus tradiciones distintas. El pa\u00eds es armonioso y estos diferentes grupos se aprecian y respetan mutuamente.<\/p>\n\n\n\n<h2 class=\"wp-block-heading\">Fortalezas del mercado<\/h2>\n\n\n\n<p>The strength of Eritrea\u2019s economy is in its unexploited natural resources. There is future <a href=\"https:\/\/www.sisinternational.com\/es\/venezuela-oil-mining-industry-potential-strategic-forecast-2026-2036\/\" title=\"Venezuela Oil &amp; Mining Industry Potential: Strategic Forecast 2026-2036\"  data-wpil-monitor-id=\"8687\">potential in the oil industry<\/a> of this country. Speculation is rife that the Red Sea has oil deposits beneath it.<\/p>\n\n\n\n<p>Another source of <a href=\"https:\/\/www.sisinternational.com\/es\/pericia\/industrias\/investigacion-de-mercado-de-mineria-espacial\/\" title=\"Investigaci\u00f3n de mercado de miner\u00eda espacial\"  data-wpil-monitor-id=\"8690\">market<\/a> strength comes from the Bisha copper mine. This mine also has gold deposits.<\/p>\n\n\n\n<h2 class=\"wp-block-heading\">Base de consumidores<\/h2>\n\n\n\n<p>Los bienes de consumo esenciales son a la vez una necesidad y una escasez en Eritrea debido a los recurrentes cierres de fronteras con los vecinos Etiop\u00eda y Sud\u00e1n. Ha habido un suministro inadecuado de bienes de consumo esenciales, como agua potable. Los eritreos tambi\u00e9n sufren escasez de combustibles para cocinar y de electricidad. Sin embargo, m\u00e1s productos b\u00e1sicos han logrado superar las restricciones fronterizas de Etiop\u00eda. El resultado son precios al consumidor m\u00e1s bajos.<\/p>\n\n\n\n<p>Las autoridades de Eritrea han negado la existencia de escasez de alimentos. Tambi\u00e9n se han negado a recibir ayuda externa. Por lo tanto, las importaciones ilegales de alimentos est\u00e1n aumentando, y la mayor\u00eda de las veces se venden a precios extravagantes.<\/p>\n\n\n\n<h2 class=\"wp-block-heading\">Razones para hacer crecer su negocio en Eritrea<\/h2>\n\n\n\n<figure class=\"gb-block-image gb-block-image-eb7e2c79\"><img loading=\"lazy\" decoding=\"async\" width=\"1456\" height=\"816\" class=\"gb-image gb-image-eb7e2c79\" src=\"https:\/\/www.sisinternational.com\/wp-content\/uploads\/2025\/08\/Eritrea-2.jpg\" alt=\"Investigaci\u00f3n y estrategia de mercado internacional de SIS\" title=\"Eritrea (2)\" srcset=\"https:\/\/www.sisinternational.com\/wp-content\/uploads\/2025\/08\/Eritrea-2.jpg 1456w, https:\/\/www.sisinternational.com\/wp-content\/uploads\/2025\/08\/Eritrea-2-300x168.jpg 300w, https:\/\/www.sisinternational.com\/wp-content\/uploads\/2025\/08\/Eritrea-2-1024x574.jpg 1024w, https:\/\/www.sisinternational.com\/wp-content\/uploads\/2025\/08\/Eritrea-2-768x430.jpg 768w, https:\/\/www.sisinternational.com\/wp-content\/uploads\/2025\/08\/Eritrea-2-18x10.jpg 18w\" sizes=\"auto, (max-width: 1456px) 100vw, 1456px\"><\/figure>\n\n\n\n<p><\/p>\n\n\n\n<p>Seg\u00fan los hechos y cifras publicados, tiene muchas razones para hacer crecer su negocio en Eritrea. Este pa\u00eds lucha por atraer inversi\u00f3n extranjera por varias razones. Se enfrenta a desaf\u00edos como el control gubernamental y la corrupci\u00f3n y una peque\u00f1a fuerza laboral. Eritrea tambi\u00e9n ha experimentado una migraci\u00f3n masiva. Luego est\u00e1 la triste situaci\u00f3n provocada por los recurrentes conflictos fronterizos.<\/p>\n\n\n\n<p>Esta situaci\u00f3n ha llevado a la iniciativa del gobierno de crear una Autoridad de Zona Franca en Massawa. El objetivo es atraer nuevos inversores en los sectores de energ\u00eda, turismo y pesca. Existe potencial de inversi\u00f3n en los recursos minerales del pa\u00eds. Eritrea tiene potasa, cobre, oro, plata y zinc.<\/p>\n\n\n\n<p>Are you interested in investing in <a href=\"https:\/\/www.sisinternational.com\/es\/soluciones\/investigacion-de-mercado-de-ia-y-consultoria-estrategica\/mineria-automatizacion-de-recursos-naturales-consultoria-en-inteligencia-artificial\/\" title=\"Consultor\u00eda en Inteligencia Artificial y Automatizaci\u00f3n de Recursos Naturales y Miner\u00eda\"  data-wpil-monitor-id=\"8685\">mining the country\u2019s natural resources<\/a>? It carries a vast potential for business growth.<\/p>\n\n\n\n<p>Eritrea tiene una posici\u00f3n estrat\u00e9gica en la costa del Mar Rojo. Proporciona una exposici\u00f3n perfecta a una de las rutas mar\u00edtimas m\u00e1s transitadas del mundo. Eritrea puede establecer v\u00ednculos con otras zonas de la regi\u00f3n, lo que resulta ideal para el comercio.<\/p>\n\n\n\n<h2 class=\"wp-block-heading\">Acerca de la investigaci\u00f3n de mercado en Eritrea<\/h2>\n\n\n\n<p>Have you made your decision? Have you decided to <a href=\"https:\/\/www.sisinternational.com\/es\/soluciones\/investigacion-de-consultoria-estrategica-fintech\/investigacion-de-mercados-de-inversion-y-fondos-de-cobertura\/\" title=\"Investigaci\u00f3n de mercados de inversiones y fondos de cobertura\"  data-wpil-monitor-id=\"8688\">invest in the Eritrea market<\/a>? We are here to guide you through the process. We use Qualitative, Qualitative, and Strategy Research. We also do surveys to bring you the hard facts that will assist you in making the most informed decision.<\/p>\n\n\n\n<p>Our statistic results are reliable. We give you the best Strategy <a href=\"https:\/\/www.sisinternational.com\/es\/investigacion-de-mercado-en-africa-2\/\" title=\"Investigaci\u00f3n de mercado en \u00c1frica\"  data-wpil-monitor-id=\"2937\">research on the market<\/a>. It will help you discover opportunities for your business.<\/p>\n\n\n\n<p><\/p>","protected":false},"excerpt":{"rendered":"<p>Investigaci\u00f3n de mercado en Eritrea, \u00c1frica Eritrea es una palabra derivada del lat\u00edn \u201cMar Rojo\u201d. Tambi\u00e9n es el nombre que se le da a la peque\u00f1a naci\u00f3n costera que se encuentra en el Mar Rojo en el Cuerno de \u00c1frica. Los pa\u00edses lim\u00edtrofes de Eritrea son Sud\u00e1n, Etiop\u00eda y Yibuti. Eritrea obtuvo su independencia de Etiop\u00eda en 1993, pero... <a title=\"Investigaci\u00f3n de mercado en Eritrea, \u00c1frica\" class=\"read-more\" href=\"https:\/\/www.sisinternational.com\/es\/cobertura\/investigacion-de-mercado-africa\/investigacion-de-mercado-en-eritrea\/\" aria-label=\"Leer m\u00e1s sobre Investigaci\u00f3n de Mercado en Eritrea, \u00c1frica\">Leer m\u00e1s<\/a><\/p>","protected":false},"author":1,"featured_media":65183,"parent":14281,"menu_order":4,"comment_status":"closed","ping_status":"closed","template":"","meta":{"footnotes":""},"class_list":["post-37710","page","type-page","status-publish","has-post-thumbnail"],"_links":{"self":[{"href":"https:\/\/www.sisinternational.com\/es\/wp-json\/wp\/v2\/pages\/37710","targetHints":{"allow":["GET"]}}],"collection":[{"href":"https:\/\/www.sisinternational.com\/es\/wp-json\/wp\/v2\/pages"}],"about":[{"href":"https:\/\/www.sisinternational.com\/es\/wp-json\/wp\/v2\/types\/page"}],"author":[{"embeddable":true,"href":"https:\/\/www.sisinternational.com\/es\/wp-json\/wp\/v2\/users\/1"}],"replies":[{"embeddable":true,"href":"https:\/\/www.sisinternational.com\/es\/wp-json\/wp\/v2\/comments?post=37710"}],"version-history":[{"count":4,"href":"https:\/\/www.sisinternational.com\/es\/wp-json\/wp\/v2\/pages\/37710\/revisions"}],"predecessor-version":[{"id":81456,"href":"https:\/\/www.sisinternational.com\/es\/wp-json\/wp\/v2\/pages\/37710\/revisions\/81456"}],"up":[{"embeddable":true,"href":"https:\/\/www.sisinternational.com\/es\/wp-json\/wp\/v2\/pages\/14281"}],"wp:featuredmedia":[{"embeddable":true,"href":"https:\/\/www.sisinternational.com\/es\/wp-json\/wp\/v2\/media\/65183"}],"wp:attachment":[{"href":"https:\/\/www.sisinternational.com\/es\/wp-json\/wp\/v2\/media?parent=37710"}],"curies":[{"name":"wp","href":"https:\/\/api.w.org\/{rel}","templated":true}]}}