{"id":37708,"date":"2021-05-19T04:57:45","date_gmt":"2021-05-19T04:57:45","guid":{"rendered":"https:\/\/www.sisinternational.com\/?page_id=37708"},"modified":"2026-01-24T17:59:39","modified_gmt":"2026-01-24T22:59:39","slug":"investigacion-de-mercado-en-argelia","status":"publish","type":"page","link":"https:\/\/www.sisinternational.com\/es\/cobertura\/investigacion-de-mercado-africa\/investigacion-de-mercado-en-argelia\/","title":{"rendered":"Investigaci\u00f3n de mercado en Argelia, \u00c1frica"},"content":{"rendered":"<h1 class=\"wp-block-heading\">Investigaci\u00f3n de mercado en Argelia, \u00c1frica<\/h1>\n\n\n\n<figure class=\"gb-block-image gb-block-image-12716cd4\"><img loading=\"lazy\" decoding=\"async\" width=\"1456\" height=\"816\" class=\"gb-image gb-image-12716cd4\" src=\"https:\/\/www.sisinternational.com\/wp-content\/uploads\/2025\/08\/Algeria-1.jpg\" alt=\"Investigaci\u00f3n y estrategia de mercado internacional de SIS\" title=\"Algeria (1)\" srcset=\"https:\/\/www.sisinternational.com\/wp-content\/uploads\/2025\/08\/Algeria-1.jpg 1456w, https:\/\/www.sisinternational.com\/wp-content\/uploads\/2025\/08\/Algeria-1-300x168.jpg 300w, https:\/\/www.sisinternational.com\/wp-content\/uploads\/2025\/08\/Algeria-1-1024x574.jpg 1024w, https:\/\/www.sisinternational.com\/wp-content\/uploads\/2025\/08\/Algeria-1-768x430.jpg 768w, https:\/\/www.sisinternational.com\/wp-content\/uploads\/2025\/08\/Algeria-1-18x10.jpg 18w\" sizes=\"auto, (max-width: 1456px) 100vw, 1456px\"><\/figure>\n\n\n\n<p><\/p>\n\n\n\n<h2 class=\"wp-block-heading\">Industrias clave<\/h2>\n\n\n\n<p>The leading industries of Algeria are mining, food processing, natural gas, and electricity. Algeria also specializes in the light industry and the petrochemical and petroleum industries. Natural gas and petroleum are the dominant industries. They supply one-third of the country&#8217;s gross domestic product (GDP).<\/p>\n\n\n\n<p>Algeria&#8217;s primary industry before 1962 was agriculture. Then they began extracting and producing hydrocarbons, which shifted their industrial focus. The production of hydrocarbons led to the country&#8217;s industrialization.<\/p>\n\n\n\n<p>La econom\u00eda fue planificada durante aproximadamente dos d\u00e9cadas. Luego pas\u00f3 a la privatizaci\u00f3n, lo que modific\u00f3 su direcci\u00f3n especializada. El nivel de vida aument\u00f3. Pero su producci\u00f3n de alimentos est\u00e1 por debajo del nivel necesario para la autosuficiencia.<\/p>\n\n\n\n<p>Argelia tiene tierras cultivables limitadas. El cultivo s\u00f3lo se da en los valles y llanuras costeras. Estas eran las \u00e1reas donde los colonos franceses ten\u00edan sus plantaciones de c\u00edtricos, vi\u00f1edos, huertas y huertos.<\/p>\n\n\n\n<p>The country&#8217;s lack of moisture in four-fifths of the land is the root cause of the lack of cultivation. Their agricultural land is suitable for pastures. The rest of their cultivated lands are for orchards and vineyards.<\/p>\n\n\n\n<p>Algeria does not have a suitable climate for vast stock raising. Still, sheep, goats, and cattle are present throughout the country. These livestock have made a significant contribution to the traditional agricultural sector.<\/p>\n\n\n\n<h2 class=\"wp-block-heading\">Barrios<\/h2>\n\n\n\n<p>Argelia es el pa\u00eds m\u00e1s grande del mundo \u00e1rabe y \u00c1frica es nada menos que grandeza.<\/p>\n\n\n\n<p>Algeria&#8217;s location is in North <a href=\"https:\/\/www.sisinternational.com\/es\/cobertura\/investigacion-de-mercado-africa\/investigacion-de-mercado-en-mauricio-africa\/\" title=\"Market Research in Mauritius \u2014 Island off Africa&#8217;s East Coast\"  data-wpil-monitor-id=\"9611\">Africa on the Mediterranean coast<\/a>. The Saharan Desert forms part of the country&#8217;s interior. Algeria was part of many legendary empires, as evidenced by sites such as the ancient Roman ruins in seaside Tipaza.<\/p>\n\n\n\n<p>Algiers\u00a0is the capital city and the largest; it is the center for culture, politics, and economics. Its location is on the slopes of the Sahel Hills. The\u00a0capital\u00a0is a large grouping of brilliant white structures overlooking the harbor. The word Algiers means \u201cthe island.\u201d Algiers got its name because of the small islands in the bay where it is located on the\u00a0Mediterranean Sea\u00a0coast.<\/p>\n\n\n\n<p>Hydra is one of the wealthiest places in Algeria. It is the home for the main offices of energy and mines and religious affairs. Hydra has the&nbsp;Scuola Italiana Roma di Algeri, a private Italian international school.<\/p>\n\n\n\n<p>The&nbsp;diplomatic&nbsp;community of Ben Aknoun also has foreign schools. The Lyc\u00e9e International Alexandre-Dumas d&#8217;Alger, a French school, is in this location. It has the only&nbsp;American international school. It is also the site of the head office of The Algerian&nbsp;Ministry of Finance.<\/p>\n\n\n\n<h2 class=\"wp-block-heading\">Tendencias, consumo y comercio<\/h2>\n\n\n\n<p>Algeria is the European Union&#8217;s 28th biggest trade partner. The country has experienced an increase in its standard of living. Its young population has also grown, so there is now a great demand for the local shops to have international brands. Since then, there has been an increase in new shopping centers. Their growth <a href=\"https:\/\/www.sisinternational.com\/es\/pericia\/industrias\/investigacion-de-mercado-de-desarrollo-de-codigo-bajo\/\" title=\"Investigaci\u00f3n de mercado de desarrollo de c\u00f3digo bajo\"  data-wpil-monitor-id=\"9608\">market leans toward mall development<\/a>. Consumer spending has increased with the rise in these shopping centers.<\/p>\n\n\n\n<p>El <a href=\"https:\/\/www.sisinternational.com\/es\/pericia\/industrias\/estudio-de-mercado-de-iluminacion-automotriz\/que-importancia-tiene-el-ada-para-los-conductores-de-automoviles\/\" title=\"\u00bfQu\u00e9 importancia tiene el ADAS para los conductores de autom\u00f3viles?\"  data-wpil-monitor-id=\"1896\">import of cars<\/a> in Algeria has increased. The authorities have restricted loans and instituted laws to control the demand.<\/p>\n\n\n\n<h2 class=\"wp-block-heading\">Fortalezas en el mercado<\/h2>\n\n\n\n<ol class=\"wp-block-list\">\n<li>Algeria\u2019s location is close to the <a href=\"https:\/\/www.sisinternational.com\/es\/investigacion-de-mercado-en-europa-2\/\" title=\"El mercado europeo\"  data-wpil-monitor-id=\"9602\">el mercado europeo<\/a>.<\/li>\n\n\n\n<li>El sector del turismo, las energ\u00edas renovables y la agricultura tienen un gran potencial.<\/li>\n\n\n\n<li>Algeria is a producer of gas and oil, so there is a <a href=\"https:\/\/www.sisinternational.com\/es\/pericia\/industrias\/investigacion-de-mercado-de-petroleo-y-gas\/\" title=\"Investigaci\u00f3n de mercado de petr\u00f3leo y gas\"  data-wpil-monitor-id=\"9603\">market for shale gas<\/a> development.<\/li>\n<\/ol>\n\n\n\n<h2 class=\"wp-block-heading\">Razones para hacer crecer su negocio en el mercado<\/h2>\n\n\n\n<p>With a consumer base of 41 million, there is a need for economic diversification. Algeria has sizeable foreign exchange reserves arising from oil and gas and its hydrocarbons <a href=\"https:\/\/www.sisinternational.com\/es\/la-mejor-empresa-de-analisis-de-la-industria-en-nueva-york\/\" title=\"La mejor empresa de an\u00e1lisis de la industria en Nueva York\"  data-wpil-monitor-id=\"9610\">industry ranks among the top<\/a> ten in the world. There is also need for telecommunications systems and an advanced digital economy to provide jobs for its tech-savvy youth. The government requires technology for digital bookkeeping and modernization. There is also need for third-generation technology.<\/p>\n\n\n\n<h2 class=\"wp-block-heading\">Acerca de la investigaci\u00f3n de mercado en Argelia<\/h2>\n\n\n\n<p>Are you an entrepreneur keen on working in Algeria? You have come to the right place. We arrange Focus Groups in the diverse African business sectors. We can likewise attempt Quantitative, Qualitative, and Strategy <a href=\"https:\/\/www.sisinternational.com\/es\/pericia\/industrias\/organizaciones-de-investigacion-por-contrato-investigacion-de-mercado\/\" title=\"Investigaci\u00f3n por contrato Organizaciones Investigaci\u00f3n de mercado\"  data-wpil-monitor-id=\"9605\">Research for your organization<\/a>. This data is appropriate for objective decision-making. It&#8217;s the initial step for the achievement of your business in Algeria. We burrow through overview discoveries, articles, insights, and that&#8217;s only the beginning. We assemble fundamental data for you and your business.<\/p>\n\n\n\n<p>Argelia est\u00e1 madura para la inversi\u00f3n. Confiamos en que este art\u00edculo le ofrezca las respuestas que est\u00e1 buscando.<\/p>\n\n\n\n<p><\/p>","protected":false},"excerpt":{"rendered":"<p>Market Research in Algeria, Africa Key Industries The leading industries of Algeria are mining, food processing, natural gas, and electricity. Algeria also specializes in the light industry and the petrochemical and petroleum industries. Natural gas and petroleum are the dominant industries. They supply one-third of the country&#8217;s gross domestic product (GDP). Algeria&#8217;s primary industry before &#8230; <a title=\"Investigaci\u00f3n de mercado en Argelia, \u00c1frica\" class=\"read-more\" href=\"https:\/\/www.sisinternational.com\/es\/cobertura\/investigacion-de-mercado-africa\/investigacion-de-mercado-en-argelia\/\" aria-label=\"Leer m\u00e1s sobre Investigaci\u00f3n de Mercado en Argelia, \u00c1frica\">Leer m\u00e1s<\/a><\/p>","protected":false},"author":1,"featured_media":65240,"parent":14281,"menu_order":3,"comment_status":"closed","ping_status":"closed","template":"","meta":{"footnotes":""},"class_list":["post-37708","page","type-page","status-publish","has-post-thumbnail"],"_links":{"self":[{"href":"https:\/\/www.sisinternational.com\/es\/wp-json\/wp\/v2\/pages\/37708","targetHints":{"allow":["GET"]}}],"collection":[{"href":"https:\/\/www.sisinternational.com\/es\/wp-json\/wp\/v2\/pages"}],"about":[{"href":"https:\/\/www.sisinternational.com\/es\/wp-json\/wp\/v2\/types\/page"}],"author":[{"embeddable":true,"href":"https:\/\/www.sisinternational.com\/es\/wp-json\/wp\/v2\/users\/1"}],"replies":[{"embeddable":true,"href":"https:\/\/www.sisinternational.com\/es\/wp-json\/wp\/v2\/comments?post=37708"}],"version-history":[{"count":4,"href":"https:\/\/www.sisinternational.com\/es\/wp-json\/wp\/v2\/pages\/37708\/revisions"}],"predecessor-version":[{"id":81601,"href":"https:\/\/www.sisinternational.com\/es\/wp-json\/wp\/v2\/pages\/37708\/revisions\/81601"}],"up":[{"embeddable":true,"href":"https:\/\/www.sisinternational.com\/es\/wp-json\/wp\/v2\/pages\/14281"}],"wp:featuredmedia":[{"embeddable":true,"href":"https:\/\/www.sisinternational.com\/es\/wp-json\/wp\/v2\/media\/65240"}],"wp:attachment":[{"href":"https:\/\/www.sisinternational.com\/es\/wp-json\/wp\/v2\/media?parent=37708"}],"curies":[{"name":"wp","href":"https:\/\/api.w.org\/{rel}","templated":true}]}}