{"id":37590,"date":"2021-05-08T20:51:28","date_gmt":"2021-05-08T20:51:28","guid":{"rendered":"https:\/\/www.sisinternational.com\/?page_id=37590"},"modified":"2025-09-14T00:55:55","modified_gmt":"2025-09-14T04:55:55","slug":"investigacion-de-mercado-en-benin","status":"publish","type":"page","link":"https:\/\/www.sisinternational.com\/es\/cobertura\/investigacion-de-mercado-africa\/investigacion-de-mercado-en-benin\/","title":{"rendered":"Investigaci\u00f3n de mercado en Ben\u00edn"},"content":{"rendered":"<h1 class=\"wp-block-heading p1\"><span class=\"s1\">Investigaci\u00f3n de mercado en Ben\u00edn<\/span><\/h1>\n\n\n\n<figure class=\"gb-block-image gb-block-image-3b7abe27\"><img loading=\"lazy\" decoding=\"async\" width=\"1456\" height=\"816\" class=\"gb-image gb-image-3b7abe27\" src=\"https:\/\/www.sisinternational.com\/wp-content\/uploads\/2025\/08\/Benin-1.jpg\" alt=\"Investigaci\u00f3n y estrategia de mercado internacional de SIS\" title=\"Benin (1)\" srcset=\"https:\/\/www.sisinternational.com\/wp-content\/uploads\/2025\/08\/Benin-1.jpg 1456w, https:\/\/www.sisinternational.com\/wp-content\/uploads\/2025\/08\/Benin-1-300x168.jpg 300w, https:\/\/www.sisinternational.com\/wp-content\/uploads\/2025\/08\/Benin-1-1024x574.jpg 1024w, https:\/\/www.sisinternational.com\/wp-content\/uploads\/2025\/08\/Benin-1-768x430.jpg 768w, https:\/\/www.sisinternational.com\/wp-content\/uploads\/2025\/08\/Benin-1-18x10.jpg 18w\" sizes=\"auto, (max-width: 1456px) 100vw, 1456px\"><\/figure>\n\n\n\n<p><\/p>\n\n\n\n<h2 class=\"wp-block-heading p1\">Benin es una peque\u00f1a rep\u00fablica ubicada en \u00c1frica occidental.<\/h2>\n\n\n\n<p class=\"p1\">Sus vecinos continentales inmediatos son Togo, Nigeria, Burkina Faso y N\u00edger. El idioma oficial del pa\u00eds es el franc\u00e9s, pero hay alrededor de 38 idiomas nacionales en total. Estos incluyen idiomas populares como ingl\u00e9s, \u00e1rabe y yoruba.<\/p>\n\n\n\n<h2 class=\"wp-block-heading p3\">Industrias clave<\/h2>\n\n\n\n<p class=\"p1\">La industria clave de Benin es la agricultura. Los benineses practican una agricultura de subsistencia. Los agricultores atienden primero a sus necesidades familiares y locales. Luego proveen mercados regionales o internacionales. Estos agricultores plantan cultivos comerciales y cultivan frutas y nueces. Exportan algod\u00f3n desmotado y semillas de algod\u00f3n. Otras exportaciones son anacardos, manteca de karit\u00e9, aceite de cocina y madera.<\/p>\n\n\n\n<h2 class=\"wp-block-heading p1\">Barrios<\/h2>\n\n\n\n<p class=\"p2\">Porto-Novo, tambi\u00e9n llamada Hogbonu o \u00c0j\u00e1sh\u00e9 Il\u00e9, es la capital de Benin. Porto Novo puede decirnos mucho sobre la cultura y la historia de Benin. En Porto Novo encontrar\u00e1s el Museo de Etnograf\u00eda, que alberga una impresionante selecci\u00f3n de m\u00e1scaras yoruba. El museo tambi\u00e9n tiene muchos artefactos.<\/p>\n\n\n\n<p class=\"p2\">El Palacio del Rey Toffa representa c\u00f3mo viv\u00eda la realeza africana. En Jardin Place Jean Bayol, encontrar\u00e1s una estatua del primer rey de Porto Novo. El Museo Da Silva y la Fundaci\u00f3n Is\u00e9bay\u00e9 muestran la historia de Benin. Tambi\u00e9n cuenta con exhibiciones de la religi\u00f3n nativa del pa\u00eds: el vud\u00fa.<\/p>\n\n\n\n<p class=\"p2\">Coton\u00fa es la ciudad m\u00e1s grande de Benin. No es la capital. Sin embargo, encontrar\u00e1 la sede del gobierno en Cotonou. Tambi\u00e9n lo son varios edificios y servicios gubernamentales. Muchos consideran que esta ciudad es la \u201ccapital econ\u00f3mica\u201d de Benin.<\/p>\n\n\n\n<h2 class=\"wp-block-heading p1\">Tendencias<\/h2>\n\n\n\n<p class=\"p2\">El arte juega un papel crucial en la cultura beninesa. Encontrar\u00e1s esculturas, cer\u00e1mica, tallas de madera, m\u00e1scaras y tapices en cualquier pueblo. El pueblo de Benin preserva su cultura precolonial a trav\u00e9s del arte. Tambi\u00e9n es la forma en que incorporan la cultura francesa.<\/p>\n\n\n\n<h2 class=\"wp-block-heading p1\">Oportunidades de mercado<\/h2>\n\n\n\n<p class=\"p2\">The Autonomous Port of Cotonou is the greatest strength of Benin&#8217;s Economy. It facilitates trade with Europe and the American continent and provides a gateway to Asia and other <a href=\"https:\/\/www.sisinternational.com\/es\/cobertura\/investigacion-de-mercado-africa\/investigacion-de-mercado-en-marruecos-norte-de-africa\/\" title=\"Investigaci\u00f3n de mercado en Marruecos, continente del noroeste de \u00c1frica\"  data-wpil-monitor-id=\"7707\">African<\/a> countries. This port is the fourth most important on the entire continent of Africa. It facilitates about 90% of Benin&#8217;s international trade.<\/p>\n\n\n\n<h2 class=\"wp-block-heading p1\">Base de consumidores<\/h2>\n\n\n\n<p class=\"p2\">The people of Benin buy most of their meat and perishable items from <a href=\"https:\/\/www.sisinternational.com\/es\/pericia\/industrias\/investigacion-de-mercado-para-pequenas-y-medianas-empresas\/\" title=\"Investigaci\u00f3n de mercado para peque\u00f1as y medianas empresas\"  data-wpil-monitor-id=\"7705\">small wet markets<\/a>, which you will find in many of the villages. The shops and big markets or dry <a href=\"https:\/\/www.sisinternational.com\/es\/publicaciones\/comportamiento-del-comprador-despues-del-coronavirus-nuevo-consumidor\/\" title=\"Comportamiento del comprador despu\u00e9s del coronavirus \u2013 Investigaci\u00f3n de mercado del consumidor\"  data-wpil-monitor-id=\"7699\">markets provide consumers<\/a> with nonperishable items. Benin imports most of these nonperishable items. Because Benin is dependent on subsistence farming, these small <a href=\"https:\/\/www.sisinternational.com\/es\/pericia\/industrias\/investigacion-de-mercado-de-catering-de-comida-aerea-en-vuelo\/\" title=\"Investigaci\u00f3n de mercado de alimentos para aerol\u00edneas y catering a bordo\"  data-wpil-monitor-id=\"7701\">markets are enough to cater<\/a> to the needs of the people.<\/p>\n\n\n\n<h2 class=\"wp-block-heading p1\">Razones para hacer crecer su negocio en Ben\u00edn<\/h2>\n\n\n\n<p class=\"p2\">Ben\u00edn es un pa\u00eds nuevo, de hecho, uno de los m\u00e1s recientes del panorama mundial. Se independiz\u00f3 de Francia en 1960. La poblaci\u00f3n de Benin est\u00e1 creciendo. Tambi\u00e9n lo es su econom\u00eda.<\/p>\n\n\n\n<p class=\"p2\">Hay mucho margen para el desarrollo en Benin. Hay muchos bienes y servicios que puede proporcionar a la poblaci\u00f3n de Benin. Conseguir\u00e1 negocios, especialmente si es el \u00fanico proveedor de este servicio o bien. Incluso a medida que el pa\u00eds se desarrolle, ya habr\u00e1 establecido una base de clientes leales siendo una de las primeras empresas de este tipo. Ser el madrugador permitir\u00e1 la longevidad de su negocio. Su negocio prosperar\u00e1 a medida que crezcan la econom\u00eda y la poblaci\u00f3n de Benin.<\/p>\n\n\n\n<h2 class=\"wp-block-heading\">Acerca de la investigaci\u00f3n de mercado en Benin<\/h2>\n\n\n\n<p>If you&#8217;re a business owner or executive interested in doing business in Benin, we\u2019ve got you. We organize <a href=\"https:\/\/www.sisinternational.com\/es\/soluciones\/investigacion-de-mercado-de-grupo-focal\/\" title=\"Investigaci\u00f3n de mercado con grupos focales\"  data-wpil-monitor-id=\"7694\">Focus Groups in the different African markets<\/a>. We can also undertake Quantitative, Qualitative, and <a href=\"https:\/\/www.sisinternational.com\/es\/soluciones\/consultoria-de-hosteleria-y-turismo-en-viajes\/empresa-de-gestion-hotelera-investigacion-de-mercado-consultoria-estrategica\/\" title=\"Empresa de gesti\u00f3n hotelera Investigaci\u00f3n de mercados y consultor\u00eda estrat\u00e9gica\"  data-wpil-monitor-id=\"7697\">Strategy Research for your company<\/a>. This information is pertinent for goal-making. It&#8217;s the first step to the <a href=\"https:\/\/www.sisinternational.com\/es\/predictive-analytics\/\" title=\"Predictive Analytics: Your Crystal Ball for Business Success\"  data-wpil-monitor-id=\"7703\">success of your business<\/a> in Benin. We dig through survey findings, articles, statistics, and more, then we compile essential information for you and your business. We hope this article gives you the answers you&#8217;re looking for in your investment in Benin.<\/p>\n\n\n\n<p><\/p>","protected":false},"excerpt":{"rendered":"<p>Haga crecer su negocio en \u00c1frica con investigaci\u00f3n de mercado en Benin.<\/p>","protected":false},"author":1,"featured_media":65247,"parent":14281,"menu_order":2,"comment_status":"closed","ping_status":"closed","template":"","meta":{"footnotes":""},"class_list":["post-37590","page","type-page","status-publish","has-post-thumbnail"],"_links":{"self":[{"href":"https:\/\/www.sisinternational.com\/es\/wp-json\/wp\/v2\/pages\/37590","targetHints":{"allow":["GET"]}}],"collection":[{"href":"https:\/\/www.sisinternational.com\/es\/wp-json\/wp\/v2\/pages"}],"about":[{"href":"https:\/\/www.sisinternational.com\/es\/wp-json\/wp\/v2\/types\/page"}],"author":[{"embeddable":true,"href":"https:\/\/www.sisinternational.com\/es\/wp-json\/wp\/v2\/users\/1"}],"replies":[{"embeddable":true,"href":"https:\/\/www.sisinternational.com\/es\/wp-json\/wp\/v2\/comments?post=37590"}],"version-history":[{"count":5,"href":"https:\/\/www.sisinternational.com\/es\/wp-json\/wp\/v2\/pages\/37590\/revisions"}],"predecessor-version":[{"id":81297,"href":"https:\/\/www.sisinternational.com\/es\/wp-json\/wp\/v2\/pages\/37590\/revisions\/81297"}],"up":[{"embeddable":true,"href":"https:\/\/www.sisinternational.com\/es\/wp-json\/wp\/v2\/pages\/14281"}],"wp:featuredmedia":[{"embeddable":true,"href":"https:\/\/www.sisinternational.com\/es\/wp-json\/wp\/v2\/media\/65247"}],"wp:attachment":[{"href":"https:\/\/www.sisinternational.com\/es\/wp-json\/wp\/v2\/media?parent=37590"}],"curies":[{"name":"wp","href":"https:\/\/api.w.org\/{rel}","templated":true}]}}