{"id":37069,"date":"2021-04-13T15:04:33","date_gmt":"2021-04-13T15:04:33","guid":{"rendered":"https:\/\/www.sisinternational.com\/?page_id=37069"},"modified":"2026-01-25T16:37:08","modified_gmt":"2026-01-25T21:37:08","slug":"investigacion-de-mercado-de-fabricacion-2","status":"publish","type":"page","link":"https:\/\/www.sisinternational.com\/es\/soluciones\/investigacion-de-mercado-de-fabricacion-2\/","title":{"rendered":"Investigaci\u00f3n del mercado manufacturero"},"content":{"rendered":"<h1 class=\"wp-block-heading\">Investigaci\u00f3n del mercado manufacturero<\/h1>\n\n\n\n<figure class=\"gb-block-image gb-block-image-adda95e4\"><img loading=\"lazy\" decoding=\"async\" width=\"1456\" height=\"816\" class=\"gb-image gb-image-adda95e4\" src=\"https:\/\/www.sisinternational.com\/wp-content\/uploads\/2025\/08\/Manufacturing-7.jpg\" alt=\"Investigaci\u00f3n y estrategia de mercado internacional de SIS\" title=\"Manufacturing (7)\" srcset=\"https:\/\/www.sisinternational.com\/wp-content\/uploads\/2025\/08\/Manufacturing-7.jpg 1456w, https:\/\/www.sisinternational.com\/wp-content\/uploads\/2025\/08\/Manufacturing-7-300x168.jpg 300w, https:\/\/www.sisinternational.com\/wp-content\/uploads\/2025\/08\/Manufacturing-7-1024x574.jpg 1024w, https:\/\/www.sisinternational.com\/wp-content\/uploads\/2025\/08\/Manufacturing-7-768x430.jpg 768w, https:\/\/www.sisinternational.com\/wp-content\/uploads\/2025\/08\/Manufacturing-7-18x10.jpg 18w\" sizes=\"auto, (max-width: 1456px) 100vw, 1456px\"><\/figure>\n\n\n\n<p><\/p>\n\n\n\n<h2 class=\"wp-block-heading\">A medida que aumenta la competencia entre los fabricantes, la innovaci\u00f3n impulsada por nuevas tecnolog\u00edas se convierte en la \u00fanica forma de conservar la participaci\u00f3n de mercado y crecer.<\/h2>\n\n\n\n<p>Dicho esto, no se trata realmente de qui\u00e9n se mueve m\u00e1s r\u00e1pido sino de qui\u00e9n hace el movimiento correcto. La investigaci\u00f3n del mercado de fabricaci\u00f3n optimizar\u00e1 el crecimiento y la rentabilidad de su empresa.<\/p>\n\n\n\n<h2 class=\"wp-block-heading p3\">Importancia de la investigaci\u00f3n del mercado manufacturero<\/h2>\n\n\n\n<p class=\"p1\">Due to the effects of a global disruption in trade, more and more manufacturers are seeing the need to diversify or expand into new markets. Expanding and launching new <a href=\"https:\/\/www.sisinternational.com\/es\/pericia\/curriculums-de-experiencia\/estudio-de-mercado-de-productos-de-cuidado-personal\/\" title=\"Investigaci\u00f3n de mercado de productos de cuidado personal\"  data-wpil-monitor-id=\"11061\">products requires market<\/a> knowledge. With a team of experts across the globe, our <a class=\"wpil_keyword_link\" href=\"https:\/\/www.sisinternational.com\/es\/soluciones\/soluciones-de-investigacion-cualitativa-cuantitativa\/investigacion-de-mercado-de-fabricacion-2\/\"   title=\"Investigaci\u00f3n del mercado manufacturero\" data-wpil-keyword-link=\"linked\"  data-wpil-monitor-id=\"427\">investigaci\u00f3n de mercado de fabricaci\u00f3n<\/a> initiatives help manufacturers by providing insights like:<\/p>\n\n\n\n<ul class=\"wp-block-list ul1\">\n<li>Suitable new <a href=\"https:\/\/www.sisinternational.com\/es\/soluciones\/consultoria-estrategica\/investigacion-de-mercado-de-producto-minimo-viable\/\" title=\"Investigaci\u00f3n de mercado de producto m\u00ednimo viable\"  data-wpil-monitor-id=\"11062\">markets for their products<\/a><\/li>\n\n\n\n<li>Personas compradoras respaldadas por datos de iniciadores y tomadores de decisiones<\/li>\n\n\n\n<li>Inteligencia de mercado para ayudar a comprender la din\u00e1mica del mercado<\/li>\n\n\n\n<li><a href=\"https:\/\/www.sisinternational.com\/es\/soluciones\/si-crecimiento-global\/estrategia-de-entrada-al-mercado\/\" title=\"Consultor\u00eda de entrada al mercado\"  data-wpil-monitor-id=\"11057\">Estrategias de entrada al mercado<\/a> that guarantee a sizable market share<\/li>\n\n\n\n<li><a href=\"https:\/\/www.sisinternational.com\/es\/soluciones\/soluciones-de-investigacion-cualitativa-cuantitativa\/desk-research-for-competitive-analysis\/\" title=\"Desk Research for Competitive Analysis\"  data-wpil-monitor-id=\"11058\">Investigaci\u00f3n y an\u00e1lisis competitivos.<\/a><\/li>\n\n\n\n<li>Canales de marketing y mensajes que resuenan en el p\u00fablico objetivo.<\/li>\n\n\n\n<li>Oportunidades de up-selling y cross-selling<\/li>\n<\/ul>\n\n\n\n<h2 class=\"wp-block-heading p3\">Oportunidades y tendencias en el sector manufacturero<\/h2>\n\n\n\n<p class=\"p1\">Los fabricantes est\u00e1n trabajando arduamente para diversificar sus productos y establecer cadenas de suministro alternativas. Esto ha abierto oportunidades de fabricaci\u00f3n en nuevas ubicaciones. Con India, Malasia, Singapur y Vietnam a la cabeza en la regi\u00f3n APAC, M\u00e9xico se est\u00e1 perfilando como un potencial centro manufacturero en el \u00e1rea de LATAM.<\/p>\n\n\n\n<p class=\"p1\">While the APAC hubs are competing against China through business-friendly government policies and cheap labor, Mexico is competing based on its proximity to the US.<\/p>\n\n\n\n<h2 class=\"wp-block-heading p5\">Principales tendencias en fabricaci\u00f3n<\/h2>\n\n\n\n<p class=\"p1\">Para aumentar los ingresos y experimentar un crecimiento, los fabricantes est\u00e1n adoptando nuevas t\u00e1cticas. Estos est\u00e1n destinados a reducir costos o aumentar sus canales de ingresos.<\/p>\n\n\n\n<p class=\"p1\">Estas son algunas de las tendencias que est\u00e1n adoptando los fabricantes.<\/p>\n\n\n\n<h3 class=\"wp-block-heading p1\"><b>1. Mejorar la visibilidad<\/b><\/h3>\n\n\n\n<p class=\"p1\">Visibility is a critical part of the <a href=\"https:\/\/sisaisolutions.com\/application-of-ai-in-manufacturing\/\" target=\"_blank\" rel=\"noopener\">manufacturing business<\/a> as it helps in decision-making. To improve visibility, manufacturers are investing in digital solutions for data capture and analysis across the entire manufacturing ecosystem. This will help them identify breakpoints and opportunities for improvement.<\/p>\n\n\n\n<h3 class=\"wp-block-heading p1\"><b>2. Fabricaci\u00f3n inteligente<\/b><\/h3>\n\n\n\n<p class=\"p1\">Forward-thinking <a href=\"https:\/\/www.sisinternational.com\/es\/investigacion-de-mercado-de-fabricacion-inteligente\/\" title=\"Investigaci\u00f3n de mercado de fabricaci\u00f3n inteligente\" data-wpil-monitor-id=\"3628\">manufacturers<\/a> are working on \u201csmart factories\u201d where everything revolves around data. These manufacturers are moving from concept to reality by combining the power of data as well as different technologies and solutions to optimize the entire manufacturing process.<\/p>\n\n\n\n<h3 class=\"wp-block-heading p1\"><b>3. Automatizaci\u00f3n<\/b><\/h3>\n\n\n\n<p class=\"p1\">En la fabricaci\u00f3n, la automatizaci\u00f3n es la soluci\u00f3n definitiva. Aunque todos los esfuerzos van en esta direcci\u00f3n, el mayor desaf\u00edo es la escasez de habilidades. Los fabricantes est\u00e1n lidiando con esto capacitando a su personal en nuevas tecnolog\u00edas, an\u00e1lisis de datos y resoluci\u00f3n de problemas, mientras crean entornos de trabajo flexibles y din\u00e1micos.<\/p>\n\n\n\n<h3 class=\"wp-block-heading p1\"><b>4. Mantenimiento predictivo<\/b><\/h3>\n\n\n\n<p class=\"p1\">Una de las principales causas del tiempo de inactividad en la fabricaci\u00f3n es la aver\u00eda de los equipos. La p\u00e9rdida de productividad conlleva enormes costos y p\u00e9rdidas potenciales, incluso cuando la experiencia del cliente se ve afectada debido a retrasos en la entrega de piezas OEM y productos finales. Los fabricantes est\u00e1n recurriendo al mantenimiento y an\u00e1lisis predictivos para monitorear el rendimiento de los equipos y reducir las interrupciones no planificadas.<\/p>\n\n\n\n<h3 class=\"wp-block-heading p1\"><b>5. Fabricaci\u00f3n \u00e1gil<\/b><\/h3>\n\n\n\n<p class=\"p1\">Los fabricantes tambi\u00e9n buscan formas de responder r\u00e1pidamente a las necesidades de los clientes y a los desaf\u00edos comerciales. Muchos CIO y CTO han descubierto que agregar una capa de soluciones \u00e1giles a sus ERP existentes les ayuda a lograr resultados m\u00e1s r\u00e1pido. Los conocimientos basados en datos est\u00e1n dando lugar a integraciones de sistemas y actualizaciones de procesos, lo que da como resultado una obtenci\u00f3n de valor m\u00e1s r\u00e1pida.<\/p>\n\n\n\n<h3 class=\"wp-block-heading p1\"><b>6. Ciberseguridad en la fabricaci\u00f3n<\/b><\/h3>\n\n\n\n<p class=\"p1\">Dado que los datos son el activo m\u00e1s cr\u00edtico para los fabricantes, la ciberseguridad est\u00e1 recibiendo especial atenci\u00f3n. Con el aumento de los casos de ransomware, los fabricantes buscan invertir en las soluciones adecuadas. La mejor opci\u00f3n ser\u00e1 contratar talentos cibern\u00e9ticos capacitados y al mismo tiempo asociarse con proveedores que tengan soluciones probadas y programas de I+D dedicados.<\/p>\n\n\n\n<h2 class=\"wp-block-heading p5\">Nuevas tecnolog\u00edas en la fabricaci\u00f3n<\/h2>\n\n\n\n<p class=\"p1\">Los fabricantes est\u00e1n adoptando nuevas tecnolog\u00edas y soluciones para reducir costos, mejorar la eficiencia y aumentar la rentabilidad. Algunos de estos incluyen:<\/p>\n\n\n\n<h3 class=\"wp-block-heading p1\"><b>1. Robots en la fabricaci\u00f3n<\/b><\/h3>\n\n\n\n<p class=\"p1\">Aunque los robots forman parte de la fabricaci\u00f3n desde hace alg\u00fan tiempo, algunas innovaciones est\u00e1n provocando cambios. Por ejemplo, los robots colaborativos (cobots) se est\u00e1n haciendo cargo de tareas peligrosas y repetitivas, lo que permite a los humanos trabajar en soluciones creativas y otros trabajos m\u00e1s satisfactorios.<\/p>\n\n\n\n<p class=\"p1\">Robots as a Service (RaaS) est\u00e1 reduciendo los costos de la automatizaci\u00f3n al proporcionar robots de alquiler. A trav\u00e9s de RaaS, los fabricantes establecidos pueden esperar interrupciones provenientes de nuevas empresas tal como sucedi\u00f3 en el mundo del software cuando PaaS e IaaS se hicieron realidad.<\/p>\n\n\n\n<h3 class=\"wp-block-heading p1\"><b>2. Blockchain en la industria manufacturera<\/b><\/h3>\n\n\n\n<p class=\"p1\">Blockchain is quite a new technology in manufacturing. It is however being actively developed for use in manufacturing ecosystems by companies such as IBM, GE, and Samsung.<\/p>\n\n\n\n<p class=\"p1\">Blockchain se utilizar\u00e1 para hacer cumplir las regulaciones de control de calidad desde la etapa de materias primas hasta el producto final. Tambi\u00e9n se utilizar\u00e1 para brindar transparencia y visibilidad adicional a las partes interesadas del ecosistema en toda la cadena de valor.<\/p>\n\n\n\n<h3 class=\"wp-block-heading p1\"><b>3. Inteligencia artificial en la fabricaci\u00f3n<\/b><\/h3>\n\n\n\n<p class=\"p1\"><a href=\"https:\/\/www.sisinternational.com\/es\/soluciones\/investigacion-de-mercado-de-ia-y-consultoria-estrategica\/automatizacion-de-fabricacion-consultoria-en-inteligencia-artificial\/\" title=\"Consultor\u00eda en Automatizaci\u00f3n de Fabricaci\u00f3n e Inteligencia Artificial\" data-wpil-monitor-id=\"11060\">Artificial Intelligence is finding applications in manufacturing<\/a> due to the availability of data. In many cases, AI is being implemented alongside robotics. Robots with AI capability will be the new frontier of competition. AI-capable robots can make perception-based decisions, making them far superior to traditional robots, which are limited to rule-based algorithms.<\/p>\n\n\n\n<h3 class=\"wp-block-heading p1\"><b>4. Internet industrial de las cosas (IIoT)<\/b><\/h3>\n\n\n\n<p class=\"p1\">Con el lanzamiento de las redes 5G, los fabricantes por fin pueden empezar <a href=\"https:\/\/www.zdnet.com\/article\/seven-tips-for-identifying-and-managing-iiot-deployment-costs\/\" target=\"_blank\" rel=\"noopener\">implementando IIoT<\/a>. Algunos fabricantes ya est\u00e1n empezando a actualizar su infraestructura de red interna.<\/p>\n\n\n\n<p class=\"p1\">A medida que los fabricantes de chips y sensores, as\u00ed como los desarrolladores de software, trabajan para hacer del IIoT una realidad, los fabricantes que planifican con anticipaci\u00f3n podr\u00e1n adaptarse m\u00e1s r\u00e1pidamente una vez que todas las piezas del rompecabezas est\u00e9n disponibles.<\/p>\n\n\n\n<h2 class=\"wp-block-heading p3\">Beneficios de realizar una investigaci\u00f3n de mercado de fabricaci\u00f3n<\/h2>\n\n\n\n<figure class=\"gb-block-image gb-block-image-a05cee9a\"><img loading=\"lazy\" decoding=\"async\" width=\"1456\" height=\"816\" class=\"gb-image gb-image-a05cee9a\" src=\"https:\/\/www.sisinternational.com\/wp-content\/uploads\/2025\/08\/Manufacturing-18.jpg\" alt=\"Investigaci\u00f3n y estrategia de mercado internacional de SIS\" title=\"Manufacturing (18)\" srcset=\"https:\/\/www.sisinternational.com\/wp-content\/uploads\/2025\/08\/Manufacturing-18.jpg 1456w, https:\/\/www.sisinternational.com\/wp-content\/uploads\/2025\/08\/Manufacturing-18-300x168.jpg 300w, https:\/\/www.sisinternational.com\/wp-content\/uploads\/2025\/08\/Manufacturing-18-1024x574.jpg 1024w, https:\/\/www.sisinternational.com\/wp-content\/uploads\/2025\/08\/Manufacturing-18-768x430.jpg 768w, https:\/\/www.sisinternational.com\/wp-content\/uploads\/2025\/08\/Manufacturing-18-18x10.jpg 18w\" sizes=\"auto, (max-width: 1456px) 100vw, 1456px\"><\/figure>\n\n\n\n<p><\/p>\n\n\n\n<p class=\"p1\">La investigaci\u00f3n de mercado es clave para el crecimiento empresarial. Ya sea que est\u00e9 buscando restablecerse o expandirse a nuevos mercados, comprender el mercado es imprescindible. Teniendo en cuenta las necesidades cambiantes de los clientes y la alta competencia, como fabricante, la investigaci\u00f3n de mercado puede brindarle beneficios tales como:<\/p>\n\n\n\n<ul class=\"wp-block-list ul1\">\n<li>Primary insights that cannot be attained through secondary sources<\/li>\n\n\n\n<li>Conocimiento de la industria emergente y las tendencias de los clientes.<\/li>\n\n\n\n<li><a href=\"https:\/\/www.sisinternational.com\/es\/soluciones\/si-crecimiento-global\/consultoria-estrategica-en-mercados-emergentes\/\" title=\"Consultor\u00eda de estrategia de mercados emergentes\" data-wpil-monitor-id=\"11063\">Strategies for market<\/a> capture by uncovering competitor strengths and weaknesses<\/li>\n\n\n\n<li>Mitigaci\u00f3n de riesgos<\/li>\n\n\n\n<li>Ideas de participaci\u00f3n del cliente para ayudar a mantenerse relevante<\/li>\n\n\n\n<li>Benchmarking para evaluar y mejorar la productividad y el crecimiento<\/li>\n\n\n\n<li>Planificaci\u00f3n y ejecuci\u00f3n de estrategia para la entrada al mercado y el \u00e9xito del marketing.<\/li>\n<\/ul>\n\n\n\n<h2 class=\"wp-block-heading\">Acerca de la investigaci\u00f3n de mercado de fabricaci\u00f3n<\/h2>\n\n\n\n<p class=\"p1\">As an investment meant to shed light on your growth potential, market research needs to be conducted by experienced experts. At <a href=\"https:\/\/www.sisinternational.com\/es\/contacto-sis-investigacion-de-mercado-internacional\/\" title=\"Cont\u00e1ctenos\" data-wpil-monitor-id=\"11056\">SIS International Research<\/a>, we\u2019ve worked with top brands across the globe who always trust us to carry out market research for them.<\/p>\n\n\n\n<p class=\"p1\">Con <a href=\"https:\/\/www.sisinternational.com\/es\/soluciones\/investigacion-de-mercado-de-grupo-focal\/\" title=\"Investigaci\u00f3n de mercado con grupos focales\" data-wpil-monitor-id=\"11059\">research strategies that include focus groups<\/a>, in-depth interviews, ethnography, market segmentation, competitive benchmarking, and choice modeling, we unearth the kind of insights you need to make the right business decision.<\/p>\n\n\n\n<p><\/p>","protected":false},"excerpt":{"rendered":"<p>SIS International Research es l\u00edder en investigaci\u00f3n del mercado manufacturero. Proporcionamos informaci\u00f3n, datos, consultor\u00eda y estrategias.<\/p>","protected":false},"author":1,"featured_media":63709,"parent":14457,"menu_order":21,"comment_status":"closed","ping_status":"closed","template":"","meta":{"footnotes":""},"class_list":["post-37069","page","type-page","status-publish","has-post-thumbnail"],"_links":{"self":[{"href":"https:\/\/www.sisinternational.com\/es\/wp-json\/wp\/v2\/pages\/37069","targetHints":{"allow":["GET"]}}],"collection":[{"href":"https:\/\/www.sisinternational.com\/es\/wp-json\/wp\/v2\/pages"}],"about":[{"href":"https:\/\/www.sisinternational.com\/es\/wp-json\/wp\/v2\/types\/page"}],"author":[{"embeddable":true,"href":"https:\/\/www.sisinternational.com\/es\/wp-json\/wp\/v2\/users\/1"}],"replies":[{"embeddable":true,"href":"https:\/\/www.sisinternational.com\/es\/wp-json\/wp\/v2\/comments?post=37069"}],"version-history":[{"count":6,"href":"https:\/\/www.sisinternational.com\/es\/wp-json\/wp\/v2\/pages\/37069\/revisions"}],"predecessor-version":[{"id":81809,"href":"https:\/\/www.sisinternational.com\/es\/wp-json\/wp\/v2\/pages\/37069\/revisions\/81809"}],"up":[{"embeddable":true,"href":"https:\/\/www.sisinternational.com\/es\/wp-json\/wp\/v2\/pages\/14457"}],"wp:featuredmedia":[{"embeddable":true,"href":"https:\/\/www.sisinternational.com\/es\/wp-json\/wp\/v2\/media\/63709"}],"wp:attachment":[{"href":"https:\/\/www.sisinternational.com\/es\/wp-json\/wp\/v2\/media?parent=37069"}],"curies":[{"name":"wp","href":"https:\/\/api.w.org\/{rel}","templated":true}]}}