{"id":36862,"date":"2021-03-12T05:12:39","date_gmt":"2021-03-12T05:12:39","guid":{"rendered":"https:\/\/www.sisinternational.com\/?page_id=36862"},"modified":"2026-01-25T19:31:08","modified_gmt":"2026-01-26T00:31:08","slug":"investigacion-de-mercado-chile","status":"publish","type":"page","link":"https:\/\/www.sisinternational.com\/es\/cobertura\/latin-america\/investigacion-de-mercado-de-america-latina\/investigacion-de-mercado-chile\/","title":{"rendered":"Investigaci\u00f3n documental en Chile"},"content":{"rendered":"<h1 class=\"wp-block-heading\"><b>Escritorio <\/b>Investigaci\u00f3n en Chile<\/h1>\n\n\n\n<figure class=\"gb-block-image gb-block-image-de2ee8b3\"><img loading=\"lazy\" decoding=\"async\" width=\"1456\" height=\"816\" class=\"gb-image gb-image-de2ee8b3\" src=\"https:\/\/www.sisinternational.com\/wp-content\/uploads\/2025\/09\/Chile-2.jpg\" alt=\"Investigaci\u00f3n y estrategia de mercado internacional de SIS\" title=\"Chile (2)\" srcset=\"https:\/\/www.sisinternational.com\/wp-content\/uploads\/2025\/09\/Chile-2.jpg 1456w, https:\/\/www.sisinternational.com\/wp-content\/uploads\/2025\/09\/Chile-2-300x168.jpg 300w, https:\/\/www.sisinternational.com\/wp-content\/uploads\/2025\/09\/Chile-2-1024x574.jpg 1024w, https:\/\/www.sisinternational.com\/wp-content\/uploads\/2025\/09\/Chile-2-768x430.jpg 768w, https:\/\/www.sisinternational.com\/wp-content\/uploads\/2025\/09\/Chile-2-18x10.jpg 18w\" sizes=\"auto, (max-width: 1456px) 100vw, 1456px\"><\/figure>\n\n\n\n<p><\/p>\n\n\n\n<h3 class=\"wp-block-heading\">Chile es una de las econom\u00edas m\u00e1s productivas y competitivas de Sudam\u00e9rica. Las empresas que invierten en comprender la din\u00e1mica local est\u00e1n mejor posicionadas para aprovechar las oportunidades y establecerse s\u00f3lidamente en Chile.<\/h3>\n\n\n\n<p>La investigaci\u00f3n documental en Chile es esencial para aprovechar las oportunidades en una de las econom\u00edas m\u00e1s estables y desarrolladas de Sudam\u00e9rica. Las empresas exitosas saben que comprender las preferencias de los consumidores locales es clave para el crecimiento sostenible.<\/p>\n\n\n\n<h2 class=\"wp-block-heading\"><strong>\u00bfQu\u00e9 es la investigaci\u00f3n de escritorio en Chile y por qu\u00e9 es importante?<\/strong><\/h2>\n\n\n\n<p>Al realizar una investigaci\u00f3n documental en Chile, las empresas pueden comprender en profundidad las necesidades, los comportamientos y las preferencias de los consumidores, lo que les permite personalizar sus productos y servicios en consecuencia y garantizar que sus ofertas tengan eco en el p\u00fablico local.<\/p>\n\n\n\n<p><a class=\"wpil_keyword_link\" href=\"https:\/\/www.sisinternational.com\/es\/how-to-conduct-effective-desk-research\/\"   title=\"How to Conduct Effective Desk Research\" data-wpil-keyword-link=\"linked\"  data-wpil-monitor-id=\"747\">Investigaci\u00f3n documental<\/a> in Chile allows businesses to accurately evaluate market demand, identify target audiences, and adapt their offerings to meet local needs. With Chile&#8217;s diverse consumer base, brands must use a nuanced approach to marketing and branding to effectively reach different population segments. In addition, desk research provides valuable insights into Chile&#8217;s regulatory environment, logistics, and competitive landscape. This information helps businesses anticipate challenges and position themselves effectively.<\/p>\n\n\n\n<h2 class=\"wp-block-heading\"><strong>Nuestra revisi\u00f3n del mercado actual y recomendaciones<\/strong><\/h2>\n\n\n\n<p>Recomendamos a las empresas interesadas en expandirse en Chile considerar la<span style=\"font-size: inherit; background-color: var(--base-3); color: var(--contrast-2);\"> El creciente inter\u00e9s de los consumidores por la sostenibilidad, las soluciones digitales y los productos de alta calidad. Asesoramos a las empresas para que enfaticen pr\u00e1cticas responsables con el medio ambiente, adopten estrategias digitales innovadoras y mantengan un alto est\u00e1ndar de calidad en sus ofertas. Los sectores de miner\u00eda, tecnolog\u00eda y venta minorista muestran un fuerte potencial de crecimiento, y la investigaci\u00f3n documental en Chile es clave para identificar oportunidades en estas industrias.<\/span><\/p>\n\n\n\n<p>We also stress the importance of understanding Chile&#8217;s regulatory environment. Navigating local regulations can be complex, and ensuring compliance is crucial for avoiding setbacks. A proactive approach to regulatory <a href=\"https:\/\/www.sisinternational.com\/es\/pericia\/industrias\/investigacion-de-mercado-de-telemetria\/\" title=\"Investigaci\u00f3n de mercado de telemetr\u00eda\"  data-wpil-monitor-id=\"5700\">research and market<\/a> analysis will help businesses establish a successful foothold in Chile.<\/p>\n\n\n\n<h2 class=\"wp-block-heading\"><strong>Principales atractivos tur\u00edsticos de Chile<\/strong><\/h2>\n\n\n\n<figure class=\"gb-block-image gb-block-image-228e577d\"><img loading=\"lazy\" decoding=\"async\" width=\"1456\" height=\"816\" class=\"gb-image gb-image-228e577d\" src=\"https:\/\/www.sisinternational.com\/wp-content\/uploads\/2025\/09\/Chile-1.jpg\" alt=\"Investigaci\u00f3n y estrategia de mercado internacional de SIS\" title=\"Chile (1)\" srcset=\"https:\/\/www.sisinternational.com\/wp-content\/uploads\/2025\/09\/Chile-1.jpg 1456w, https:\/\/www.sisinternational.com\/wp-content\/uploads\/2025\/09\/Chile-1-300x168.jpg 300w, https:\/\/www.sisinternational.com\/wp-content\/uploads\/2025\/09\/Chile-1-1024x574.jpg 1024w, https:\/\/www.sisinternational.com\/wp-content\/uploads\/2025\/09\/Chile-1-768x430.jpg 768w, https:\/\/www.sisinternational.com\/wp-content\/uploads\/2025\/09\/Chile-1-18x10.jpg 18w\" sizes=\"auto, (max-width: 1456px) 100vw, 1456px\"><\/figure>\n\n\n\n<p><\/p>\n\n\n\n<p>Una investigaci\u00f3n documental realizada en Chile revela varias atracciones tur\u00edsticas populares que atraen a millones de visitantes cada a\u00f1o. A continuaci\u00f3n, se enumeran cinco atracciones clave:<\/p>\n\n\n\n<ul class=\"wp-block-list\">\n<li><strong>Desierto de Atacama<\/strong>:Conocido como el desierto m\u00e1s \u00e1rido del planeta, el desierto de Atacama cuenta con paisajes impresionantes, salares y g\u00e9iseres. Es un importante destino para los turistas que buscan aventuras y maravillas naturales.<\/li>\n\n\n\n<li><strong>Patagonia<\/strong>:La Patagonia chilena es famosa por sus impresionantes paisajes, que incluyen glaciares, fiordos y parques nacionales. El Parque Nacional Torres del Paine es un destino favorito para los amantes de la naturaleza y los viajeros aventureros.<\/li>\n\n\n\n<li><strong>Valpara\u00edso<\/strong>:La ciudad costera de Valpara\u00edso es famosa por sus coloridos barrios en las laderas, su vibrante arte callejero y su rica cultura. Es un destino imperdible para los turistas que desean explorar el patrimonio cultural de Chile.<\/li>\n\n\n\n<li><strong>Isla de Pascua<\/strong>:Con sus misteriosas estatuas moai, la Isla de Pascua es una de las islas habitadas m\u00e1s remotas del mundo. Atrae a visitantes interesados en la historia, la arqueolog\u00eda y experiencias culturales \u00fanicas.<\/li>\n\n\n\n<li><strong>santiago<\/strong>:La ciudad capital de Santiago ofrece una combinaci\u00f3n de atracciones modernas y tradicionales, como el Cerro San Crist\u00f3bal, la Plaza de Armas y una din\u00e1mica escena culinaria. Es un centro para explorar el resto de Chile.<\/li>\n<\/ul>\n\n\n\n<h2 class=\"wp-block-heading\">Industria de Servicios en Chile<\/h2>\n\n\n\n<p>Con una infraestructura de TI bien desarrollada y una fuerza laboral capacitada y especializada, la industria de servicios de Chile ha estado creciendo de manera sostenida. Sectores como el comercio minorista y la consultor\u00eda est\u00e1n bien establecidos, mientras que los servicios bancarios han experimentado una mayor aceptaci\u00f3n.<\/p>\n\n\n\n<p>El paisaje de Chile atrae a millones de turistas de la regi\u00f3n y de Europa. Entre los mejores lugares para visitar se encuentran el desierto de Atacama, la Patagonia chilena y la ciudad de Valpara\u00edso. Decenas de reservas naturales y numerosos parques protegidos se suman a la lista de atractivos tur\u00edsticos de Chile.<\/p>\n\n\n\n<h3 class=\"wp-block-heading\">Agricultura en Chile<\/h3>\n\n\n\n<p>La industria agr\u00edcola de Chile ha ganado reconocimiento mundial como productor y exportador de alimentos. Sus productos agr\u00edcolas incluyen avena, trigo, manzanas, esp\u00e1rragos, ma\u00edz y cebollas. Chile tambi\u00e9n es uno de los principales productores de salm\u00f3n del mundo. La silvicultura y la cr\u00eda de animales tambi\u00e9n contribuyen a la industria, siendo los principales productos la carne de ave, la carne de vacuno y la lana. Chile tambi\u00e9n es un productor mundial de vino, mejorando la industria a trav\u00e9s de la acuicultura y la silvicultura.<\/p>\n\n\n\n<h3 class=\"wp-block-heading\">Miner\u00eda en Chile<\/h3>\n\n\n\n<p>Chile es uno de los principales productores de cobre del mundo y China es uno de sus mayores clientes. Adem\u00e1s de cobre, Chile posee yacimientos de oro, plata, hierro, boro y molibdeno, que extrae para exportar.<\/p>\n\n\n\n<h2 class=\"wp-block-heading\">Oportunidades de Inversi\u00f3n en Chile<\/h2>\n\n\n\n<p>La econom\u00eda de Chile crecer\u00e1 de manera sostenible gracias a pol\u00edticas dise\u00f1adas para el crecimiento a largo plazo. No obstante, es necesario diversificarla para evitar una dependencia excesiva de exportaciones como el cobre. A continuaci\u00f3n se presentan algunas oportunidades para la inversi\u00f3n extranjera directa en Chile.<\/p>\n\n\n\n<h3 class=\"wp-block-heading\">Miner\u00eda<\/h3>\n\n\n\n<p>Existe un gran potencial para la miner\u00eda de litio en Chile, especialmente si se considera que el mercado est\u00e1 listo y en crecimiento debido a la creciente demanda de veh\u00edculos el\u00e9ctricos. Si bien otros pa\u00edses producen litio, esta oferta no puede satisfacer la demanda.<br>Se necesitan tecnolog\u00eda y habilidades m\u00e1s especializadas para mejorar la eficiencia en la industria minera. Los servicios de consultor\u00eda en miner\u00eda e ingenier\u00eda pueden ayudar a mejorar la producci\u00f3n de la industria. La fabricaci\u00f3n y reparaci\u00f3n de maquinaria minera tambi\u00e9n es una opci\u00f3n a considerar.<\/p>\n\n\n\n<h3 class=\"wp-block-heading\">Agricultura<\/h3>\n\n\n\n<p>Chile es conocido por sus productos agr\u00edcolas y ha adoptado el comercio electr\u00f3nico para aumentar las ventas. Aunque hay espacio para inversores en la producci\u00f3n y exportaci\u00f3n de alimentos, ser\u00eda mejor brindar soluciones \u00fanicas a la industria.<\/p>\n\n\n\n<h3 class=\"wp-block-heading\">Bienes ra\u00edces<\/h3>\n\n\n\n<p>Existe un creciente inter\u00e9s por invertir en Chile, lo que genera una demanda de espacios para oficinas y viviendas. Santiago y Valpara\u00edso son zonas privilegiadas para el desarrollo inmobiliario en Chile. Como la producci\u00f3n agr\u00edcola se desarrolla en el campo, los inversores inmobiliarios tambi\u00e9n pueden mirar m\u00e1s all\u00e1 de las ciudades.<\/p>\n\n\n\n<h2 class=\"wp-block-heading\">Desaf\u00edos que enfrenta la econom\u00eda de Chile<\/h2>\n\n\n\n<p>A pesar de las muchas oportunidades que ofrece Chile, la investigaci\u00f3n documental identifica varios desaf\u00edos que las empresas deben afrontar, entre ellos:<\/p>\n\n\n\n<ol start=\"1\" class=\"wp-block-list\">\n<li><strong>Regulaciones complejas<\/strong>Navegar por el marco regulatorio de Chile puede ser un desaf\u00edo, particularmente para empresas extranjeras que no est\u00e1n familiarizadas con los requisitos locales.<\/li>\n\n\n\n<li><strong>Alta competencia<\/strong>:El mercado chileno es altamente competitivo, con numerosas marcas locales e internacionales compitiendo por participaci\u00f3n de mercado.<\/li>\n\n\n\n<li><strong>Desigualdad econ\u00f3mica<\/strong>:Las disparidades econ\u00f3micas en Chile pueden afectar el poder adquisitivo de los consumidores, influyendo en la segmentaci\u00f3n del mercado y el posicionamiento de los productos.<\/li>\n\n\n\n<li><strong>Acceso limitado al financiamiento<\/strong>El acceso al financiamiento puede ser un desaf\u00edo para las peque\u00f1as y medianas empresas, lo que limita su capacidad de expansi\u00f3n.<\/li>\n\n\n\n<li><strong>Desaf\u00edos geogr\u00e1ficos<\/strong>:La geograf\u00eda \u00fanica de Chile, con su forma alargada y estrecha, crea desaf\u00edos log\u00edsticos para la gesti\u00f3n de la cadena de suministro.<\/li>\n\n\n\n<li><strong>Retrasos burocr\u00e1ticos<\/strong>:Las ineficiencias burocr\u00e1ticas pueden generar retrasos en los procesos de negocio, lo que afecta el ingreso al mercado y las operaciones generales.<\/li>\n\n\n\n<li><strong>Preocupaciones ambientales<\/strong>:Las empresas deben priorizar la sostenibilidad y cumplir con las regulaciones ambientales, ya que estas cuestiones son cada vez m\u00e1s importantes para los consumidores y el gobierno.<\/li>\n<\/ol>\n\n\n\n<h2 class=\"wp-block-heading\">Principales Cl\u00fasteres Empresariales en Chile<\/h2>\n\n\n\n<p>Santiago, la capital de Chile, es una ciudad muy propicia para los negocios. Tiene sistemas de transporte bien conectados, una fuerza laboral capacitada, sectores financieros y minoristas pr\u00f3speros y produce casi la mitad del PIB del pa\u00eds.<\/p>\n\n\n\n<p>Valpara\u00edso es un destino tur\u00edstico y un importante centro comercial. Tambi\u00e9n es un polo estrat\u00e9gico para los negocios relacionados con el transporte mar\u00edtimo y de carga. Concepci\u00f3n es un centro comercial en Chile que cuenta con acceso a las regiones agr\u00edcolas y mineras del pa\u00eds.<\/p>\n\n\n\n<h2 class=\"wp-block-heading\"><strong>C\u00f3mo la investigaci\u00f3n documental de SIS International en Chile ayuda a las empresas<\/strong><\/h2>\n\n\n\n<p>La investigaci\u00f3n documental de SIS International en Chile proporciona informaci\u00f3n detallada sobre sectores clave, comportamientos de los consumidores y tendencias del mercado. Al colaborar con SIS International, las empresas obtienen varios beneficios:<\/p>\n\n\n\n<ul class=\"wp-block-list\">\n<li><strong>Informaci\u00f3n integral del mercado<\/strong>Nuestro equipo ayuda a las empresas a comprender a fondo el mercado chileno, incluidos los comportamientos de los consumidores locales y las influencias culturales.<\/li>\n\n\n\n<li><strong>Toma de decisiones basada en datos<\/strong>:Empoderamos a las empresas a tomar decisiones bien informadas que reduzcan los riesgos e impulsen el \u00e9xito en el mercado chileno.<\/li>\n\n\n\n<li><strong>Ventaja competitiva<\/strong>:Identificamos tendencias y oportunidades emergentes, asegurando que las empresas se mantengan por delante de sus competidores y se posicionen estrat\u00e9gicamente en Chile.<\/li>\n\n\n\n<li><strong>Desarrollo de estrategia personalizada<\/strong>: <a href=\"https:\/\/www.linkedin.com\/company\/sisinternationalresearch\/\" target=\"_blank\" rel=\"noopener\"><span style=\"font-weight: 400;\">SIS Internacional<\/span><\/a> ayuda a las empresas a crear estrategias adaptadas al panorama cultural y econ\u00f3mico de Chile, alineando productos y marketing con las preferencias de los consumidores locales.<\/li>\n\n\n\n<li><strong>Navegaci\u00f3n por las normas<\/strong>Nuestros expertos regulatorios brindan conocimientos para navegar en el entorno regulatorio de Chile, ayudando a las empresas a cumplir con las leyes nacionales y regionales.<\/li>\n\n\n\n<li><strong>Entrada exitosa al mercado<\/strong>:Apoyamos a las empresas en el desarrollo de planes efectivos de entrada al mercado, incluida la identificaci\u00f3n de puntos de entrada clave y la comprensi\u00f3n de los canales de distribuci\u00f3n en Chile.<\/li>\n\n\n\n<li><strong>Construyendo alianzas<\/strong>:Nuestro escritorio <a href=\"https:\/\/www.linkedin.com\/pulse\/how-market-research-enables-growth-ruth-stanat-phekf\/\" target=\"_blank\" rel=\"noopener\"><span style=\"font-weight: 400;\">investigaci\u00f3n<\/span><\/a> en Chile ayuda a las empresas a identificar y conectarse con socios, proveedores y distribuidores locales, mejorando su presencia en el mercado.<\/li>\n\n\n\n<li><strong>Soluciones de investigaci\u00f3n a medida<\/strong>:SIS International ofrece investigaci\u00f3n personalizada dise\u00f1ada para satisfacer las necesidades \u00fanicas de cada negocio, garantizando la alineaci\u00f3n con los requisitos del mercado local.<\/li>\n\n\n\n<li><strong>Gesti\u00f3n de riesgos<\/strong>:Ayudamos a las empresas a identificar riesgos potenciales, incluidos desaf\u00edos log\u00edsticos y regulatorios, y a desarrollar estrategias para minimizar su impacto.<\/li>\n\n\n\n<li><strong>Fomentando el crecimiento a largo plazo<\/strong>: <a href=\"https:\/\/medium.com\/@sisinternational\/sis-international-c17160da8fac\" target=\"_blank\" rel=\"noopener\"><span style=\"font-weight: 400;\">SIS<\/span><\/a> Proporciona informaci\u00f3n y estrategias para el crecimiento sostenible, ayudando a las empresas a alinearse con iniciativas locales, como la transformaci\u00f3n digital y los objetivos de energ\u00eda renovable.<\/li>\n<\/ul>\n\n\n\n<h2 class=\"wp-block-heading\"><strong>Acerca de SIS International Desk Research en Chile<\/strong><\/h2>\n\n\n\n<p><a href=\"https:\/\/www.sisinternational.com\/es\/\"><span style=\"font-weight: 400;\">SIS Internacional<\/span><\/a><span style=\"font-weight: 400;\"> Ofrecemos investigaci\u00f3n cuantitativa, cualitativa y estrat\u00e9gica. Proporcionamos datos, herramientas, estrategias, informes y perspectivas para la toma de decisiones. Tambi\u00e9n realizamos entrevistas, encuestas, grupos de discusi\u00f3n y otros m\u00e9todos y enfoques de investigaci\u00f3n documental.<\/span><a href=\"https:\/\/www.sisinternational.com\/es\/sobre-la-investigacion-internacional-de-sis\/contact-sis-international-market-research\/\"><span style=\"font-weight: 400;\"> P\u00f3ngase en contacto con nosotros<\/span><\/a><span style=\"font-weight: 400;\"> para su pr\u00f3ximo proyecto de investigaci\u00f3n de escritorio.<\/span><\/p>\n\n\n\n<p><\/p>","protected":false},"excerpt":{"rendered":"<p>Chile es un gran destino de inversi\u00f3n extranjera con oportunidades de negocios. SIS brinda Investigaci\u00f3n de Mercados en Chile.<\/p>","protected":false},"author":1,"featured_media":66231,"parent":14351,"menu_order":7,"comment_status":"closed","ping_status":"closed","template":"","meta":{"footnotes":""},"class_list":["post-36862","page","type-page","status-publish","has-post-thumbnail"],"_links":{"self":[{"href":"https:\/\/www.sisinternational.com\/es\/wp-json\/wp\/v2\/pages\/36862","targetHints":{"allow":["GET"]}}],"collection":[{"href":"https:\/\/www.sisinternational.com\/es\/wp-json\/wp\/v2\/pages"}],"about":[{"href":"https:\/\/www.sisinternational.com\/es\/wp-json\/wp\/v2\/types\/page"}],"author":[{"embeddable":true,"href":"https:\/\/www.sisinternational.com\/es\/wp-json\/wp\/v2\/users\/1"}],"replies":[{"embeddable":true,"href":"https:\/\/www.sisinternational.com\/es\/wp-json\/wp\/v2\/comments?post=36862"}],"version-history":[{"count":8,"href":"https:\/\/www.sisinternational.com\/es\/wp-json\/wp\/v2\/pages\/36862\/revisions"}],"predecessor-version":[{"id":79401,"href":"https:\/\/www.sisinternational.com\/es\/wp-json\/wp\/v2\/pages\/36862\/revisions\/79401"}],"up":[{"embeddable":true,"href":"https:\/\/www.sisinternational.com\/es\/wp-json\/wp\/v2\/pages\/14351"}],"wp:featuredmedia":[{"embeddable":true,"href":"https:\/\/www.sisinternational.com\/es\/wp-json\/wp\/v2\/media\/66231"}],"wp:attachment":[{"href":"https:\/\/www.sisinternational.com\/es\/wp-json\/wp\/v2\/media?parent=36862"}],"curies":[{"name":"wp","href":"https:\/\/api.w.org\/{rel}","templated":true}]}}