{"id":36847,"date":"2021-03-03T02:39:56","date_gmt":"2021-03-03T02:39:56","guid":{"rendered":"https:\/\/www.sisinternational.com\/?page_id=36847"},"modified":"2025-10-30T22:53:58","modified_gmt":"2025-10-31T02:53:58","slug":"investigacion-de-mercado-ecuador","status":"publish","type":"page","link":"https:\/\/www.sisinternational.com\/es\/cobertura\/latin-america\/investigacion-de-mercado-de-america-latina\/investigacion-de-mercado-ecuador\/","title":{"rendered":"Investigaci\u00f3n de Mercado en Ecuador"},"content":{"rendered":"<h1 class=\"wp-block-heading\">Investigaci\u00f3n de Mercado en Ecuador<\/h1>\n\n\n\n<figure class=\"gb-block-image gb-block-image-81cc6e02\"><img loading=\"lazy\" decoding=\"async\" width=\"1456\" height=\"816\" class=\"gb-image gb-image-81cc6e02\" src=\"https:\/\/www.sisinternational.com\/wp-content\/uploads\/2025\/09\/Ecuador-3.jpg\" alt=\"Investigaci\u00f3n y estrategia de mercado internacional de SIS\" title=\"Ecuador (3)\" srcset=\"https:\/\/www.sisinternational.com\/wp-content\/uploads\/2025\/09\/Ecuador-3.jpg 1456w, https:\/\/www.sisinternational.com\/wp-content\/uploads\/2025\/09\/Ecuador-3-300x168.jpg 300w, https:\/\/www.sisinternational.com\/wp-content\/uploads\/2025\/09\/Ecuador-3-1024x574.jpg 1024w, https:\/\/www.sisinternational.com\/wp-content\/uploads\/2025\/09\/Ecuador-3-768x430.jpg 768w, https:\/\/www.sisinternational.com\/wp-content\/uploads\/2025\/09\/Ecuador-3-18x10.jpg 18w\" sizes=\"auto, (max-width: 1456px) 100vw, 1456px\"><\/figure>\n\n\n\n<p><\/p>\n\n\n\n<hr class=\"wp-block-separator has-alpha-channel-opacity is-style-dots\"\/>\n\n\n\n<h2 class=\"wp-block-heading\" id=\"with-a-name-derived-from-the-equator-ecuador-is-a-country-with-a-pretty-diversified-economy\">Con un nombre derivado del ecuador, Ecuador es un pa\u00eds con una econom\u00eda bastante diversificada.<\/h2>\n\n\n\n<p>Con una poblaci\u00f3n de 17 millones, invertir en este pa\u00eds garantiza la mano de obra y el mercado necesarios.<\/p>\n\n\n\n<p><\/p>\n\n\n\n<div class=\"wp-block-columns has-global-color-9-color has-text-color has-background has-link-color wp-elements-0e66d42729ec6df23d0029110023ffe0 is-layout-flex wp-container-core-columns-is-layout-9d6595d7 wp-block-columns-is-layout-flex\" style=\"background-color:#f7f9fa6e\">\n<div class=\"wp-block-column is-layout-flow wp-block-column-is-layout-flow\" style=\"flex-basis:18%\"><\/div>\n\n\n\n<div class=\"wp-block-column is-vertically-aligned-center is-layout-flow wp-block-column-is-layout-flow\" style=\"flex-basis:71.28%\">\n<div class=\"wp-block-rank-math-toc-block aligncenter has-global-color-9-color has-text-color has-link-color wp-elements-7781e3ec9523e89e02912c0e412aded7\" style=\"font-size:16px\" id=\"rank-math-toc\"><h2><br><strong>t<\/strong>able of Contents<\/h2><nav><ul><li class=\"\"><a href=\"#with-a-name-derived-from-the-equator-ecuador-is-a-country-with-a-pretty-diversified-economy\">Con un nombre derivado del ecuador, Ecuador es un pa\u00eds con una econom\u00eda bastante diversificada.<\/a><\/li><li class=\"\"><a href=\"#ecuadors-strategic-industries\">Las industrias estrat\u00e9gicas del Ecuador<\/a><\/li><li class=\"\"><a href=\"#investment-opportunities-in-ecuador\">Oportunidades de Inversi\u00f3n en Ecuador<\/a><\/li><li class=\"\"><a href=\"#challenges-facing-ecuadors-economy\">Desaf\u00edos que enfrenta la econom\u00eda ecuatoriana<\/a><\/li><li class=\"\"><a href=\"#ecuadors-economic-hubs\">Los centros econ\u00f3micos del Ecuador<\/a><\/li><\/ul><\/nav><\/div>\n<\/div>\n<\/div>\n\n\n\n<p><\/p>\n\n\n\n<h2 class=\"wp-block-heading\" id=\"ecuadors-strategic-industries\">Las industrias estrat\u00e9gicas del Ecuador<\/h2>\n\n\n\n<p>Despu\u00e9s de presenciar cambios en las tendencias del mercado global, Ecuador diversific\u00f3 su econom\u00eda desarrollando sus sectores manufacturero y de servicios.<\/p>\n\n\n\n<h3 class=\"wp-block-heading\">Industria Petrolera en Ecuador<\/h3>\n\n\n\n<figure class=\"gb-block-image gb-block-image-fc4f21a4\"><img loading=\"lazy\" decoding=\"async\" width=\"1456\" height=\"816\" class=\"gb-image gb-image-fc4f21a4\" src=\"https:\/\/www.sisinternational.com\/wp-content\/uploads\/2025\/09\/Ecuador-2.jpg\" alt=\"Investigaci\u00f3n y estrategia de mercado internacional de SIS\" title=\"Ecuador (2)\" srcset=\"https:\/\/www.sisinternational.com\/wp-content\/uploads\/2025\/09\/Ecuador-2.jpg 1456w, https:\/\/www.sisinternational.com\/wp-content\/uploads\/2025\/09\/Ecuador-2-300x168.jpg 300w, https:\/\/www.sisinternational.com\/wp-content\/uploads\/2025\/09\/Ecuador-2-1024x574.jpg 1024w, https:\/\/www.sisinternational.com\/wp-content\/uploads\/2025\/09\/Ecuador-2-768x430.jpg 768w, https:\/\/www.sisinternational.com\/wp-content\/uploads\/2025\/09\/Ecuador-2-18x10.jpg 18w\" sizes=\"auto, (max-width: 1456px) 100vw, 1456px\"><\/figure>\n\n\n\n<p><\/p>\n\n\n\n<p>Aunque Ecuador no se encuentra entre los principales productores de petr\u00f3leo, el petr\u00f3leo crudo es su exportaci\u00f3n m\u00e1s valiosa. Con una producci\u00f3n de alrededor de medio mill\u00f3n de barriles de petr\u00f3leo por d\u00eda, tiene reservas probadas de petr\u00f3leo de casi 8.300 millones de barriles.<\/p>\n\n\n\n<p>Si bien la extracci\u00f3n es relativamente asequible, el transporte del petr\u00f3leo aumenta considerablemente el costo de la exportaci\u00f3n. La infraestructura de oleoductos del pa\u00eds est\u00e1 envejeciendo, algo que podr\u00eda afectar los ingresos del pa\u00eds provenientes de la industria petrolera.<\/p>\n\n\n\n<h3 class=\"wp-block-heading\">Procesamiento de alimentos en Ecuador<\/h3>\n\n\n\n<p>El procesamiento de alimentos representa m\u00e1s de la mitad de la industria no petrolera y aporta alrededor de 10% al PIB del pa\u00eds. La industria consiste tanto en el procesamiento de alimentos s\u00f3lidos como en el procesamiento y envasado de bebidas.<br>Over half of the processed products are fish and meat, which are mostly for export. Processed cereals as well as <a href=\"https:\/\/www.sisinternational.com\/es\/global-beverage-market\/\" title=\"Global Beverage Market: Market Dynamics, Growth Projections &amp; Consumer Insights\"  data-wpil-monitor-id=\"11306\">beverages are mostly for the local market<\/a>.<\/p>\n\n\n\n<h3 class=\"wp-block-heading\">Industria Textil en Ecuador<\/h3>\n\n\n\n<p>The textiles industry ranks second in employee numbers. It produced for the domestic <a href=\"https:\/\/www.sisinternational.com\/es\/pericia\/industrias\/investigacion-de-mercados-de-paises-de-mercados-fronterizos\/\" title=\"Mercado fronterizo Investigaci\u00f3n de mercado nacional\"  data-wpil-monitor-id=\"11307\">market until after the country<\/a> started using the US dollar as its currency.<\/p>\n\n\n\n<p>The industry has been growing at double-digit rates with its success attributed to producing both fabric and yarn. The <a href=\"https:\/\/www.sisinternational.com\/es\/pericia\/industrias\/investigacion-de-mercados-industriales\/\" title=\"Investigaci\u00f3n y estrategia de mercados industriales\"  data-wpil-monitor-id=\"11309\">industry is dominated by SMEs and market<\/a> entry is relatively easy. This has however made the industry highly competitive.<\/p>\n\n\n\n<h3 class=\"wp-block-heading\">Miner\u00eda en Ecuador<\/h3>\n\n\n\n<p>Ecuador es una econom\u00eda minera cuyos principales metales son el oro y la plata. Las minas m\u00e1s grandes del pa\u00eds son las minas de Zaruma y Cascabel. Zaruma ha producido millones de onzas de oro, mientras que se estima que Cascabel tiene m\u00e1s de 2 mil millones de toneladas de minerales y recursos naturales.<\/p>\n\n\n\n<p>La miner\u00eda del cobre tiene el potencial de mejorar enormemente las perspectivas econ\u00f3micas de Ecuador. Dado que el metal conduce eficientemente el calor y la electricidad, su demanda est\u00e1 aumentando debido al creciente inter\u00e9s por las energ\u00edas renovables.<\/p>\n\n\n\n<p><\/p>\n\n\n\n<!DOCTYPE html>\n<html lang=\"en\">\n<head>\n    <meta charset=\"UTF-8\">\n    <meta name=\"viewport\" content=\"width=device-width, initial-scale=1.0\">\n    <title>Ecuador Market Data<\/title>\n    <style>\n        \/* Responsive Table & SIS International-inspired Styling\n          - Uses corporate blue and a clean, sans-serif font.\n          - Fully responsive design ensures no page distortion on any device.\n        *\/\n        \n        .sis-table-container {\n            font-family: -apple-system, BlinkMacSystemFont, \"Segoe UI\", Roboto, Helvetica, Arial, sans-serif;\n            margin: 2em 0;\n            width: 100%;\n            \/* Allows horizontal scroll on small screens to prevent page distortion *\/\n            overflow-x: auto;\n            -webkit-overflow-scrolling: touch; \/* Smooth scrolling on iOS *\/\n        }\n\n        .sis-table-container h3 {\n            font-size: 1.5rem; \/* 24px *\/\n            font-weight: 600;\n            color: #333;\n            margin-bottom: 0.75em;\n            padding: 0;\n        }\n\n        .sis-table {\n            width: 100%;\n            border-collapse: collapse;\n            min-width: 600px; \/* Ensures table structure holds, container scrolls if needed *\/\n        }\n\n        .sis-table th,\n        .sis-table td {\n            padding: 12px 15px;\n            text-align: left;\n            line-height: 1.5;\n        }\n\n        \/* Header Styling *\/\n        .sis-table thead th {\n            background-color: #005cbf; \/* SIS corporate blue *\/\n            color: #ffffff;\n            font-weight: 600;\n            font-size: 0.9rem; \n            text-transform: uppercase;\n            letter-spacing: 0.5px;\n        }\n\n        \/* Body Styling *\/\n        .sis-table tbody tr {\n            border-bottom: 1px solid #ddd;\n        }\n\n        .sis-table tbody tr:nth-of-type(even) {\n            background-color: #f8f8f8; \/* Light gray alternate rows *\/\n        }\n\n        .sis-table tbody tr:last-of-type {\n            border-bottom: 2px solid #005cbf; \/* Match header blue *\/\n        }\n\n        .sis-table td {\n            color: #444;\n            font-size: 0.95rem; \n            vertical-align: top;\n        }\n        \n        \/* Align data cells *\/\n        .sis-table td:nth-child(2) {\n            text-align: right;\n            white-space: nowrap; \/* Prevents long numbers from wrapping *\/\n        }\n         .sis-table th:nth-child(2) {\n            text-align: right;\n        }\n\n        .sis-table-container .source-caption {\n            margin-top: 10px;\n            font-size: 0.85rem; \n            color: #555;\n            font-style: italic;\n        }\n\n        .sis-table-container .source-caption a {\n            color: #005cbf; \/* Match brand blue *\/\n            text-decoration: none;\n        }\n\n        .sis-table-container .source-caption a:hover {\n            text-decoration: underline;\n        }\n    <\/style>\n<\/head>\n<body>\n\n    <!-- \n      HTML for WordPress:\n      Copy and paste the code from .sis-table-container start to end into a Custom HTML block.\n    -->\n    <div class=\"sis-table-container\">\n        \n        <h3>Ecuador: Key Economic and Market Indicators<\/h3>\n\n        <table class=\"sis-table\">\n            <thead>\n                <tr>\n                    <th>Indicator<\/th>\n                    <th>Value (Recent Estimate)<\/th>\n                <\/tr>\n            <\/thead>\n            <tbody>\n                <tr>\n                    <td>National Population<\/td>\n                    <td>Over 18.2 Million<\/td>\n                <\/tr>\n                <tr>\n                    <td>Official Currency<\/td>\n                    <td>U.S. Dollar (Dollarized Economy)<\/td>\n                <\/tr>\n                <tr>\n                    <td>Prospective GDP Growth Outlook<\/td>\n                    <td>Moderate growth projection<\/td>\n                <\/tr>\n                 <tr>\n                    <td>Leading Export Products<\/td>\n                    <td>Crude Petroleum, Bananas, Shrimp, Cut Flowers, Cacao<\/td>\n                <\/tr>\n                 <tr>\n                    <td>Remittances to GDP<\/td>\n                    <td>Significant Contributor (high reliance on external income)<\/td>\n                <\/tr>\n            <\/tbody>\n        <\/table>\n\n        <p class=\"source-caption\">\n             Source: Data compiled from <a href=\"https:\/\/www.worldbank.org\/en\/country\/ecuador\" target=\"_blank\" rel=\"noopener noreferrer\">The World Bank<\/a> and recent reports from the National Institute of Statistics and Censuses (<a href=\"https:\/\/www.ecuadorencifras.gob.ec\/\" target=\"_blank\" rel=\"noopener noreferrer\">INEC<\/a>).\n        <\/p>\n\n    <\/div>\n\n<\/body>\n<\/html>\n\n\n\n\n<p><\/p>\n\n\n\n<h2 class=\"wp-block-heading\" id=\"investment-opportunities-in-ecuador\">Oportunidades de Inversi\u00f3n en Ecuador<\/h2>\n\n\n\n<p>Ecuador tiene una fuerza laboral calificada y la infraestructura adecuada para respaldar su econom\u00eda en crecimiento. La infraestructura portuaria maneja varios miles de embarcaciones que transportan exportaciones del pa\u00eds, mientras que el Aeropuerto Internacional de Quito y las carreteras locales brindan acceso a \u00e1reas clave de crecimiento.<\/p>\n\n\n\n<h3 class=\"wp-block-heading\">Oportunidades mineras en Ecuador<\/h3>\n\n\n\n<p>A pesar de ser rico en metales b\u00e1sicos y preciosos, Ecuador no es un productor de minerales clave. Sin embargo, el sector tiene potencial de crecimiento y el gobierno ha abierto la industria a los inversores extranjeros.<\/p>\n\n\n\n<p>Other than going into mineral extraction, other <a href=\"https:\/\/www.sisinternational.com\/es\/soluciones\/consultoria-estrategica\/mapeo-de-oportunidades-investigacion-de-mercado\/\" title=\"Investigaci\u00f3n de mercado de mapeo de oportunidades\" data-wpil-monitor-id=\"11311\">opportunities in this industry include mapping<\/a>, geophysics, providing mining and safety equipment as well as mining software.<\/p>\n\n\n\n<h3 class=\"wp-block-heading\">Oportunidades de agronegocios en Ecuador<\/h3>\n\n\n\n<p>Ecuador es uno de los principales productores mundiales de banano, cacao en grano y aceite de palma. El cultivo y la exportaci\u00f3n de banano proporcionan una fuerte ventaja competitiva para la industria y crean un super\u00e1vit comercial para el pa\u00eds. Sin embargo, hay margen para aumentar la producci\u00f3n y la rentabilidad.<\/p>\n\n\n\n<p>El negocio del vino tambi\u00e9n puede prosperar en el pa\u00eds debido a sus condiciones clim\u00e1ticas ideales para el cultivo de la uva. El pa\u00eds tambi\u00e9n produce pi\u00f1as, guayabas y naranjas. Dado que el jugo fresco es com\u00fan en Ecuador, un negocio de exportaci\u00f3n puede ser una opci\u00f3n, aprovechando el bajo costo de producci\u00f3n.<\/p>\n\n\n\n<h3 class=\"wp-block-heading\">Oportunidades de fabricaci\u00f3n en Ecuador<\/h3>\n\n\n\n<p>Ecuador imports a lot of machinery and computer equipment. <a href=\"https:\/\/www.sisinternational.com\/es\/pericia\/industrias\/estudio-de-mercado-de-vehiculos-electricos\/\" title=\"Investigaci\u00f3n de mercado de veh\u00edculos el\u00e9ctricos\" data-wpil-monitor-id=\"11313\">Vehicles and electrical<\/a> equipment are also part of the country\u2019s top imports. This shows that there is an investment opportunity in the manufacturing of these products.<\/p>\n\n\n\n<h2 class=\"wp-block-heading\" id=\"challenges-facing-ecuadors-economy\">Desaf\u00edos que enfrenta la econom\u00eda ecuatoriana<\/h2>\n\n\n\n<figure class=\"gb-block-image gb-block-image-a63a7e81\"><img loading=\"lazy\" decoding=\"async\" width=\"1456\" height=\"816\" class=\"gb-image gb-image-a63a7e81\" src=\"https:\/\/www.sisinternational.com\/wp-content\/uploads\/2025\/09\/Ecuador-1.jpg\" alt=\"Investigaci\u00f3n y estrategia de mercado internacional de SIS\" title=\"Ecuador (1)\" srcset=\"https:\/\/www.sisinternational.com\/wp-content\/uploads\/2025\/09\/Ecuador-1.jpg 1456w, https:\/\/www.sisinternational.com\/wp-content\/uploads\/2025\/09\/Ecuador-1-300x168.jpg 300w, https:\/\/www.sisinternational.com\/wp-content\/uploads\/2025\/09\/Ecuador-1-1024x574.jpg 1024w, https:\/\/www.sisinternational.com\/wp-content\/uploads\/2025\/09\/Ecuador-1-768x430.jpg 768w, https:\/\/www.sisinternational.com\/wp-content\/uploads\/2025\/09\/Ecuador-1-18x10.jpg 18w\" sizes=\"auto, (max-width: 1456px) 100vw, 1456px\"><\/figure>\n\n\n\n<p><\/p>\n\n\n\n<p>Las regulaciones fiscales y legales en Ecuador son complejas, algo que puede convertir la planificaci\u00f3n empresarial en un desaf\u00edo. Las leyes a menudo se interpretan y aplican de manera inconsistente, lo que dificulta el cumplimiento de los contratos. Esto se traduce en un mayor riesgo y costo de hacer negocios.<\/p>\n\n\n\n<h2 class=\"wp-block-heading\" id=\"ecuadors-economic-hubs\">Los centros econ\u00f3micos del Ecuador<\/h2>\n\n\n\n<p>Quito, la capital del pa\u00eds, es un polo de inversionistas en los sectores manufacturero y de servicios. Al albergar las oficinas centrales y las oficinas regionales de empresas nacionales e internacionales, la ciudad es el centro de negocios obvio del pa\u00eds.<\/p>\n\n\n\n<p>La ciudad de Guayaquil ofrece el entorno adecuado para inversiones en agricultura, transporte y turismo. La ciudad de Cuenca es ideal para el turismo con sus artefactos hist\u00f3ricos, arquitect\u00f3nicos y arqueol\u00f3gicos que impulsan el sector.<\/p>\n\n\n\n<p>Para tener mejores posibilidades de \u00e9xito empresarial en Ecuador, los inversores deben visitar el pa\u00eds y establecer conexiones con socios comerciales locales. Dependiendo de la naturaleza del negocio que se est\u00e9 creando, trabajar con un agente local podr\u00eda ser la mejor opci\u00f3n.<\/p>\n\n\n\n<p><a href=\"https:\/\/www.sisinternational.com\/es\/contacto-sis-investigacion-de-mercado-internacional\/\" title=\"Cont\u00e1ctenos\" data-wpil-monitor-id=\"11300\">SIS International Research<\/a> can help investors make the right investment decisions by providing deep market insights. We are experienced in researching consumer interests and trends and providing our clients with business intelligence and <a href=\"https:\/\/www.sisinternational.com\/es\/soluciones\/si-crecimiento-global\/estrategia-de-entrada-al-mercado\/\" title=\"Consultor\u00eda de entrada al mercado\" data-wpil-monitor-id=\"11302\">estrategias de entrada al mercado<\/a> which always work.<\/p>\n\n\n<h2>Nuestra ubicaci\u00f3n de instalaciones en Nueva York<\/h2>\n<p><!-- \/wp:post-content --> <!-- wp:html --> <iframe loading=\"lazy\" src=\"https:\/\/www.google.com\/maps\/embed?pb=!1m18!1m12!1m3!1d3022.976188376966!2d-73.99130312499956!3d40.740549471389315!2m3!1f0!2f0!3f0!3m2!1i1024!2i768!4f13.1!3m3!1m2!1s0x89c259a15798c731%3A0xd695d09bdd495f25!2s11%20E%2022nd%20St%20FL%202%2C%20New%20York%2C%20NY%2010010%2C%20USA!5e0!3m2!1sen!2spe!4v1726171763526!5m2!1sen!2spe\" width=\"600\" height=\"450\" allowfullscreen=\"allowfullscreen\" data-mce-fragment=\"1\"><\/iframe> <!-- \/wp:html --> <!-- wp:paragraph --><\/p>\n<h3 class=\"wp-block-heading\">11 E 22nd Street, Piso 2, Nueva York, NY 10010 T: +1(212) 505-6805<\/h3>\n<hr \/>\n<h2><span style=\"font-weight: 400;\">Acerca de SIS Internacional<\/span><\/h2>\n<p><a href=\"https:\/\/www.sisinternational.com\/es\/\"><span style=\"font-weight: 400;\">SIS Internacional<\/span><\/a><span style=\"font-weight: 400;\"> offers Quantitative, Qualitative, and Strategy Research. We provide data, tools, strategies, reports, and insights for decision-making. We also conduct interviews, surveys, focus groups, and other <a href=\"https:\/\/www.sisinternational.com\/es\/quantitative-market-research-methods-and-techniques\/\" title=\"Quantitative Market Research Methods and Techniques\" data-wpil-monitor-id=\"11304\">Market Research methods<\/a> and approaches.<\/span><a href=\"https:\/\/www.sisinternational.com\/es\/sobre-la-investigacion-internacional-de-sis\/contact-sis-international-market-research\/\"><span style=\"font-weight: 400;\"> P\u00f3ngase en contacto con nosotros<\/span><\/a><span style=\"font-weight: 400;\"> para su pr\u00f3ximo proyecto de Investigaci\u00f3n de Mercado.<\/span><\/p>\n<p><!-- wp:heading --><\/p>\n<h2 id=\"about-sis-international\" class=\"wp-block-heading\">\u00a0<\/h2><!-- \/wp:heading -->","protected":false},"excerpt":{"rendered":"<p>Brindamos Investigaci\u00f3n de Mercado en Ecuador, Sudam\u00e9rica.<\/p>","protected":false},"author":1,"featured_media":66263,"parent":14351,"menu_order":6,"comment_status":"closed","ping_status":"closed","template":"","meta":{"footnotes":""},"class_list":["post-36847","page","type-page","status-publish","has-post-thumbnail"],"_links":{"self":[{"href":"https:\/\/www.sisinternational.com\/es\/wp-json\/wp\/v2\/pages\/36847","targetHints":{"allow":["GET"]}}],"collection":[{"href":"https:\/\/www.sisinternational.com\/es\/wp-json\/wp\/v2\/pages"}],"about":[{"href":"https:\/\/www.sisinternational.com\/es\/wp-json\/wp\/v2\/types\/page"}],"author":[{"embeddable":true,"href":"https:\/\/www.sisinternational.com\/es\/wp-json\/wp\/v2\/users\/1"}],"replies":[{"embeddable":true,"href":"https:\/\/www.sisinternational.com\/es\/wp-json\/wp\/v2\/comments?post=36847"}],"version-history":[{"count":6,"href":"https:\/\/www.sisinternational.com\/es\/wp-json\/wp\/v2\/pages\/36847\/revisions"}],"predecessor-version":[{"id":81843,"href":"https:\/\/www.sisinternational.com\/es\/wp-json\/wp\/v2\/pages\/36847\/revisions\/81843"}],"up":[{"embeddable":true,"href":"https:\/\/www.sisinternational.com\/es\/wp-json\/wp\/v2\/pages\/14351"}],"wp:featuredmedia":[{"embeddable":true,"href":"https:\/\/www.sisinternational.com\/es\/wp-json\/wp\/v2\/media\/66263"}],"wp:attachment":[{"href":"https:\/\/www.sisinternational.com\/es\/wp-json\/wp\/v2\/media?parent=36847"}],"curies":[{"name":"wp","href":"https:\/\/api.w.org\/{rel}","templated":true}]}}