{"id":36840,"date":"2021-03-03T01:42:43","date_gmt":"2021-03-03T01:42:43","guid":{"rendered":"https:\/\/www.sisinternational.com\/?page_id=36840"},"modified":"2026-01-25T19:31:10","modified_gmt":"2026-01-26T00:31:10","slug":"investigacion-de-mercado-peru","status":"publish","type":"page","link":"https:\/\/www.sisinternational.com\/es\/cobertura\/latin-america\/investigacion-de-mercado-de-america-latina\/investigacion-de-mercado-peru\/","title":{"rendered":"Investigaci\u00f3n documental en Per\u00fa"},"content":{"rendered":"<h1 class=\"wp-block-heading\">Investigaci\u00f3n documental en Per\u00fa<\/h1>\n\n\n\n<figure class=\"gb-block-image gb-block-image-6da07b0f\"><img loading=\"lazy\" decoding=\"async\" width=\"1456\" height=\"816\" class=\"gb-image gb-image-6da07b0f\" src=\"https:\/\/www.sisinternational.com\/wp-content\/uploads\/2025\/09\/Peru-2.jpg\" alt=\"Investigaci\u00f3n y estrategia de mercado internacional de SIS\" title=\"Peru (2)\" srcset=\"https:\/\/www.sisinternational.com\/wp-content\/uploads\/2025\/09\/Peru-2.jpg 1456w, https:\/\/www.sisinternational.com\/wp-content\/uploads\/2025\/09\/Peru-2-300x168.jpg 300w, https:\/\/www.sisinternational.com\/wp-content\/uploads\/2025\/09\/Peru-2-1024x574.jpg 1024w, https:\/\/www.sisinternational.com\/wp-content\/uploads\/2025\/09\/Peru-2-768x430.jpg 768w, https:\/\/www.sisinternational.com\/wp-content\/uploads\/2025\/09\/Peru-2-18x10.jpg 18w\" sizes=\"auto, (max-width: 1456px) 100vw, 1456px\"><\/figure>\n\n\n\n<p><\/p>\n\n\n\n<h2 class=\"wp-block-heading\">La econom\u00eda peruana se caracteriza por sus ricos recursos naturales, su creciente clase media y sus variadas influencias culturales. Por eso, la investigaci\u00f3n documental en Per\u00fa ayuda a las empresas a cerrar brechas de conocimiento y tomar decisiones estrat\u00e9gicas basadas en datos cre\u00edbles.<\/h2>\n\n\n\n<p>\u00bfQu\u00e9 hace que Per\u00fa sea un mercado tan atractivo para la expansi\u00f3n empresarial? La investigaci\u00f3n documental en Per\u00fa proporciona informaci\u00f3n fundamental sobre esta econom\u00eda tan variada, lo que ayuda a las marcas a comprender y desenvolverse eficazmente en el entorno de consumo local.<\/p>\n\n\n\n<h2 class=\"wp-block-heading\"><strong>\u00bfQu\u00e9 es la investigaci\u00f3n de escritorio en Per\u00fa?<\/strong><\/h2>\n\n\n\n<p>La investigaci\u00f3n documental en Per\u00fa analiza la din\u00e1mica del mercado peruano, el comportamiento del consumidor y las condiciones econ\u00f3micas. Este tipo de investigaci\u00f3n es esencial para identificar las preferencias de los consumidores, descubrir nuevas oportunidades y mitigar los riesgos. Ayuda a las empresas a comprender las necesidades, preferencias y comportamientos de los consumidores, lo que les permite adaptar sus ofertas a la audiencia local.<\/p>\n\n\n\n<h2 class=\"wp-block-heading\"><strong>\u00bfPor qu\u00e9 las empresas necesitan investigaci\u00f3n de escritorio en Per\u00fa?<\/strong><\/h2>\n\n\n\n<p><a class=\"wpil_keyword_link\" href=\"https:\/\/www.sisinternational.com\/es\/herramientas-y-recursos-de-investigacion-de-escritorio\/\"   title=\"Herramientas y recursos para la investigaci\u00f3n documental\" data-wpil-keyword-link=\"linked\"  data-wpil-monitor-id=\"748\">Investigaci\u00f3n documental<\/a> in Peru is crucial for businesses aiming to understand the complex market landscape and factors that drive consumer behavior. Peru&#8217;s economy is known for its natural resources, diverse regions, and emerging middle class. These factors make desk research essential for any company looking to enter or expand in this market.<\/p>\n\n\n\n<p>Adem\u00e1s, el diverso panorama cultural del Per\u00fa requiere un enfoque matizado de marketing y desarrollo de marca para llegar de manera eficaz a las diferentes regiones y poblaciones. Al comprender estas diferencias, las empresas pueden construir conexiones s\u00f3lidas con los consumidores. Adem\u00e1s, la investigaci\u00f3n documental proporciona informaci\u00f3n valiosa sobre el entorno regulatorio, la log\u00edstica y el panorama competitivo del Per\u00fa. Esta informaci\u00f3n ayuda a las empresas a anticipar los desaf\u00edos y posicionarse de manera eficaz.<\/p>\n\n\n\n<h2 class=\"wp-block-heading\"><strong>Principales atractivos tur\u00edsticos del Per\u00fa<\/strong><\/h2>\n\n\n\n<p>La investigaci\u00f3n documental realizada en Per\u00fa destaca varias atracciones tur\u00edsticas populares que atraen a millones de visitantes cada a\u00f1o. A continuaci\u00f3n, se enumeran cinco atracciones principales:<\/p>\n\n\n\n<ul class=\"wp-block-list\">\n<li><strong>Machu Picchu<\/strong>:La antigua ciudadela inca de Machu Picchu es la atracci\u00f3n tur\u00edstica m\u00e1s emblem\u00e1tica de Per\u00fa. Ubicada en la Cordillera de los Andes, atrae a visitantes interesados en la historia, la arqueolog\u00eda y las vistas impresionantes.<\/li>\n\n\n\n<li><strong>Valle Sagrado<\/strong>:El Valle Sagrado de los Incas, ubicado cerca de Cusco, ofrece una mezcla \u00fanica de belleza natural, sitios arqueol\u00f3gicos y cultura tradicional, lo que lo convierte en un destino tur\u00edstico.<\/li>\n\n\n\n<li><strong>Cuzco<\/strong>:La ciudad de Cusco, declarada Patrimonio de la Humanidad por la UNESCO, es conocida por su mezcla de arquitectura colonial inca y espa\u00f1ola. Es la puerta de entrada a Machu Picchu y ofrece una rica experiencia cultural.<\/li>\n\n\n\n<li><strong>Lago Titicaca<\/strong>:Situado en la frontera entre Per\u00fa y Bolivia, el lago Titicaca es el lago navegable m\u00e1s alto del mundo. Es famoso por sus islas flotantes y la cultura tradicional del pueblo Uros.<\/li>\n\n\n\n<li><strong>Selva amaz\u00f3nica<\/strong>:La Amazon\u00eda peruana es una de las regiones con mayor biodiversidad del planeta y ofrece a los turistas la oportunidad de experimentar una vida silvestre \u00fanica, bosques exuberantes y culturas ind\u00edgenas.<\/li>\n<\/ul>\n\n\n\n<h2 class=\"wp-block-heading\">\u00bfCu\u00e1les son las industrias m\u00e1s grandes del Per\u00fa?<\/h2>\n\n\n\n<figure class=\"gb-block-image gb-block-image-49d4e666\"><img loading=\"lazy\" decoding=\"async\" width=\"1456\" height=\"816\" class=\"gb-image gb-image-49d4e666\" src=\"https:\/\/www.sisinternational.com\/wp-content\/uploads\/2025\/09\/Peru-1.jpg\" alt=\"Investigaci\u00f3n y estrategia de mercado internacional de SIS\" title=\"Peru (1)\" srcset=\"https:\/\/www.sisinternational.com\/wp-content\/uploads\/2025\/09\/Peru-1.jpg 1456w, https:\/\/www.sisinternational.com\/wp-content\/uploads\/2025\/09\/Peru-1-300x168.jpg 300w, https:\/\/www.sisinternational.com\/wp-content\/uploads\/2025\/09\/Peru-1-1024x574.jpg 1024w, https:\/\/www.sisinternational.com\/wp-content\/uploads\/2025\/09\/Peru-1-768x430.jpg 768w, https:\/\/www.sisinternational.com\/wp-content\/uploads\/2025\/09\/Peru-1-18x10.jpg 18w\" sizes=\"auto, (max-width: 1456px) 100vw, 1456px\"><\/figure>\n\n\n\n<p><\/p>\n\n\n\n<p>La econom\u00eda peruana est\u00e1 impulsada por los sectores minero, agr\u00edcola, tur\u00edstico y manufacturero. Las actividades en estos sectores involucran a los peruanos en las ciudades y en el campo.<\/p>\n\n\n\n<h3 class=\"wp-block-heading\">Agricultura en Per\u00fa<\/h3>\n\n\n\n<p>Per\u00fa cuenta con una cartera agr\u00edcola diversificada. En sus f\u00e9rtiles tierras, el pa\u00eds produce caf\u00e9, trigo sarraceno, mangos, uvas, aguacates y una variedad de frutas c\u00edtricas. Entre sus productos agr\u00edcolas tambi\u00e9n se encuentran hortalizas como esp\u00e1rragos, cebollas y alcachofas.<\/p>\n\n\n\n<p>El procesamiento de alimentos del Per\u00fa produce forraje y pellets para animales. El pa\u00eds tambi\u00e9n produce productos pesqueros, siendo las anchoas la captura m\u00e1s popular. Sin embargo, la pesca se ve obstaculizada durante <em>El Ni\u00f1o<\/em>.<\/p>\n\n\n\n<h3 class=\"wp-block-heading\">Fabricaci\u00f3n en Per\u00fa<\/h3>\n\n\n\n<p>El Per\u00fa agrega valor a muchos de sus productos. La industria manufacturera es una parte esencial de la econom\u00eda y contribuye con m\u00e1s de 201 TP3T al PBI. El sector textil es uno de los beneficiarios m\u00e1s evidentes de las iniciativas de valor agregado del pa\u00eds.<\/p>\n\n\n\n<p>Tras haber firmado un acuerdo comercial con la UE, Per\u00fa tiene acceso libre de aranceles a Europa, lo que le proporciona un mercado f\u00e1cil para sus productos procesados. Los textiles y la indumentaria se encuentran entre las principales exportaciones del sector manufacturero a los Estados Unidos y Europa.<\/p>\n\n\n\n<h3 class=\"wp-block-heading\">Turismo en Per\u00fa<\/h3>\n\n\n\n<p>Los turistas acuden en masa a este pa\u00eds sudamericano por su rica historia, sus atractivos naturales y su selva amaz\u00f3nica. Esta \u00faltima es por s\u00ed sola un gran atractivo para los ecoturistas. Los turistas que buscan aventuras en Per\u00fa visitan los Andes y el Ca\u00f1\u00f3n del Colca.<\/p>\n\n\n\n<p>Per\u00fa es tambi\u00e9n la ubicaci\u00f3n de la famosa ciudadela Inca, Machu Picchu, que es el principal destino tur\u00edstico del Per\u00fa.<\/p>\n\n\n\n<h3 class=\"wp-block-heading\">Miner\u00eda en Per\u00fa<\/h3>\n\n\n\n<p>La regi\u00f3n andina del Per\u00fa es fuente de una gran riqueza mineral. Con reservas de oro, plata, cobre, zinc y plomo, el pa\u00eds es un reconocido productor y exportador mundial. Aunque la mayor\u00eda de los metales se exportan en forma de mineral, algunas cantidades de cobre se refinan localmente antes de su exportaci\u00f3n.<\/p>\n\n\n\n<h2 class=\"wp-block-heading\">Oportunidades de Inversi\u00f3n en Per\u00fa<\/h2>\n\n\n\n<p>El Per\u00fa ofrece muchas oportunidades de negocios. Sin embargo, sus d\u00e9ficits comerciales indican brechas que deben ser cubiertas para mejorar la situaci\u00f3n econ\u00f3mica del pa\u00eds.<\/p>\n\n\n\n<h3 class=\"wp-block-heading\">Oportunidades de fabricaci\u00f3n en Per\u00fa<\/h3>\n\n\n\n<p>Las principales importaciones de Per\u00fa incluyen maquinaria pesada, equipos inform\u00e1ticos y veh\u00edculos automotores, que se importan principalmente de China, Estados Unidos y pa\u00edses vecinos de la regi\u00f3n como Brasil y Chile.<\/p>\n\n\n\n<p>Existen abundantes oportunidades en la fabricaci\u00f3n de productos relacionados con la maquinaria. Un punto de entrada f\u00e1cil ser\u00eda el montaje de puntos. Adem\u00e1s de abaratar los productos en el mercado local, esto crear\u00eda empleos e impactar\u00eda positivamente en otros sectores de la econom\u00eda.<\/p>\n\n\n\n<h3 class=\"wp-block-heading\">Oportunidades de agronegocios en el Per\u00fa<\/h3>\n\n\n\n<p>Per\u00fa es conocido por ser un exportador de alimentos, pero adem\u00e1s de frutas y verduras, el pa\u00eds tiene potencial para aumentar sus exportaciones de otros alimentos, entre ellos la quinua, la maca, las casta\u00f1as, el ma\u00edz morado, la chirimoya, el algod\u00f3n y la ca\u00f1a de az\u00facar.<\/p>\n\n\n\n<p>El gobierno est\u00e1 trabajando para hacer crecer el sector agr\u00edcola. Ha iniciado proyectos de irrigaci\u00f3n y ha firmado acuerdos comerciales con los mercados de Estados Unidos, la UE y Asia. Con una fuerza laboral numerosa y joven, los inversores pueden acceder a recursos y mercados.<\/p>\n\n\n\n<h3 class=\"wp-block-heading\">Negocio de marihuana medicinal en Per\u00fa<\/h3>\n\n\n\n<p>Per\u00fa legaliz\u00f3 el uso de la marihuana con fines m\u00e9dicos y, con ello, se abri\u00f3 a la producci\u00f3n, investigaci\u00f3n y comercializaci\u00f3n del cannabis. La industria del CBD est\u00e1 creciendo r\u00e1pidamente y el mercado global se est\u00e1 expandiendo.<\/p>\n\n\n\n<p>Los bajos precios de la tierra y la mano de obra asequible en Per\u00fa son un incentivo perfecto para los inversores del CBD.<\/p>\n\n\n\n<h2 class=\"wp-block-heading\">Desaf\u00edos que enfrenta la econom\u00eda peruana<\/h2>\n\n\n\n<figure class=\"gb-block-image gb-block-image-c7015225\"><img loading=\"lazy\" decoding=\"async\" width=\"1456\" height=\"816\" class=\"gb-image gb-image-c7015225\" src=\"https:\/\/www.sisinternational.com\/wp-content\/uploads\/2025\/09\/Peru-4.jpg\" alt=\"Investigaci\u00f3n y estrategia de mercado internacional de SIS\" title=\"Peru (4)\" srcset=\"https:\/\/www.sisinternational.com\/wp-content\/uploads\/2025\/09\/Peru-4.jpg 1456w, https:\/\/www.sisinternational.com\/wp-content\/uploads\/2025\/09\/Peru-4-300x168.jpg 300w, https:\/\/www.sisinternational.com\/wp-content\/uploads\/2025\/09\/Peru-4-1024x574.jpg 1024w, https:\/\/www.sisinternational.com\/wp-content\/uploads\/2025\/09\/Peru-4-768x430.jpg 768w, https:\/\/www.sisinternational.com\/wp-content\/uploads\/2025\/09\/Peru-4-18x10.jpg 18w\" sizes=\"auto, (max-width: 1456px) 100vw, 1456px\"><\/figure>\n\n\n\n<p><\/p>\n\n\n\n<p>A pesar de las muchas oportunidades que ofrece el Per\u00fa, la investigaci\u00f3n documental identifica varios desaf\u00edos que las empresas deben afrontar, entre ellos:<\/p>\n\n\n\n<ol start=\"1\" class=\"wp-block-list\">\n<li><strong>Complejidad regulatoria<\/strong>Navegar por el marco regulatorio del Per\u00fa puede ser un desaf\u00edo, particularmente para las empresas extranjeras que no est\u00e1n familiarizadas con los requisitos locales.<\/li>\n\n\n\n<li><strong>Desigualdad econ\u00f3mica<\/strong>:Las disparidades econ\u00f3micas en el Per\u00fa pueden afectar el poder adquisitivo de los consumidores, influyendo en la segmentaci\u00f3n del mercado y el posicionamiento de los productos.<\/li>\n\n\n\n<li><strong>Alta competencia<\/strong>:El mercado peruano es altamente competitivo, con marcas locales e internacionales compitiendo por la atenci\u00f3n del consumidor.<\/li>\n\n\n\n<li><strong>Acceso a Financiamiento<\/strong>:A las peque\u00f1as y medianas empresas puede resultarles dif\u00edcil acceder a financiaci\u00f3n, lo que puede limitar su capacidad de expansi\u00f3n.<\/li>\n\n\n\n<li><strong>Barreras geogr\u00e1ficas<\/strong>:La diversa geograf\u00eda del Per\u00fa, incluidas las regiones monta\u00f1osas y la Amazon\u00eda, crea desaf\u00edos log\u00edsticos para la gesti\u00f3n de la cadena de suministro.<\/li>\n\n\n\n<li><strong>Retrasos burocr\u00e1ticos<\/strong>:Las ineficiencias burocr\u00e1ticas pueden generar retrasos en los procesos de negocio, lo que afecta el ingreso al mercado y las operaciones generales.<\/li>\n\n\n\n<li><strong>Preocupaciones ambientales<\/strong>:Las empresas deben priorizar la sostenibilidad y cumplir con las regulaciones ambientales, ya que estas cuestiones son cada vez m\u00e1s importantes para los consumidores y el gobierno.<\/li>\n<\/ol>\n\n\n\n<h2 class=\"wp-block-heading\">Principales Cl\u00fasteres Empresariales del Per\u00fa<\/h2>\n\n\n\n<p>Lima, la capital y ciudad m\u00e1s poblada de Per\u00fa, es uno de los centros econ\u00f3micos del pa\u00eds. La ciudad es un centro empresarial para los sectores manufacturero y financiero. San Mart\u00edn ofrece el entorno adecuado para la actividad agr\u00edcola, con disponibilidad de agua y temperaturas c\u00e1lidas durante todo el a\u00f1o.<\/p>\n\n\n\n<p>El Per\u00fa cuenta con cuatro zonas econ\u00f3micas especiales operativas: ZOFRATACNA, Paita, Ilo y Matarani. Las actividades econ\u00f3micas en estas zonas abastecen a los mercados de la regi\u00f3n, as\u00ed como a China, Rusia, Estados Unidos y el Reino Unido.<\/p>\n\n\n\n<p>El Per\u00fa es reconocido por sus actividades econ\u00f3micas, que abarcan desde la agricultura hasta el turismo. La apertura a las inversiones extranjeras ha creado espacio para un mayor crecimiento econ\u00f3mico. Sin embargo, los inversionistas deber\u00e1n estudiar el mercado para comprender la din\u00e1mica antes de iniciar operaciones.<\/p>\n\n\n\n<p>At SIS International Research, we help global investors identify markets that align with their products and services and will increase their chances of achieving their business goals. We conduct <a href=\"https:\/\/www.sisinternational.com\/es\/pericia\/industrias\/investigacion-de-mercado-de-telemetria\/\" title=\"Investigaci\u00f3n de mercado de telemetr\u00eda\"  data-wpil-monitor-id=\"5708\">research and provide insights that determine market<\/a> entry and business success strategy.<\/p>\n\n\n\n<h2 class=\"wp-block-heading\"><strong>C\u00f3mo la investigaci\u00f3n documental de SIS International en Per\u00fa ayuda a las empresas<\/strong><\/h2>\n\n\n\n<p>La investigaci\u00f3n documental de SIS International en Per\u00fa proporciona informaci\u00f3n valiosa sobre sectores clave, comportamientos de los consumidores y tendencias del mercado. Nuestra investigaci\u00f3n ayuda a las empresas a desarrollar estrategias efectivas que tengan eco en las audiencias locales, brindando a los clientes datos pr\u00e1cticos y orientaci\u00f3n estrat\u00e9gica para una toma de decisiones informada.<\/p>\n\n\n\n<p>Ayudamos a las empresas a obtener diversos beneficios como:<\/p>\n\n\n\n<ul class=\"wp-block-list\">\n<li><strong>Informaci\u00f3n integral del mercado<\/strong>Nuestro equipo ayuda a las empresas a comprender a fondo el mercado peruano, incluidos los comportamientos de los consumidores locales y las influencias culturales.<\/li>\n\n\n\n<li><strong>Toma de decisiones basada en datos<\/strong>:Empoderamos a las empresas a tomar decisiones informadas que reduzcan riesgos e impulsen el \u00e9xito en el mercado peruano.<\/li>\n\n\n\n<li><strong>Ventaja competitiva<\/strong>:Identificamos tendencias y oportunidades emergentes, asegurando que las empresas se mantengan por delante de sus competidores y se posicionen estrat\u00e9gicamente en el Per\u00fa.<\/li>\n\n\n\n<li><strong>Desarrollo de estrategia personalizada<\/strong>:SIS International ayuda a las empresas a desarrollar estrategias adaptadas a la diversidad cultural y econ\u00f3mica del Per\u00fa, alineando productos y marketing con las preferencias de los consumidores locales.<\/li>\n\n\n\n<li><strong>Navegaci\u00f3n por las normas<\/strong>Nuestros expertos regulatorios brindan conocimientos para navegar en el entorno regulatorio del Per\u00fa, ayudando a las empresas a cumplir con las leyes nacionales y regionales.<\/li>\n\n\n\n<li><strong>Entrada exitosa al mercado<\/strong>:Apoyamos a las empresas en la elaboraci\u00f3n de planes efectivos de entrada al mercado, incluida la identificaci\u00f3n de puntos de entrada clave y la comprensi\u00f3n de las redes de distribuci\u00f3n en Per\u00fa.<\/li>\n\n\n\n<li><strong>Construyendo alianzas<\/strong>:Nuestro escritorio <a href=\"https:\/\/www.linkedin.com\/pulse\/how-market-research-enables-growth-ruth-stanat-phekf\/\" target=\"_blank\" rel=\"noopener\"><span style=\"font-weight: 400;\">investigaci\u00f3n<\/span><\/a> En Per\u00fa ayuda a las empresas a identificar y conectarse con socios, proveedores y distribuidores locales, mejorando su presencia en el mercado.<\/li>\n\n\n\n<li><strong>Soluciones de investigaci\u00f3n a medida<\/strong>: <a href=\"https:\/\/www.linkedin.com\/company\/sisinternationalresearch\/\" target=\"_blank\" rel=\"noopener\"><span style=\"font-weight: 400;\">SIS Internacional<\/span><\/a> Ofrece investigaci\u00f3n personalizada dise\u00f1ada para satisfacer las necesidades \u00fanicas de cada negocio, garantizando la alineaci\u00f3n con los requisitos del mercado local.<\/li>\n\n\n\n<li><strong>Gesti\u00f3n de riesgos<\/strong>:Ayudamos a las empresas a identificar riesgos potenciales, incluidos desaf\u00edos log\u00edsticos y regulatorios, y a desarrollar estrategias para minimizar su impacto.<\/li>\n\n\n\n<li><strong>Fomentando el crecimiento a largo plazo<\/strong>: <a href=\"https:\/\/medium.com\/@sisinternational\/sis-international-c17160da8fac\" target=\"_blank\" rel=\"noopener\"><span style=\"font-weight: 400;\">SIS<\/span><\/a> Proporciona informaci\u00f3n y estrategias para el crecimiento sostenible, ayudando a las empresas a alinearse con iniciativas locales, como la transformaci\u00f3n digital y el desarrollo de infraestructura.<\/li>\n<\/ul>\n\n\n\n<h2 class=\"wp-block-heading\"><strong>Acerca de SIS Internacional<\/strong><\/h2>\n\n\n\n<p><a href=\"https:\/\/www.sisinternational.com\/es\/\"><span style=\"font-weight: 400;\">SIS Internacional<\/span><\/a><span style=\"font-weight: 400;\"> ofrece investigaci\u00f3n cuantitativa, cualitativa y estrat\u00e9gica. Proporcionamos datos, herramientas, estrategias, informes y conocimientos para la toma de decisiones. Tambi\u00e9n realizamos entrevistas, encuestas, grupos focales y otros m\u00e9todos y enfoques de investigaci\u00f3n de mercado.<\/span><a href=\"https:\/\/www.sisinternational.com\/es\/sobre-la-investigacion-internacional-de-sis\/contact-sis-international-market-research\/\"><span style=\"font-weight: 400;\"> P\u00f3ngase en contacto con nosotros<\/span><\/a><span style=\"font-weight: 400;\"> para su pr\u00f3ximo proyecto de Investigaci\u00f3n de Mercado.<\/span><\/p>","protected":false},"excerpt":{"rendered":"<p>El Per\u00fa es reconocido por sus actividades econ\u00f3micas. Haga crecer su negocio con Investigaci\u00f3n de Mercado en Per\u00fa.<\/p>","protected":false},"author":1,"featured_media":66338,"parent":14351,"menu_order":4,"comment_status":"closed","ping_status":"closed","template":"","meta":{"footnotes":""},"class_list":["post-36840","page","type-page","status-publish","has-post-thumbnail"],"_links":{"self":[{"href":"https:\/\/www.sisinternational.com\/es\/wp-json\/wp\/v2\/pages\/36840","targetHints":{"allow":["GET"]}}],"collection":[{"href":"https:\/\/www.sisinternational.com\/es\/wp-json\/wp\/v2\/pages"}],"about":[{"href":"https:\/\/www.sisinternational.com\/es\/wp-json\/wp\/v2\/types\/page"}],"author":[{"embeddable":true,"href":"https:\/\/www.sisinternational.com\/es\/wp-json\/wp\/v2\/users\/1"}],"replies":[{"embeddable":true,"href":"https:\/\/www.sisinternational.com\/es\/wp-json\/wp\/v2\/comments?post=36840"}],"version-history":[{"count":11,"href":"https:\/\/www.sisinternational.com\/es\/wp-json\/wp\/v2\/pages\/36840\/revisions"}],"predecessor-version":[{"id":79410,"href":"https:\/\/www.sisinternational.com\/es\/wp-json\/wp\/v2\/pages\/36840\/revisions\/79410"}],"up":[{"embeddable":true,"href":"https:\/\/www.sisinternational.com\/es\/wp-json\/wp\/v2\/pages\/14351"}],"wp:featuredmedia":[{"embeddable":true,"href":"https:\/\/www.sisinternational.com\/es\/wp-json\/wp\/v2\/media\/66338"}],"wp:attachment":[{"href":"https:\/\/www.sisinternational.com\/es\/wp-json\/wp\/v2\/media?parent=36840"}],"curies":[{"name":"wp","href":"https:\/\/api.w.org\/{rel}","templated":true}]}}