{"id":36693,"date":"2021-02-12T03:58:26","date_gmt":"2021-02-12T03:58:26","guid":{"rendered":"https:\/\/www.sisinternational.com\/?page_id=36693"},"modified":"2026-01-25T18:45:32","modified_gmt":"2026-01-25T23:45:32","slug":"investigacion-de-mercado-de-juegos-y-apuestas","status":"publish","type":"page","link":"https:\/\/www.sisinternational.com\/es\/pericia\/investigacion-de-mercado-de-juegos-y-apuestas\/","title":{"rendered":"Investigaci\u00f3n de mercado de juegos y apuestas"},"content":{"rendered":"<h1 class=\"wp-block-heading\">Investigaci\u00f3n de mercado de juegos y apuestas<\/h1>\n\n\n\n<figure class=\"gb-block-image gb-block-image-030d4e83\"><img loading=\"lazy\" decoding=\"async\" width=\"1456\" height=\"816\" class=\"gb-image gb-image-030d4e83\" src=\"https:\/\/www.sisinternational.com\/wp-content\/uploads\/2025\/08\/Casino-gambling4.jpg\" alt=\"Investigaci\u00f3n y estrategia de mercado internacional de SIS\" title=\"Casino gambling(4)\" srcset=\"https:\/\/www.sisinternational.com\/wp-content\/uploads\/2025\/08\/Casino-gambling4.jpg 1456w, https:\/\/www.sisinternational.com\/wp-content\/uploads\/2025\/08\/Casino-gambling4-300x168.jpg 300w, https:\/\/www.sisinternational.com\/wp-content\/uploads\/2025\/08\/Casino-gambling4-1024x574.jpg 1024w, https:\/\/www.sisinternational.com\/wp-content\/uploads\/2025\/08\/Casino-gambling4-768x430.jpg 768w, https:\/\/www.sisinternational.com\/wp-content\/uploads\/2025\/08\/Casino-gambling4-18x10.jpg 18w\" sizes=\"auto, (max-width: 1456px) 100vw, 1456px\"><\/figure>\n\n\n\n<h2 class=\"wp-block-heading\">El juego es una de las pocas industrias que crece a pesar de tiempos econ\u00f3micos dif\u00edciles.<\/h2>\n\n\n\n<p>La adrenalina y el sistema de recompensas del cuerpo mantienen a los jugadores deseando nuevas experiencias y mayores ganancias para quienes juegan por dinero.<br>Pero, \u00bfqu\u00e9 significa esto para las empresas del sector?<\/p>\n\n\n\n<h2 class=\"wp-block-heading\">El panorama competitivo<\/h2>\n\n\n\n<p>With a growing demand comes increased activity in the market. The old players are establishing themselves even more as startups seek to disrupt the market. There is increased competition especially from businesses pushing the <a href=\"https:\/\/www.sisinternational.com\/es\/campana-de-marketing-multicanal\/\" title=\"Optimizaci\u00f3n de estrategias de marketing multicanal para una mayor penetraci\u00f3n en el mercado\"  data-wpil-monitor-id=\"9098\">penetration of mobile applications across different markets<\/a>.<\/p>\n\n\n\n<p>Las innovaciones tambi\u00e9n se est\u00e1n utilizando para diferenciar a los distintos actores. Empresas como Microsoft y Sony est\u00e1n superando los l\u00edmites con consolas de juegos de pr\u00f3xima generaci\u00f3n destinadas a mejorar la experiencia de juego.<\/p>\n\n\n\n<h2 class=\"wp-block-heading\">Juegos de azar en l\u00ednea<\/h2>\n\n\n\n<p>Los juegos de azar en l\u00ednea han experimentado un crecimiento significativo y est\u00e1n ganando terreno en nuevos mercados. El uso de tel\u00e9fonos inteligentes y una mayor conectividad a Internet est\u00e1n trabajando juntos para generar cifras de crecimiento de dos d\u00edgitos en los juegos de azar en l\u00ednea.<\/p>\n\n\n\n<h2 class=\"wp-block-heading\">Tecnolog\u00eda de juego<\/h2>\n\n\n\n<p>El <a href=\"https:\/\/www.sisinternational.com\/es\/soluciones\/investigacion-de-mercado-de-ia-y-consultoria-estrategica\/tecnologia-industria-automatizacion-inteligencia-artificial-consultoria\/\" title=\"Consultor\u00eda en Inteligencia Artificial y Automatizaci\u00f3n de la Industria Tecnol\u00f3gica\"  data-wpil-monitor-id=\"9099\">industry has quickly adopted technology<\/a> to help it grow both in revenue numbers and improved customer experience. Here are some of the top technological solutions embraced by the gambling industry.<\/p>\n\n\n\n<h3 class=\"wp-block-heading\">1. Uso de avatares<\/h3>\n\n\n\n<p>La mayor\u00eda de las personas en Internet quieren mantener la privacidad de su informaci\u00f3n personal. Dado que los avatares brindan esta oportunidad, han alentado a m\u00e1s jugadores a ingresar al juego simplemente brindando una sensaci\u00f3n de mayor privacidad y seguridad.<\/p>\n\n\n\n<h3 class=\"wp-block-heading\">2. Experiencias audiovisuales mejoradas<\/h3>\n\n\n\n<p>Con una tecnolog\u00eda de visualizaci\u00f3n mejorada, los jugadores disfrutan de gr\u00e1ficos de alta resoluci\u00f3n. Para que los juegos sean lo m\u00e1s realistas posible, los desarrolladores de juegos est\u00e1n integrando gr\u00e1ficos de resoluci\u00f3n 4K con sonido envolvente para juegos en l\u00ednea.<\/p>\n\n\n\n<h3 class=\"wp-block-heading\">3. An\u00e1lisis predictivo<\/h3>\n\n\n\n<p>With virtual casinos going mainstream, game developers are gathering information beyond app downloads. Casinos are using information such as app usage and player preferences to learn more about their <a href=\"https:\/\/www.sisinternational.com\/es\/mejorar-las-relaciones-con-los-clientes\/\" title=\"C\u00f3mo mejorar la satisfacci\u00f3n del cliente y complacer a los clientes insatisfechos\"  data-wpil-monitor-id=\"9100\">customers and improve<\/a> their products.<\/p>\n\n\n\n<h3 class=\"wp-block-heading\">4. An\u00e1lisis de riesgos<\/h3>\n\n\n\n<p>Los casinos han implementado tecnolog\u00eda para ayudar a analizar el comportamiento de los jugadores y realizar un seguimiento de los patrones de apuestas. Esta informaci\u00f3n se utiliza para crear perfiles de jugadores para an\u00e1lisis de riesgo y para determinar c\u00f3mo establecer las probabilidades de ganar y aumentar la rentabilidad.<\/p>\n\n\n\n<h2 class=\"wp-block-heading\">Tendencias y oportunidades en la industria del juego<\/h2>\n\n\n\n<p>Los actores de la industria est\u00e1n buscando formas de atraer m\u00e1s clientes. Las oportunidades que se est\u00e1n implementando incluyen:<\/p>\n\n\n\n<h3 class=\"wp-block-heading\">1. Usar criptomonedas<\/h3>\n\n\n\n<p>Las empresas de juegos de azar est\u00e1n a\u00f1adiendo criptomonedas a sus sistemas como m\u00e9todo de pago. Aunque todav\u00eda se aceptan pagos tradicionales, hay un movimiento hacia las criptomonedas debido a las ventajas del anonimato y la seguridad.<\/p>\n\n\n\n<h3 class=\"wp-block-heading\">2. Mejorar los aspectos sociales de los juegos<\/h3>\n\n\n\n<p>Los juegos ahora vienen con la socializaci\u00f3n. Los jugadores pueden hacer amigos y construir comunidades dentro del juego, pasando as\u00ed m\u00e1s tiempo en el juego. Esto brinda una oportunidad para aumentar los ingresos y colaborar para mejorar la experiencia de juego.<\/p>\n\n\n\n<h3 class=\"wp-block-heading\">3. Juegos como servicio (GaaS)<\/h3>\n\n\n\n<p>El poder de procesamiento est\u00e1 pasando de las PC y los tel\u00e9fonos inteligentes a los servidores en la nube. El cambio hacia los juegos en la nube est\u00e1 creando un entorno altamente competitivo incluso cuando empresas como Ubisoft, Epic Games y Warner Bros se asocian con plataformas GaaS para la distribuci\u00f3n de juegos.<\/p>\n\n\n\n<h3 class=\"wp-block-heading\">4. Cadena de bloques<\/h3>\n\n\n\n<p>El <a href=\"https:\/\/www.sisinternational.com\/es\/soluciones\/consultoria-blockchain\/oportunidades-de-blockchain-mas-alla-de-los-servicios-financieros\/\" title=\"Oportunidades de Blockchain m\u00e1s all\u00e1 de los servicios financieros\"  data-wpil-monitor-id=\"9096\">blockchain technology provides a huge opportunity<\/a> of increasing revenue by attracting privacy-minded customers and eliminating fraud. With every transaction recorded on a distributed system, there is increased transparency, zero taxes as well as no third parties.<\/p>\n\n\n\n<h2 class=\"wp-block-heading\">El futuro de la industria del juego<\/h2>\n\n\n\n<p>El <a href=\"https:\/\/www.sisinternational.com\/es\/soluciones\/investigacion-de-mercado-de-ia-y-consultoria-estrategica\/adopcion-de-ia-viajes-hospitalidad-turismo-industria-consultoria\/\" title=\"Adopci\u00f3n de IA en la consultor\u00eda de la industria de viajes, hoteler\u00eda y turismo\"  data-wpil-monitor-id=\"9101\">industry is adopting<\/a> a skills-based approach for new offerings. These have the potential of attracting and keeping more customers in the game. Hybrid offerings are another option.<\/p>\n\n\n\n<p>A medida que la sociedad se vuelve m\u00e1s inclusiva, la industria del juego podr\u00eda avanzar en la misma direcci\u00f3n. Esto podr\u00eda incluir la inclusi\u00f3n de historias que representen a personas de diferentes razas y preferencias sexuales.<\/p>\n\n\n\n<p>The North <a href=\"https:\/\/www.sisinternational.com\/es\/cobertura\/las-americas\/cobertura-de-estados-unidos\/investigacion-de-mercado-afroamericana\/\" title=\"Investigaci\u00f3n de mercado afroamericano\"  data-wpil-monitor-id=\"9095\">American and Chinese markets<\/a> are growing and will remain leaders for some time. Other Asian countries will provide new <a href=\"https:\/\/www.sisinternational.com\/es\/cobertura\/investigacion-de-mercado-africa\/investigacion-de-mercado-en-zambia-africa\/\" title=\"Investigaci\u00f3n de mercado en Zambia, \u00c1frica\"  data-wpil-monitor-id=\"5132\">markets even as Africa<\/a> remains promising.<\/p>\n\n\n\n<h2 class=\"wp-block-heading\">La importancia de realizar una investigaci\u00f3n de mercado<\/h2>\n\n\n\n<p>The gambling industry is unique in that it grows even when others register declining revenues. That however doesn\u2019t mean a <a href=\"https:\/\/www.sisinternational.com\/es\/publicaciones\/investigacion-de-mercado-empresarial-escalable-7-formas-de-construir-un-negocio-escalable\/\" title=\"Investigaci\u00f3n de mercado empresarial escalable: 7 formas de construir un negocio escalable\"  data-wpil-monitor-id=\"9097\">business can enter a new market<\/a> blindly. The increasing competition demands an understanding of the market as well as a <a href=\"https:\/\/www.sisinternational.com\/es\/la-necesidad-de-inteligencia-competitiva-en-esta-recesion\/\" title=\"La necesidad de inteligencia competitiva en una recesi\u00f3n\"  data-wpil-monitor-id=\"9094\">estrategia<\/a> which guarantees success.<\/p>\n\n\n\n<p><\/p>","protected":false},"excerpt":{"rendered":"<p>El juego es una de las pocas industrias que crece a pesar de tiempos econ\u00f3micos dif\u00edciles. Pero, \u00bfqu\u00e9 significa esto para las empresas del sector?<\/p>","protected":false},"author":1,"featured_media":63780,"parent":14514,"menu_order":68,"comment_status":"closed","ping_status":"closed","template":"","meta":{"footnotes":""},"class_list":["post-36693","page","type-page","status-publish","has-post-thumbnail"],"_links":{"self":[{"href":"https:\/\/www.sisinternational.com\/es\/wp-json\/wp\/v2\/pages\/36693","targetHints":{"allow":["GET"]}}],"collection":[{"href":"https:\/\/www.sisinternational.com\/es\/wp-json\/wp\/v2\/pages"}],"about":[{"href":"https:\/\/www.sisinternational.com\/es\/wp-json\/wp\/v2\/types\/page"}],"author":[{"embeddable":true,"href":"https:\/\/www.sisinternational.com\/es\/wp-json\/wp\/v2\/users\/1"}],"replies":[{"embeddable":true,"href":"https:\/\/www.sisinternational.com\/es\/wp-json\/wp\/v2\/comments?post=36693"}],"version-history":[{"count":5,"href":"https:\/\/www.sisinternational.com\/es\/wp-json\/wp\/v2\/pages\/36693\/revisions"}],"predecessor-version":[{"id":81524,"href":"https:\/\/www.sisinternational.com\/es\/wp-json\/wp\/v2\/pages\/36693\/revisions\/81524"}],"up":[{"embeddable":true,"href":"https:\/\/www.sisinternational.com\/es\/wp-json\/wp\/v2\/pages\/14514"}],"wp:featuredmedia":[{"embeddable":true,"href":"https:\/\/www.sisinternational.com\/es\/wp-json\/wp\/v2\/media\/63780"}],"wp:attachment":[{"href":"https:\/\/www.sisinternational.com\/es\/wp-json\/wp\/v2\/media?parent=36693"}],"curies":[{"name":"wp","href":"https:\/\/api.w.org\/{rel}","templated":true}]}}