{"id":36637,"date":"2021-02-05T03:04:33","date_gmt":"2021-02-05T03:04:33","guid":{"rendered":"https:\/\/www.sisinternational.com\/?page_id=36637"},"modified":"2025-09-12T00:47:05","modified_gmt":"2025-09-12T04:47:05","slug":"investigacion-de-mercado-en-nigeria","status":"publish","type":"page","link":"https:\/\/www.sisinternational.com\/es\/cobertura\/investigacion-de-mercado-africa\/investigacion-de-mercado-en-nigeria\/","title":{"rendered":"Investigaci\u00f3n de mercado en Nigeria"},"content":{"rendered":"<h1 class=\"wp-block-heading\">Investigaci\u00f3n de mercado en Nigeria<\/h1>\n\n\n\n<figure class=\"gb-block-image gb-block-image-c8f31c65\"><img loading=\"lazy\" decoding=\"async\" width=\"1456\" height=\"816\" class=\"gb-image gb-image-c8f31c65\" src=\"https:\/\/www.sisinternational.com\/wp-content\/uploads\/2025\/08\/Nigeria-3.jpg\" alt=\"Investigaci\u00f3n y estrategia de mercado internacional de SIS\" title=\"Nigeria (3)\" srcset=\"https:\/\/www.sisinternational.com\/wp-content\/uploads\/2025\/08\/Nigeria-3.jpg 1456w, https:\/\/www.sisinternational.com\/wp-content\/uploads\/2025\/08\/Nigeria-3-300x168.jpg 300w, https:\/\/www.sisinternational.com\/wp-content\/uploads\/2025\/08\/Nigeria-3-1024x574.jpg 1024w, https:\/\/www.sisinternational.com\/wp-content\/uploads\/2025\/08\/Nigeria-3-768x430.jpg 768w, https:\/\/www.sisinternational.com\/wp-content\/uploads\/2025\/08\/Nigeria-3-18x10.jpg 18w\" sizes=\"auto, (max-width: 1456px) 100vw, 1456px\"><\/figure>\n\n\n\n<p><\/p>\n\n\n\n<h2 class=\"wp-block-heading\">Nigeria es el pa\u00eds m\u00e1s poblado de \u00c1frica y tambi\u00e9n es una potencia econ\u00f3mica.<\/h2>\n\n\n\n<p>With exports amounting to billions of dollars to countries like India, Spain, France and the US, Nigeria has a lot to offer investors.<\/p>\n\n\n\n<h2 class=\"wp-block-heading\">Las industrias estrat\u00e9gicas de Nigeria<\/h2>\n\n\n\n<p>Estas son cuatro de las principales industrias que impulsan la econom\u00eda de Nigeria.<\/p>\n\n\n\n<h3 class=\"wp-block-heading\">1. Petr\u00f3leo y gas<\/h3>\n\n\n\n<p>La industria del petr\u00f3leo y el gas es la fuente de ingresos m\u00e1s conocida de Nigeria. Las ganancias de esta industria son las que impulsaron al pa\u00eds a la cima de la econom\u00eda africana. Para dejar de depender demasiado del petr\u00f3leo, se est\u00e1n haciendo esfuerzos para diversificar las fuentes de ingresos de la econom\u00eda.<\/p>\n\n\n\n<h3 class=\"wp-block-heading\">2. Turismo<\/h3>\n\n\n\n<p>Nigeria atrae a turistas debido a su vida silvestre y su paisaje diverso. Tambi\u00e9n cuenta con playas de arena y selvas tropicales. Los eventos de entretenimiento locales tambi\u00e9n atraen a turistas cuando act\u00faan m\u00fasicos famosos nigerianos.<\/p>\n\n\n\n<h3 class=\"wp-block-heading\">3. Agricultura<\/h3>\n\n\n\n<p>Employing over half of the labor force, the <a href=\"https:\/\/www.sisinternational.com\/es\/pericia\/industrias\/investigacion-de-mercado-de-cultivos-agricolas\/\" title=\"Investigaci\u00f3n de mercado de cultivos agr\u00edcolas\"  data-wpil-monitor-id=\"8426\">agriculture industry produces cash crops<\/a> such as cocoa, palm oil, corn, rice, cassava, yams and rubber. Agriculture is primarily carried out in the southern parts of the country where the climatic conditions are conducive.<\/p>\n\n\n\n<h3 class=\"wp-block-heading\">4. Tecnolog\u00edas de la Informaci\u00f3n y la Comunicaci\u00f3n (TIC)<\/h3>\n\n\n\n<p>Con un n\u00famero cada vez mayor de profesionales de las TIC que crean y respaldan los sistemas de informaci\u00f3n, este sector es uno de los de m\u00e1s r\u00e1pido crecimiento en Nigeria. El pa\u00eds tambi\u00e9n est\u00e1 trabajando para aumentar la conectividad a Internet para mejorar a\u00fan m\u00e1s la contribuci\u00f3n de la industria a la econom\u00eda.<\/p>\n\n\n\n<h2 class=\"wp-block-heading\">Oportunidades de negocio en Nigeria<\/h2>\n\n\n\n<p>\u00bfQu\u00e9 sectores son los m\u00e1s prometedores para los inversores empresariales?<\/p>\n\n\n\n<h3 class=\"wp-block-heading\">1. Agricultura<\/h3>\n\n\n\n<p>A pesar de a\u00f1os de disfrutar de los beneficios de la industria agr\u00edcola, el trabajo sigue siendo manual. Esto afecta la productividad y se necesita urgentemente la mecanizaci\u00f3n. Los esfuerzos para hacer crecer el sector han hecho que el gobierno faculte y financie al Banco de Agricultura para mejorar la disponibilidad de cr\u00e9dito.<\/p>\n\n\n\n<h3 class=\"wp-block-heading\">2. Energ\u00eda<\/h3>\n\n\n\n<p>Nigeria lacks the capacity to refine its oil and exports much of it in the form of crude oil. This results in losses in potential revenue. Investing opportunities in this sector include setting up a refinery, <a href=\"https:\/\/www.sisinternational.com\/es\/pericia\/industrias\/investigacion-de-mercado-de-petroleo-y-gas\/\" title=\"Investigaci\u00f3n de mercado de petr\u00f3leo y gas\"  data-wpil-monitor-id=\"8427\">oil and gas<\/a> transport and even gas stations.<\/p>\n\n\n\n<h3 class=\"wp-block-heading\">3. TIC<\/h3>\n\n\n\n<p>Nigeria est\u00e1 experimentando un crecimiento en el comercio electr\u00f3nico, el trabajo remoto, el uso de herramientas de colaboraci\u00f3n y el uso de la Inteligencia Artificial. Estas actividades ejercen presi\u00f3n sobre la infraestructura de TI actual. Mientras el gobierno presiona para lograr un mayor crecimiento, los inversores inteligentes pueden beneficiarse de los incentivos.<\/p>\n\n\n\n<h3 class=\"wp-block-heading\">4. Entretenimiento<\/h3>\n\n\n\n<p>With many internet users looking for entertainment content, the Nigerian <a href=\"https:\/\/www.sisinternational.com\/es\/soluciones\/consultoria-estrategica\/investigacion-de-oportunidades-de-mercado\/\" title=\"Investigaci\u00f3n de oportunidades de mercado\"  data-wpil-monitor-id=\"8425\">market provides a huge opportunity<\/a> for content creators and distributors. Movie <a href=\"https:\/\/www.sisinternational.com\/es\/soluciones\/prueba-de-sabor\/servicios-de-prueba-de-productos-en-nueva-york\/\" title=\"Servicios de prueba de productos en Nueva York\"  data-wpil-monitor-id=\"8428\">production and video-on-demand services<\/a> will be a welcome addition to the local entertainment offering.<\/p>\n\n\n\n<h2 class=\"wp-block-heading\">Desaf\u00edos que enfrenta la econom\u00eda de Nigeria<\/h2>\n\n\n\n<figure class=\"gb-block-image gb-block-image-3bd6e006\"><img loading=\"lazy\" decoding=\"async\" width=\"1456\" height=\"816\" class=\"gb-image gb-image-3bd6e006\" src=\"https:\/\/www.sisinternational.com\/wp-content\/uploads\/2025\/08\/Nigeria-2.jpg\" alt=\"Investigaci\u00f3n y estrategia de mercado internacional de SIS\" title=\"Nigeria (2)\" srcset=\"https:\/\/www.sisinternational.com\/wp-content\/uploads\/2025\/08\/Nigeria-2.jpg 1456w, https:\/\/www.sisinternational.com\/wp-content\/uploads\/2025\/08\/Nigeria-2-300x168.jpg 300w, https:\/\/www.sisinternational.com\/wp-content\/uploads\/2025\/08\/Nigeria-2-1024x574.jpg 1024w, https:\/\/www.sisinternational.com\/wp-content\/uploads\/2025\/08\/Nigeria-2-768x430.jpg 768w, https:\/\/www.sisinternational.com\/wp-content\/uploads\/2025\/08\/Nigeria-2-18x10.jpg 18w\" sizes=\"auto, (max-width: 1456px) 100vw, 1456px\"><\/figure>\n\n\n\n<p><\/p>\n\n\n\n<p>Con todo lo bueno que Nigeria tiene para ofrecer, algunos desaf\u00edos la frenan y podr\u00edan desalentar las inversiones extranjeras.<\/p>\n\n\n\n<h3 class=\"wp-block-heading\">1. Corrupci\u00f3n<\/h3>\n\n\n\n<p>La corrupci\u00f3n es un problema importante en Nigeria. Tanto locales como extranjeros han pedido medidas m\u00e1s audaces para combatir este vicio. A pesar de los esfuerzos del gobierno, el progreso es lento. Pr\u00e1cticamente todos los sectores de la econom\u00eda nigeriana, desde la pol\u00edtica y los deportes hasta la educaci\u00f3n, se ven afectados por la corrupci\u00f3n.<\/p>\n\n\n\n<h3 class=\"wp-block-heading\">2. Pol\u00edticas gubernamentales en constante cambio<\/h3>\n\n\n\n<p>With every new administration comes a different policy on how to improve the economy. This creates confusion and slows down development. It becomes difficult to make long-term plans because <a href=\"https:\/\/www.sisinternational.com\/es\/analysis-b2b\/\" title=\"What Business Leaders Need to Know Right Now\"  data-wpil-monitor-id=\"8429\">businesses cannot know<\/a> what to expect after every election.<\/p>\n\n\n\n<h3 class=\"wp-block-heading\">3. Contaminaci\u00f3n<\/h3>\n\n\n\n<p>El manejo de la mayor fuente de divisas del pa\u00eds ha estado causando una contaminaci\u00f3n masiva. Los derrames de petr\u00f3leo en el delta del N\u00edger han da\u00f1ado la vegetaci\u00f3n y las tierras agr\u00edcolas sin que el gobierno o las partes interesadas de la industria petrolera hayan hecho ning\u00fan esfuerzo efectivo para abordar el problema.<\/p>\n\n\n\n<h3 class=\"wp-block-heading\">4. Terrorismo<\/h3>\n\n\n\n<p>La econom\u00eda de Nigeria se ha visto afectada por las actividades del grupo terrorista Boko Haram. Este grupo afiliado a ISIS ha llevado a cabo numerosos secuestros y asesinatos en su intento por controlar todo el pa\u00eds. Esto ha hecho que el pa\u00eds sea percibido como inseguro, especialmente para los extranjeros.<\/p>\n\n\n\n<h3 class=\"wp-block-heading\">5. Cortes de energ\u00eda<\/h3>\n\n\n\n<p>Doing business can be expensive in Nigeria due to frequent power outages. These reduce the profits of small businesses as they seek expensive alternative energy sources. Big corporations also register high operating costs as they have to invest in power generators.<\/p>\n\n\n\n<h2 class=\"wp-block-heading\">Centros de ubicaci\u00f3n empresarial de Nigeria<\/h2>\n\n\n\n<p>Encabezando la lista de los mejores lugares para iniciar y administrar un negocio en Nigeria se encuentra Lagos. Como centro comercial del pa\u00eds, Lagos cuenta con recursos naturales e infraestructura para respaldar los negocios.<\/p>\n\n\n\n<p>As the federal capital of Nigeria, Abuja boasts of modern amenities, a growing population, and a high per-capita income. Other cities investors choose for business include Kano and Port Harcourt, a port town and capital of Rivers state.<\/p>\n\n\n\n<h2 class=\"wp-block-heading\">Acerca de la investigaci\u00f3n de mercado en Nigeria<\/h2>\n\n\n\n<p>The importance of market research cannot be overemphasized. Both investors and marketers understand this, and it\u2019s the primary reason <a href=\"https:\/\/www.sisinternational.com\/es\/contacto-sis-investigacion-de-mercado-internacional\/\" title=\"Cont\u00e1ctenos\"  data-wpil-monitor-id=\"8423\">SIS International Research<\/a> exists. With expertise in business and market research through various methods, we help businesses make the right decisions about <a href=\"https:\/\/www.sisinternational.com\/es\/nosotros-veterano-investigacion-de-mercado-2\/\" title=\"Investigaci\u00f3n de mercado de veteranos de EE. UU.\"  data-wpil-monitor-id=\"8424\">markets and develop a winning strategy<\/a>.<\/p>\n\n\n\n<p><\/p>","protected":false},"excerpt":{"rendered":"<p>Haga crecer su negocio con investigaci\u00f3n de mercado en Nigeria.<\/p>","protected":false},"author":1,"featured_media":65327,"parent":14281,"menu_order":1,"comment_status":"closed","ping_status":"closed","template":"","meta":{"footnotes":""},"class_list":["post-36637","page","type-page","status-publish","has-post-thumbnail"],"_links":{"self":[{"href":"https:\/\/www.sisinternational.com\/es\/wp-json\/wp\/v2\/pages\/36637","targetHints":{"allow":["GET"]}}],"collection":[{"href":"https:\/\/www.sisinternational.com\/es\/wp-json\/wp\/v2\/pages"}],"about":[{"href":"https:\/\/www.sisinternational.com\/es\/wp-json\/wp\/v2\/types\/page"}],"author":[{"embeddable":true,"href":"https:\/\/www.sisinternational.com\/es\/wp-json\/wp\/v2\/users\/1"}],"replies":[{"embeddable":true,"href":"https:\/\/www.sisinternational.com\/es\/wp-json\/wp\/v2\/comments?post=36637"}],"version-history":[{"count":4,"href":"https:\/\/www.sisinternational.com\/es\/wp-json\/wp\/v2\/pages\/36637\/revisions"}],"predecessor-version":[{"id":81413,"href":"https:\/\/www.sisinternational.com\/es\/wp-json\/wp\/v2\/pages\/36637\/revisions\/81413"}],"up":[{"embeddable":true,"href":"https:\/\/www.sisinternational.com\/es\/wp-json\/wp\/v2\/pages\/14281"}],"wp:featuredmedia":[{"embeddable":true,"href":"https:\/\/www.sisinternational.com\/es\/wp-json\/wp\/v2\/media\/65327"}],"wp:attachment":[{"href":"https:\/\/www.sisinternational.com\/es\/wp-json\/wp\/v2\/media?parent=36637"}],"curies":[{"name":"wp","href":"https:\/\/api.w.org\/{rel}","templated":true}]}}