{"id":36635,"date":"2021-02-05T02:55:49","date_gmt":"2021-02-05T02:55:49","guid":{"rendered":"https:\/\/www.sisinternational.com\/?page_id=36635"},"modified":"2026-02-23T18:04:07","modified_gmt":"2026-02-23T23:04:07","slug":"investigacion-de-mercado-en-egipto","status":"publish","type":"page","link":"https:\/\/www.sisinternational.com\/es\/cobertura\/investigacion-de-mercado-oriente-medio\/investigacion-de-mercado-en-egipto\/","title":{"rendered":"Investigaci\u00f3n de mercado en Egipto"},"content":{"rendered":"<h1 class=\"wp-block-heading\">Investigaci\u00f3n de mercado en Egipto<\/h1>\n\n\n\n<figure class=\"gb-block-image gb-block-image-615f8492\"><img loading=\"lazy\" decoding=\"async\" width=\"1456\" height=\"816\" class=\"gb-image gb-image-615f8492\" src=\"https:\/\/www.sisinternational.com\/wp-content\/uploads\/2025\/08\/Egypt-1.jpg\" alt=\"Investigaci\u00f3n y estrategia de mercado internacional de SIS\" title=\"Egypt (1)\" srcset=\"https:\/\/www.sisinternational.com\/wp-content\/uploads\/2025\/08\/Egypt-1.jpg 1456w, https:\/\/www.sisinternational.com\/wp-content\/uploads\/2025\/08\/Egypt-1-300x168.jpg 300w, https:\/\/www.sisinternational.com\/wp-content\/uploads\/2025\/08\/Egypt-1-1024x574.jpg 1024w, https:\/\/www.sisinternational.com\/wp-content\/uploads\/2025\/08\/Egypt-1-768x430.jpg 768w, https:\/\/www.sisinternational.com\/wp-content\/uploads\/2025\/08\/Egypt-1-18x10.jpg 18w\" sizes=\"auto, (max-width: 1456px) 100vw, 1456px\"><\/figure>\n\n\n\n<p><\/p>\n\n\n\n<p><span style=\"font-weight: 400;\">\u00bfPor qu\u00e9 la investigaci\u00f3n de mercado en Egipto se est\u00e1 convirtiendo en una herramienta esencial para las empresas que buscan navegar en este mercado? Egipto, con su ubicaci\u00f3n estrat\u00e9gica como puente entre \u00c1frica y Medio Oriente, presenta un entorno de mercado \u00fanico y vibrante, y comprender las complejidades de este mercado a trav\u00e9s de una investigaci\u00f3n de mercado eficaz es una necesidad estrat\u00e9gica para cualquier empresa que busque tener \u00e9xito en este panorama empresarial en r\u00e1pida evoluci\u00f3n.<\/span><\/p>\n\n\n\n<h2 class=\"wp-block-heading\">La tierra de los faraones ha experimentado algunos cambios a lo largo de los a\u00f1os.<\/h2>\n\n\n\n<p>However, its economic activities still revolve around the same sectors. With a huge part of the population being youthful, there is both potential and a demand for more growth.<\/p>\n\n\n\n<h2 class=\"wp-block-heading\"><strong>Comprender la investigaci\u00f3n de mercado en Egipto<\/strong><\/h2>\n\n\n\n<p><span style=\"font-weight: 400;\">Egypt&#8217;s market is distinguished by its youthful demographic, with a large portion of the population under 30. This young demographic is tech-savvy and increasingly urban and is driving changes in <a href=\"https:\/\/www.sisinternational.com\/es\/publicaciones\/comportamiento-del-comprador-despues-del-coronavirus-nuevo-consumidor\/\" title=\"Comportamiento del comprador despu\u00e9s del coronavirus \u2013 Investigaci\u00f3n de mercado del consumidor\"  data-wpil-monitor-id=\"9106\">consumer behavior and market<\/a> trends.&nbsp;<\/span><\/p>\n\n\n\n<p><span style=\"font-weight: 400;\">Furthermore, the Egyptian <a href=\"https:\/\/www.sisinternational.com\/es\/soluciones\/soluciones-de-branding-e-investigacion-de-clientes\/investigacion-de-mercado-de-influencers\/\" title=\"Investigaci\u00f3n de mercado de influencers\"  data-wpil-monitor-id=\"9107\">market is influenced<\/a> by a blend of traditional values and modern influences. Traditional markets, or souks, coexist with modern shopping malls, and local <a href=\"https:\/\/www.sisinternational.com\/es\/soluciones\/soluciones-de-investigacion-cualitativa-cuantitativa\/investigacion-de-mercado-de-pruebas-de-nombre-de-marca\/\" title=\"Investigaci\u00f3n de mercado de pruebas de marca\"  data-wpil-monitor-id=\"9108\">brands compete alongside international names<\/a>. Therefore, effective market research in Egypt must capture these diverse market aspects to offer a holistic view of the opportunities and challenges within the market.<\/span><\/p>\n\n\n\n<h2 class=\"wp-block-heading\"><strong>Beneficios de la investigaci\u00f3n de mercado en Egipto<\/strong><\/h2>\n\n\n\n<p><span style=\"font-weight: 400;\">Participar en investigaciones de mercado en Egipto ofrece importantes ventajas para las empresas que buscan comprender y tener \u00e9xito en este mercado distinto. Los beneficios de realizar una investigaci\u00f3n exhaustiva en Egipto son numerosos y contribuyen a una toma de decisiones y una planificaci\u00f3n estrat\u00e9gica m\u00e1s informadas. He aqu\u00ed un vistazo a los beneficios clave:<\/span><\/p>\n\n\n\n<p><b>\u2022 Identificaci\u00f3n de oportunidades de mercado:<\/b><span style=\"font-weight: 400;\"> Egypt\u2019s evolving market landscape presents numerous opportunities, and market research helps identify them, whether in emerging consumer trends, unmet needs, or new market segments.<\/span><\/p>\n\n\n\n<p><b>\u2022 Estrategias de marketing personalizadas: <\/b><span style=\"font-weight: 400;\">Los conocimientos de la investigaci\u00f3n de mercado gu\u00edan el desarrollo de estrategias de marketing que resuenan en la audiencia egipcia, asegurando relevancia y eficacia cultural.<\/span><\/p>\n\n\n\n<p><b>\u2022 Desarrollo e Innovaci\u00f3n de Productos: <\/b><span style=\"font-weight: 400;\">La investigaci\u00f3n de mercado informa el proceso de desarrollo de productos, garantizando que los nuevos productos o servicios se adapten bien a las preferencias y necesidades del mercado egipcio.<\/span><\/p>\n\n\n\n<p><b>\u2022 Cumplimiento y comprensi\u00f3n regulatoria: <\/b><span style=\"font-weight: 400;\">Navegar por el entorno regulatorio en Egipto puede ser complejo. En consecuencia, la investigaci\u00f3n de mercado ayuda a comprender estas regulaciones, garantizando su cumplimiento y efectividad operativa.<\/span><\/p>\n\n\n\n<p><b>\u2022 Comprender la base diversa de consumidores:<\/b><span style=\"font-weight: 400;\"> La poblaci\u00f3n de Egipto es diversa, con diferentes estilos de vida, niveles de ingresos y comportamientos de consumo, y la investigaci\u00f3n de mercado ayuda a comprender estos diversos segmentos de consumidores, cruciales para adaptar productos y servicios.<\/span><\/p>\n\n\n\n<p><b>\u2022 Panorama competitivo: <\/b><span style=\"font-weight: 400;\">The Egyptian market is becoming increasingly competitive with the entry of new local and international players. Research helps in understanding the competitive environment, allowing businesses to strategize effectively.<\/span><\/p>\n\n\n\n<p><b>\u2022 Navegando las fluctuaciones econ\u00f3micas: <\/b><span style=\"font-weight: 400;\">La econom\u00eda de Egipto ha experimentado diversas fluctuaciones y la investigaci\u00f3n de mercado ayuda a comprender estos patrones econ\u00f3micos y su impacto en el gasto de los consumidores y las oportunidades comerciales.<\/span><\/p>\n\n\n\n<p><b>\u2022 Adaptaci\u00f3n de las estrategias de marketing:<\/b><span style=\"font-weight: 400;\"> The insights gained from <a href=\"https:\/\/www.sisinternational.com\/es\/pericia\/industrias\/investigacion-de-mercado-de-desarrollo-de-codigo-bajo\/\" title=\"Investigaci\u00f3n de mercado de desarrollo de c\u00f3digo bajo\"  data-wpil-monitor-id=\"9104\">market research are invaluable in developing<\/a> effective marketing strategies that resonate with the Egyptian audience, ensuring better engagement and ROI.<\/span><\/p>\n\n\n\n<h2 class=\"wp-block-heading\">\u00bfCu\u00e1les son las industrias estrat\u00e9gicas de Egipto?<\/h2>\n\n\n\n<figure class=\"gb-block-image gb-block-image-1db7e132\"><img loading=\"lazy\" decoding=\"async\" width=\"1456\" height=\"816\" class=\"gb-image gb-image-1db7e132\" src=\"https:\/\/www.sisinternational.com\/wp-content\/uploads\/2025\/08\/Egypt-2.jpg\" alt=\"Investigaci\u00f3n y estrategia de mercado internacional de SIS\" title=\"Egypt (2)\" srcset=\"https:\/\/www.sisinternational.com\/wp-content\/uploads\/2025\/08\/Egypt-2.jpg 1456w, https:\/\/www.sisinternational.com\/wp-content\/uploads\/2025\/08\/Egypt-2-300x168.jpg 300w, https:\/\/www.sisinternational.com\/wp-content\/uploads\/2025\/08\/Egypt-2-1024x574.jpg 1024w, https:\/\/www.sisinternational.com\/wp-content\/uploads\/2025\/08\/Egypt-2-768x430.jpg 768w, https:\/\/www.sisinternational.com\/wp-content\/uploads\/2025\/08\/Egypt-2-18x10.jpg 18w\" sizes=\"auto, (max-width: 1456px) 100vw, 1456px\"><\/figure>\n\n\n\n<p><\/p>\n\n\n\n<p>Despite being mostly a desert country, Egypt has several industries driving its economy. Here are the top three.<\/p>\n\n\n\n<h3 class=\"wp-block-heading\">1. Petr\u00f3leo y gas<\/h3>\n\n\n\n<p>Como actor importante en la producci\u00f3n mundial de petr\u00f3leo y con reservas estimadas de casi 4 mil millones de barriles de petr\u00f3leo, Egipto depende en gran medida de esta industria. Las doce refiner\u00edas de petr\u00f3leo del pa\u00eds pretenden hacerlo autosuficiente en lo que respecta al procesamiento de petr\u00f3leo.<\/p>\n\n\n\n<p>Egypt is also a producer of natural gas and exports some of it to the <a href=\"https:\/\/www.sisinternational.com\/es\/una-mirada-al-mundo-arabe-por-ahmed-nassef-presidente-de-maktoob-research\/\" title=\"Una mirada al mundo \u00e1rabe por Ahmed Nassef, presidente de Maktoob Research\"  data-wpil-monitor-id=\"4419\">Middle East through the 1,200 km Arab<\/a> Gas Pipeline.<\/p>\n\n\n\n<h3 class=\"wp-block-heading\">2. Turismo<\/h3>\n\n\n\n<p>Tourism is a big part of Egypt\u2019s economy, and the Pyramids of Giza are the main attractions. Other tourist attractions in Egypt include the Egyptian Museum, which houses at least 120,000 Egyptian antiquities; Abu Simbel, an archaeological site with two rock-cut temples; and cruising the Nile.<\/p>\n\n\n\n<h3 class=\"wp-block-heading\">3. Agricultura<\/h3>\n\n\n\n<p>The vast desert of Egypt gets some relief from the Nile River. The country\u2019s agricultural sector thrives on the fertile grounds of the Nile valley and delta.<\/p>\n\n\n\n<p>With millions of acres of productive land, Egypt produces rice, wheat, cotton, sugarcane, tobacco, and onions. However, as impressive as the industry is, it doesn\u2019t satisfy the local demand.<\/p>\n\n\n\n<h2 class=\"wp-block-heading\"><strong>Principales actores en Egipto<\/strong><\/h2>\n\n\n\n<p><span style=\"font-weight: 400;\">Identificar a los principales actores en los diversos sectores del mercado de Egipto es crucial para las empresas que realizan investigaciones de mercado en Egipto. Estas empresas influyen significativamente en varios sectores industriales de Egipto. A continuaci\u00f3n se ofrece una descripci\u00f3n general de los principales actores en sectores clave:<\/span><\/p>\n\n\n\n<p><b>\u2022 Vodafone Egipto: <\/b><span style=\"font-weight: 400;\">Un operador de telefon\u00eda m\u00f3vil l\u00edder en Egipto, conocido por su amplia red y gama de servicios.<\/span><\/p>\n\n\n\n<p><b>\u2022 Banco Nacional de Egipto: <\/b><span style=\"font-weight: 400;\">El banco m\u00e1s grande y antiguo del pa\u00eds, que desempe\u00f1a un papel fundamental en el panorama financiero de Egipto.<\/span><\/p>\n\n\n\n<p><b>\u2022 Banco Comercial Internacional (CIB):<\/b><span style=\"font-weight: 400;\"> Un importante banco del sector privado, conocido por sus servicios bancarios innovadores.<\/span><\/p>\n\n\n\n<p><b>\u2022 Grupo Talaat Moustafa:<\/b><span style=\"font-weight: 400;\"> Un desarrollador inmobiliario l\u00edder, involucrado en proyectos residenciales y comerciales de gran escala.<\/span><\/p>\n\n\n\n<p><b>\u2022 Construcci\u00f3n Orascom: <\/b><span style=\"font-weight: 400;\">Una empresa global de ingenier\u00eda y construcci\u00f3n con importantes operaciones en Egipto.<\/span><\/p>\n\n\n\n<p><b>\u2022 Compa\u00f1\u00eda Egipcia de Almid\u00f3n y Glucosa: <\/b><span style=\"font-weight: 400;\">Especializada en la producci\u00f3n de almid\u00f3n y glucosa, lo que refleja la importancia de la agricultura en la econom\u00eda de Egipto.<\/span><\/p>\n\n\n\n<p><b>\u2022 El Sewedy El\u00e9ctrico:<\/b><span style=\"font-weight: 400;\"> Un actor clave en la fabricaci\u00f3n de equipos el\u00e9ctricos y suministro de soluciones energ\u00e9ticas integradas.<\/span><\/p>\n\n\n\n<p><b>\u2022 Grupo El Araby:<\/b><span style=\"font-weight: 400;\"> Un fabricante l\u00edder de electr\u00f3nica y electrodom\u00e9sticos, con fuerte presencia en el mercado egipcio.<\/span><\/p>\n\n\n\n<p><b>\u2022 Majid Al Futtaim: <\/b><span style=\"font-weight: 400;\">Opera centros comerciales e hipermercados clave, dando forma al panorama minorista en Egipto.<\/span><\/p>\n\n\n\n<h2 class=\"wp-block-heading\"><strong>Principales atracciones tur\u00edsticas en Egipto<\/strong><\/h2>\n\n\n\n<p><span style=\"font-weight: 400;\">El turismo es un sector vital en la econom\u00eda de Egipto y comprender las principales atracciones tur\u00edsticas es esencial para las empresas que realizan estudios de mercado en Egipto, especialmente aquellas en las industrias de viajes, hoteler\u00eda y servicios. A continuaci\u00f3n se ofrece una descripci\u00f3n general de algunas de las principales atracciones tur\u00edsticas:<\/span><\/p>\n\n\n\n<p><b>\u2022 Las Grandes Pir\u00e1mides de Giza y la Esfinge:<\/b><span style=\"font-weight: 400;\"> Maravillas antiguas ic\u00f3nicas que atraen a millones de turistas en todo el mundo.<\/span><\/p>\n\n\n\n<p><b>\u2022 El Museo Egipcio:<\/b><span style=\"font-weight: 400;\"> Hogar de una extensa colecci\u00f3n de artefactos del antiguo Egipto, incluidos los tesoros de Tutankam\u00f3n.<\/span><\/p>\n\n\n\n<p><b>\u2022 Valle de los Reyes: <\/b><span style=\"font-weight: 400;\">Famoso por sus tumbas y c\u00e1maras funerarias de los antiguos faraones egipcios.<\/span><\/p>\n\n\n\n<p><b>\u2022 Templo de Karnak: <\/b><span style=\"font-weight: 400;\">Uno de los edificios religiosos m\u00e1s grandes del mundo, conocido por su impresionante arquitectura.<\/span><\/p>\n\n\n\n<p><b>\u2022 Templos de Abu Simbel:<\/b><span style=\"font-weight: 400;\"> Enormes templos de roca tallados originalmente durante el reinado del fara\u00f3n Rams\u00e9s II.<\/span><\/p>\n\n\n\n<p><b>\u2022 La Alta Presa de Asu\u00e1n y el Lago Nasser:<\/b><span style=\"font-weight: 400;\"> Maravillas de la ingenier\u00eda moderna con gran importancia hist\u00f3rica.<\/span><\/p>\n\n\n\n<p><b>\u2022 La Biblioteca Alejandrina:<\/b><span style=\"font-weight: 400;\"> Una biblioteca y centro cultural moderno que rinde homenaje a la antigua Biblioteca de Alejandr\u00eda.<\/span><\/p>\n\n\n\n<p><b>\u2022 Sharm El Sheikh y Hurghada: <\/b><span style=\"font-weight: 400;\">Los populares centros tur\u00edsticos de playa son conocidos por sus hermosas playas, arrecifes de coral y deportes acu\u00e1ticos como buceo y snorkel.<\/span><\/p>\n\n\n\n<h2 class=\"wp-block-heading\"><strong>Tendencias actuales en Egipto<\/strong><\/h2>\n\n\n\n<p><span style=\"font-weight: 400;\">Comprender las tendencias comerciales en Egipto ayuda a las empresas a adaptar sus estrategias a las caracter\u00edsticas \u00fanicas del mercado egipcio. Estas son algunas de las principales tendencias actuales en Egipto:<\/span><\/p>\n\n\n\n<p><b>\u2022 Transformaci\u00f3n Digital: <\/b>Egypt is experiencing a significant shift towards digitalization<span style=\"font-weight: 400;\">, with increased online activity, e-commerce growth, and digital payment adoption. This trend affects consumer shopping habits, media consumption, and business operations.<\/span><\/p>\n\n\n\n<p><b>\u2022 Evoluci\u00f3n del Sector Retail: <\/b>The retail landscape is evolving with the integration of online and offline channels, leading to the growth of omnichannel retailing and <a href=\"https:\/\/www.sisinternational.com\/es\/qualitative-research-to-enhance-customer-experience\/\" title=\"Qualitative Research to Enhance Customer Experience\"  data-wpil-monitor-id=\"9103\">enhanced customer experiences<\/a>.<\/span><\/p>\n\n\n\n<p><b>\u2022 Influencia de los j\u00f3venes en las tendencias del mercado: <\/b>Egypt has a large youth population, and <span style=\"font-weight: 400;\">trends among young Egyptians, particularly in technology use, fashion, and entertainment, are significantly influencing market dynamics.<\/span><\/p>\n\n\n\n<p><b>\u2022 Mayor enfoque en la fabricaci\u00f3n local: <\/b>Government initiatives and policies are driving a trend toward boosting local manufacturing across various industries<span style=\"font-weight: 400;\">.<\/span><\/p>\n\n\n\n<h2 class=\"wp-block-heading\">Oportunidades de negocio en Egipto<\/h2>\n\n\n\n<p>Egypt offers unique opportunities for business investors, although these might not be the same in traditional fields.<\/p>\n\n\n\n<h3 class=\"wp-block-heading\">1. Tours y viajes<\/h3>\n\n\n\n<p>Como importante contribuyente al PIB del pa\u00eds, cualquier negocio relacionado con el turismo seguramente obtendr\u00e1 buenos rendimientos. Una opci\u00f3n de inversi\u00f3n muy viable es el subsector de viajes y tours.<\/p>\n\n\n\n<p>A smart way to win the game would be to advertise in countries like Russia, Saudi Arabia, and Europe, where most tourists come from. Businesses can also partner with international tours and travel companies and \u201cexchange\u201d tourists to guarantee business flow.<\/p>\n\n\n\n<h3 class=\"wp-block-heading\">2. Agricultura<\/h3>\n\n\n\n<p>There is a huge demand for <a href=\"https:\/\/www.sisinternational.com\/es\/pericia\/industrias\/investigacion-de-mercado-de-alimentos-congelados\/\" title=\"Investigaci\u00f3n de mercado de alimentos congelados\"  data-wpil-monitor-id=\"9109\">food in the local market<\/a>. Grains are a staple among Egyptian households, so investors who can produce them with minimum water resources can thrive.<\/p>\n\n\n\n<p>No s\u00f3lo existe un mercado listo para el producto, sino que el apoyo del gobierno es seguro, ya que un negocio de este tipo ayudar\u00eda a lograr la seguridad alimentaria.<\/p>\n\n\n\n<h3 class=\"wp-block-heading\">3. Tecnolog\u00eda de la informaci\u00f3n y la comunicaci\u00f3n<\/h3>\n\n\n\n<p>Over 50% of Egypt\u2019s population is under 25. This population group is tech-savvy and a potential supply of talent for tech-related businesses. Egypt is also a leader in outsourcing services in the region.<\/p>\n\n\n\n<p>The government is working to improve the country\u2019s ICT infrastructure, which will create a favorable environment for IT-related businesses to grow.<\/p>\n\n\n\n<h3 class=\"wp-block-heading\">4. Servicios financieros<\/h3>\n\n\n\n<p>Financial services are necessary to grow the economy. From banking and insurance to leasing, providing funding and financial advice encourages innovation.<\/p>\n\n\n\n<p>Financial assets also need to be priced, and the overall economic development must be determined. Since capital markets accurately reflect an economy\u2019s performance, providing these services makes business sense.<\/p>\n\n\n\n<h2 class=\"wp-block-heading\">Desaf\u00edos que enfrenta la econom\u00eda de Egipto<\/h2>\n\n\n\n<p>El mayor desaf\u00edo que enfrenta la econom\u00eda de Egipto es la desertificaci\u00f3n. Se estima que cada a\u00f1o se pierden m\u00e1s de diez mil hect\u00e1reas de tierras agr\u00edcolas debido a la desertificaci\u00f3n. Esto conduce a un aumento de las importaciones de alimentos, lo que afecta negativamente a la balanza comercial del pa\u00eds.<\/p>\n\n\n\n<p>Corruption has also affected businesses in Egypt. Favoritism pushes businesses to engage in corruption so as to survive. Middlemen provide \u201cconnections\u201d to help navigate the complex government bureaucracy, which makes it challenging for new or small businesses to succeed. <span style=\"font-weight: 400;\">Algunos otros desaf\u00edos incluyen:<\/span><\/p>\n\n\n\n<p><b>\u2022 Volatilidad Econ\u00f3mica: <\/b>Egypt&#8217;s economy can be subject to fluctuations, which may affect <a href=\"https:\/\/www.sisinternational.com\/es\/global-beverage-market\/\" title=\"Global Beverage Market: Market Dynamics, Growth Projections &amp; Consumer Insights\"  data-wpil-monitor-id=\"9105\">consumer spending habits and market dynamics<\/a>.<\/span><\/p>\n\n\n\n<p><b>\u2022 Inestabilidad pol\u00edtica:<\/b><span style=\"font-weight: 400;\"> Los per\u00edodos de inestabilidad pol\u00edtica pueden afectar las operaciones comerciales y el clima de inversi\u00f3n.<\/span><\/p>\n\n\n\n<p><b>\u2022 Desaf\u00edos de infraestructura: <\/b><span style=\"font-weight: 400;\">Algunas \u00e1reas pueden tener limitaciones de infraestructura, lo que afecta la log\u00edstica y la distribuci\u00f3n.<\/span><\/p>\n\n\n\n<p><b>\u2022 Preocupaciones de seguridad: <\/b><span style=\"font-weight: 400;\">Pueden surgir problemas de seguridad, particularmente en determinadas regiones, que pueden afectar las operaciones comerciales.<\/span><\/p>\n\n\n\n<p><b>\u2022 Acceso a los datos: <\/b><span style=\"font-weight: 400;\">El acceso a datos confiables y actualizados puede ser un desaf\u00edo que requiere una investigaci\u00f3n exhaustiva y asociaciones locales.<\/span><\/p>\n\n\n\n<p><b>\u2022 Talento y Habilidades: <\/b><span style=\"font-weight: 400;\">Encontrar talento local capacitado para investigaciones de mercado y operaciones comerciales puede ser un desaf\u00edo en ciertas industrias.<\/span><\/p>\n\n\n\n<h2 class=\"wp-block-heading\">Centros de ubicaci\u00f3n empresarial de Egipto<\/h2>\n\n\n\n<figure class=\"gb-block-image gb-block-image-4fa9ef2c\"><img loading=\"lazy\" decoding=\"async\" width=\"1456\" height=\"816\" class=\"gb-image gb-image-4fa9ef2c\" src=\"https:\/\/www.sisinternational.com\/wp-content\/uploads\/2025\/08\/Egypt-44-.jpg\" alt=\"Investigaci\u00f3n y estrategia de mercado internacional de SIS\" title=\"Egypt 44\" srcset=\"https:\/\/www.sisinternational.com\/wp-content\/uploads\/2025\/08\/Egypt-44-.jpg 1456w, https:\/\/www.sisinternational.com\/wp-content\/uploads\/2025\/08\/Egypt-44--300x168.jpg 300w, https:\/\/www.sisinternational.com\/wp-content\/uploads\/2025\/08\/Egypt-44--1024x574.jpg 1024w, https:\/\/www.sisinternational.com\/wp-content\/uploads\/2025\/08\/Egypt-44--768x430.jpg 768w, https:\/\/www.sisinternational.com\/wp-content\/uploads\/2025\/08\/Egypt-44--18x10.jpg 18w\" sizes=\"auto, (max-width: 1456px) 100vw, 1456px\"><\/figure>\n\n\n\n<p><\/p>\n\n\n\n<p>Egypt&#8217;s businesses thrive in the tourism and agriculture sectors. The best areas for tourism-related businesses are Cairo, Giza, and Luxor. Sugarcane production is also a business option in Luxor.<\/p>\n\n\n\n<p>Suez&#8217;s refineries are good for oil-related businesses. Tanta and El-Mahalla El-Kubra are the best locations for agriculture and textile manufacturing businesses.<\/p>\n\n\n\n<h2 class=\"wp-block-heading\">Acerca de la investigaci\u00f3n de mercado en Egipto<\/h2>\n\n\n\n<p>Businesses must unlock key insights about a market before investing. At <a href=\"https:\/\/www.sisinternational.com\/es\/contacto-sis-investigacion-de-mercado-internacional\/\" title=\"Cont\u00e1ctenos\"  data-wpil-monitor-id=\"9102\">SIS International Research<\/a>, we help businesses conduct market research through methods such as surveys, focus groups, online communities, and voice-of-the-customer research.<\/p>\n\n\n\n<p>We aim to empower businesses to start well and have a growth strategy in place.<\/p>\n\n\n\n<p><\/p>","protected":false},"excerpt":{"rendered":"<p>Investigaci\u00f3n de mercado en Egipto. Ayudamos a las empresas a realizar estudios de mercado a trav\u00e9s de m\u00e9todos como encuestas, focus groups, comunidades online\u2026<\/p>","protected":false},"author":1,"featured_media":65178,"parent":36619,"menu_order":1,"comment_status":"closed","ping_status":"closed","template":"","meta":{"footnotes":""},"class_list":["post-36635","page","type-page","status-publish","has-post-thumbnail"],"_links":{"self":[{"href":"https:\/\/www.sisinternational.com\/es\/wp-json\/wp\/v2\/pages\/36635","targetHints":{"allow":["GET"]}}],"collection":[{"href":"https:\/\/www.sisinternational.com\/es\/wp-json\/wp\/v2\/pages"}],"about":[{"href":"https:\/\/www.sisinternational.com\/es\/wp-json\/wp\/v2\/types\/page"}],"author":[{"embeddable":true,"href":"https:\/\/www.sisinternational.com\/es\/wp-json\/wp\/v2\/users\/1"}],"replies":[{"embeddable":true,"href":"https:\/\/www.sisinternational.com\/es\/wp-json\/wp\/v2\/comments?post=36635"}],"version-history":[{"count":5,"href":"https:\/\/www.sisinternational.com\/es\/wp-json\/wp\/v2\/pages\/36635\/revisions"}],"predecessor-version":[{"id":81525,"href":"https:\/\/www.sisinternational.com\/es\/wp-json\/wp\/v2\/pages\/36635\/revisions\/81525"}],"up":[{"embeddable":true,"href":"https:\/\/www.sisinternational.com\/es\/wp-json\/wp\/v2\/pages\/36619"}],"wp:featuredmedia":[{"embeddable":true,"href":"https:\/\/www.sisinternational.com\/es\/wp-json\/wp\/v2\/media\/65178"}],"wp:attachment":[{"href":"https:\/\/www.sisinternational.com\/es\/wp-json\/wp\/v2\/media?parent=36635"}],"curies":[{"name":"wp","href":"https:\/\/api.w.org\/{rel}","templated":true}]}}