{"id":36597,"date":"2021-02-01T01:24:15","date_gmt":"2021-02-01T01:24:15","guid":{"rendered":"https:\/\/www.sisinternational.com\/?page_id=36597"},"modified":"2026-01-27T16:37:07","modified_gmt":"2026-01-27T21:37:07","slug":"investigacion-de-mercado-en-sudafrica","status":"publish","type":"page","link":"https:\/\/www.sisinternational.com\/es\/cobertura\/investigacion-de-mercado-africa\/investigacion-de-mercado-en-sudafrica\/","title":{"rendered":"Investigaci\u00f3n de mercado en Sud\u00e1frica"},"content":{"rendered":"<h1 class=\"wp-block-heading\">Investigaci\u00f3n de mercado en Sud\u00e1frica<\/h1>\n\n\n\n<figure class=\"gb-block-image gb-block-image-21e2d778\"><img loading=\"lazy\" decoding=\"async\" width=\"1456\" height=\"816\" class=\"gb-image gb-image-21e2d778\" src=\"https:\/\/www.sisinternational.com\/wp-content\/uploads\/2025\/08\/South-Africa-5.jpg\" alt=\"Investigaci\u00f3n y estrategia de mercado internacional de SIS\" title=\"South Africa (5)\" srcset=\"https:\/\/www.sisinternational.com\/wp-content\/uploads\/2025\/08\/South-Africa-5.jpg 1456w, https:\/\/www.sisinternational.com\/wp-content\/uploads\/2025\/08\/South-Africa-5-300x168.jpg 300w, https:\/\/www.sisinternational.com\/wp-content\/uploads\/2025\/08\/South-Africa-5-1024x574.jpg 1024w, https:\/\/www.sisinternational.com\/wp-content\/uploads\/2025\/08\/South-Africa-5-768x430.jpg 768w, https:\/\/www.sisinternational.com\/wp-content\/uploads\/2025\/08\/South-Africa-5-18x10.jpg 18w\" sizes=\"auto, (max-width: 1456px) 100vw, 1456px\"><\/figure>\n\n\n\n<p><\/p>\n\n\n\n<h2 class=\"wp-block-heading\">Sud\u00e1frica es una de las principales econom\u00edas de \u00c1frica.<\/h2>\n\n\n\n<p>As a member of G20, this country provides opportunities for business growth and is well-positioned to influence trade beyond its borders.<\/p>\n\n\n\n<h2 class=\"wp-block-heading\">Las industrias estrat\u00e9gicas de Sud\u00e1frica<\/h2>\n\n\n\n<p>Sud\u00e1frica, que comenz\u00f3 como una econom\u00eda establecida en el sector primario, ha ido evolucionando hacia una econom\u00eda impulsada por el sector terciario. Estas son algunas de sus industrias m\u00e1s estrat\u00e9gicas.<\/p>\n\n\n\n<h2 class=\"wp-block-heading\">1. Fabricaci\u00f3n<\/h2>\n\n\n\n<p>La industria manufacturera en Sud\u00e1frica est\u00e1 impulsada por la fabricaci\u00f3n de veh\u00edculos. Marcas internacionales como BMW, Ford, Volkswagen y Daimler-Chrysler cuentan con plantas de producci\u00f3n en el pa\u00eds.<br>Otro sector manufacturero clave es el de las TIC y la electr\u00f3nica. Con miles de empresas en este sector y f\u00e1cil acceso a nuevas tecnolog\u00edas, Sud\u00e1frica ha experimentado un r\u00e1pido crecimiento econ\u00f3mico provocado por la fabricaci\u00f3n de equipos de telecomunicaciones y productos electr\u00f3nicos.<\/p>\n\n\n\n<h2 class=\"wp-block-heading\">2. Miner\u00eda<\/h2>\n\n\n\n<p>Sud\u00e1frica es un productor mundial de metales y minerales preciosos, minerales industriales, minerales energ\u00e9ticos y minerales ferrosos y no ferrosos. El pa\u00eds tiene una de las mayores reservas de oro, diamantes, cromita y vanadio del mundo.<br>With an interest in mining for rare earth, the country stands to become a supplier of the components used in smartphones, electric vehicles, and high-tech weaponry.<\/p>\n\n\n\n<h2 class=\"wp-block-heading\">3. Turismo<\/h2>\n\n\n\n<p>El sector tur\u00edstico es una gran fuente de ingresos para el pa\u00eds. Algunas de las atracciones tur\u00edsticas favoritas de Sud\u00e1frica son los safaris, la vida silvestre, los deportes acu\u00e1ticos y las playas. El pa\u00eds tambi\u00e9n ocupa un lugar destacado en el mundo como destino de eventos de negocios.<\/p>\n\n\n\n<h2 class=\"wp-block-heading\">4. Servicios financieros<\/h2>\n\n\n\n<p>El sector bancario de Sud\u00e1frica est\u00e1 bien desarrollado y alberga a muchas instituciones financieras extranjeras. El mercado es competitivo con los bancos grandes y peque\u00f1os, as\u00ed como con los servicios de banca comercial y de inversi\u00f3n que operan en el pa\u00eds.<\/p>\n\n\n\n<h2 class=\"wp-block-heading p1\">Oportunidades de negocio en Sud\u00e1frica<\/h2>\n\n\n\n<p class=\"p2\">South <a href=\"https:\/\/www.sisinternational.com\/es\/el-efecto-de-la-cultura-de-mercado-nigeriana-en-los-negocios\/\" title=\"El mercado nigeriano: el efecto de la cultura en los negocios\"  data-wpil-monitor-id=\"7484\">Africa offers various business<\/a> opportunities. These are mainly in the following sectors.<\/p>\n\n\n\n<h2 class=\"wp-block-heading\">1. Atenci\u00f3n sanitaria<\/h2>\n\n\n\n<p>The need for healthcare in South Africa is huge. Setting up a healthcare business in South Africa will however, go beyond serving the locals only. With the whole continent importing medication and South Africa having a strong manufacturing base, it\u2019s possible to start an export-focused medical business in the country.<\/p>\n\n\n\n<h2 class=\"wp-block-heading\">2. Educaci\u00f3n<\/h2>\n\n\n\n<p>Muchos sudafricanos educados est\u00e1n emigrando a Nueva Zelanda, Australia, Europa y Estados Unidos en busca de pastos m\u00e1s verdes. Dado que los que se quedan atr\u00e1s no pueden realizar algunos trabajos de alta tecnolog\u00eda, los inversores pueden llenar este vac\u00edo administrando escuelas privadas.<br>Dado que la mayor\u00eda tiene acceso a Internet, el aprendizaje electr\u00f3nico puede ser una opci\u00f3n lucrativa.<\/p>\n\n\n\n<h2 class=\"wp-block-heading\">3. Bienes Ra\u00edces<\/h2>\n\n\n\n<p>A pesar de que otros pa\u00edses reportan pocos compradores j\u00f3venes de propiedades, Sud\u00e1frica ha visto un n\u00famero r\u00e9cord de millennials comprando casas. La demanda m\u00e1s fuerte es la de propiedades asequibles. Las tendencias en las ventas de propiedades revelan que los inversores que utilizan canales de marketing emergentes est\u00e1n viendo m\u00e1s compras que aquellos que se apegan a la publicidad tradicional.<\/p>\n\n\n\n<h2 class=\"wp-block-heading p1\">4. Tecnolog\u00eda<\/h2>\n\n\n\n<p class=\"p2\">La innovaci\u00f3n tecnol\u00f3gica ha visto el crecimiento de las compras en l\u00ednea y de las Fintech. A medida que los consumidores combinen la tecnolog\u00eda con su vida cotidiana, la demanda de soluciones tecnol\u00f3gicas no har\u00e1 m\u00e1s que aumentar.<\/p>\n\n\n\n<h2 class=\"wp-block-heading p1\">5. Energ\u00eda<\/h2>\n\n\n\n<p class=\"p2\">There has been an uptake of renewable energy, and corporate customers have shown a willingness to pay more for green energy. With Energy as a Service (EaaS) gaining acceptance and the cost of storage technology reducing, the energy sector is a strong candidate for profitable business.<\/p>\n\n\n\n<h2 class=\"wp-block-heading p5\">Desaf\u00edos que enfrenta la econom\u00eda de Sud\u00e1frica<\/h2>\n\n\n\n<p class=\"p2\">Sud\u00e1frica lucha contra el desempleo y esto conduce a una alta tasa de criminalidad. De esto tambi\u00e9n surgen otros problemas socioecon\u00f3micos como la corrupci\u00f3n, la inestabilidad pol\u00edtica, la mala salud y la paternidad adolescente.<\/p>\n\n\n\n<h2 class=\"wp-block-heading p1\">Centros de ubicaci\u00f3n empresarial de Sud\u00e1frica<\/h2>\n\n\n\n<figure class=\"gb-block-image gb-block-image-93ddd45d\"><img loading=\"lazy\" decoding=\"async\" width=\"1456\" height=\"816\" class=\"gb-image gb-image-93ddd45d\" src=\"https:\/\/www.sisinternational.com\/wp-content\/uploads\/2025\/08\/South-Africa-3.jpg\" alt=\"Investigaci\u00f3n y estrategia de mercado internacional de SIS\" title=\"South Africa (3)\" srcset=\"https:\/\/www.sisinternational.com\/wp-content\/uploads\/2025\/08\/South-Africa-3.jpg 1456w, https:\/\/www.sisinternational.com\/wp-content\/uploads\/2025\/08\/South-Africa-3-300x168.jpg 300w, https:\/\/www.sisinternational.com\/wp-content\/uploads\/2025\/08\/South-Africa-3-1024x574.jpg 1024w, https:\/\/www.sisinternational.com\/wp-content\/uploads\/2025\/08\/South-Africa-3-768x430.jpg 768w, https:\/\/www.sisinternational.com\/wp-content\/uploads\/2025\/08\/South-Africa-3-18x10.jpg 18w\" sizes=\"auto, (max-width: 1456px) 100vw, 1456px\"><\/figure>\n\n\n\n<p><\/p>\n\n\n\n<p class=\"p2\">Varias ciudades y regiones de Sud\u00e1frica tienen un entorno muy propicio para los negocios. Una de esas ciudades es Johannesburgo, reconocida mundialmente como un excelente lugar para nuevas empresas. Ciudad del Cabo tambi\u00e9n ocupa un lugar destacado entre muchas empresas emergentes y de capital de riesgo que la consideran su hogar.<\/p>\n\n\n\n<p class=\"p2\">El municipio de Stellenbosch es tambi\u00e9n un centro de negocios debido a su proximidad al \u00e1rea metropolitana de Ciudad del Cabo. Tiene una ventaja comparativa en la manufactura, los servicios financieros, el comercio mayorista y minorista, as\u00ed como en el sector hotelero.<\/p>\n\n\n\n<h2 class=\"wp-block-heading p1\">Acerca de la investigaci\u00f3n de mercado en Sud\u00e1frica<\/h2>\n\n\n\n<p class=\"p2\">South <a href=\"https:\/\/www.sisinternational.com\/es\/el-cambiante-mercado-africano\/\" title=\"Investigaci\u00f3n de oportunidades de mercado en \u00c1frica\"  data-wpil-monitor-id=\"2794\">\u00c1frica<\/a> provides many opportunities for entry into the African market. A thorough market research is however needed to understand the trends, customer dynamics, corporate intelligence and other market insights so as to create a winning strategy.<\/p>\n\n\n\n<p class=\"p2\">SIS International Research has been conducting detailed <a href=\"https:\/\/www.sisinternational.com\/es\/investigacion-de-mercado-en-africa-2\/\" title=\"Investigaci\u00f3n de mercado en \u00c1frica\"  data-wpil-monitor-id=\"2941\">market<\/a> research for local and international businesses for years. We have the expertise and experience to analyze markets and advise businesses on the best way to launch and carve out a portion of the market for guaranteed business growth.<\/p>\n\n\n\n<p><\/p>","protected":false},"excerpt":{"rendered":"<p>Haga crecer su negocio con investigaci\u00f3n de mercado en Sud\u00e1frica.<\/p>","protected":false},"author":1,"featured_media":65225,"parent":14281,"menu_order":0,"comment_status":"closed","ping_status":"closed","template":"","meta":{"footnotes":""},"class_list":["post-36597","page","type-page","status-publish","has-post-thumbnail"],"_links":{"self":[{"href":"https:\/\/www.sisinternational.com\/es\/wp-json\/wp\/v2\/pages\/36597","targetHints":{"allow":["GET"]}}],"collection":[{"href":"https:\/\/www.sisinternational.com\/es\/wp-json\/wp\/v2\/pages"}],"about":[{"href":"https:\/\/www.sisinternational.com\/es\/wp-json\/wp\/v2\/types\/page"}],"author":[{"embeddable":true,"href":"https:\/\/www.sisinternational.com\/es\/wp-json\/wp\/v2\/users\/1"}],"replies":[{"embeddable":true,"href":"https:\/\/www.sisinternational.com\/es\/wp-json\/wp\/v2\/comments?post=36597"}],"version-history":[{"count":9,"href":"https:\/\/www.sisinternational.com\/es\/wp-json\/wp\/v2\/pages\/36597\/revisions"}],"predecessor-version":[{"id":81111,"href":"https:\/\/www.sisinternational.com\/es\/wp-json\/wp\/v2\/pages\/36597\/revisions\/81111"}],"up":[{"embeddable":true,"href":"https:\/\/www.sisinternational.com\/es\/wp-json\/wp\/v2\/pages\/14281"}],"wp:featuredmedia":[{"embeddable":true,"href":"https:\/\/www.sisinternational.com\/es\/wp-json\/wp\/v2\/media\/65225"}],"wp:attachment":[{"href":"https:\/\/www.sisinternational.com\/es\/wp-json\/wp\/v2\/media?parent=36597"}],"curies":[{"name":"wp","href":"https:\/\/api.w.org\/{rel}","templated":true}]}}