{"id":35478,"date":"2020-06-07T02:36:30","date_gmt":"2020-06-07T02:36:30","guid":{"rendered":"https:\/\/www.sisinternational.com\/?page_id=35478"},"modified":"2026-03-12T12:46:44","modified_gmt":"2026-03-12T16:46:44","slug":"investigacion-de-mercado-del-viaje-del-paciente","status":"publish","type":"page","link":"https:\/\/www.sisinternational.com\/es\/soluciones\/investigacion-de-mercado-biotecnologico-y-farmaceutico-de-atencion-medica\/investigacion-de-mercado-del-viaje-del-paciente\/","title":{"rendered":"Investigaci\u00f3n de mercado del viaje del paciente"},"content":{"rendered":"<h1 class=\"wp-block-heading\">Investigaci\u00f3n de mercado del viaje del paciente<\/h1>\n\n\n\n<figure class=\"gb-block-image gb-block-image-d4b7c36f\"><img loading=\"lazy\" decoding=\"async\" width=\"1456\" height=\"816\" class=\"gb-image gb-image-d4b7c36f\" src=\"https:\/\/www.sisinternational.com\/wp-content\/uploads\/2025\/08\/Healthcare-13.jpg\" alt=\"Investigaci\u00f3n y estrategia de mercado internacional de SIS\" title=\"Healthcare (13)\" srcset=\"https:\/\/www.sisinternational.com\/wp-content\/uploads\/2025\/08\/Healthcare-13.jpg 1456w, https:\/\/www.sisinternational.com\/wp-content\/uploads\/2025\/08\/Healthcare-13-300x168.jpg 300w, https:\/\/www.sisinternational.com\/wp-content\/uploads\/2025\/08\/Healthcare-13-1024x574.jpg 1024w, https:\/\/www.sisinternational.com\/wp-content\/uploads\/2025\/08\/Healthcare-13-768x430.jpg 768w, https:\/\/www.sisinternational.com\/wp-content\/uploads\/2025\/08\/Healthcare-13-18x10.jpg 18w\" sizes=\"auto, (max-width: 1456px) 100vw, 1456px\"><\/figure>\n\n\n\n<p><\/p>\n\n\n\n<h2 class=\"wp-block-heading p2\"><span class=\"s2\">The Patient Journey descubre todos los puntos de contacto por los que pasan los pacientes para encontrar nuevos tratamientos<\/span><\/h2>\n\n\n\n<p class=\"p2\"><span class=\"s2\">Patients more than ever have information and options at their fingertips.&nbsp; With access to knowledge and alternatives, it&#8217;s important for Pharmaceutical and healthcare companies to understand patients. <\/span><\/p>\n\n\n\n<p class=\"p2\"><span class=\"s2\">Descubrir lo que quieren tambi\u00e9n es un elemento vital del marketing. En el caso del sector farmac\u00e9utico, estos esfuerzos se plasman en el recorrido del paciente y en la investigaci\u00f3n de mercado. Ahora son m\u00e1s cr\u00edticos que nunca. <\/span><\/p>\n\n\n\n<p class=\"p4\"><span class=\"s2\">It\u2019s not enough that <a href=\"https:\/\/www.sisinternational.com\/es\/pericia\/industrias\/investigacion-de-mercado-de-productos-farmaceuticos\/\" title=\"Investigaci\u00f3n de mercado farmac\u00e9utico\"  data-wpil-monitor-id=\"3473\">pharmaceutical companies conduct patient journey market research<\/a>. They need to incorporate all elements of the <a href=\"https:\/\/www.sisinternational.com\/es\/cobertura\/investigacion-de-mercado-africa\/investigacion-de-mercado-en-mali\/\" title=\"Investigaci\u00f3n de mercado en Mal\u00ed\"  data-wpil-monitor-id=\"3860\">marketing process into that research<\/a>. They must develop methods that can create a real competitive advantage.<\/span><\/p>\n\n\n\n<h2 class=\"wp-block-heading p5\"><span class=\"s2\">Mapeo del recorrido del paciente<\/span><\/h2>\n\n\n\n<p class=\"p2\"><span class=\"s2\">La mayor\u00eda de los estadounidenses utilizan al menos un medicamento recetado. M\u00e1s de la mitad toman dos. Sin embargo, los fabricantes de estos medicamentos que salvan vidas tienen un contacto m\u00ednimo con los pacientes. Estos pacientes dependen de los proveedores para que les orienten sobre c\u00f3mo utilizar las terapias y los medicamentos. A menudo tienen poca o ninguna informaci\u00f3n sobre qui\u00e9n hace posible que se recuperen de sus diversas enfermedades. La pregunta ahora es: \u00bfpueden las empresas farmac\u00e9uticas entrar en este c\u00edrculo de confianza? \u00bfPueden ser elementos del recorrido del paciente? La respuesta es un s\u00ed rotundo.<\/span><\/p>\n\n\n\n<h2 class=\"wp-block-heading\">Investigaci\u00f3n de Mercados de Innovaci\u00f3n<\/h2>\n\n\n\n<p class=\"p2\"><span class=\"s2\">Mercado <a href=\"https:\/\/www.sisinternational.com\/es\/pericia\/industrias\/investigacion-de-mercado-farmaceutico\/\" title=\"Investigaci\u00f3n de mercado farmac\u00e9utico\"  data-wpil-monitor-id=\"6313\">investigaci\u00f3n<\/a> is of tremendous benefit to innovators at pharmaceutical companies. A patient journey map lays out these benefits in a visual format, describing the typical routes consumers take from the start. It shows how they seek to improve their health outcomes as they do the tasks that denote the significant steps in the journey. It describes the different phases of care, starting with the onset of symptoms. It then goes to when the doctor diagnoses the patient, then to therapy, and it ends with either full recovery or adapting to a new way of living.<\/span><\/p>\n\n\n\n<p class=\"p2\"><span class=\"s2\">El viaje incluye historias sobre el camino de un paciente. Enfatiza sus problemas m\u00e1s importantes con los cuidadores, los m\u00e9dicos y los medicamentos. Tambi\u00e9n solicita su opini\u00f3n sobre el sistema de salud en general. Las marcas conocer\u00e1n la opini\u00f3n de los consumidores gracias a programas de empoderamiento. Este conocimiento les permite observar y mejorar los resultados de los pacientes. El uso de recorridos de pacientes para el marketing farmac\u00e9utico mejora la comunicaci\u00f3n. Todas las partes involucradas en el proceso, desde los pacientes hasta las marcas farmac\u00e9uticas, tienen voz y voto. Tambi\u00e9n tiene en cuenta las opiniones de proveedores, seres queridos y representantes de ventas.<\/span><\/p>\n\n\n\n<h2 class=\"wp-block-heading\">Centramiento en el paciente<\/h2>\n\n\n\n<p class=\"p2\"><span class=\"s2\">El entorno m\u00e9dico actual est\u00e1 centrado en el paciente. Una visi\u00f3n aproximada del viaje es fundamental para la comercializaci\u00f3n de las ciencias biol\u00f3gicas. Informa todo, desde el desarrollo de productos hasta el acceso al mercado y la gesti\u00f3n posterior al lanzamiento. Sin embargo, los investigadores a menudo llevan a cabo los esfuerzos del viaje del paciente de manera inconexa. Los diferentes equipos suelen utilizar diversas fuentes de datos y m\u00e9todos. Este enfoque priva a las empresas de una visi\u00f3n m\u00e1s integral. No pueden ver los impulsores y los obst\u00e1culos que afectan a sus marcas.<\/span><\/p>\n\n\n\n<h2 class=\"wp-block-heading p5\"><span class=\"s2\">Comprender el recorrido del paciente<\/span><\/h2>\n\n\n\n<p class=\"p4\"><span class=\"s2\">El recorrido del paciente est\u00e1 cambiando y volvi\u00e9ndose m\u00e1s complejo a medida que los pacientes se vuelven m\u00e1s educados y comprometidos. Tienen acceso a la informaci\u00f3n. Tambi\u00e9n quieren ser parte de cualquier decisi\u00f3n sobre sus programas de tratamiento. Es f\u00e1cil ver la importancia de una comprensi\u00f3n profunda del recorrido del paciente. Esta comprensi\u00f3n permite a los especialistas en marketing farmac\u00e9utico saber d\u00f3nde est\u00e1n los obst\u00e1culos. Les ayuda a decidir qu\u00e9 pueden hacer para eliminarlos.<\/span><\/p>\n\n\n\n<h2 class=\"wp-block-heading p5\"><span class=\"s2\">Gesti\u00f3n del viaje del paciente<\/span><\/h2>\n\n\n\n<p class=\"p2\"><span class=\"s2\">Los medios fuera de l\u00ednea siguen siendo esenciales. Sin embargo, las empresas farmac\u00e9uticas est\u00e1n transfiriendo el dinero destinado a publicidad y marketing a los medios digitales. Estas empresas deben ofrecer una experiencia de marca coherente en todos los canales. Una experiencia consistente en los canales virtuales y f\u00edsicos promueve el deleite del cliente. Adem\u00e1s, lo hace a trav\u00e9s de los diferentes medios a trav\u00e9s de los cuales se encuentran con la marca. Adem\u00e1s, es fundamental mejorar las experiencias de los clientes en todas las poblaciones de pacientes. Ayuda a las marcas a mantenerse relevantes y lograr un \u00e9xito continuo.<\/span><\/p>\n\n\n\n<h2 class=\"wp-block-heading\">Acerca de la investigaci\u00f3n de mercado del viaje del paciente<\/h2>\n\n\n\n<p class=\"p2\"><span class=\"s2\">SIS International Research ofrece soluciones personalizadas e informaci\u00f3n sobre el recorrido del paciente. A medida que la industria avanza hacia una mayor orientaci\u00f3n hacia el paciente, podemos ayudarle con la investigaci\u00f3n. Involucramos a todas las partes interesadas relevantes. Incluso incluimos pacientes en las primeras etapas del ciclo de vida del producto. Tambi\u00e9n podemos ayudar con el reclutamiento de pacientes de dif\u00edcil acceso. Por ejemplo, podemos ayudarle a encontrar sujetos de prueba con enfermedades raras.<\/span><\/p>\n\n\n\n<p><\/p>","protected":false},"excerpt":{"rendered":"<p>SIS es una empresa de consultor\u00eda estrat\u00e9gica e investigaci\u00f3n de mercados globales. Descubra conocimientos y ventajas con la investigaci\u00f3n de mercado del recorrido del paciente.<\/p>","protected":false},"author":1,"featured_media":62431,"parent":11294,"menu_order":66,"comment_status":"closed","ping_status":"closed","template":"","meta":{"footnotes":""},"class_list":["post-35478","page","type-page","status-publish","has-post-thumbnail"],"_links":{"self":[{"href":"https:\/\/www.sisinternational.com\/es\/wp-json\/wp\/v2\/pages\/35478","targetHints":{"allow":["GET"]}}],"collection":[{"href":"https:\/\/www.sisinternational.com\/es\/wp-json\/wp\/v2\/pages"}],"about":[{"href":"https:\/\/www.sisinternational.com\/es\/wp-json\/wp\/v2\/types\/page"}],"author":[{"embeddable":true,"href":"https:\/\/www.sisinternational.com\/es\/wp-json\/wp\/v2\/users\/1"}],"replies":[{"embeddable":true,"href":"https:\/\/www.sisinternational.com\/es\/wp-json\/wp\/v2\/comments?post=35478"}],"version-history":[{"count":6,"href":"https:\/\/www.sisinternational.com\/es\/wp-json\/wp\/v2\/pages\/35478\/revisions"}],"predecessor-version":[{"id":79896,"href":"https:\/\/www.sisinternational.com\/es\/wp-json\/wp\/v2\/pages\/35478\/revisions\/79896"}],"up":[{"embeddable":true,"href":"https:\/\/www.sisinternational.com\/es\/wp-json\/wp\/v2\/pages\/11294"}],"wp:featuredmedia":[{"embeddable":true,"href":"https:\/\/www.sisinternational.com\/es\/wp-json\/wp\/v2\/media\/62431"}],"wp:attachment":[{"href":"https:\/\/www.sisinternational.com\/es\/wp-json\/wp\/v2\/media?parent=35478"}],"curies":[{"name":"wp","href":"https:\/\/api.w.org\/{rel}","templated":true}]}}