{"id":35230,"date":"2020-05-03T05:09:23","date_gmt":"2020-05-03T05:09:23","guid":{"rendered":"https:\/\/www.sisinternational.com\/?page_id=35230"},"modified":"2025-09-12T20:52:27","modified_gmt":"2025-09-13T00:52:27","slug":"investigacion-de-mercado-de-precios-de-productos-basicos","status":"publish","type":"page","link":"https:\/\/www.sisinternational.com\/es\/soluciones\/investigacion-de-consultoria-estrategica-fintech\/investigacion-de-mercado-de-precios-de-productos-basicos\/","title":{"rendered":"Investigaci\u00f3n de mercado de precios de productos b\u00e1sicos"},"content":{"rendered":"<h1 class=\"wp-block-heading\">Investigaci\u00f3n de mercado de precios de productos b\u00e1sicos<\/h1>\n\n\n\n<figure class=\"gb-block-image gb-block-image-a875c067\"><img loading=\"lazy\" decoding=\"async\" width=\"1456\" height=\"816\" class=\"gb-image gb-image-a875c067\" src=\"https:\/\/www.sisinternational.com\/wp-content\/uploads\/2025\/08\/Mining-workers-2.jpg\" alt=\"Investigaci\u00f3n y estrategia de mercado internacional de SIS\" title=\"Mining workers (2)\" srcset=\"https:\/\/www.sisinternational.com\/wp-content\/uploads\/2025\/08\/Mining-workers-2.jpg 1456w, https:\/\/www.sisinternational.com\/wp-content\/uploads\/2025\/08\/Mining-workers-2-300x168.jpg 300w, https:\/\/www.sisinternational.com\/wp-content\/uploads\/2025\/08\/Mining-workers-2-1024x574.jpg 1024w, https:\/\/www.sisinternational.com\/wp-content\/uploads\/2025\/08\/Mining-workers-2-768x430.jpg 768w, https:\/\/www.sisinternational.com\/wp-content\/uploads\/2025\/08\/Mining-workers-2-18x10.jpg 18w\" sizes=\"auto, (max-width: 1456px) 100vw, 1456px\"><\/figure>\n\n\n\n<hr class=\"wp-block-separator has-alpha-channel-opacity is-style-dots\"\/>\n\n\n\n<h2 class=\"wp-block-heading\">Los productos b\u00e1sicos son una parte vital de la vida diaria.<\/h2>\n\n\n\n<p>From sugar to precious metals, commodities are critical to economies, societies, and governments. Having access to commodities and ensuring stable prices can be a matter of national security. SIS is your strategic partner for Commodity Pricing Market Research worldwide in today&#8217;s fast-paced global economy.<\/p>\n\n\n\n<p>We provide Customer Research, Competitive Research, and Strategy Research. In Customer Research, we provide data and analysis into <a href=\"https:\/\/www.sisinternational.com\/es\/analisis-de-satisfaccion-del-cliente\/\" title=\"Ocho formas de aumentar la satisfacci\u00f3n del cliente en el comercio minorista\"  data-wpil-monitor-id=\"10967\">customer needs and ways<\/a> to reach new customers efficiently. In Competitive Research, we uncover competitive intelligence and insights into how competitors are evolving. In Strategy Research, we uncover Market Size, Pricing Analytics, and other quantitative measures of the Commodity trade.<\/p>\n\n\n\n<h2 class=\"wp-block-heading\">Productos agr\u00edcolas<\/h2>\n\n\n\n<p>Estudiamos una variedad de productos agr\u00edcolas que incluyen:<\/p>\n\n\n\n<ul class=\"wp-block-list\">\n<li>Az\u00facar<\/li>\n\n\n\n<li>Carne<\/li>\n\n\n\n<li>Ma\u00edz<\/li>\n\n\n\n<li>soja<\/li>\n\n\n\n<li>Trigo<\/li>\n\n\n\n<li>Arroz<\/li>\n\n\n\n<li>Avena<\/li>\n\n\n\n<li>Cacao<\/li>\n\n\n\n<li>Caf\u00e9<\/li>\n\n\n\n<li>Algod\u00f3n<\/li>\n<\/ul>\n\n\n\n<h2 class=\"wp-block-heading\">Materias primas met\u00e1licas<\/h2>\n\n\n\n<figure class=\"gb-block-image gb-block-image-3cbe8bfa\"><img loading=\"lazy\" decoding=\"async\" width=\"1456\" height=\"816\" class=\"gb-image gb-image-3cbe8bfa\" src=\"https:\/\/www.sisinternational.com\/wp-content\/uploads\/2025\/08\/Mining-workers-4.jpg\" alt=\"Investigaci\u00f3n y estrategia de mercado internacional de SIS\" title=\"Mining workers (4)\" srcset=\"https:\/\/www.sisinternational.com\/wp-content\/uploads\/2025\/08\/Mining-workers-4.jpg 1456w, https:\/\/www.sisinternational.com\/wp-content\/uploads\/2025\/08\/Mining-workers-4-300x168.jpg 300w, https:\/\/www.sisinternational.com\/wp-content\/uploads\/2025\/08\/Mining-workers-4-1024x574.jpg 1024w, https:\/\/www.sisinternational.com\/wp-content\/uploads\/2025\/08\/Mining-workers-4-768x430.jpg 768w, https:\/\/www.sisinternational.com\/wp-content\/uploads\/2025\/08\/Mining-workers-4-18x10.jpg 18w\" sizes=\"auto, (max-width: 1456px) 100vw, 1456px\"><\/figure>\n\n\n\n<p><\/p>\n\n\n\n<p>Proporcionamos <a href=\"https:\/\/www.sisinternational.com\/es\/pericia\/industrias\/precios_y_analisis_competitivo_en_el_menor\/\" title=\"Precios minoristas y an\u00e1lisis competitivo\"  data-wpil-monitor-id=\"10966\">pricing and analysis<\/a> on the following metal commodities:<\/p>\n\n\n\n<ul class=\"wp-block-list i8Z77e\">\n<li>Oro<\/li>\n\n\n\n<li>Plata<\/li>\n\n\n\n<li>Platino<\/li>\n\n\n\n<li>Cobre<\/li>\n<\/ul>\n\n\n\n<h2 class=\"wp-block-heading\">Materias primas energ\u00e9ticas<\/h2>\n\n\n\n<p>Realizamos un seguimiento de los siguientes productos:<\/p>\n\n\n\n<ul class=\"wp-block-list i8Z77e\">\n<li>Petr\u00f3leo crudo<\/li>\n\n\n\n<li>Aceite de calefaccion<\/li>\n\n\n\n<li>Gas natural<\/li>\n\n\n\n<li>Gasolina<\/li>\n\n\n\n<li>Propano<\/li>\n<\/ul>\n\n\n\n<h2 class=\"wp-block-heading\">Productos ganaderos<\/h2>\n\n\n\n<p>Podemos rastrear productos ganaderos como:<\/p>\n\n\n\n<ul class=\"wp-block-list i8Z77e\">\n<li>Cerdos magros<\/li>\n\n\n\n<li>Ganado<\/li>\n\n\n\n<li>vacas<\/li>\n\n\n\n<li>pollos<\/li>\n<\/ul>\n\n\n\n<h2 class=\"wp-block-heading\">\u00bfQu\u00e9 puede afectar los precios?<\/h2>\n\n\n\n<p>Los siguientes factores pueden afectar los precios de las materias primas.<\/p>\n\n\n\n<ul class=\"wp-block-list\">\n<li>Clima<\/li>\n\n\n\n<li>Menores rendimientos de los cultivos<\/li>\n\n\n\n<li>Reservas<\/li>\n\n\n\n<li>Cultivos competidores como el etanol<\/li>\n\n\n\n<li>Exportaciones<\/li>\n\n\n\n<li>Escasez de mano de obra<\/li>\n\n\n\n<li>Demanda industrial<\/li>\n\n\n\n<li>Pol\u00edtica comercial (por ejemplo, cuotas, derechos, aranceles, antidumping)<\/li>\n\n\n\n<li>Polit\u00edcas dom\u00e9sticas<\/li>\n<\/ul>\n\n\n\n<h2 class=\"wp-block-heading\">Investigaci\u00f3n sobre tomadores de decisiones sobre productos b\u00e1sicos<\/h2>\n\n\n\n<figure class=\"gb-block-image gb-block-image-0751d21e\"><img loading=\"lazy\" decoding=\"async\" width=\"1456\" height=\"816\" class=\"gb-image gb-image-0751d21e\" src=\"https:\/\/www.sisinternational.com\/wp-content\/uploads\/2025\/08\/Oit-petroleum-petrochemical-9.jpg\" alt=\"Investigaci\u00f3n y estrategia de mercado internacional de SIS\" title=\"Oit petroleum petrochemical (9)\" srcset=\"https:\/\/www.sisinternational.com\/wp-content\/uploads\/2025\/08\/Oit-petroleum-petrochemical-9.jpg 1456w, https:\/\/www.sisinternational.com\/wp-content\/uploads\/2025\/08\/Oit-petroleum-petrochemical-9-300x168.jpg 300w, https:\/\/www.sisinternational.com\/wp-content\/uploads\/2025\/08\/Oit-petroleum-petrochemical-9-1024x574.jpg 1024w, https:\/\/www.sisinternational.com\/wp-content\/uploads\/2025\/08\/Oit-petroleum-petrochemical-9-768x430.jpg 768w, https:\/\/www.sisinternational.com\/wp-content\/uploads\/2025\/08\/Oit-petroleum-petrochemical-9-18x10.jpg 18w\" sizes=\"auto, (max-width: 1456px) 100vw, 1456px\"><\/figure>\n\n\n\n<p><\/p>\n\n\n\n<p>As a <a href=\"https:\/\/www.sisinternational.com\/es\/pericia\/curriculums-de-experiencia\/curriculum-de-experiencia-en-la-industria-automotriz\/\" title=\"Empresa de investigaci\u00f3n de mercado de la industria automotriz\"  data-wpil-monitor-id=\"10964\">Market Research company<\/a>, we connect you to buyers and influencers with the following services<\/p>\n\n\n\n<ul class=\"wp-block-list\">\n<li>Compradores<\/li>\n\n\n\n<li>Exportadores<\/li>\n\n\n\n<li>Expertos en la materia<\/li>\n\n\n\n<li>Personas influyentes en la industria<\/li>\n<\/ul>\n\n\n\n<h2 class=\"wp-block-heading\">An\u00e1lisis de precios y volumen<\/h2>\n\n\n\n<p>Ofrecemos las siguientes soluciones de investigaci\u00f3n de productos b\u00e1sicos:<\/p>\n\n\n\n<ul class=\"wp-block-list\">\n<li>Precios al por mayor<\/li>\n\n\n\n<li>Precio promedio<\/li>\n\n\n\n<li>Precios minoristas<\/li>\n\n\n\n<li>Reservas<\/li>\n\n\n\n<li>Volumen comercial<\/li>\n\n\n\n<li>Perfiles de comprador y an\u00e1lisis<\/li>\n\n\n\n<li>Precios de divisas y cobertura<\/li>\n<\/ul>\n\n\n\n<h2 class=\"wp-block-heading\">Nuestra ubicaci\u00f3n de instalaciones en Nueva York<\/h2>\n\n\n\n<p>  <iframe loading=\"lazy\" src=\"https:\/\/www.google.com\/maps\/embed?pb=!1m18!1m12!1m3!1d3022.976188376966!2d-73.99130312499956!3d40.740549471389315!2m3!1f0!2f0!3f0!3m2!1i1024!2i768!4f13.1!3m3!1m2!1s0x89c259a15798c731%3A0xd695d09bdd495f25!2s11%20E%2022nd%20St%20FL%202%2C%20New%20York%2C%20NY%2010010%2C%20USA!5e0!3m2!1sen!2spe!4v1726171763526!5m2!1sen!2spe\" width=\"600\" height=\"450\" allowfullscreen=\"allowfullscreen\" data-mce-fragment=\"1\"><\/iframe>  <\/p>\n\n\n\n<h3 class=\"wp-block-heading\">11 E 22nd Street, piso 2, Nueva York, NY 10010 T: +1(212) 505-6805<\/h3>\n\n\n\n<hr class=\"wp-block-separator has-alpha-channel-opacity\"\/>\n\n\n\n<h2 class=\"wp-block-heading\"><span style=\"font-weight: 400;\">Acerca de SIS Internacional<\/span><\/h2>\n\n\n\n<p><a href=\"https:\/\/www.sisinternational.com\/es\/\"><span style=\"font-weight: 400;\">SIS Internacional<\/span><\/a><span style=\"font-weight: 400;\"> offers Quantitative, Qualitative, and Strategy Research. We provide data, tools, strategies, reports, and insights for decision-making. We also conduct interviews, surveys, focus groups, and other <a href=\"https:\/\/www.sisinternational.com\/es\/quantitative-market-research-methods-and-techniques\/\" title=\"Quantitative Market Research Methods and Techniques\"  data-wpil-monitor-id=\"10965\">Market Research methods<\/a> and approaches.<\/span><a href=\"https:\/\/www.sisinternational.com\/es\/sobre-la-investigacion-internacional-de-sis\/contact-sis-international-market-research\/\"><span style=\"font-weight: 400;\"> P\u00f3ngase en contacto con nosotros<\/span><\/a><span style=\"font-weight: 400;\"> para su pr\u00f3ximo proyecto de Investigaci\u00f3n de Mercado.<\/span><\/p>\n\n\n\n<p><\/p>","protected":false},"excerpt":{"rendered":"<p>SIS es una empresa l\u00edder en consultor\u00eda estrat\u00e9gica e investigaci\u00f3n de mercados globales. Descubra nuevas oportunidades con la investigaci\u00f3n de mercado de precios de productos b\u00e1sicos.<\/p>","protected":false},"author":1,"featured_media":63971,"parent":27462,"menu_order":36,"comment_status":"closed","ping_status":"closed","template":"","meta":{"footnotes":""},"class_list":["post-35230","page","type-page","status-publish","has-post-thumbnail"],"_links":{"self":[{"href":"https:\/\/www.sisinternational.com\/es\/wp-json\/wp\/v2\/pages\/35230","targetHints":{"allow":["GET"]}}],"collection":[{"href":"https:\/\/www.sisinternational.com\/es\/wp-json\/wp\/v2\/pages"}],"about":[{"href":"https:\/\/www.sisinternational.com\/es\/wp-json\/wp\/v2\/types\/page"}],"author":[{"embeddable":true,"href":"https:\/\/www.sisinternational.com\/es\/wp-json\/wp\/v2\/users\/1"}],"replies":[{"embeddable":true,"href":"https:\/\/www.sisinternational.com\/es\/wp-json\/wp\/v2\/comments?post=35230"}],"version-history":[{"count":5,"href":"https:\/\/www.sisinternational.com\/es\/wp-json\/wp\/v2\/pages\/35230\/revisions"}],"predecessor-version":[{"id":81793,"href":"https:\/\/www.sisinternational.com\/es\/wp-json\/wp\/v2\/pages\/35230\/revisions\/81793"}],"up":[{"embeddable":true,"href":"https:\/\/www.sisinternational.com\/es\/wp-json\/wp\/v2\/pages\/27462"}],"wp:featuredmedia":[{"embeddable":true,"href":"https:\/\/www.sisinternational.com\/es\/wp-json\/wp\/v2\/media\/63971"}],"wp:attachment":[{"href":"https:\/\/www.sisinternational.com\/es\/wp-json\/wp\/v2\/media?parent=35230"}],"curies":[{"name":"wp","href":"https:\/\/api.w.org\/{rel}","templated":true}]}}