{"id":35196,"date":"2020-05-02T00:01:03","date_gmt":"2020-05-02T00:01:03","guid":{"rendered":"https:\/\/www.sisinternational.com\/?page_id=35196"},"modified":"2025-09-12T20:46:08","modified_gmt":"2025-09-13T00:46:08","slug":"investigacion-de-mercado-de-ingenieria","status":"publish","type":"page","link":"https:\/\/www.sisinternational.com\/es\/pericia\/investigacion-de-mercado-de-ingenieria\/","title":{"rendered":"Estudios de mercado de ingenier\u00eda"},"content":{"rendered":"<h1 class=\"wp-block-heading p1\"><span class=\"s1\">Estudios de mercado de ingenier\u00eda<\/span><\/h1>\n\n\n\n<figure class=\"gb-block-image gb-block-image-ca0ed1eb\"><img loading=\"lazy\" decoding=\"async\" width=\"1456\" height=\"816\" class=\"gb-image gb-image-ca0ed1eb\" src=\"https:\/\/www.sisinternational.com\/wp-content\/uploads\/2025\/08\/Construction-30-1.jpg\" alt=\"Investigaci\u00f3n y estrategia de mercado internacional de SIS\" title=\"Construction (30)\" srcset=\"https:\/\/www.sisinternational.com\/wp-content\/uploads\/2025\/08\/Construction-30-1.jpg 1456w, https:\/\/www.sisinternational.com\/wp-content\/uploads\/2025\/08\/Construction-30-1-300x168.jpg 300w, https:\/\/www.sisinternational.com\/wp-content\/uploads\/2025\/08\/Construction-30-1-1024x574.jpg 1024w, https:\/\/www.sisinternational.com\/wp-content\/uploads\/2025\/08\/Construction-30-1-768x430.jpg 768w, https:\/\/www.sisinternational.com\/wp-content\/uploads\/2025\/08\/Construction-30-1-18x10.jpg 18w\" sizes=\"auto, (max-width: 1456px) 100vw, 1456px\"><\/figure>\n\n\n\n<p><\/p>\n\n\n\n<h2 class=\"wp-block-heading p2\"><span class=\"s2\">La investigaci\u00f3n de mercado de ingenier\u00eda revela ideas para el crecimiento empresarial<\/span><\/h2>\n\n\n\n<p class=\"p2\"><span class=\"s2\">This sector has a technical nature, so it often requires<\/span> specialized market researchers. We survey engineering firms, engineering professionals, industry bodies, and those who provide design solutions. SIS International Research has extensive experience in conducting engineering market research<span class=\"s2\">.<\/span><\/p>\n\n\n\n<h3 class=\"wp-block-heading\">Tipos de Ingenier\u00eda:<\/h3>\n\n\n\n<ul class=\"wp-block-list\">\n<li>Ingenieria El\u00e9ctrica<\/li>\n\n\n\n<li>Ingenier\u00eda Qu\u00edmica<\/li>\n\n\n\n<li>Ingenier\u00eda petrolera<\/li>\n\n\n\n<li>Ingenier\u00eda civil<\/li>\n\n\n\n<li>Ingenier\u00eda Mec\u00e1nica<\/li>\n\n\n\n<li>Ingenier\u00eda Biom\u00e9dica<\/li>\n\n\n\n<li>Ingenier\u00eda Agricola<\/li>\n\n\n\n<li>Ingenier\u00eda Aeroespacial<\/li>\n\n\n\n<li>Ingenier\u00eda Ambiental<\/li>\n<\/ul>\n\n\n\n<h2 class=\"wp-block-heading p3\"><span class=\"s2\">Tendencias industriales<\/span><\/h2>\n\n\n\n<p class=\"p4\"><span class=\"s2\">The first industrial revolution took place hundreds of years ago, therefore experts describe today&#8217;s industrial revolution as Industry 4.0, as a result, they adopted a change to a more self-aware and digitized system of work that will use Big Data and the <a href=\"https:\/\/www.sisinternational.com\/es\/soluciones\/consultoria-blockchain\/blockchain-internet-de-las-cosas\/\" title=\"Blockchain e Internet de las cosas\"  data-wpil-monitor-id=\"9007\">Internet de las Cosas<\/a>.<span class=\"s2\"> Tambi\u00e9n utilizar\u00e1 la nueva infraestructura de comunicaciones. Por tanto, la Industria 4.0 ser\u00e1 una tendencia significativa y disruptiva en la ingenier\u00eda. <\/span><\/p>\n\n\n\n<p class=\"p4\"><span class=\"s2\">El crecimiento del mercado se produjo en la industria de la ingenier\u00eda y la construcci\u00f3n a pesar de la escasez de mano de obra y las presiones de costos. El sector tambi\u00e9n experiment\u00f3 una tendencia hacia proyectos de oferta fija. Es probable que estos desaf\u00edos contin\u00faen en el futuro. Sin embargo, las empresas de ingenier\u00eda y construcci\u00f3n disfrutar\u00e1n de varias oportunidades importantes en la industria. El aumento en <\/span>ciudad inteligente <span class=\"s2\">Los megaproyectos son una de estas oportunidades, y la iniciativa estadounidense de transporte e infraestructura es otra.<\/span><span class=\"s2\">.<\/span><\/p>\n\n\n\n<p>El <a href=\"https:\/\/www.sisinternational.com\/es\/pericia\/industrias\/investigacion-del-mercado-energetico\/\" title=\"Investigaci\u00f3n del mercado energ\u00e9tico\"  data-wpil-monitor-id=\"9004\">energy sector is another new market<\/a> to observe. As a result, many countries should see sustainable energy getting a bigger bite of the pie. These energy sources include solar, wind, utility-scale renewable fuels, and hydropower. Innovations may also occur in:<\/p>\n\n\n\n<ul class=\"wp-block-list\">\n<li><a href=\"https:\/\/www.sisinternational.com\/es\/soluciones\/investigacion-de-mercado-de-ia-y-consultoria-estrategica\/medio-ambiente-sostenibilidad-automatizacion-inteligencia-artificial-consultoria\/\" title=\"Medio Ambiente y Sostenibilidad Consultor\u00eda en Automatizaci\u00f3n e Inteligencia Artificial\"  data-wpil-monitor-id=\"9003\">Energ\u00eda sostenible e inteligencia artificial<\/a><\/li>\n\n\n\n<li>Almacenamiento de energ\u00eda, incluidas bater\u00edas.<\/li>\n\n\n\n<li>Paridad de la red<\/li>\n\n\n\n<li>cadena de bloques<\/li>\n\n\n\n<li>Recurso energ\u00e9tico distribuido<\/li>\n\n\n\n<li>La seguridad cibern\u00e9tica<\/li>\n\n\n\n<li>El clima pol\u00edtico<\/li>\n<\/ul>\n\n\n\n<h2 class=\"wp-block-heading p3\"><span class=\"s2\">An\u00e1lisis del mercado de servicios<\/span><\/h2>\n\n\n\n<p class=\"p4\"><span class=\"s2\">El aumento de los ingresos de la industria sigue el ritmo de la econom\u00eda estadounidense en general. El crecimiento puede ocurrir debido a un aumento en el valor de la construcci\u00f3n privada no residencial. Los analistas suelen utilizar este sector como indicador de la demanda de servicios industriales porque los precios y la demanda de las materias primas pueden afectar la rentabilidad.&nbsp;<\/span><\/p>\n\n\n\n<p class=\"p4\"><span class=\"s2\">The main driver of the engineering services <a href=\"https:\/\/www.sisinternational.com\/es\/soluciones\/investigacion-de-consultoria-estrategica-fintech\/consultoria-de-investigacion-de-mercado-de-inclusion-financiera-en-economias-emergentes\/\" title=\"Investigaci\u00f3n y consultor\u00eda de mercado de inclusi\u00f3n financiera en econom\u00edas emergentes\"  data-wpil-monitor-id=\"9002\">market is investments in emerging economies<\/a>, and these investments are occurring in the industrial, transport, and commercial infrastructure sectors. Most engineering <a href=\"https:\/\/www.sisinternational.com\/es\/soluciones\/consultoria-de-hosteleria-y-turismo-en-viajes\/empresa-de-gestion-hotelera-investigacion-de-mercado-consultoria-estrategica\/\" title=\"Empresa de gesti\u00f3n hotelera Investigaci\u00f3n de mercados y consultor\u00eda estrat\u00e9gica\"  data-wpil-monitor-id=\"9005\">companies function only in their regional\/national markets<\/a>, however, they do so for two reasons:<\/span><\/p>\n\n\n\n<ul class=\"wp-block-list\">\n<li><span class=\"s2\">Regulaciones regionales<\/span><\/li>\n\n\n\n<li><span class=\"s2\">Experiencia en servicios de ingenier\u00eda especializados.<\/span><\/li>\n<\/ul>\n\n\n\n<h2 class=\"wp-block-heading p3\"><span class=\"s2\">Perspectivas de la industria de servicios<\/span><\/h2>\n\n\n\n<p class=\"p4\"><span class=\"s2\">COVID-19 has had adverse effects on <a href=\"https:\/\/www.sisinternational.com\/es\/publicaciones\/investigacion-de-mercado-empresarial-escalable-7-formas-de-construir-un-negocio-escalable\/\" title=\"Investigaci\u00f3n de mercado empresarial escalable: 7 formas de construir un negocio escalable\"  data-wpil-monitor-id=\"9006\">business activity and markets<\/a>, and consequently, it is presenting many challenges to the engineering and construction industry. These challenges can intensify depending on the length and severity of the crisis. For instance, construction jobs have already been canceled, and others suspended.<\/span><\/p>\n\n\n\n<p class=\"p4\"><span class=\"s2\">Los expertos esperan que los efectos del COVID-19 sean temporales. La industria necesitar\u00e1 m\u00e1s ingenieros que nunca cuando el mundo vuelva a la normalidad.<\/span> <a href=\"https:\/\/www.sciencedaily.com\/news\/computers_math\/robotics\/\" target=\"_blank\" rel=\"noopener\">R<\/a><a href=\"https:\/\/www.sciencedaily.com\/news\/computers_math\/robotics\/\" target=\"_blank\" rel=\"noopener\">ob\u00f3tica<\/a><a href=\"https:\/\/www.sciencedaily.com\/news\/computers_math\/robotics\/\" target=\"_blank\" rel=\"noopener\"> y<\/a><a href=\"https:\/\/www.sciencedaily.com\/news\/computers_math\/robotics\/\" target=\"_blank\" rel=\"noopener\"> inteligencia artificial<\/a> <span class=\"s2\">estimular\u00e1 este crecimiento de la demanda, al igual que la realidad virtual y la fabricaci\u00f3n aditiva. Se incorporar\u00e1n otras tecnolog\u00edas a productos de ingenier\u00eda, como dispositivos m\u00e9dicos. Los expertos tambi\u00e9n esperan un aumento de la producci\u00f3n de equipos de transporte. Los productos y maquinaria inform\u00e1tica y electr\u00f3nica tambi\u00e9n aumentar\u00e1n la producci\u00f3n.<\/span><\/p>\n\n\n\n<h2 class=\"wp-block-heading p3\"><span class=\"s2\">\u00bfPor qu\u00e9 es tan importante la investigaci\u00f3n de mercado de ingenier\u00eda?<\/span><\/h2>\n\n\n\n<p class=\"p4\"><span class=\"s2\">The engineering industry is one of the most diverse in the world because it covers OEM assembly and the manufacturing of components. It also includes the maintenance of equipment and machinery after their sale. Thus, you must work with the right <a href=\"https:\/\/www.sisinternational.com\/es\/pericia\/curriculums-de-experiencia\/curriculum-de-experiencia-en-la-industria-automotriz\/\" title=\"Empresa de investigaci\u00f3n de mercado de la industria automotriz\" data-wpil-monitor-id=\"9001\">Market Research company<\/a>. <\/span><\/p>\n\n\n\n<p class=\"p4\">Estudios de mercado de ingenier\u00eda<span class=\"s2\"> provides insights into the current state of the industry and also forecasts business activity in the sector. At <a href=\"https:\/\/www.sisinternational.com\/es\/contacto-sis-investigacion-de-mercado-internacional\/\" title=\"Cont\u00e1ctenos\" data-wpil-monitor-id=\"9000\">SIS International Research<\/a>, we give our clients the information they need in addition to helping them to plan for the future and to come up with effective growth strategies. To get this information, for instance, we survey:<\/span><\/p>\n\n\n\n<ul class=\"wp-block-list ul1\">\n<li><span class=\"s2\">Ingeniero el\u00e9ctrico\u00a0<\/span><\/li>\n\n\n\n<li><span class=\"s2\">Ingeniero qu\u00edmico<\/span><\/li>\n\n\n\n<li><span class=\"s2\">Ingeniero mec\u00e1nico\u00a0<\/span><\/li>\n\n\n\n<li><span class=\"s2\">Ingeniero de calidad\u00a0<\/span><\/li>\n\n\n\n<li><span class=\"s2\">Ingeniero industrial\u00a0<\/span><\/li>\n\n\n\n<li><span class=\"s2\">Ingeniero de Manufactura\u00a0<\/span><\/li>\n\n\n\n<li><span class=\"s2\">Ingeniero petrolero\u00a0<\/span><\/li>\n\n\n\n<li><span class=\"s2\">Ingeniero de Procesos\u00a0<\/span><\/li>\n\n\n\n<li><span class=\"s2\">Ingeniero de Proyectos\u00a0<\/span><\/li>\n\n\n\n<li><span class=\"s2\">Ingeniero de software\u00a0<\/span><\/li>\n\n\n\n<li><span class=\"s2\">Ingeniero en Rob\u00f3tica<\/span><\/li>\n\n\n\n<li><span class=\"s2\">Comprador\/Planificador\u00a0<\/span><\/li>\n\n\n\n<li><span class=\"s2\">gerente de compras\u00a0<\/span><\/li>\n\n\n\n<li><span class=\"s2\">Gerente de Materiales\u00a0<\/span><\/li>\n\n\n\n<li><span class=\"s2\">Ingeniero de Compras\u00a0<\/span><\/li>\n\n\n\n<li>Ejecutivos de la suite C<\/li>\n\n\n\n<li>presidentes<\/li>\n\n\n\n<li><span class=\"s5\">vicepresidentes<\/span><\/li>\n\n\n\n<li><span class=\"s2\">Directores<\/span><\/li>\n\n\n\n<li><span class=\"s2\">Gerentes<\/span><\/li>\n\n\n\n<li><span class=\"s2\">Tecnico electromecanico<\/span><\/li>\n\n\n\n<li><span class=\"s2\">Tecnico de Calidad\u00a0<\/span><\/li>\n\n\n\n<li><span class=\"s2\">T\u00e9cnico de pruebas\u00a0<\/span><\/li>\n\n\n\n<li><span class=\"s2\">T\u00e9cnico electronico\u00a0<\/span><\/li>\n\n\n\n<li><span class=\"s2\">Ingeniero mecatr\u00f3nico<\/span><\/li>\n<\/ul>\n\n\n\n<p><\/p>","protected":false},"excerpt":{"rendered":"<p>SIS es una empresa l\u00edder en investigaci\u00f3n y estrategia de mercado global que se especializa en investigaci\u00f3n de mercado de ingenieros. Descubra c\u00f3mo podemos aumentar sus ganancias.<\/p>","protected":false},"author":1,"featured_media":62987,"parent":14514,"menu_order":60,"comment_status":"closed","ping_status":"closed","template":"","meta":{"footnotes":""},"class_list":["post-35196","page","type-page","status-publish","has-post-thumbnail"],"_links":{"self":[{"href":"https:\/\/www.sisinternational.com\/es\/wp-json\/wp\/v2\/pages\/35196","targetHints":{"allow":["GET"]}}],"collection":[{"href":"https:\/\/www.sisinternational.com\/es\/wp-json\/wp\/v2\/pages"}],"about":[{"href":"https:\/\/www.sisinternational.com\/es\/wp-json\/wp\/v2\/types\/page"}],"author":[{"embeddable":true,"href":"https:\/\/www.sisinternational.com\/es\/wp-json\/wp\/v2\/users\/1"}],"replies":[{"embeddable":true,"href":"https:\/\/www.sisinternational.com\/es\/wp-json\/wp\/v2\/comments?post=35196"}],"version-history":[{"count":4,"href":"https:\/\/www.sisinternational.com\/es\/wp-json\/wp\/v2\/pages\/35196\/revisions"}],"predecessor-version":[{"id":81508,"href":"https:\/\/www.sisinternational.com\/es\/wp-json\/wp\/v2\/pages\/35196\/revisions\/81508"}],"up":[{"embeddable":true,"href":"https:\/\/www.sisinternational.com\/es\/wp-json\/wp\/v2\/pages\/14514"}],"wp:featuredmedia":[{"embeddable":true,"href":"https:\/\/www.sisinternational.com\/es\/wp-json\/wp\/v2\/media\/62987"}],"wp:attachment":[{"href":"https:\/\/www.sisinternational.com\/es\/wp-json\/wp\/v2\/media?parent=35196"}],"curies":[{"name":"wp","href":"https:\/\/api.w.org\/{rel}","templated":true}]}}