{"id":35169,"date":"2020-04-30T03:42:38","date_gmt":"2020-04-30T03:42:38","guid":{"rendered":"https:\/\/www.sisinternational.com\/?page_id=35169"},"modified":"2025-09-12T20:43:02","modified_gmt":"2025-09-13T00:43:02","slug":"investigacion-de-mercado-de-productos-horneados","status":"publish","type":"page","link":"https:\/\/www.sisinternational.com\/es\/pericia\/investigacion-de-mercado-de-productos-horneados\/","title":{"rendered":"Investigaci\u00f3n de mercado de productos horneados"},"content":{"rendered":"<h1 class=\"wp-block-heading\">Investigaci\u00f3n de mercado de productos horneados<\/h1>\n\n\n\n<figure class=\"gb-block-image gb-block-image-ea25fa11\"><img loading=\"lazy\" decoding=\"async\" width=\"1456\" height=\"816\" class=\"gb-image gb-image-ea25fa11\" src=\"https:\/\/www.sisinternational.com\/wp-content\/uploads\/2025\/08\/Bakery-baked-ff.jpg\" alt=\"Investigaci\u00f3n y estrategia de mercado internacional de SIS\" title=\"Bakery baked ff\" srcset=\"https:\/\/www.sisinternational.com\/wp-content\/uploads\/2025\/08\/Bakery-baked-ff.jpg 1456w, https:\/\/www.sisinternational.com\/wp-content\/uploads\/2025\/08\/Bakery-baked-ff-300x168.jpg 300w, https:\/\/www.sisinternational.com\/wp-content\/uploads\/2025\/08\/Bakery-baked-ff-1024x574.jpg 1024w, https:\/\/www.sisinternational.com\/wp-content\/uploads\/2025\/08\/Bakery-baked-ff-768x430.jpg 768w, https:\/\/www.sisinternational.com\/wp-content\/uploads\/2025\/08\/Bakery-baked-ff-18x10.jpg 18w\" sizes=\"auto, (max-width: 1456px) 100vw, 1456px\"><\/figure>\n\n\n\n<p><\/p>\n\n\n\n<h2 class=\"wp-block-heading\"><span class=\"s2\">Investigaci\u00f3n de mercado de productos horneados<\/span><\/h2>\n\n\n\n<p><span class=\"s2\">En la investigaci\u00f3n de mercado de productos horneados, podemos lograr las siguientes prioridades estrat\u00e9gicas:<\/span><\/p>\n\n\n\n<ul class=\"wp-block-list\">\n<li><span class=\"s2\">Mejorar el portafolio de productos<\/span><\/li>\n\n\n\n<li><span class=\"s2\">Prueba nuevos sabores<\/span><\/li>\n\n\n\n<li><span class=\"s2\">Comprender los gustos locales<\/span><\/li>\n\n\n\n<li><span class=\"s2\">Crear nuevos mensajes\u00a0<\/span><\/li>\n\n\n\n<li>Evaluar nuevos conceptos de productos<\/li>\n\n\n\n<li><a href=\"https:\/\/www.sisinternational.com\/es\/pericia\/industrias\/investigacion-de-mercado-de-ferreteria\/\" title=\"Investigaci\u00f3n de mercado de ferreter\u00eda y mejoras para el hogar\"  data-wpil-monitor-id=\"10938\">Improve a marketing<\/a> campaign<\/li>\n\n\n\n<li><span class=\"s2\"><a href=\"https:\/\/www.sisinternational.com\/es\/pericia\/industrias\/investigacion-de-mercado-de-optimizacion-del-menu-de-comida-de-restaurante\/\" title=\"Investigaci\u00f3n de mercado de optimizaci\u00f3n de men\u00fas de restaurantes y alimentos\"  data-wpil-monitor-id=\"10942\">Optimize the marketing<\/a> mix<\/span><\/li>\n<\/ul>\n\n\n\n<h2 class=\"wp-block-heading\">\u00bfQu\u00e9 son los productos horneados?<\/h2>\n\n\n\n<p class=\"p1\"><span class=\"s1\"><span style=\"color: #993300;\"><strong>croissants<\/strong><\/span> Se hornean y se rellenan con una sabrosa crema. Los Mini Croissants est\u00e1n listos para comer, tienen una masa suave con levadura. <\/span><span class=\"s1\">Los croissants de tama\u00f1o est\u00e1ndar, versi\u00f3n suave y rellena del tradicional croissant europeo.<span class=\"Apple-converted-space\">&nbsp; <\/span>Son extremadamente suaves y se mantienen frescos durante mucho tiempo gracias a la masa leudada naturalmente y horneada.&nbsp;<\/span><\/p>\n\n\n\n<p class=\"p1\"><span class=\"s1\"><span style=\"color: #993300;\"><strong>Tortas De Pan<\/strong><\/span> son pasteles suaves con levadura natural que se hornean al horno y combinan una textura esponjosa y mantecosa con trozos crujientes y sabrosos, lo que da como resultado una tentadora fusi\u00f3n de diferentes texturas y sabores. La versi\u00f3n simple es ideal para el desayuno, para rebanar tostadas francesas o simplemente para untar con mermelada o la crema preferida.<\/span><\/p>\n\n\n\n<p class=\"p1\"><span class=\"s1\"><span style=\"color: #993300;\"><strong>pan de oro<\/strong><\/span> Son unas tortas doradas con forma de estrella, ricas en mantequilla y huevos, de sabor fragante y suave.<span class=\"Apple-converted-space\">&nbsp;<\/span>masa. Por su forma y textura es ideal como base para recetas creativas o simplemente acompa\u00f1ado con nata montada o helado.<\/span><\/p>\n\n\n\n<p class=\"p1\"><span class=\"s1\"><strong><span style=\"color: #993300;\">Magdalenas.&nbsp;<\/span><\/strong> Este refrigerio puede tener una colorida cobertura de chocolate y un coraz\u00f3n oculto de sabrosa crema.&nbsp;<\/span><\/p>\n\n\n\n<p class=\"p1\"><span class=\"s1\"><span style=\"color: #993300;\"><strong>Panettone<\/strong><\/span> combina todas las caracter\u00edsticas de la receta tradicional italiana en forma salada. Su masa suave y mantecosa es la base ideal para preparar un s\u00e1ndwich americano cort\u00e1ndolo y rellen\u00e1ndolo con los ingredientes preferidos. <span class=\"Apple-converted-space\">&nbsp; <\/span>Con levadura natural y horneado al horno, se mantiene suave y fresco por mucho m\u00e1s tiempo que el pan.<\/span><\/p>\n\n\n\n<p><span style=\"color: #993300;\"><strong>Otras variedades:<\/strong> <\/span>Bizcochos, pan hawaiano, mollejas, pan de batata, masa madre, pastel de bollo, pan de desayuno y pan de cena<\/p>\n\n\n\n<h2 class=\"wp-block-heading\">Lo que descubre la investigaci\u00f3n de mercado de productos horneados<\/h2>\n\n\n\n<ul class=\"wp-block-list\">\n<li><span class=\"s1\">Preferencias de bocadillos<\/span><\/li>\n\n\n\n<li><span class=\"s1\">Percepciones sobre los productos horneados.<\/span><\/li>\n\n\n\n<li>Ocasiones y estacionalidad<\/li>\n\n\n\n<li>Clasificaci\u00f3n de sabores<\/li>\n\n\n\n<li>Clasificaci\u00f3n de reclamaciones<\/li>\n\n\n\n<li><a href=\"https:\/\/www.sisinternational.com\/es\/soluciones\/soluciones-de-investigacion-cualitativa-cuantitativa\/investigacion-de-mercado-de-la-persona-compradora\/\" title=\"Soluciones y m\u00e9todos de investigaci\u00f3n de mercado de Buyer Persona\"  data-wpil-monitor-id=\"10939\">Perfiles y personas del comprador<\/a><\/li>\n\n\n\n<li>Percepciones de precios<\/li>\n\n\n\n<li>Informaci\u00f3n sobre la ubicaci\u00f3n de los estantes<\/li>\n\n\n\n<li>Datos del segmento de clientes<\/li>\n<\/ul>\n\n\n\n<h2 class=\"wp-block-heading\">Pruebas de concepto<\/h2>\n\n\n\n<p class=\"p1\"><span class=\"s1\">We uncover the new concept&nbsp;likes and dislikes,&nbsp;Reactions to&nbsp;the product,&nbsp;Consumption occasions,&nbsp;Buying occasions, ideal <a href=\"https:\/\/www.sisinternational.com\/es\/pericia\/industrias\/precios_y_analisis_competitivo_en_el_menor\/\" title=\"Precios minoristas y an\u00e1lisis competitivo\"  data-wpil-monitor-id=\"10937\">Retail location and price<\/a> perceptions.&nbsp; The <a href=\"https:\/\/www.sisinternational.com\/es\/soluciones\/prueba-de-sabor\/prueba-de-sabor-del-producto\/\" title=\"Pruebas de sabor del producto\"  data-wpil-monitor-id=\"10940\">testing can include exercises that evaluate tastes<\/a>, likes and dislikes.&nbsp; What emerges is a comprehensive report,&nbsp; recommendations and areas of improvement.<\/span><\/p>\n\n\n\n<h2 class=\"wp-block-heading\">Qu\u00e9 puede lograr la investigaci\u00f3n de mercado de productos horneados<\/h2>\n\n\n\n<ul class=\"wp-block-list\">\n<li>Evaluar si son necesarias reformulaciones<\/li>\n\n\n\n<li>Evaluar combinaciones de sabores.<\/li>\n\n\n\n<li>Gain recommendations on how and where to <a href=\"https:\/\/www.sisinternational.com\/es\/soluciones\/consultoria-estrategica\/investigacion-de-mercado-de-lanzamiento-de-nuevos-productos\/\" title=\"Investigaci\u00f3n de lanzamiento de nuevos productos\"  data-wpil-monitor-id=\"10941\">launch new products<\/a><\/li>\n\n\n\n<li>Comprender el recorrido del cliente<\/li>\n\n\n\n<li>Variables de prueba como la textura del pan, el sabor del relleno, los aderezos y el olor.<\/li>\n\n\n\n<li>Clasificar sabores e ingredientes<\/li>\n\n\n\n<li>Re\u00fana informaci\u00f3n sobre categor\u00edas<\/li>\n\n\n\n<li>Desarrollar un nuevo posicionamiento estrat\u00e9gico<\/li>\n\n\n\n<li>Comprender a fondo la competencia.<\/li>\n<\/ul>\n\n\n\n<h2 class=\"wp-block-heading\">\u00bfQu\u00e9 decisiones se pueden tomar?<\/h2>\n\n\n\n<ul class=\"wp-block-list\">\n<li>Precios<\/li>\n\n\n\n<li>Promoci\u00f3n<\/li>\n\n\n\n<li>Colocaci\u00f3n<\/li>\n\n\n\n<li>Producto<\/li>\n\n\n\n<li>Ir a la estrategia del mercado<\/li>\n\n\n\n<li>Muchos otros<\/li>\n<\/ul>\n\n\n\n<h2 class=\"wp-block-heading\">M\u00e9todos de investigaci\u00f3n de mercado de productos horneados<\/h2>\n\n\n\n<ul class=\"wp-block-list\">\n<li>Grupos de discusi\u00f3n<\/li>\n\n\n\n<li><a href=\"https:\/\/www.sisinternational.com\/es\/soluciones\/soluciones-de-investigacion-cualitativa-cuantitativa\/grupos-focales-en-linea-2\/\" title=\"Grupos de discusi\u00f3n en l\u00ednea\"  data-wpil-monitor-id=\"10936\">Grupos de discusi\u00f3n en l\u00ednea<\/a><\/li>\n\n\n\n<li>Pruebas de sabor<\/li>\n\n\n\n<li>Comunidades en l\u00ednea<\/li>\n\n\n\n<li>Encuestas<\/li>\n\n\n\n<li>Entrevistas en v\u00eddeo<\/li>\n\n\n\n<li><a class=\"wpil_keyword_link\" href=\"https:\/\/www.sisinternational.com\/es\/pericia\/industrias\/investigacion-de-mercado-sensorial\/\"   title=\"Investigaci\u00f3n de mercado sensorial\" data-wpil-keyword-link=\"linked\"  data-wpil-monitor-id=\"439\">Investigaci\u00f3n de mercado sensorial<\/a> (e.g. EEG, Eye Tracking)<\/li>\n\n\n\n<li>Etnograf\u00eda m\u00f3vil<\/li>\n\n\n\n<li>Secondary <a class=\"wpil_keyword_link\" href=\"https:\/\/www.sisinternational.com\/es\/beneficios-de-la-investigacion-documental-en-el-analisis-de-mercado\/\"   title=\"Beneficios de la investigaci\u00f3n documental en el an\u00e1lisis de mercado\" data-wpil-keyword-link=\"linked\"  data-wpil-monitor-id=\"753\">Investigaci\u00f3n documental<\/a><\/li>\n<\/ul>\n\n\n\n<p><\/p>","protected":false},"excerpt":{"rendered":"<p>Descubra c\u00f3mo la investigaci\u00f3n de mercado de productos horneados puede proporcionar informaci\u00f3n para obtener ventajas.<\/p>","protected":false},"author":1,"featured_media":63357,"parent":14514,"menu_order":59,"comment_status":"closed","ping_status":"closed","template":"","meta":{"footnotes":""},"class_list":["post-35169","page","type-page","status-publish","has-post-thumbnail"],"_links":{"self":[{"href":"https:\/\/www.sisinternational.com\/es\/wp-json\/wp\/v2\/pages\/35169","targetHints":{"allow":["GET"]}}],"collection":[{"href":"https:\/\/www.sisinternational.com\/es\/wp-json\/wp\/v2\/pages"}],"about":[{"href":"https:\/\/www.sisinternational.com\/es\/wp-json\/wp\/v2\/types\/page"}],"author":[{"embeddable":true,"href":"https:\/\/www.sisinternational.com\/es\/wp-json\/wp\/v2\/users\/1"}],"replies":[{"embeddable":true,"href":"https:\/\/www.sisinternational.com\/es\/wp-json\/wp\/v2\/comments?post=35169"}],"version-history":[{"count":6,"href":"https:\/\/www.sisinternational.com\/es\/wp-json\/wp\/v2\/pages\/35169\/revisions"}],"predecessor-version":[{"id":81787,"href":"https:\/\/www.sisinternational.com\/es\/wp-json\/wp\/v2\/pages\/35169\/revisions\/81787"}],"up":[{"embeddable":true,"href":"https:\/\/www.sisinternational.com\/es\/wp-json\/wp\/v2\/pages\/14514"}],"wp:featuredmedia":[{"embeddable":true,"href":"https:\/\/www.sisinternational.com\/es\/wp-json\/wp\/v2\/media\/63357"}],"wp:attachment":[{"href":"https:\/\/www.sisinternational.com\/es\/wp-json\/wp\/v2\/media?parent=35169"}],"curies":[{"name":"wp","href":"https:\/\/api.w.org\/{rel}","templated":true}]}}