{"id":35108,"date":"2020-04-25T22:14:08","date_gmt":"2020-04-25T22:14:08","guid":{"rendered":"https:\/\/www.sisinternational.com\/?page_id=35108"},"modified":"2026-01-27T15:24:07","modified_gmt":"2026-01-27T20:24:07","slug":"investigacion-de-mercado-de-ferreteria","status":"publish","type":"page","link":"https:\/\/www.sisinternational.com\/es\/pericia\/investigacion-de-mercado-de-ferreteria\/","title":{"rendered":"Investigaci\u00f3n de mercado de ferreter\u00eda y mejoras para el hogar"},"content":{"rendered":"<h1 class=\"wp-block-heading\">Investigaci\u00f3n de mercado de ferreter\u00eda y mejoras para el hogar<\/h1>\n\n\n\n<figure class=\"gb-block-image gb-block-image-c7f7ff23\"><img loading=\"lazy\" decoding=\"async\" width=\"1456\" height=\"816\" class=\"gb-image gb-image-c7f7ff23\" src=\"https:\/\/www.sisinternational.com\/wp-content\/uploads\/2025\/08\/Smart-home-3.jpg\" alt=\"Investigaci\u00f3n y estrategia de mercado internacional de SIS\" title=\"Smart home (3)\" srcset=\"https:\/\/www.sisinternational.com\/wp-content\/uploads\/2025\/08\/Smart-home-3.jpg 1456w, https:\/\/www.sisinternational.com\/wp-content\/uploads\/2025\/08\/Smart-home-3-300x168.jpg 300w, https:\/\/www.sisinternational.com\/wp-content\/uploads\/2025\/08\/Smart-home-3-1024x574.jpg 1024w, https:\/\/www.sisinternational.com\/wp-content\/uploads\/2025\/08\/Smart-home-3-768x430.jpg 768w, https:\/\/www.sisinternational.com\/wp-content\/uploads\/2025\/08\/Smart-home-3-18x10.jpg 18w\" sizes=\"auto, (max-width: 1456px) 100vw, 1456px\"><\/figure>\n\n\n\n<p><\/p>\n\n\n\n<h2 class=\"wp-block-heading\">Las ferreter\u00edas una parte importante de la sociedad<\/h2>\n\n\n\n<p>At Hardware stores, buyers buy vital products and equipment for homes and businesses.\u00a0 Customers can efficiently buy products that improve lives and boost productivity.<\/p>\n\n\n\n<p>SIS tiene una amplia experiencia ayudando a cadenas de ferreter\u00edas a globalizarse, cumplir objetivos estrat\u00e9gicos y atender mejor las necesidades de los clientes.<\/p>\n\n\n\n<h2 class=\"wp-block-heading\">Investigaci\u00f3n de mercado de ferreter\u00eda y mejoras para el hogar<\/h2>\n\n\n\n<p>Ayudamos a las ferreter\u00edas a examinar lo siguiente:<\/p>\n\n\n\n<ul class=\"wp-block-list ul1\">\n<li><span class=\"s2\">Which categories to emphasize in store to be best aligned with consumer needs\/DIY behavior<\/span><\/li>\n\n\n\n<li><span class=\"s2\">Profundidad de surtido en varias categor\u00edas de productos.<\/span><\/li>\n\n\n\n<li><span class=\"s2\">Embalaje de productos (a granel o en paquetes individuales) por categor\u00eda<\/span><\/li>\n\n\n\n<li><span class=\"s2\">\u00c9nfasis puesto en surtidos de art\u00edculos de temporada<\/span><\/li>\n\n\n\n<li>Mezcla de marketing<\/li>\n<\/ul>\n\n\n\n<p class=\"p1\"><span class=\"s1\">We provide valuable insights regarding purchasing behavior, current home improvement trends, and the purchase journey. The overall project objectives are:<\/span><\/p>\n\n\n\n<ul class=\"wp-block-list ol2\">\n<li><span class=\"s1\">Develop a greater understanding of who the local home maintenance and home improvement shopper\u00a0<\/span><\/li>\n\n\n\n<li><span class=\"s1\">Determinar qu\u00e9 proyectos es m\u00e1s probable que emprendan los clientes.<\/span><\/li>\n\n\n\n<li><span class=\"s1\">Determine how customers complete projects across the 3 main project types<\/span><\/li>\n<\/ul>\n\n\n\n<h2 class=\"wp-block-heading p3\"><span class=\"s1\">Comportamiento del cliente<\/span><\/h2>\n\n\n\n<ul class=\"wp-block-list ol2\">\n<li><span class=\"s1\">Determinar d\u00f3nde compran los clientes<\/span><\/li>\n\n\n\n<li><span class=\"s1\">Identificar las fuentes utilizadas para obtener informaci\u00f3n sobre qu\u00e9 productos comprar.<\/span><\/li>\n\n\n\n<li><span class=\"s1\">Breve perfil actitudinal<\/span><\/li>\n\n\n\n<li><span class=\"s1\">Offer in-depth analysis and reporting of the findings in a final report to be presented to the client team if requested<\/span><\/li>\n<\/ul>\n\n\n\n<h2 class=\"wp-block-heading\">Clientes de fontaner\u00eda<\/h2>\n\n\n\n<p class=\"p1\"><span class=\"s1\">Definimos un segmento como<b>\u00a0Pluming Related Projects, <\/b>que se clasifica por aquellos que han realizado cualquiera de las siguientes acciones en los \u00faltimos 3 a\u00f1os o es probable que lo hagan en los pr\u00f3ximos 2 a\u00f1os.<\/span><\/p>\n\n\n\n<p class=\"p2\"><span class=\"s1\">Estas personas ser\u00e1n el objetivo de su conocimiento de este tipo de tareas.<\/span><\/p>\n\n\n\n<ul class=\"wp-block-list ul1\">\n<li><span class=\"s1\">Reparar una v\u00e1lvula con fugas en el tanque del inodoro.<\/span><\/li>\n\n\n\n<li><span class=\"s1\">Reparar un inodoro con fugas (agua que sale de la base del inodoro)<\/span><\/li>\n\n\n\n<li><span class=\"s1\">Reparar un grifo del lavabo que gotea<\/span><\/li>\n\n\n\n<li><span class=\"s1\">Reemplazo de un grifo<\/span><\/li>\n\n\n\n<li><span class=\"s1\">Arreglar una fuga o fugas en las tuber\u00edas debajo del fregadero<\/span><\/li>\n\n\n\n<li><span class=\"s1\">Reparar un inodoro obstruido<\/span><\/li>\n\n\n\n<li><span class=\"s1\">Desatascar un fregadero<\/span><\/li>\n\n\n\n<li><span class=\"s1\">Reemplazo de un cabezal de ducha<\/span><\/li>\n\n\n\n<li><span class=\"s1\">Reemplazo o instalaci\u00f3n de un calentador de agua.<\/span><\/li>\n<\/ul>\n\n\n\n<p class=\"p1\"><span class=\"s1\">Individuos bajo el<b> Proyectos relacionados con electricidad e iluminaci\u00f3n<\/b> se clasifican por aquellos que han realizado cualquiera de las siguientes acciones en los \u00faltimos 3 a\u00f1os o es probable que lo hagan en los pr\u00f3ximos 2 a\u00f1os.<\/span><\/p>\n\n\n\n<h2 class=\"wp-block-heading\">Clientes electricistas<\/h2>\n\n\n\n<p class=\"p1\"><span class=\"s1\">Electricians are therefore very skilled for having to protect against surges and are multi-talented.\u00a0<\/span><\/p>\n\n\n\n<ul class=\"wp-block-list ul1\">\n<li><span class=\"s3\">\u00bfReemplazar o instalar un nuevo timbre con cable?\u00a0<\/span><\/li>\n\n\n\n<li><span class=\"s3\">\u00bfReemplazar o instalar un nuevo ventilador de techo?\u00a0<\/span><\/li>\n\n\n\n<li><span class=\"s3\">\u00bfReemplazar o instalar una nueva l\u00e1mpara?\u00a0<\/span><\/li>\n\n\n\n<li><span class=\"s3\">\u00bfReemplazar o agregar una placa de interruptor?\u00a0<\/span><\/li>\n\n\n\n<li><span class=\"s1\">\u00bfReemplazar o agregar una placa de recept\u00e1culo?\u00a0 <\/span><span class=\"s5\">\u00bfO placa de salida de pared?<\/span><\/li>\n\n\n\n<li><span class=\"s1\">\u00bfReemplazar o instalar un triturador de basura debajo del fregadero?\u00a0<\/span><\/li>\n<\/ul>\n\n\n\n<h2 class=\"wp-block-heading\">Otros clientes<\/h2>\n\n\n\n<p class=\"p1\"><span class=\"s1\">Individuos bajo el<b> Otros proyectos<\/b> se clasifican por aquellos que han realizado cualquiera de las siguientes acciones en los \u00faltimos 3 a\u00f1os o es probable que lo hagan en los pr\u00f3ximos 2 a\u00f1os.<\/span><\/p>\n\n\n\n<p class=\"p2\"><span class=\"s1\">These are all high-incidence as these DIY jobs are done by the head of the household. Even the elderly will ask a neighbor to do this job for them rather than employing a contractor. <\/span><\/p>\n\n\n\n<ul class=\"wp-block-list ul1\">\n<li><span class=\"s1\">\u00bfReemplazar o instalar una cerradura de puerta? <\/span><\/li>\n\n\n\n<li><span class=\"s1\">\u00bfReemplazar una puerta en tu casa?<\/span><\/li>\n\n\n\n<li><span class=\"s1\">\u00bfPintar una habitaci\u00f3n o habitaciones de tu casa?<\/span><\/li>\n\n\n\n<li><span class=\"s1\">\u00bfPintar el exterior de tu casa?<\/span><\/li>\n\n\n\n<li><span class=\"s1\">\u00bfReparar un techo con goteras?<\/span><\/li>\n\n\n\n<li><span class=\"s1\">\u00bfInstalar persianas o cortinas?<\/span><\/li>\n<\/ul>\n\n\n\n<h2 class=\"wp-block-heading\">Investigaci\u00f3n de mercado de financiaci\u00f3n de mejoras para el hogar<\/h2>\n\n\n\n<p>We conduct research with contractors and lenders on the topic of Home Improvement Lending and Financing.&nbsp; For example, we conduct <a href=\"https:\/\/www.sisinternational.com\/es\/metodos-de-investigacion-alternativos-y-visitas-domiciliarias\/\" title=\"M\u00e9todos de investigaci\u00f3n alternativos y visitas domiciliarias\u00a0\"  data-wpil-monitor-id=\"850\">research on how small-to-mid-sized home<\/a> improving and remodeling businesses finance their operations.&nbsp; We examine:<\/p>\n\n\n\n<ul class=\"wp-block-list\">\n<li>\u00bfCu\u00e1l es el entorno empresarial en el que operan estos contratistas?<\/li>\n\n\n\n<li>cu\u00e1les son sus necesidades de financiaci\u00f3n hoy<\/li>\n\n\n\n<li>\u00bfQu\u00e9 alternativas utilizan para satisfacer estas necesidades?<\/li>\n\n\n\n<li>\u00bfCu\u00e1les son las reacciones de los contratistas ante tres nuevos conceptos que posiblemente podr\u00edan satisfacer sus necesidades financieras?<\/li>\n<\/ul>\n\n\n\n<p>Descubrimos necesidades clave insatisfechas relacionadas con la gesti\u00f3n del flujo de caja, tipos de financiamiento y formas de involucrar a los contratistas de construcci\u00f3n.<\/p>\n\n\n\n<h2 class=\"wp-block-heading\">Metodolog\u00eda de prueba de ubicaci\u00f3n central<\/h2>\n\n\n\n<p class=\"p1\"><span class=\"s1\">A Central Location Test (CLT) is a face-to-face methodology in which respondents are invited to take part in research that is conducted in a public accessible place, such as a hall or specialized facility. <a class=\"wpil_keyword_link\" href=\"https:\/\/www.sisinternational.com\/es\/soluciones\/soluciones-de-branding-e-investigacion-de-clientes\/investigacion-de-mercado-de-pruebas-de-productos\/empresa-lider-en-pruebas-de-ubicacion-central\/\"   title=\"Empresa l\u00edder en pruebas en ubicaciones centrales\" data-wpil-keyword-link=\"linked\"  data-wpil-monitor-id=\"754\">Central Location Testing<\/a> thrives on showing products or stimulus to a big group of respondents that need to be carried out in standard conditions and\/or procedures. Central Location Testing typically achieves a higher response rate and better results in research that may be too long or difficult for the respondent to carry out individually. <\/span><\/p>\n\n\n\n<h2 class=\"wp-block-heading p1\"><span class=\"s1\">Metodolog\u00eda de ejemplo<\/span><\/h2>\n\n\n\n<ul class=\"wp-block-list ul1\">\n<li><span class=\"s1\">Dirigido a n=450 encuestados\u00a0<\/span><\/li>\n\n\n\n<li><span class=\"s1\">Segmentado en n=150 por tipo de proyecto:<\/span>\n<ul class=\"wp-block-list\">\n<li>\n<ul class=\"wp-block-list\">\n<li><span class=\"s1\"><b>Proyectos relacionados con fontaner\u00eda<\/b> <\/span><\/li>\n\n\n\n<li><span class=\"s1\"><b>Proyectos relacionados con electricidad e iluminaci\u00f3n.<\/b> <\/span><\/li>\n\n\n\n<li><span class=\"s1\"><b>Otros proyectos<\/b><\/span><\/li>\n<\/ul>\n<\/li>\n<\/ul>\n<\/li>\n\n\n\n<li><span class=\"s1\"> Cada encuestado dedicar\u00e1 entre 20 y 25 minutos a responder la encuesta en tabletas. <\/span><\/li>\n\n\n\n<li><span class=\"s1\">SIS utilizar\u00e1 las preguntas proporcionadas por el equipo del cliente y las traducir\u00e1 y modificar\u00e1 para el mercado local seg\u00fan sea necesario.<\/span><\/li>\n\n\n\n<li><span class=\"s1\">No se realizar\u00e1n cambios a menos que sean aprobados por el cliente.<\/span><\/li>\n\n\n\n<li><span class=\"s1\">El cuestionario consta en su mayor\u00eda de preguntas cerradas de opci\u00f3n m\u00faltiple, con hasta 5 preguntas abiertas.<\/span><\/li>\n<\/ul>\n\n\n\n<h2 class=\"wp-block-heading p1\"><span class=\"s1\">Mercado objetivo<\/span><\/h2>\n\n\n\n<p><span class=\"s1\">Un mercado objetivo com\u00fan para nuestros estudios en este sector son los consumidores que han realizado al menos uno de los tipos de proyectos anteriores en los \u00faltimos 3 a\u00f1os o planean hacerlo en los pr\u00f3ximos 2 a\u00f1os:<\/span><\/p>\n\n\n\n<ul class=\"wp-block-list ul1\">\n<li><span class=\"s1\">Pintura de interiores<\/span><\/li>\n\n\n\n<li><span class=\"s1\">Pintura Exterior<\/span><\/li>\n\n\n\n<li><span class=\"s1\">Reparaci\u00f3n de plomer\u00eda ligera (reparaci\u00f3n de inodoro, reemplazo de grifo, etc.)<\/span><\/li>\n\n\n\n<li><span class=\"s1\">Luz El\u00e9ctrica (reemplazar bombillas, interruptores, etc)<\/span><\/li>\n\n\n\n<li><span class=\"s1\">Plantar un jard\u00edn\/flores<\/span><\/li>\n\n\n\n<li><span class=\"s1\">Mantenimiento del c\u00e9sped (fertilizantes, etc.)<\/span><\/li>\n\n\n\n<li><span class=\"s1\">Reclutar para combinaci\u00f3n de representaci\u00f3n de proyectos.<\/span><\/li>\n<\/ul>\n\n\n\n<p>It is important to recruit for a mix of project representation.\u00a0 We may focus on consumers who have purchased a home maintenance\/home improvement item for their home in the past year using a self-service format store.\u00a0 The age range is typically ages 30-50, and there may be a mix of 60% males\/40% female.\u00a0 Depending on which country we survey, the <a href=\"https:\/\/www.sisinternational.com\/es\/investigacion-de-mercado-en-el-medio-oriente\/\" title=\"Investigaci\u00f3n de mercado en Medio Oriente\"  data-wpil-monitor-id=\"7343\">middle class is defined by local market<\/a> standards.\u00a0 We may also examine the role of e-commerce and online research in the purchasing decision.<\/p>\n\n\n\n<p><\/p>","protected":false},"excerpt":{"rendered":"<p>Descubra c\u00f3mo la investigaci\u00f3n de mercado de ferreter\u00edas y mejoras para el hogar puede mejorar su rendimiento.<\/p>","protected":false},"author":1,"featured_media":64960,"parent":14514,"menu_order":57,"comment_status":"closed","ping_status":"closed","template":"","meta":{"footnotes":""},"class_list":["post-35108","page","type-page","status-publish","has-post-thumbnail"],"_links":{"self":[{"href":"https:\/\/www.sisinternational.com\/es\/wp-json\/wp\/v2\/pages\/35108","targetHints":{"allow":["GET"]}}],"collection":[{"href":"https:\/\/www.sisinternational.com\/es\/wp-json\/wp\/v2\/pages"}],"about":[{"href":"https:\/\/www.sisinternational.com\/es\/wp-json\/wp\/v2\/types\/page"}],"author":[{"embeddable":true,"href":"https:\/\/www.sisinternational.com\/es\/wp-json\/wp\/v2\/users\/1"}],"replies":[{"embeddable":true,"href":"https:\/\/www.sisinternational.com\/es\/wp-json\/wp\/v2\/comments?post=35108"}],"version-history":[{"count":6,"href":"https:\/\/www.sisinternational.com\/es\/wp-json\/wp\/v2\/pages\/35108\/revisions"}],"predecessor-version":[{"id":80986,"href":"https:\/\/www.sisinternational.com\/es\/wp-json\/wp\/v2\/pages\/35108\/revisions\/80986"}],"up":[{"embeddable":true,"href":"https:\/\/www.sisinternational.com\/es\/wp-json\/wp\/v2\/pages\/14514"}],"wp:featuredmedia":[{"embeddable":true,"href":"https:\/\/www.sisinternational.com\/es\/wp-json\/wp\/v2\/media\/64960"}],"wp:attachment":[{"href":"https:\/\/www.sisinternational.com\/es\/wp-json\/wp\/v2\/media?parent=35108"}],"curies":[{"name":"wp","href":"https:\/\/api.w.org\/{rel}","templated":true}]}}