{"id":34845,"date":"2020-04-05T00:27:21","date_gmt":"2020-04-05T00:27:21","guid":{"rendered":"https:\/\/www.sisinternational.com\/?page_id=34845"},"modified":"2025-09-13T01:18:54","modified_gmt":"2025-09-13T05:18:54","slug":"investigacion-de-mercado-de-franquicias","status":"publish","type":"page","link":"https:\/\/www.sisinternational.com\/es\/pericia\/investigacion-de-mercado-de-franquicias\/","title":{"rendered":"Investigaci\u00f3n de mercado de franquicias"},"content":{"rendered":"<h1 class=\"wp-block-heading\">Investigaci\u00f3n de mercado de franquicias<\/h1>\n\n\n\n<figure class=\"gb-block-image gb-block-image-0fa2707f\"><img loading=\"lazy\" decoding=\"async\" width=\"1456\" height=\"816\" class=\"gb-image gb-image-0fa2707f\" src=\"https:\/\/www.sisinternational.com\/wp-content\/uploads\/2025\/08\/Franchise-2.jpg\" alt=\"Investigaci\u00f3n y estrategia de mercado internacional de SIS\" title=\"Franchise (2)\" srcset=\"https:\/\/www.sisinternational.com\/wp-content\/uploads\/2025\/08\/Franchise-2.jpg 1456w, https:\/\/www.sisinternational.com\/wp-content\/uploads\/2025\/08\/Franchise-2-300x168.jpg 300w, https:\/\/www.sisinternational.com\/wp-content\/uploads\/2025\/08\/Franchise-2-1024x574.jpg 1024w, https:\/\/www.sisinternational.com\/wp-content\/uploads\/2025\/08\/Franchise-2-768x430.jpg 768w, https:\/\/www.sisinternational.com\/wp-content\/uploads\/2025\/08\/Franchise-2-18x10.jpg 18w\" sizes=\"auto, (max-width: 1456px) 100vw, 1456px\"><\/figure>\n\n\n\n<p><\/p>\n\n\n\n<h2 class=\"wp-block-heading\">SIS lleva a cabo las siguientes soluciones de Investigaci\u00f3n de Mercado de Franquicias:<\/h2>\n\n\n\n<ul class=\"wp-block-list\">\n<li>Investigaci\u00f3n de mercado de satisfacci\u00f3n del franquiciado<\/li>\n\n\n\n<li>Investigaci\u00f3n de mercado de satisfacci\u00f3n de los empleados<\/li>\n\n\n\n<li>Evaluaci\u00f3n de viabilidad y ubicaci\u00f3n del sitio<\/li>\n\n\n\n<li>Oportunidad de mercado, evaluaciones de entrada de tama\u00f1o<\/li>\n\n\n\n<li>Seguimiento de la industria<\/li>\n\n\n\n<li>An\u00e1lisis competitivo<\/li>\n\n\n\n<li><a href=\"https:\/\/www.sisinternational.com\/es\/pericia\/industrias\/alimentos-bebidas-voz-del-cliente-investigacion-de-mercado\/\" title=\"Investigaci\u00f3n de Mercado de la Voz del Cliente de Alimentos y Bebidas\"  data-wpil-monitor-id=\"9246\">Investigaci\u00f3n de mercado de clientes<\/a><\/li>\n<\/ul>\n\n\n\n<h2 class=\"wp-block-heading\">Temas estrat\u00e9gicos a examinar:<\/h2>\n\n\n\n<ul class=\"wp-block-list\">\n<li><span style=\"font-weight: 400;\">\u00bfCu\u00e1l es la fuerza inherente de su franquicia? en relaci\u00f3n con otras franquicias? \u00bfcompetidores?<\/span><\/li>\n\n\n\n<li><span style=\"font-weight: 400;\">\u00bfPor qu\u00e9 los clientes eligen esa franquicia espec\u00edfica?<\/span><\/li>\n\n\n\n<li><span style=\"font-weight: 400;\">\u00bfCu\u00e1l es el valor de esa franquicia para la comunidad?<\/span><\/li>\n\n\n\n<li><span style=\"font-weight: 400;\">What is the derived <a href=\"https:\/\/www.sisinternational.com\/es\/pericia\/industrias\/investigacion-de-mercado-de-medicion-de-marca\/\" title=\"Investigaci\u00f3n de mercado de medici\u00f3n de marca\"  data-wpil-monitor-id=\"9252\">measurement of the franchise brand<\/a> equity at the local level?<\/span><\/li>\n\n\n\n<li><span style=\"font-weight: 400;\">\u00bfCu\u00e1les son las debilidades percibidas de su franquicia?<\/span><\/li>\n\n\n\n<li><span style=\"font-weight: 400;\">\u00bfCu\u00e1les son las fortalezas percibidas de su franquicia?<\/span><\/li>\n\n\n\n<li><span style=\"font-weight: 400;\">\u00bfQu\u00e9 atributos de su franquicia respaldan la lealtad del cliente?<\/span><\/li>\n\n\n\n<li><span style=\"font-weight: 400;\">\u00bfEst\u00e1 su franquicia sujeta a riesgo competitivo en el mercado?<\/span><\/li>\n\n\n\n<li><span style=\"font-weight: 400;\">What <a href=\"https:\/\/www.sisinternational.com\/es\/pericia\/industrias\/k-belleza-tendencias-coreanas-del-cuidado-de-la-piel-oportunidades\/\" title=\"K Beauty: tendencias y oportunidades coreanas en el cuidado de la piel\"  data-wpil-monitor-id=\"9256\">trends offer opportunities<\/a> to your franchise?<\/span><\/li>\n\n\n\n<li><span style=\"font-weight: 400;\">\u00bfQu\u00e9 tendencias ofrecen amenazas a su franquicia?<\/span><\/li>\n\n\n\n<li>\u00bfC\u00f3mo puede reposicionar estrat\u00e9gicamente su franquicia para fortalecer la salud de su franquicia?<\/li>\n<\/ul>\n\n\n\n<h2 class=\"wp-block-heading\">Decisiones estrat\u00e9gicas a tomar<\/h2>\n\n\n\n<ul class=\"wp-block-list\">\n<li><span style=\"font-weight: 400;\">\u00bfCu\u00e1les son las tendencias, actitudes y expectativas actuales de los clientes?<\/span><\/li>\n\n\n\n<li><span style=\"font-weight: 400;\">\u00bfCu\u00e1les son sus niveles actuales de satisfacci\u00f3n del cliente?<\/span><\/li>\n\n\n\n<li><span style=\"font-weight: 400;\">\u00bfCu\u00e1les son las necesidades satisfechas de sus clientes?<\/span><\/li>\n\n\n\n<li><span style=\"font-weight: 400;\">\u00bfCu\u00e1les son las necesidades insatisfechas de sus clientes?<\/span><\/li>\n\n\n\n<li><span style=\"font-weight: 400;\">\u00bfCu\u00e1les son los gustos de tus clientes?<\/span><\/li>\n\n\n\n<li><span style=\"font-weight: 400;\">\u00bfQu\u00e9 es lo que no le gusta a sus clientes?<\/span><\/li>\n\n\n\n<li><span style=\"font-weight: 400;\">\u00bfCu\u00e1l es el puntaje neto de promotor de su franquicia? \u00bfVis a vis otras franquicias? \u00bfVis a vis sus competidores?<\/span><\/li>\n\n\n\n<li><span style=\"font-weight: 400;\">\u00bfCu\u00e1les son los niveles actuales de satisfacci\u00f3n de su cliente?<\/span><\/li>\n\n\n\n<li><span style=\"font-weight: 400;\">La lealtad del cliente es un derivado de la satisfacci\u00f3n del cliente. \u00bfCu\u00e1l es su medida de lealtad del cliente?<\/span><\/li>\n\n\n\n<li><span style=\"font-weight: 400;\">\u00bfCu\u00e1nto riesgo corre de perder un cliente dados sus niveles actuales de satisfacci\u00f3n del cliente?<\/span><\/li>\n\n\n\n<li><span style=\"font-weight: 400;\">\u00bfC\u00f3mo afectar\u00e1n sus niveles de satisfacci\u00f3n del cliente a su reputaci\u00f3n?<\/span><\/li>\n\n\n\n<li><span style=\"font-weight: 400;\">What services do you need to employ to <a href=\"https:\/\/www.sisinternational.com\/es\/mejorar-las-relaciones-con-los-clientes\/\" title=\"C\u00f3mo mejorar la satisfacci\u00f3n del cliente y complacer a los clientes insatisfechos\"  data-wpil-monitor-id=\"9248\">improve your customer satisfaction<\/a> and customer loyalty index or ratings?<\/span><\/li>\n\n\n\n<li><span style=\"font-weight: 400;\">\u00bfCu\u00e1les son las oportunidades de formaci\u00f3n para las franquicias?<\/span><\/li>\n\n\n\n<li><span style=\"font-weight: 400;\">\u00bfCu\u00e1les son las recomendaciones de los clientes para las franquicias?<\/span><\/li>\n\n\n\n<li><span style=\"font-weight: 400;\">\u00bfD\u00f3nde se ubica su franquicia entre otras franquicias? \u00bfY los competidores?<\/span><\/li>\n\n\n\n<li><span style=\"font-weight: 400;\">\u00bfD\u00f3nde est\u00e1n las oportunidades para que su franquicia mejore?<\/span><\/li>\n\n\n\n<li><span style=\"font-weight: 400;\">\u00bfQu\u00e9 posibilidades hay de que los clientes actuales recomienden su franquicia?<\/span><\/li>\n<\/ul>\n\n\n\n<p><\/p>","protected":false},"excerpt":{"rendered":"<p>SIS es una empresa l\u00edder en consultor\u00eda estrat\u00e9gica e investigaci\u00f3n de mercados globales. Descubra formas de hacer crecer su negocio de franquicia con conocimientos y datos.<\/p>","protected":false},"author":1,"featured_media":63810,"parent":14514,"menu_order":55,"comment_status":"closed","ping_status":"closed","template":"","meta":{"footnotes":""},"class_list":["post-34845","page","type-page","status-publish","has-post-thumbnail"],"_links":{"self":[{"href":"https:\/\/www.sisinternational.com\/es\/wp-json\/wp\/v2\/pages\/34845","targetHints":{"allow":["GET"]}}],"collection":[{"href":"https:\/\/www.sisinternational.com\/es\/wp-json\/wp\/v2\/pages"}],"about":[{"href":"https:\/\/www.sisinternational.com\/es\/wp-json\/wp\/v2\/types\/page"}],"author":[{"embeddable":true,"href":"https:\/\/www.sisinternational.com\/es\/wp-json\/wp\/v2\/users\/1"}],"replies":[{"embeddable":true,"href":"https:\/\/www.sisinternational.com\/es\/wp-json\/wp\/v2\/comments?post=34845"}],"version-history":[{"count":4,"href":"https:\/\/www.sisinternational.com\/es\/wp-json\/wp\/v2\/pages\/34845\/revisions"}],"predecessor-version":[{"id":81547,"href":"https:\/\/www.sisinternational.com\/es\/wp-json\/wp\/v2\/pages\/34845\/revisions\/81547"}],"up":[{"embeddable":true,"href":"https:\/\/www.sisinternational.com\/es\/wp-json\/wp\/v2\/pages\/14514"}],"wp:featuredmedia":[{"embeddable":true,"href":"https:\/\/www.sisinternational.com\/es\/wp-json\/wp\/v2\/media\/63810"}],"wp:attachment":[{"href":"https:\/\/www.sisinternational.com\/es\/wp-json\/wp\/v2\/media?parent=34845"}],"curies":[{"name":"wp","href":"https:\/\/api.w.org\/{rel}","templated":true}]}}