{"id":34836,"date":"2020-03-22T02:59:35","date_gmt":"2020-03-22T02:59:35","guid":{"rendered":"https:\/\/www.sisinternational.com\/?page_id=34836"},"modified":"2025-09-13T01:18:15","modified_gmt":"2025-09-13T05:18:15","slug":"investigacion-de-mercado-de-restaurantes-informales-y-rapidos","status":"publish","type":"page","link":"https:\/\/www.sisinternational.com\/es\/pericia\/investigacion-de-mercado-de-restaurantes-informales-y-rapidos\/","title":{"rendered":"Investigaci\u00f3n de mercado de restaurantes informales r\u00e1pidos"},"content":{"rendered":"<h1 class=\"wp-block-heading\"><span style=\"font-weight: 400;\">Investigaci\u00f3n de mercado de restaurantes informales r\u00e1pidos<\/span><\/h1>\n\n\n\n<figure class=\"gb-block-image gb-block-image-53a93108\"><img loading=\"lazy\" decoding=\"async\" width=\"1456\" height=\"816\" class=\"gb-image gb-image-53a93108\" src=\"https:\/\/www.sisinternational.com\/wp-content\/uploads\/2025\/08\/Franchise-3.jpg\" alt=\"Investigaci\u00f3n y estrategia de mercado internacional de SIS\" title=\"Franchise (3)\" srcset=\"https:\/\/www.sisinternational.com\/wp-content\/uploads\/2025\/08\/Franchise-3.jpg 1456w, https:\/\/www.sisinternational.com\/wp-content\/uploads\/2025\/08\/Franchise-3-300x168.jpg 300w, https:\/\/www.sisinternational.com\/wp-content\/uploads\/2025\/08\/Franchise-3-1024x574.jpg 1024w, https:\/\/www.sisinternational.com\/wp-content\/uploads\/2025\/08\/Franchise-3-768x430.jpg 768w, https:\/\/www.sisinternational.com\/wp-content\/uploads\/2025\/08\/Franchise-3-18x10.jpg 18w\" sizes=\"auto, (max-width: 1456px) 100vw, 1456px\"><\/figure>\n\n\n\n<p><\/p>\n\n\n\n<h2 class=\"wp-block-heading\"><span style=\"font-weight: 400;\">\u00bfC\u00f3mo pueden los restaurantes Fast Casual hacer crecer su negocio y aumentar la fidelidad de sus clientes?<\/span><\/h2>\n\n\n\n<p><span style=\"font-weight: 400;\">La investigaci\u00f3n de mercado puede ayudar a los restaurantes Fast Casual a:<\/span><\/p>\n\n\n\n<ul class=\"wp-block-list\">\n<li><span style=\"font-weight: 400;\">Evaluar la satisfacci\u00f3n actual del cliente<\/span><\/li>\n\n\n\n<li><span style=\"font-weight: 400;\">Identificar fortalezas clave<\/span><\/li>\n\n\n\n<li><span style=\"font-weight: 400;\">entender las debilidades<\/span><\/li>\n\n\n\n<li><span style=\"font-weight: 400;\">Evaluar competidores directos e indirectos.<\/span><\/li>\n\n\n\n<li><span style=\"font-weight: 400;\"><a href=\"https:\/\/www.sisinternational.com\/es\/soluciones\/soluciones-de-branding-e-investigacion-de-clientes\/mapeo-del-recorrido-del-cliente\/\" title=\"Mapeo del recorrido del cliente\"  data-wpil-monitor-id=\"9250\">Mapear el recorrido del cliente<\/a>\u00a0<\/span><\/li>\n\n\n\n<li>Aumente los ingresos y la rentabilidad<\/li>\n\n\n\n<li><span style=\"font-weight: 400;\">Descubra una visi\u00f3n profunda del lema\/prop\u00f3sito de la marca<\/span><\/li>\n<\/ul>\n\n\n\n<p><span style=\"font-weight: 400;\">Esto puede resultar valioso para ayudar a las empresas a aumentar las ganancias, aumentar los ingresos y ganar nuevos clientes.<\/span><\/p>\n\n\n\n<h2 class=\"wp-block-heading\"><span style=\"font-weight: 400;\">Construyendo la satisfacci\u00f3n del cliente<\/span><\/h2>\n\n\n\n<p><span style=\"font-weight: 400;\">When companies aim to boost customer satisfaction, <a href=\"https:\/\/www.sisinternational.com\/es\/pascua-de-resurreccion-y-el-inevitable-conejito-de-chocolate\/\" title=\"Investigaci\u00f3n de mercado de Pascua\"  data-wpil-monitor-id=\"9247\">Market Research companies like SIS<\/a> begin to evaluate current customer satisfaction with the following activities:<\/span><\/p>\n\n\n\n<ol class=\"wp-block-list\">\n<li><span style=\"font-weight: 400;\">Identificar las necesidades y expectativas de los clientes.\u00a0<\/span><\/li>\n\n\n\n<li><span style=\"font-weight: 400;\">Clasificaci\u00f3n de estas necesidades y expectativas en t\u00e9rminos de prioridad<\/span><\/li>\n\n\n\n<li><span style=\"font-weight: 400;\">Identify motivations to <a href=\"https:\/\/www.sisinternational.com\/es\/b2b-customer-experience-the-ultimate-guide-to-building-loyalty-that-lasts\/\" title=\"B2B Customer Experience: The Ultimate Guide to Building Loyalty That Lasts\"  data-wpil-monitor-id=\"9253\">customer behavior to build loyalty<\/a><\/span><\/li>\n\n\n\n<li><span style=\"font-weight: 400;\">Evaluar el desempe\u00f1o frente a las necesidades y expectativas de los clientes.<\/span><\/li>\n\n\n\n<li><span style=\"font-weight: 400;\">Evaluar las fortalezas y debilidades actuales<\/span><\/li>\n\n\n\n<li><span style=\"font-weight: 400;\">Identificar competidores directos clave<\/span><\/li>\n\n\n\n<li><span style=\"font-weight: 400;\">Comprenda c\u00f3mo califica una marca los servicios prioritarios frente a la competencia.<\/span><\/li>\n\n\n\n<li><span style=\"font-weight: 400;\">\u00bfC\u00f3mo puede la marca ofrecer los mejores servicios para mantenerse a la vanguardia?<\/span><\/li>\n\n\n\n<li><span style=\"font-weight: 400;\">An\u00e1lisis DAFO por \u00e1rea\/sucursal<\/span><\/li>\n\n\n\n<li>Building new customer touchpoints like <a href=\"https:\/\/www.sisinternational.com\/es\/pericia\/industrias\/investigacion-de-mercado-de-entrega-de-alimentos-en-linea\/\" title=\"Investigaci\u00f3n de mercado de entrega de alimentos en l\u00ednea\"  data-wpil-monitor-id=\"9265\">online ordering and delivery<\/a><\/li>\n<\/ol>\n\n\n\n<h2 class=\"wp-block-heading\"><span style=\"font-weight: 400;\">Comprender el recorrido del cliente<\/span><\/h2>\n\n\n\n<p><span style=\"font-weight: 400;\">Los Objetivos Espec\u00edficos para definir el recorrido del cliente pueden incluir los siguientes:<\/span><\/p>\n\n\n\n<ul class=\"wp-block-list\">\n<li><span style=\"font-weight: 400;\">Identify the <a href=\"https:\/\/www.sisinternational.com\/es\/pericia\/industrias\/experiencia-del-cliente-digital-cx-investigacion-de-mercado\/\" title=\"Investigaci\u00f3n de mercado de experiencia del cliente digital (CX)\"  data-wpil-monitor-id=\"9257\">customers description of an ideal dining experience<\/a> at a casual eatery to understand what makes such experience optimal<\/span><\/li>\n\n\n\n<li><span style=\"font-weight: 400;\">Describir el perfil de un cliente t\u00edpico.<\/span><\/li>\n\n\n\n<li><span style=\"font-weight: 400;\">Descripci\u00f3n, de leal, de no clientes t\u00edpicos.<\/span><\/li>\n\n\n\n<li><span style=\"font-weight: 400;\">Seg\u00fan clientes fieles, identificar cu\u00e1les son las barreras para las personas que no les gusta consumir<\/span><\/li>\n\n\n\n<li><span style=\"font-weight: 400;\">Descripci\u00f3n de la experiencia del cliente en el punto de venta<\/span><\/li>\n\n\n\n<li><span style=\"font-weight: 400;\">\u00bfCu\u00e1l es el prop\u00f3sito clave de la visita? \u00bfY cu\u00e1les son las fortalezas clave?<\/span><\/li>\n\n\n\n<li><span style=\"font-weight: 400;\">Identificar cu\u00e1les son los elementos menos apreciados\u00a0<\/span><\/li>\n\n\n\n<li>Comprender c\u00f3mo generar nuevas fuentes de ingresos rentables, como pedidos y entregas en l\u00ednea.<\/li>\n\n\n\n<li><span style=\"font-weight: 400;\">\u00bfEntiendes cu\u00e1les son los elementos m\u00e1s notables en la experiencia gastron\u00f3mica?<\/span><\/li>\n\n\n\n<li><span style=\"font-weight: 400;\">Comprender cu\u00e1les son los elementos menos perceptibles en la experiencia gastron\u00f3mica.\u00a0<\/span><\/li>\n\n\n\n<li><span style=\"font-weight: 400;\">Comprender qu\u00e9 har\u00eda que la experiencia gastron\u00f3mica fuera m\u00e1s c\u00f3moda, placentera, conveniente, divertida, memorable, excepcional, informal, formal, un lugar considerado por el cliente como relevante para \u00e9l, un lugar que comprenda las necesidades del cliente, un lugar que comprenda los valores del cliente. , un lugar que habla el idioma del cliente, un lugar para todos los gustos, un lugar para todo tipo de personas.<\/span><\/li>\n\n\n\n<li><span style=\"font-weight: 400;\">Identify how loyal <a href=\"https:\/\/www.sisinternational.com\/es\/soluciones\/soluciones-de-branding-e-investigacion-de-clientes\/investigacion-de-clientes-de-marca\/\" title=\"Investigaci\u00f3n de marca e clientes\"  data-wpil-monitor-id=\"9263\">customers map brands<\/a> on the following elements compared with their next best eatery: parking assistance, welcome and reception, overall mood in the outlet, clientele, d\u00e9cor and furnishing, music, climate, service excellence, friendliness, food variety, food quality, food portion size, food presentation, value for money, a place that understands what matters to their customers, a place that innovates and keep up with the trends<\/span><\/li>\n\n\n\n<li><span style=\"font-weight: 400;\">Identify the personification of the brand and <a href=\"https:\/\/www.sisinternational.com\/es\/pericia\/industrias\/investigacion-de-mercado-de-experiencia-del-cliente-en-restaurantes\/\" title=\"Investigaci\u00f3n de mercado de experiencia del cliente en restaurantes\"  data-wpil-monitor-id=\"9260\">customers\u2019 next best restaurant<\/a><\/span><\/li>\n\n\n\n<li><span style=\"font-weight: 400;\">Comprender c\u00f3mo los clientes definen el car\u00e1cter de la marca.<\/span><\/li>\n\n\n\n<li><span style=\"font-weight: 400;\">Entender c\u00f3mo el car\u00e1cter de la marca est\u00e1 cerca de ellos.<\/span><\/li>\n<\/ul>","protected":false},"excerpt":{"rendered":"<p>Descubra nuevos conocimientos de Fast Casual Restaurant Market Research.<\/p>","protected":false},"author":1,"featured_media":63811,"parent":14514,"menu_order":54,"comment_status":"closed","ping_status":"closed","template":"","meta":{"footnotes":""},"class_list":["post-34836","page","type-page","status-publish","has-post-thumbnail"],"_links":{"self":[{"href":"https:\/\/www.sisinternational.com\/es\/wp-json\/wp\/v2\/pages\/34836","targetHints":{"allow":["GET"]}}],"collection":[{"href":"https:\/\/www.sisinternational.com\/es\/wp-json\/wp\/v2\/pages"}],"about":[{"href":"https:\/\/www.sisinternational.com\/es\/wp-json\/wp\/v2\/types\/page"}],"author":[{"embeddable":true,"href":"https:\/\/www.sisinternational.com\/es\/wp-json\/wp\/v2\/users\/1"}],"replies":[{"embeddable":true,"href":"https:\/\/www.sisinternational.com\/es\/wp-json\/wp\/v2\/comments?post=34836"}],"version-history":[{"count":4,"href":"https:\/\/www.sisinternational.com\/es\/wp-json\/wp\/v2\/pages\/34836\/revisions"}],"predecessor-version":[{"id":81548,"href":"https:\/\/www.sisinternational.com\/es\/wp-json\/wp\/v2\/pages\/34836\/revisions\/81548"}],"up":[{"embeddable":true,"href":"https:\/\/www.sisinternational.com\/es\/wp-json\/wp\/v2\/pages\/14514"}],"wp:featuredmedia":[{"embeddable":true,"href":"https:\/\/www.sisinternational.com\/es\/wp-json\/wp\/v2\/media\/63811"}],"wp:attachment":[{"href":"https:\/\/www.sisinternational.com\/es\/wp-json\/wp\/v2\/media?parent=34836"}],"curies":[{"name":"wp","href":"https:\/\/api.w.org\/{rel}","templated":true}]}}