{"id":34802,"date":"2020-03-15T21:49:55","date_gmt":"2020-03-15T21:49:55","guid":{"rendered":"https:\/\/www.sisinternational.com\/?page_id=34802"},"modified":"2026-01-26T18:49:11","modified_gmt":"2026-01-26T23:49:11","slug":"investigacion-de-mercado-de-kyc","status":"publish","type":"page","link":"https:\/\/www.sisinternational.com\/es\/soluciones\/investigacion-de-consultoria-estrategica-fintech\/investigacion-de-mercado-de-kyc\/","title":{"rendered":"Investigaci\u00f3n de mercado KYC"},"content":{"rendered":"<h1 class=\"wp-block-heading\">Investigaci\u00f3n de mercado KYC<\/h1>\n\n\n\n<figure class=\"gb-block-image gb-block-image-ff662de4\"><img loading=\"lazy\" decoding=\"async\" width=\"1456\" height=\"816\" class=\"gb-image gb-image-ff662de4\" src=\"https:\/\/www.sisinternational.com\/wp-content\/uploads\/2025\/08\/B2B-2-6.jpg\" alt=\"Investigaci\u00f3n y estrategia de mercado internacional de SIS\" title=\"B2B 2 (6)\" srcset=\"https:\/\/www.sisinternational.com\/wp-content\/uploads\/2025\/08\/B2B-2-6.jpg 1456w, https:\/\/www.sisinternational.com\/wp-content\/uploads\/2025\/08\/B2B-2-6-300x168.jpg 300w, https:\/\/www.sisinternational.com\/wp-content\/uploads\/2025\/08\/B2B-2-6-1024x574.jpg 1024w, https:\/\/www.sisinternational.com\/wp-content\/uploads\/2025\/08\/B2B-2-6-768x430.jpg 768w, https:\/\/www.sisinternational.com\/wp-content\/uploads\/2025\/08\/B2B-2-6-18x10.jpg 18w\" sizes=\"auto, (max-width: 1456px) 100vw, 1456px\"><\/figure>\n\n\n\n<p><\/p>\n\n\n\n<hr class=\"wp-block-separator has-alpha-channel-opacity is-style-dots\"\/>\n\n\n\n<h2 class=\"wp-block-heading p2\"><span class=\"s1\">Conozca a su cliente (KYC) es esencial en la batalla contra el lavado de dinero.<\/span><\/h2>\n\n\n\n<p class=\"p2\"><span class=\"s1\">This mandatory process helps in the fight against financial crime. KYC is the process of confirming a customer&#8217;s identity when opening an account. Institutions also have to do it at intervals during the business relationship. Banks and other businesses must ensure that their clients are who they claim to be. A bank can decline to open an account if the customer fails to meet KYC requirements. Or, if there\u2019s already a business relationship, the bank may choose to end it.<\/span><\/p>\n\n\n\n<h2 class=\"wp-block-heading\"><strong>\u00bfQu\u00e9 es la investigaci\u00f3n de mercado KYC y su papel en el panorama FinTech?<\/strong><\/h2>\n\n\n\n<p><span style=\"font-weight: 400;\">En esencia, la investigaci\u00f3n de mercado KYC es un proceso integral que implica la recopilaci\u00f3n, el an\u00e1lisis y la utilizaci\u00f3n de informaci\u00f3n detallada sobre un cliente para garantizar que los servicios financieros se ofrezcan de forma segura, confiable y conforme a las normas. Este proceso no es solo una formalidad regulatoria; es un recorrido profundo para comprender las necesidades, los comportamientos y las preferencias del cliente.<\/span><\/p>\n\n\n\n<p><span style=\"font-weight: 400;\">Act\u00faa como una salvaguarda de cumplimiento, asegurando que las empresas FinTech operen dentro de los l\u00edmites de los marcos legales y regulatorios. Este aspecto es crucial en una era en la que los delitos financieros y el fraude son sofisticados y rampantes. Adem\u00e1s, la investigaci\u00f3n de mercado KYC es una herramienta estrat\u00e9gica para la gesti\u00f3n de riesgos. Al comprender el perfil del cliente, las empresas FinTech pueden adaptar sus modelos de evaluaci\u00f3n de riesgos con mayor precisi\u00f3n, reduciendo la probabilidad de contratiempos financieros.&nbsp;<\/span><\/p>\n\n\n\n<h2 class=\"wp-block-heading\">Por qu\u00e9 las empresas necesitan una investigaci\u00f3n de mercado KYC<\/h2>\n\n\n\n<figure class=\"gb-block-image gb-block-image-5f9bb00c\"><img loading=\"lazy\" decoding=\"async\" width=\"1456\" height=\"816\" class=\"gb-image gb-image-5f9bb00c\" src=\"https:\/\/www.sisinternational.com\/wp-content\/uploads\/2025\/08\/B2Bjpg-7.jpg\" alt=\"Investigaci\u00f3n y estrategia de mercado internacional de SIS\" title=\"B2Bjpg (7)\" srcset=\"https:\/\/www.sisinternational.com\/wp-content\/uploads\/2025\/08\/B2Bjpg-7.jpg 1456w, https:\/\/www.sisinternational.com\/wp-content\/uploads\/2025\/08\/B2Bjpg-7-300x168.jpg 300w, https:\/\/www.sisinternational.com\/wp-content\/uploads\/2025\/08\/B2Bjpg-7-1024x574.jpg 1024w, https:\/\/www.sisinternational.com\/wp-content\/uploads\/2025\/08\/B2Bjpg-7-768x430.jpg 768w, https:\/\/www.sisinternational.com\/wp-content\/uploads\/2025\/08\/B2Bjpg-7-18x10.jpg 18w\" sizes=\"auto, (max-width: 1456px) 100vw, 1456px\"><\/figure>\n\n\n\n<p><\/p>\n\n\n\n<p><span style=\"font-weight: 400;\">La investigaci\u00f3n de mercado KYC es esencial para el cumplimiento normativo y la prevenci\u00f3n del fraude financiero. Ayuda a las empresas a cumplir con la ley. Al investigar a fondo a sus clientes, las empresas de tecnolog\u00eda financiera pueden protegerse de verse involucradas involuntariamente en el lavado de dinero, la financiaci\u00f3n del terrorismo u otras actividades il\u00edcitas.<\/span><\/p>\n\n\n\n<p><span style=\"font-weight: 400;\">However, KYC market research offers more than a shield against legal troubles. It&#8217;s a key ingredient in building and maintaining trust with clients. Through comprehensive KYC processes, businesses can assure their clients that their financial interests and personal data are safe, thus fostering a sense of security and reliability.<\/span><\/p>\n\n\n\n<p><span style=\"font-weight: 400;\">Sin embargo, tiene muchos otros beneficios para las empresas, entre ellos:<\/span><\/p>\n\n\n\n<p><b>\u2022 Cumplimiento normativo mejorado:<\/b><span style=\"font-weight: 400;\"> One of the most immediate benefits of KYC market research is ensuring adherence to various regulatory and legal requirements. This research helps FinTech firms to identify their clients accurately, understand their financial dealings, and monitor ongoing activities, thus reducing the risk of regulatory penalties and reputational damage.<\/span><\/p>\n\n\n\n<p><b> \u2022 Gesti\u00f3n de riesgos mejorada: <\/b><span style=\"font-weight: 400;\">KYC market research provides detailed insights into clients&#8217; financial behaviors and backgrounds. This information is crucial for assessing lending, investments, and other financial services risks.&nbsp;<\/span><\/p>\n\n\n\n<p><b> \u2022 Experiencia y retenci\u00f3n del cliente mejoradas: <\/b><span style=\"font-weight: 400;\">En una industria impulsada por la confianza y la satisfacci\u00f3n del cliente, la investigaci\u00f3n de mercado KYC ayuda a personalizar los servicios para satisfacer las necesidades espec\u00edficas de cada cliente. Al comprender mejor a sus clientes, las empresas de tecnolog\u00eda financiera pueden ofrecer productos m\u00e1s relevantes, adaptar su comunicaci\u00f3n y mejorar la experiencia general del cliente, lo que genera mayores tasas de retenci\u00f3n.<\/span><\/p>\n\n\n\n<p><b> \u2022 Detecci\u00f3n y Prevenci\u00f3n de Fraude:<\/b><span style=\"font-weight: 400;\"> Con pr\u00e1cticas KYC integrales, las empresas de tecnolog\u00eda financiera pueden reducir significativamente el riesgo de fraude. Esta investigaci\u00f3n ayuda a identificar patrones y actividades sospechosas, lo que permite a las empresas tomar medidas proactivas para prevenir el fraude y proteger tanto a la empresa como a sus clientes de p\u00e9rdidas financieras.<\/span><\/p>\n\n\n\n<p><b> \u2022 Ventaja competitiva:<\/b><span style=\"font-weight: 400;\"> En un panorama de tecnolog\u00eda financiera altamente competitivo, contar con procesos KYC s\u00f3lidos puede ser un factor diferenciador. Estos mejoran la reputaci\u00f3n de seguridad y confiabilidad de una empresa y le permiten ofrecer soluciones personalizadas que satisfagan las necesidades espec\u00edficas de su clientela, diferenci\u00e1ndola de sus competidores.<\/span><\/p>\n\n\n\n<h2 class=\"wp-block-heading p3\"><span class=\"s1\">\u00bfQu\u00e9 es el cumplimiento KYC?<\/span><\/h2>\n\n\n\n<p class=\"p2\"><span class=\"s1\">KYC starts with user onboarding. The process ensures that a prospective client is not using a fake or stolen identity. Banks now have many tools to help in the verification process. Fraud detection is also paramount in the KYC compliance process. Banks also have to be vigilant when it comes to high-risk transactions. Compliance is about ensuring that all the regulatory requirements are in place. The main conditions are to verify customers, detect fraud, and manage high-risk operations.<\/span><\/p>\n\n\n\n<h2 class=\"wp-block-heading\">\u00bfQui\u00e9n utiliza la investigaci\u00f3n de mercado KYC?<\/h2>\n\n\n\n<p><span style=\"font-weight: 400;\">En primer lugar, las instituciones bancarias tradicionales son los principales usuarios de la investigaci\u00f3n de mercado KYC. Esta investigaci\u00f3n es crucial para que los bancos mantengan la integridad, prevengan delitos financieros y ofrezcan servicios bancarios personalizados.<\/span><\/p>\n\n\n\n<p><span style=\"font-weight: 400;\">Next, online lenders and peer-to-peer lending platforms extensively use KYC market research. These platforms often lack physical customer interactions, so they rely on KYC to authenticate identities, assess creditworthiness, and manage risks. This is particularly important in an online environment where the potential for fraud and default can be higher.<\/span><\/p>\n\n\n\n<p><span style=\"font-weight: 400;\">Furthermore, payment processing companies and mobile wallet services employ KYC market research to verify customer identities and monitor transaction patterns. This is essential for security and a seamless and personalized user experience.<\/span><\/p>\n\n\n\n<p><span style=\"font-weight: 400;\">Las empresas de inversi\u00f3n y los servicios de gesti\u00f3n patrimonial est\u00e1n adoptando cada vez m\u00e1s la investigaci\u00f3n de mercado KYC. En un sector donde el asesoramiento de inversi\u00f3n personalizado es clave, comprender la situaci\u00f3n financiera del cliente, su tolerancia al riesgo y sus objetivos de inversi\u00f3n es fundamental. KYC ayuda a estas empresas a adaptar sus servicios a clientes individuales, garantizando mejores resultados de inversi\u00f3n y la satisfacci\u00f3n del cliente.<\/span><\/p>\n\n\n\n<p><span style=\"font-weight: 400;\">Por \u00faltimo, <a class=\"wpil_keyword_link\" href=\"https:\/\/www.sisinternational.com\/es\/pericia\/industrias\/tecnologia-regulatoria-regtech\/\"   title=\"RegTech \u2013 Tecnolog\u00eda regulatoria\" data-wpil-keyword-link=\"linked\"  data-wpil-monitor-id=\"755\">tecnolog\u00eda reg<\/a> (Regulatory Technology) companies, which provide technological solutions to help financial institutions comply with regulations efficiently, also rely on KYC market research. These companies use the data from KYC processes to develop advanced solutions for fraud detection, compliance reporting, and risk management.<\/span><\/p>\n\n\n\n<h2 class=\"wp-block-heading p3\"><span class=\"s1\">Empresas FinTech y KYC<\/span><\/h2>\n\n\n\n<figure class=\"gb-block-image gb-block-image-913b650e\"><img loading=\"lazy\" decoding=\"async\" width=\"1456\" height=\"816\" class=\"gb-image gb-image-913b650e\" src=\"https:\/\/www.sisinternational.com\/wp-content\/uploads\/2025\/08\/B2B-2-7.jpg\" alt=\"Investigaci\u00f3n y estrategia de mercado internacional de SIS\" title=\"B2B 2 (7)\" srcset=\"https:\/\/www.sisinternational.com\/wp-content\/uploads\/2025\/08\/B2B-2-7.jpg 1456w, https:\/\/www.sisinternational.com\/wp-content\/uploads\/2025\/08\/B2B-2-7-300x168.jpg 300w, https:\/\/www.sisinternational.com\/wp-content\/uploads\/2025\/08\/B2B-2-7-1024x574.jpg 1024w, https:\/\/www.sisinternational.com\/wp-content\/uploads\/2025\/08\/B2B-2-7-768x430.jpg 768w, https:\/\/www.sisinternational.com\/wp-content\/uploads\/2025\/08\/B2B-2-7-18x10.jpg 18w\" sizes=\"auto, (max-width: 1456px) 100vw, 1456px\"><\/figure>\n\n\n\n<p><\/p>\n\n\n\n<p class=\"p2\"><span class=\"s1\">FinTech companies such as online trading firms enjoyed some leeway concerning KYC. These companies now have to meet the same standards as banks. Yet, KYC compliance can be expensive. It can impair a FinTech company&#8217;s budget and be devastating if the company is still at the fundraising stage or new to the market. On the plus side, FinTech companies provide fewer services than banks. Thus, they don\u2019t have to do as many compliance checks.<\/span><\/p>\n\n\n\n<h2 class=\"wp-block-heading p3\"><span class=\"s1\">\u00bfPor qu\u00e9 es importante RegTech?<\/span><\/h2>\n\n\n\n<p class=\"p2\"><span class=\"s1\">RegTech, or Regulatory Technology, is a field that aims to ease compliance processes. It centers on the automation and standardization of regulatory processes and provides high-quality technology at a low cost. RegTech arose out of the 2008 financial crisis. At that time, regulators issued penalties for non-compliance, exceeding US$200 billion. This forced banks and FinTech companies to invest more in risk management and revamp their compliance processes.<\/span><\/p>\n\n\n\n<h2 class=\"wp-block-heading p3\"><span class=\"s1\">\u00bfQu\u00e9 son AML y KYC en la banca?<\/span><\/h2>\n\n\n\n<p class=\"p2\"><span class=\"s1\">AML significa &quot;Anti-Lavado de Dinero&quot;. Se refiere a acciones tomadas para prevenir y combatir los delitos financieros. Las instituciones financieras utilizan pol\u00edticas ALD para combatir la financiaci\u00f3n del terrorismo y el lavado de dinero. La pr\u00e1ctica ALD es m\u00e1s amplia que KYC. La pol\u00edtica ALD de una instituci\u00f3n forma parte de su programa de cumplimiento m\u00e1s extenso. Este programa debe seguir los requisitos de sus regulaciones ALD locales.<\/span><\/p>\n\n\n\n<h2 class=\"wp-block-heading p3\"><span class=\"s1\">\u00bfQu\u00e9 es la cadena de bloques KYC?<\/span><\/h2>\n\n\n\n<p class=\"p2\"><span class=\"s1\">Most people associate Blockchain with digital currencies, yet it has many other uses. No authority controls the Blockchain, so it has no point of weakness. Banks and FinTech companies can use Blockchain to store customer ID details, enabling them to verify customers quickly and easily without further checks. It also allows the automation of AML risk ratings, thus limiting banks&#8217; risk exposure.<\/span><\/p>\n\n\n\n<h2 class=\"wp-block-heading p3\"><span class=\"s1\">KYC para Bitcoin<\/span><\/h2>\n\n\n\n<p class=\"p2\"><span class=\"s1\">KYC is now mandatory for people wishing to use Bitcoin exchanges. The first step is to verify your phone number. The next step requires you to verify your identity by providing copies of your ID. The ID document types depend on how much you expect to trade through your exchange. More significant amounts need stricter verification and, thus, more sensitive personal information.<\/span><\/p>\n\n\n\n<h2 class=\"wp-block-heading\">Cu\u00e1ndo realizar una investigaci\u00f3n de mercado KYC<\/h2>\n\n\n\n<figure class=\"gb-block-image gb-block-image-02479cc2\"><img loading=\"lazy\" decoding=\"async\" width=\"1456\" height=\"816\" class=\"gb-image gb-image-02479cc2\" src=\"https:\/\/www.sisinternational.com\/wp-content\/uploads\/2025\/08\/B2B-2-1.jpg\" alt=\"Investigaci\u00f3n y estrategia de mercado internacional de SIS\" title=\"B2B 2 (1)\" srcset=\"https:\/\/www.sisinternational.com\/wp-content\/uploads\/2025\/08\/B2B-2-1.jpg 1456w, https:\/\/www.sisinternational.com\/wp-content\/uploads\/2025\/08\/B2B-2-1-300x168.jpg 300w, https:\/\/www.sisinternational.com\/wp-content\/uploads\/2025\/08\/B2B-2-1-1024x574.jpg 1024w, https:\/\/www.sisinternational.com\/wp-content\/uploads\/2025\/08\/B2B-2-1-768x430.jpg 768w, https:\/\/www.sisinternational.com\/wp-content\/uploads\/2025\/08\/B2B-2-1-18x10.jpg 18w\" sizes=\"auto, (max-width: 1456px) 100vw, 1456px\"><\/figure>\n\n\n\n<p><\/p>\n\n\n\n<p><span style=\"font-weight: 400;\">Identificar el momento \u00f3ptimo para realizar una investigaci\u00f3n de mercado KYC es crucial para maximizar sus beneficios y garantizar una integraci\u00f3n efectiva en las estrategias comerciales.&nbsp;<\/span><\/p>\n\n\n\n<h3 class=\"wp-block-heading\"><b>Expandirse a nuevos mercados<\/b><\/h3>\n\n\n\n<p><span style=\"font-weight: 400;\">Expansion into new geographic or demographic markets requires a deep understanding of the local regulatory environment and customer expectations. KYC market research provides valuable insights into these aspects, helping businesses effectively tailor their offerings to meet local compliance standards and customer needs.<\/span><\/p>\n\n\n\n<h3 class=\"wp-block-heading\"><b>Mejora de las estrategias de gesti\u00f3n de riesgos<\/b><\/h3>\n\n\n\n<p><span style=\"font-weight: 400;\">Cuando una empresa de tecnolog\u00eda financiera decide mejorar sus estrategias de gesti\u00f3n de riesgos, la investigaci\u00f3n de mercado KYC se convierte en una herramienta vital. Esta investigaci\u00f3n ofrece una comprensi\u00f3n integral de la base de clientes. Permite a las empresas afinar sus modelos de riesgo y tomar decisiones m\u00e1s informadas sobre l\u00edmites de cr\u00e9dito, estrategias de inversi\u00f3n y mecanismos de prevenci\u00f3n del fraude.<\/span><\/p>\n\n\n\n<h3 class=\"wp-block-heading\"><b>Despu\u00e9s de los cambios regulatorios<\/b><\/h3>\n\n\n\n<p><span style=\"font-weight: 400;\">Los panoramas regulatorios son din\u00e1micos y siempre que haya un cambio significativo en las regulaciones financieras, se debe realizar una investigaci\u00f3n de mercado KYC. Esto asegura que las pr\u00e1cticas de la empresa est\u00e9n actualizadas con los nuevos requisitos legales, minimizando el riesgo de incumplimiento y sanciones asociadas.<\/span><\/p>\n\n\n\n<h3 class=\"wp-block-heading\"><b>Abordar violaciones de seguridad o incidentes de fraude<\/b><\/h3>\n\n\n\n<p><span style=\"font-weight: 400;\">Despu\u00e9s de una violaci\u00f3n de seguridad o un incidente de fraude, es fundamental revisar la investigaci\u00f3n de mercado de KYC para comprender c\u00f3mo ocurrieron esos incidentes y c\u00f3mo prevenirlos en el futuro. Esta investigaci\u00f3n ayuda a identificar lagunas en los procesos KYC existentes y a desarrollar sistemas m\u00e1s s\u00f3lidos para protegerse contra riesgos futuros.<\/span><\/p>\n\n\n\n<h2 class=\"wp-block-heading p3\"><span class=\"s1\">\u00bfPor qu\u00e9 es tan importante el cumplimiento normativo de KYC?<\/span><\/h2>\n\n\n\n<p class=\"p4\"><span class=\"s1\">Identity theft, data breaches, terrorist financing are infinite possibilities for criminals. Fraudulent entities&#8217; returns are always high, though their risks can appear low.<\/span><\/p>\n\n\n\n<p class=\"p4\"><span class=\"s1\">KYC is not only about customer screening. Verifying a company\u2019s vendors is also necessary. Not doing so can cause businesses heavy reputational and monetary losses.<\/span><\/p>\n\n\n\n<h2 class=\"wp-block-heading\">Qu\u00e9 esperar de la investigaci\u00f3n de mercado KYC<\/h2>\n\n\n\n<figure class=\"gb-block-image gb-block-image-2f0d4e94\"><img loading=\"lazy\" decoding=\"async\" width=\"1456\" height=\"816\" class=\"gb-image gb-image-2f0d4e94\" src=\"https:\/\/www.sisinternational.com\/wp-content\/uploads\/2025\/08\/B2Bjpg-2.jpg\" alt=\"Investigaci\u00f3n y estrategia de mercado internacional de SIS\" title=\"B2Bjpg (2)\" srcset=\"https:\/\/www.sisinternational.com\/wp-content\/uploads\/2025\/08\/B2Bjpg-2.jpg 1456w, https:\/\/www.sisinternational.com\/wp-content\/uploads\/2025\/08\/B2Bjpg-2-300x168.jpg 300w, https:\/\/www.sisinternational.com\/wp-content\/uploads\/2025\/08\/B2Bjpg-2-1024x574.jpg 1024w, https:\/\/www.sisinternational.com\/wp-content\/uploads\/2025\/08\/B2Bjpg-2-768x430.jpg 768w, https:\/\/www.sisinternational.com\/wp-content\/uploads\/2025\/08\/B2Bjpg-2-18x10.jpg 18w\" sizes=\"auto, (max-width: 1456px) 100vw, 1456px\"><\/figure>\n\n\n\n<p><\/p>\n\n\n\n<p><b> - <\/b><b>Perfiles de clientes detallados:<\/b><span style=\"font-weight: 400;\"> Uno de los principales resultados de la investigaci\u00f3n de mercado KYC es la creaci\u00f3n de perfiles detallados de clientes. Estos perfiles abarcan una variedad de datos, incluida la identificaci\u00f3n personal, el historial financiero, la tolerancia al riesgo y los comportamientos de las transacciones.<\/span><\/p>\n\n\n\n<p><b> - <\/b><b>Postura de cumplimiento mejorada: <\/b><span style=\"font-weight: 400;\">La investigaci\u00f3n de mercado KYC refuerza significativamente el cumplimiento de las normas regulatorias por parte de una empresa. Esta investigaci\u00f3n proporciona el marco y los datos necesarios para cumplir con los requisitos legales, reducir el riesgo de sanciones y mejorar la reputaci\u00f3n de la empresa en cuanto al cumplimiento normativo.<\/span><\/p>\n\n\n\n<p><b> - <\/b><b>Mejora de la evaluaci\u00f3n y gesti\u00f3n de riesgos:<\/b><span style=\"font-weight: 400;\"> FinTech firms can improve their risk assessment models with the data obtained from <a href=\"https:\/\/www.sisinternational.com\/es\/pericia\/industrias\/investigacion-de-mercado-de-ferreteria\/\" title=\"Investigaci\u00f3n de mercado de ferreter\u00eda y mejoras para el hogar\"  data-wpil-monitor-id=\"7059\">KYC market research<\/a>. This leads to a more accurate identification of potential risks, allowing for the implementation of targeted risk management strategies.<\/span><\/p>\n\n\n\n<p><b> - <\/b><b>Ofertas de productos y servicios personalizados: <\/b><span style=\"font-weight: 400;\">Los conocimientos obtenidos de la investigaci\u00f3n de mercado KYC permiten a las empresas adaptar sus productos y servicios para satisfacer las necesidades espec\u00edficas de su base de clientes. Esta personalizaci\u00f3n puede conducir a una mayor satisfacci\u00f3n y lealtad del cliente.<\/span><\/p>\n\n\n\n<p><b>- <\/b><b>Detecci\u00f3n y Prevenci\u00f3n de Fraude: <\/b>Una expectativa fundamental de la investigaci\u00f3n de mercado KYC es su papel en la detecci\u00f3n y prevenci\u00f3n del fraude. Al comprender los comportamientos t\u00edpicos de los clientes y los patrones de transacciones, las empresas FinTech pueden identificar e investigar m\u00e1s f\u00e1cilmente anomal\u00edas que puedan indicar actividades fraudulentas.<\/p>\n\n\n\n<h2 class=\"wp-block-heading\">Nuestra ubicaci\u00f3n de instalaciones en Nueva York<\/h2>\n\n\n\n<p>  <iframe loading=\"lazy\" src=\"https:\/\/www.google.com\/maps\/embed?pb=!1m18!1m12!1m3!1d3022.976188376966!2d-73.99130312499956!3d40.740549471389315!2m3!1f0!2f0!3f0!3m2!1i1024!2i768!4f13.1!3m3!1m2!1s0x89c259a15798c731%3A0xd695d09bdd495f25!2s11%20E%2022nd%20St%20FL%202%2C%20New%20York%2C%20NY%2010010%2C%20USA!5e0!3m2!1sen!2spe!4v1726171763526!5m2!1sen!2spe\" width=\"600\" height=\"450\" allowfullscreen=\"allowfullscreen\" data-mce-fragment=\"1\"><\/iframe>  <\/p>\n\n\n\n<h3 class=\"wp-block-heading\">11 E 22nd Street, piso 2, Nueva York, NY 10010 T: +1(212) 505-6805<\/h3>\n\n\n\n<hr class=\"wp-block-separator has-alpha-channel-opacity\"\/>\n\n\n\n<h2 class=\"wp-block-heading\"><span style=\"font-weight: 400;\">Acerca de SIS Internacional<\/span><\/h2>\n\n\n\n<p><a href=\"https:\/\/www.sisinternational.com\/es\/\"><span style=\"font-weight: 400;\">SIS Internacional<\/span><\/a><span style=\"font-weight: 400;\"> ofrece investigaci\u00f3n cuantitativa, cualitativa y estrat\u00e9gica. Proporcionamos datos, herramientas, estrategias, informes y conocimientos para la toma de decisiones. Tambi\u00e9n realizamos entrevistas, encuestas, grupos focales y otros m\u00e9todos y enfoques de investigaci\u00f3n de mercado.<\/span><a href=\"https:\/\/www.sisinternational.com\/es\/sobre-la-investigacion-internacional-de-sis\/contact-sis-international-market-research\/\"><span style=\"font-weight: 400;\"> P\u00f3ngase en contacto con nosotros<\/span><\/a><span style=\"font-weight: 400;\"> para su pr\u00f3ximo proyecto de Investigaci\u00f3n de Mercado.<\/span><\/p>\n\n\n\n<p><\/p>","protected":false},"excerpt":{"rendered":"<p>Descubra nuevas formas de obtener ganancias y generar ventajas comerciales.<\/p>","protected":false},"author":1,"featured_media":62377,"parent":27462,"menu_order":34,"comment_status":"closed","ping_status":"closed","template":"","meta":{"footnotes":""},"class_list":["post-34802","page","type-page","status-publish","has-post-thumbnail"],"_links":{"self":[{"href":"https:\/\/www.sisinternational.com\/es\/wp-json\/wp\/v2\/pages\/34802","targetHints":{"allow":["GET"]}}],"collection":[{"href":"https:\/\/www.sisinternational.com\/es\/wp-json\/wp\/v2\/pages"}],"about":[{"href":"https:\/\/www.sisinternational.com\/es\/wp-json\/wp\/v2\/types\/page"}],"author":[{"embeddable":true,"href":"https:\/\/www.sisinternational.com\/es\/wp-json\/wp\/v2\/users\/1"}],"replies":[{"embeddable":true,"href":"https:\/\/www.sisinternational.com\/es\/wp-json\/wp\/v2\/comments?post=34802"}],"version-history":[{"count":11,"href":"https:\/\/www.sisinternational.com\/es\/wp-json\/wp\/v2\/pages\/34802\/revisions"}],"predecessor-version":[{"id":80623,"href":"https:\/\/www.sisinternational.com\/es\/wp-json\/wp\/v2\/pages\/34802\/revisions\/80623"}],"up":[{"embeddable":true,"href":"https:\/\/www.sisinternational.com\/es\/wp-json\/wp\/v2\/pages\/27462"}],"wp:featuredmedia":[{"embeddable":true,"href":"https:\/\/www.sisinternational.com\/es\/wp-json\/wp\/v2\/media\/62377"}],"wp:attachment":[{"href":"https:\/\/www.sisinternational.com\/es\/wp-json\/wp\/v2\/media?parent=34802"}],"curies":[{"name":"wp","href":"https:\/\/api.w.org\/{rel}","templated":true}]}}