{"id":34686,"date":"2020-02-29T04:57:31","date_gmt":"2020-02-29T04:57:31","guid":{"rendered":"https:\/\/www.sisinternational.com\/?page_id=34686"},"modified":"2026-01-25T19:37:11","modified_gmt":"2026-01-26T00:37:11","slug":"investigacion-de-mercado-de-financiacion-de-la-cadena-de-suministro","status":"publish","type":"page","link":"https:\/\/www.sisinternational.com\/es\/soluciones\/investigacion-de-consultoria-estrategica-fintech\/investigacion-de-mercado-de-financiacion-de-la-cadena-de-suministro\/","title":{"rendered":"Investigaci\u00f3n de mercado de financiaci\u00f3n de la cadena de suministro"},"content":{"rendered":"<h1 class=\"wp-block-heading\">Investigaci\u00f3n de mercado de financiaci\u00f3n de la cadena de suministro<\/h1>\n\n\n\n<figure class=\"gb-block-image gb-block-image-737a1663\"><img loading=\"lazy\" decoding=\"async\" width=\"1456\" height=\"816\" class=\"gb-image gb-image-737a1663\" src=\"https:\/\/www.sisinternational.com\/wp-content\/uploads\/2025\/08\/Finance-9.jpg\" alt=\"Investigaci\u00f3n y estrategia de mercado internacional de SIS\" title=\"Finance (9)\" srcset=\"https:\/\/www.sisinternational.com\/wp-content\/uploads\/2025\/08\/Finance-9.jpg 1456w, https:\/\/www.sisinternational.com\/wp-content\/uploads\/2025\/08\/Finance-9-300x168.jpg 300w, https:\/\/www.sisinternational.com\/wp-content\/uploads\/2025\/08\/Finance-9-1024x574.jpg 1024w, https:\/\/www.sisinternational.com\/wp-content\/uploads\/2025\/08\/Finance-9-768x430.jpg 768w, https:\/\/www.sisinternational.com\/wp-content\/uploads\/2025\/08\/Finance-9-18x10.jpg 18w\" sizes=\"auto, (max-width: 1456px) 100vw, 1456px\"><\/figure>\n\n\n\n<p><\/p>\n\n\n\n<hr class=\"wp-block-separator has-alpha-channel-opacity is-style-dots\"\/>\n\n\n\n<p><span style=\"font-weight: 400;\">In today&#8217;s interconnected world, with supply chains stretching across continents and encompassing a multitude of stakeholders, the need for robust financial strategies is more pronounced. Consequently, supply chain finance market research emerges as a critical tool for understanding the mechanisms, opportunities, and challenges inherent in optimizing the financial aspects of the supply chain.<\/span><\/p>\n\n\n\n<h2 class=\"wp-block-heading\"><strong>Comprensi\u00f3n de la investigaci\u00f3n de mercado de financiaci\u00f3n de la cadena de suministro<\/strong><\/h2>\n\n\n\n<p><span style=\"font-weight: 400;\">Supply chain <a href=\"https:\/\/sisaisolutions.com\/application-of-ai-in-financial-services\/\" target=\"_blank\" rel=\"noopener\">finance market research analyzes<\/a> data related to the financial aspects of supply chains, from suppliers&#8217; creditworthiness to payment mechanisms&#8217; efficiency. It offers businesses valuable insights into enhancing their working capital and strengthening their supply chain operations.<\/span><\/p>\n\n\n\n<p><span style=\"font-weight: 400;\">At its core, supply chain <a href=\"https:\/\/www.sisinternational.com\/es\/soluciones\/investigacion-de-consultoria-estrategica-fintech\/asesor-financiero-independiente-investigacion-de-mercado\/\" title=\"Asesor financiero independiente Investigaci\u00f3n de mercado\" data-wpil-monitor-id=\"6031\">finance market research<\/a> seeks to understand the financial relationships and dependencies between the different entities in a supply chain. It examines how funds flow between suppliers, manufacturers, distributors, and retailers, identifying areas where financial processes can be optimized to benefit all parties involved.&nbsp;<\/span><\/p>\n\n\n\n<h2 class=\"wp-block-heading\"><strong>Importancia de la investigaci\u00f3n de mercado de financiaci\u00f3n de la cadena de suministro<\/strong><\/h2>\n\n\n\n<p><span style=\"font-weight: 400;\"><a href=\"https:\/\/www.sisinternational.com\/es\/soluciones\/consultoria-estrategica\/investigacion-de-mercado-de-la-cadena-de-suministro\/\" title=\"Investigaci\u00f3n de mercado de la cadena de suministro\" data-wpil-monitor-id=\"6541\">Supply chain finance market research<\/a> empowers companies to mitigate risks associated with supplier insolvency or liquidity constraints. It protects the company&#8217;s interests and ensures the resilience of the entire supply chain.<\/span><\/p>\n\n\n\n<p><span style=\"font-weight: 400;\">Moreover, supply chain finance market research identifies cost-saving opportunities. Businesses can optimize their working capital management by analyzing payment terms, financing options, and cash flow strategies. <\/span><span style=\"font-weight: 400;\">Adem\u00e1s de la gesti\u00f3n de riesgos y la reducci\u00f3n de costos, la investigaci\u00f3n de mercado de financiaci\u00f3n de la cadena de suministro fomenta la innovaci\u00f3n dentro de las operaciones financieras. A medida que surgen nuevas tecnolog\u00edas e instrumentos financieros, la investigaci\u00f3n ayuda a las empresas a adaptarse y adoptar estos avances, manteniendo su competitividad en un mercado en constante cambio.<\/span><\/p>\n\n\n\n<h2 class=\"wp-block-heading\"><strong>\u00bfCu\u00e1les son los beneficios de la investigaci\u00f3n de mercado de Financiaci\u00f3n de la cadena de suministro?<\/strong><\/h2>\n\n\n\n<figure class=\"gb-block-image gb-block-image-17eefa34\"><img loading=\"lazy\" decoding=\"async\" width=\"1456\" height=\"816\" class=\"gb-image gb-image-17eefa34\" src=\"https:\/\/www.sisinternational.com\/wp-content\/uploads\/2025\/08\/Finance-13.jpg\" alt=\"Investigaci\u00f3n y estrategia de mercado internacional de SIS\" title=\"Finance (13)\" srcset=\"https:\/\/www.sisinternational.com\/wp-content\/uploads\/2025\/08\/Finance-13.jpg 1456w, https:\/\/www.sisinternational.com\/wp-content\/uploads\/2025\/08\/Finance-13-300x168.jpg 300w, https:\/\/www.sisinternational.com\/wp-content\/uploads\/2025\/08\/Finance-13-1024x574.jpg 1024w, https:\/\/www.sisinternational.com\/wp-content\/uploads\/2025\/08\/Finance-13-768x430.jpg 768w, https:\/\/www.sisinternational.com\/wp-content\/uploads\/2025\/08\/Finance-13-18x10.jpg 18w\" sizes=\"auto, (max-width: 1456px) 100vw, 1456px\"><\/figure>\n\n\n\n<p><\/p>\n\n\n\n<p><span style=\"font-weight: 400;\">Businesses that invest time and resources into this type of research can expect various advantages that improve their financial standing and enhance their strategic positioning.<\/span><\/p>\n\n\n\n<p><b> \u2022 Mejora de la toma de decisiones: <\/b><span style=\"font-weight: 400;\">Supply chain finance market research equips decision-makers with data-driven insights, enabling them to craft strategies aligning with financial and operational goals.&nbsp;<\/span><\/p>\n\n\n\n<p><b> \u2022 Mayor eficiencia operativa: <\/b><span style=\"font-weight: 400;\">Las investigaciones proporcionan informaci\u00f3n sobre las pr\u00e1cticas y herramientas financieras m\u00e1s eficientes, lo que ayuda a las empresas a optimizar procesos como la facturaci\u00f3n, los pagos y la gesti\u00f3n del flujo de efectivo.<\/span><\/p>\n\n\n\n<p><b> \u2022 Mitigaci\u00f3n de riesgos: <\/b><span style=\"font-weight: 400;\">Companies can proactively protect themselves against credit risk, currency fluctuations, and market volatility, thereby securing their supply chains against unforeseen events.<\/span><\/p>\n\n\n\n<p><b> \u2022 Relaciones Estrat\u00e9gicas con Proveedores: <\/b>Supply chain finance <a href=\"https:\/\/www.sisinternational.com\/es\/pericia\/industrias\/investigacion-de-mercado-de-diversidad-de-proveedores\/\" title=\"Investigaci\u00f3n de mercado de diversidad de proveedores\" data-wpil-monitor-id=\"5811\">market research helps businesses understand their suppliers<\/a>&#8216; financial stability and performance. With this knowledge, companies can develop mutually beneficial financing arrangements such as dynamic discounting or reverse factoring, which can strengthen supplier relationships and ensure continuity of supply.<\/span><\/p>\n\n\n\n<p><b> \u2022 Ventaja competitiva: <\/b>Companies that leverage <a href=\"https:\/\/www.sisinternational.com\/es\/libro-blanco-que-viene-primero-la-demanda-o-la-oferta\/\" title=\"Libro blanco: \u00bfQu\u00e9 viene primero: la oferta o la demanda?\" data-wpil-monitor-id=\"4787\">supply chain finance<\/a> effectively can respond more quickly to market demands, invest in growth opportunities, and ultimately deliver greater value to their customers.<\/span><\/p>\n\n\n\n<h2 class=\"wp-block-heading\"><strong>\u00bfQui\u00e9n utiliza la investigaci\u00f3n de mercado de financiaci\u00f3n de la cadena de suministro?<\/strong><\/h2>\n\n\n\n<p><span style=\"font-weight: 400;\">Ante todo, <\/span><b>directores financieros (CFO)<\/b><span style=\"font-weight: 400;\"> y <\/span><b>departamentos del tesoro<\/b><span style=\"font-weight: 400;\"> utilizar la investigaci\u00f3n de mercado de financiaci\u00f3n de la cadena de suministro para garantizar la liquidez y gestionar el capital de trabajo de forma m\u00e1s eficaz. Los conocimientos de esta investigaci\u00f3n les permiten dise\u00f1ar estrategias matizadas que equilibren el riesgo y la recompensa dentro del \u00e1mbito financiero de la cadena de suministro.<\/span><\/p>\n\n\n\n<p><span style=\"font-weight: 400;\">Para <\/span><b>unidades de ventas y desarrollo de negocios<\/b><span style=\"font-weight: 400;\">, supply chain finance market research provides intelligence supporting customer payment terms negotiation.&nbsp;<\/span><\/p>\n\n\n\n<p><b>Fabricantes y distribuidores<\/b><span style=\"font-weight: 400;\"> use <a href=\"https:\/\/www.sisinternational.com\/es\/soluciones\/investigacion-de-mercado-de-fabricacion-2\/\" title=\"Investigaci\u00f3n del mercado manufacturero\" data-wpil-monitor-id=\"5520\">investigaci\u00f3n de mercado de financiaci\u00f3n de la cadena de suministro<\/a> to identify opportunities for improving cash-to-cash cycle times. By doing so, they can free up cash trapped in the supply chain, enabling reinvestment in growth initiatives or new product development.<\/span><\/p>\n\n\n\n<p><b>Instituciones financieras y empresas fintech<\/b><span style=\"font-weight: 400;\"> are also key supply chain finance market research users. They leverage the insights to design tailored financial products that address the specific needs of businesses seeking to enhance their supply chain operations.<\/span><\/p>\n\n\n\n<p><span style=\"font-weight: 400;\">Por \u00faltimo, <a href=\"https:\/\/www.sisinternational.com\/es\/soluciones\/investigacion-de-mercado-de-ia-y-consultoria-estrategica\/consultoria-de-automatizacion-de-ia-de-la-cadena-de-suministro\/\" title=\"Consultor\u00eda de automatizaci\u00f3n de IA en la cadena de suministro\" data-wpil-monitor-id=\"4410\">consultants and advisory firms integrate supply chain<\/a> finance market research into their services, providing clients with strategic advice on managing and improving their financial supply chain processes.<\/span><\/p>\n\n\n\n<h2 class=\"wp-block-heading\"><strong>Cu\u00e1ndo realizar una investigaci\u00f3n de mercado sobre financiaci\u00f3n de la cadena de suministro<\/strong><\/h2>\n\n\n\n<figure class=\"gb-block-image gb-block-image-50c3d896\"><img loading=\"lazy\" decoding=\"async\" width=\"1456\" height=\"816\" class=\"gb-image gb-image-50c3d896\" src=\"https:\/\/www.sisinternational.com\/wp-content\/uploads\/2025\/08\/Finance-18.jpg\" alt=\"Investigaci\u00f3n y estrategia de mercado internacional de SIS\" title=\"Finance (18)\" srcset=\"https:\/\/www.sisinternational.com\/wp-content\/uploads\/2025\/08\/Finance-18.jpg 1456w, https:\/\/www.sisinternational.com\/wp-content\/uploads\/2025\/08\/Finance-18-300x168.jpg 300w, https:\/\/www.sisinternational.com\/wp-content\/uploads\/2025\/08\/Finance-18-1024x574.jpg 1024w, https:\/\/www.sisinternational.com\/wp-content\/uploads\/2025\/08\/Finance-18-768x430.jpg 768w, https:\/\/www.sisinternational.com\/wp-content\/uploads\/2025\/08\/Finance-18-18x10.jpg 18w\" sizes=\"auto, (max-width: 1456px) 100vw, 1456px\"><\/figure>\n\n\n\n<p><\/p>\n\n\n\n<p><span style=\"font-weight: 400;\">Antes de profundizar en los casos espec\u00edficos que requieren una investigaci\u00f3n de mercado sobre financiaci\u00f3n de la cadena de suministro, es fundamental reconocer que dicha investigaci\u00f3n no es un proyecto aislado. M\u00e1s bien, es un proceso continuo que respalda la toma de decisiones estrat\u00e9gicas y la gesti\u00f3n de riesgos en curso.<\/span><\/p>\n\n\n\n<p><b>Durante la planificaci\u00f3n estrat\u00e9gica<\/b><\/p>\n\n\n\n<p><span style=\"font-weight: 400;\">When companies embark on strategic planning, supply chain finance market research provides the financial insights needed to support long-term goals.&nbsp;<\/span><\/p>\n\n\n\n<p><b>En respuesta a los cambios del mercado<\/b><\/p>\n\n\n\n<p><span style=\"font-weight: 400;\">La din\u00e1mica del mercado (como las fluctuaciones en los precios de las materias primas, los tipos de cambio de divisas o las tasas de inter\u00e9s) puede afectar significativamente los costos y riesgos asociados con el financiamiento de la cadena de suministro. Realizar estudios de mercado a ra\u00edz de estos cambios puede ayudar a las empresas a adaptar sus estrategias de financiaci\u00f3n en consecuencia.<\/span><\/p>\n\n\n\n<p><b>Tras los cambios regulatorios<\/b><\/p>\n\n\n\n<p><span style=\"font-weight: 400;\">Regulatory changes can profoundly affect supply chain finance. Businesses must undertake market research to comprehend new compliance requirements and adjust their financial strategies to maintain legal and competitive standing.<\/span><\/p>\n\n\n\n<p><b>En medio de los avances tecnol\u00f3gicos<\/b><\/p>\n\n\n\n<p><span style=\"font-weight: 400;\">As new technologies emerge, they change how supply chain finance can be managed. Research into these advancements enables companies to stay at the forefront of innovation and incorporate these technologies into their financial operations.<\/span><\/p>\n\n\n\n<h2 class=\"wp-block-heading\"><strong>Qu\u00e9 esperar de la investigaci\u00f3n de mercado de financiaci\u00f3n de la cadena de suministro<\/strong><\/h2>\n\n\n\n<p><span style=\"font-weight: 400;\">When undertaking supply chain finance market research, businesses can anticipate various outcomes and deliverables that will aid in enhancing their supply chain strategies. Here&#8217;s what to expect:<\/span><\/p>\n\n\n\n<p><b> \u2022 An\u00e1lisis detallado de la industria: <\/b><span style=\"font-weight: 400;\">Supply chain finance market research provides a comprehensive analysis of the industry, including current trends, challenges, and opportunities within supply chain finance.&nbsp;<\/span><\/p>\n\n\n\n<p><b> \u2022 Evaluaci\u00f3n comparativa financiera: <\/b><span style=\"font-weight: 400;\">The research offers benchmarking data against which companies can measure their performance. T<\/span><\/p>\n\n\n\n<p><b> \u2022 Informaci\u00f3n sobre el cumplimiento normativo: <\/b><span style=\"font-weight: 400;\">Supply chain finance market research informs businesses about current and upcoming regulatory changes that could affect their operations.&nbsp;<\/span><\/p>\n\n\n\n<p><b> \u2022 Soluciones de Financiamiento e Innovaciones: <\/b><span style=\"font-weight: 400;\">Research can uncover new and innovative financing solutions that may benefit the company.&nbsp;<\/span><\/p>\n\n\n\n<h2 class=\"wp-block-heading p3\"><span class=\"s1\">Blockchain, Machine Learning y la IA tambi\u00e9n han revolucionado el mercado global de la cadena de suministro.<\/span><\/h2>\n\n\n\n<figure class=\"gb-block-image gb-block-image-bdf52c29\"><img loading=\"lazy\" decoding=\"async\" width=\"1456\" height=\"816\" class=\"gb-image gb-image-bdf52c29\" src=\"https:\/\/www.sisinternational.com\/wp-content\/uploads\/2025\/08\/Fintech-14.jpg\" alt=\"Investigaci\u00f3n y estrategia de mercado internacional de SIS\" title=\"Fintech (14)\" srcset=\"https:\/\/www.sisinternational.com\/wp-content\/uploads\/2025\/08\/Fintech-14.jpg 1456w, https:\/\/www.sisinternational.com\/wp-content\/uploads\/2025\/08\/Fintech-14-300x168.jpg 300w, https:\/\/www.sisinternational.com\/wp-content\/uploads\/2025\/08\/Fintech-14-1024x574.jpg 1024w, https:\/\/www.sisinternational.com\/wp-content\/uploads\/2025\/08\/Fintech-14-768x430.jpg 768w, https:\/\/www.sisinternational.com\/wp-content\/uploads\/2025\/08\/Fintech-14-18x10.jpg 18w\" sizes=\"auto, (max-width: 1456px) 100vw, 1456px\"><\/figure>\n\n\n\n<p><\/p>\n\n\n\n<p class=\"p3\"><span class=\"s1\">El crecimiento de algunas peque\u00f1as y medianas empresas (PYME) tambi\u00e9n es un factor. <\/span><\/p>\n\n\n\n<p class=\"p3\"><span class=\"s1\">The banking sector has become a key global supply chain finance market player. The increased demand for payables has also become a significant trend, driving the market&#8217;s growth. Emerging markets have also made companies look for solutions. They are seeking more cash and assets offered by supply chain finance markets.<\/span><\/p>\n\n\n\n<h2 class=\"wp-block-heading p5\"><span class=\"s1\">Desaf\u00edos que enfrenta el mercado financiero de la cadena de suministro<\/span><\/h2>\n\n\n\n<p class=\"p3\"><span class=\"s1\">Los principales desaf\u00edos que enfrenta el mercado global de financiaci\u00f3n de la cadena de suministro son:<\/span><\/p>\n\n\n\n<ul class=\"wp-block-list\">\n<li><span class=\"s1\">Competencia entre nuevos proveedores de financiaci\u00f3n y bancos<\/span><\/li>\n\n\n\n<li><span class=\"s1\">Las tasas de inter\u00e9s de los proveedores.<\/span><\/li>\n\n\n\n<li><span class=\"s1\">Falta de inventario suficiente <\/span><\/li>\n\n\n\n<li><span class=\"s1\">Diferentes objetivos para compradores y vendedores.<\/span><\/li>\n\n\n\n<li><span class=\"s1\">Dependencia excesiva de sistemas tecnol\u00f3gicos y redes neuronales. <\/span><\/li>\n<\/ul>\n\n\n\n<h2 class=\"wp-block-heading p5\"><span class=\"s1\">El futuro del mercado financiero de la cadena de suministro<\/span><\/h2>\n\n\n\n<p class=\"p3\"><span class=\"s1\">Los expertos esperan que el mercado crezca. Este crecimiento se debe al impacto de los nuevos mercados emergentes y los nuevos proveedores de financiaci\u00f3n. El mercado global tambi\u00e9n se ha vuelto transparente y m\u00e1s abierto a actores nuevos e incluso m\u00e1s peque\u00f1os. <\/span><\/p>\n\n\n\n<p class=\"p3\"><span class=\"s1\">Finally, AI will impact the supply chain finance market. Machine Learning and Blockchain will also be significant factors. <\/span><\/p>\n\n\n\n<p class=\"p3\"><span class=\"s1\">Supply Chain Finance allows a small supplier to access affordable financing. It also decreases the time taken to collect payment. Thus, it improves the company\u2019s cash flow, which it can use for something else. It removes outstanding debts owed to a company from its balance sheets. It also allows another party to assume payment risk on its behalf.<\/span><\/p>\n\n\n\n<h2 class=\"wp-block-heading\">Nuestra ubicaci\u00f3n de instalaciones en Nueva York<\/h2>\n\n\n\n<p>\n\n\n\n<iframe loading=\"lazy\" src=\"https:\/\/www.google.com\/maps\/embed?pb=!1m18!1m12!1m3!1d3022.976188376966!2d-73.99130312499956!3d40.740549471389315!2m3!1f0!2f0!3f0!3m2!1i1024!2i768!4f13.1!3m3!1m2!1s0x89c259a15798c731%3A0xd695d09bdd495f25!2s11%20E%2022nd%20St%20FL%202%2C%20New%20York%2C%20NY%2010010%2C%20USA!5e0!3m2!1sen!2spe!4v1726171763526!5m2!1sen!2spe\" width=\"600\" height=\"450\" allowfullscreen=\"allowfullscreen\" data-mce-fragment=\"1\"><\/iframe>\n\n\n\n<\/p>\n\n\n\n<h3 class=\"wp-block-heading\">11 E 22nd Street, piso 2, Nueva York, NY 10010 T: +1(212) 505-6805<\/h3>\n\n\n\n<hr class=\"wp-block-separator has-alpha-channel-opacity\"\/>\n\n\n\n<h2 class=\"wp-block-heading\"><span style=\"font-weight: 400;\">Acerca de SIS Internacional<\/span><\/h2>\n\n\n\n<p><a href=\"https:\/\/www.sisinternational.com\/es\/\"><span style=\"font-weight: 400;\">SIS Internacional<\/span><\/a><span style=\"font-weight: 400;\"> ofrece investigaci\u00f3n cuantitativa, cualitativa y estrat\u00e9gica. Proporcionamos datos, herramientas, estrategias, informes y conocimientos para la toma de decisiones. Tambi\u00e9n realizamos entrevistas, encuestas, grupos focales y otros m\u00e9todos y enfoques de investigaci\u00f3n de mercado.<\/span><a href=\"https:\/\/www.sisinternational.com\/es\/sobre-la-investigacion-internacional-de-sis\/contact-sis-international-market-research\/\"><span style=\"font-weight: 400;\"> P\u00f3ngase en contacto con nosotros<\/span><\/a><span style=\"font-weight: 400;\"> para su pr\u00f3ximo proyecto de Investigaci\u00f3n de Mercado.<\/span><\/p>\n\n\n\n<p><\/p>","protected":false},"excerpt":{"rendered":"<p>Brindamos consultor\u00eda e investigaci\u00f3n de mercado de financiamiento de la cadena de suministro.<\/p>","protected":false},"author":1,"featured_media":62819,"parent":27462,"menu_order":32,"comment_status":"closed","ping_status":"closed","template":"","meta":{"footnotes":""},"class_list":["post-34686","page","type-page","status-publish","has-post-thumbnail"],"_links":{"self":[{"href":"https:\/\/www.sisinternational.com\/es\/wp-json\/wp\/v2\/pages\/34686","targetHints":{"allow":["GET"]}}],"collection":[{"href":"https:\/\/www.sisinternational.com\/es\/wp-json\/wp\/v2\/pages"}],"about":[{"href":"https:\/\/www.sisinternational.com\/es\/wp-json\/wp\/v2\/types\/page"}],"author":[{"embeddable":true,"href":"https:\/\/www.sisinternational.com\/es\/wp-json\/wp\/v2\/users\/1"}],"replies":[{"embeddable":true,"href":"https:\/\/www.sisinternational.com\/es\/wp-json\/wp\/v2\/comments?post=34686"}],"version-history":[{"count":11,"href":"https:\/\/www.sisinternational.com\/es\/wp-json\/wp\/v2\/pages\/34686\/revisions"}],"predecessor-version":[{"id":80126,"href":"https:\/\/www.sisinternational.com\/es\/wp-json\/wp\/v2\/pages\/34686\/revisions\/80126"}],"up":[{"embeddable":true,"href":"https:\/\/www.sisinternational.com\/es\/wp-json\/wp\/v2\/pages\/27462"}],"wp:featuredmedia":[{"embeddable":true,"href":"https:\/\/www.sisinternational.com\/es\/wp-json\/wp\/v2\/media\/62819"}],"wp:attachment":[{"href":"https:\/\/www.sisinternational.com\/es\/wp-json\/wp\/v2\/media?parent=34686"}],"curies":[{"name":"wp","href":"https:\/\/api.w.org\/{rel}","templated":true}]}}