{"id":34666,"date":"2020-02-29T03:58:35","date_gmt":"2020-02-29T03:58:35","guid":{"rendered":"https:\/\/www.sisinternational.com\/?page_id=34666"},"modified":"2026-01-26T17:28:55","modified_gmt":"2026-01-26T22:28:55","slug":"investigacion-de-mercado-de-pagos-p2p-peer-to-peer","status":"publish","type":"page","link":"https:\/\/www.sisinternational.com\/es\/soluciones\/investigacion-de-consultoria-estrategica-fintech\/investigacion-de-mercado-de-pagos-p2p-peer-to-peer\/","title":{"rendered":"Peer-to-Peer Payments Market Research"},"content":{"rendered":"<h1 class=\"wp-block-heading\">Peer-to-Peer Payments Market Research<\/h1>\n\n\n\n<figure class=\"gb-block-image gb-block-image-b0cd82b6\"><img loading=\"lazy\" decoding=\"async\" width=\"1456\" height=\"816\" class=\"gb-image gb-image-b0cd82b6\" src=\"https:\/\/www.sisinternational.com\/wp-content\/uploads\/2025\/10\/Peer-to-Peer-Payments-1.jpg\" alt=\"Investigaci\u00f3n y estrategia de mercado internacional de SIS\" title=\"Peer-to-Peer Payments (1)\" srcset=\"https:\/\/www.sisinternational.com\/wp-content\/uploads\/2025\/10\/Peer-to-Peer-Payments-1.jpg 1456w, https:\/\/www.sisinternational.com\/wp-content\/uploads\/2025\/10\/Peer-to-Peer-Payments-1-300x168.jpg 300w, https:\/\/www.sisinternational.com\/wp-content\/uploads\/2025\/10\/Peer-to-Peer-Payments-1-1024x574.jpg 1024w, https:\/\/www.sisinternational.com\/wp-content\/uploads\/2025\/10\/Peer-to-Peer-Payments-1-768x430.jpg 768w, https:\/\/www.sisinternational.com\/wp-content\/uploads\/2025\/10\/Peer-to-Peer-Payments-1-18x10.jpg 18w\" sizes=\"auto, (max-width: 1456px) 100vw, 1456px\"><\/figure>\n\n\n\n<hr class=\"wp-block-separator has-alpha-channel-opacity is-style-dots\"\/>\n\n\n\n<p><span style=\"font-weight: 400;\">Peer-to-Peer payments have emerged as a groundbreaking force in the financial sector, reshaping the way we exchange money\u2026 But, how can businesses stay ahead and make informed decisions in this dynamic environment? The answer lies in peer-to-peer payments market research.<\/span><\/p>\n\n\n\n<h2 class=\"wp-block-heading\"><strong>Comprensi\u00f3n de la investigaci\u00f3n de mercado de pagos entre pares<\/strong><\/h2>\n\n\n\n<p><span style=\"font-weight: 400;\">Peer-to-peer payments market research involves studying user behaviors, preferences, and adoption rates across various P2P payment platforms. Businesses must dissect the factors driving the adoption of P2P payments and the challenges they pose. By conducting P2P <a class=\"wpil_keyword_link\" href=\"https:\/\/www.sisinternational.com\/es\/soluciones\/investigacion-de-consultoria-estrategica-fintech\/investigacion-de-mercado-de-pagos\/\"   title=\"Investigaci\u00f3n de mercado de pagos\" data-wpil-keyword-link=\"linked\"  data-wpil-monitor-id=\"442\">investigaci\u00f3n de mercado de pagos<\/a>, businesses can position themselves to harness the full potential of this transformative technology.&nbsp;<\/span><\/p>\n\n\n\n<p><span class=\"s1\">Examples are Venmo, PayPal, Zelle, and Square Cash. These payment systems allow users to send money to one another. P2P customers send money using their mobile devices via a linked card or bank account.<\/span><\/p>\n\n\n\n<h2 class=\"wp-block-heading\"><strong>Importancia de la investigaci\u00f3n de mercado de pagos P2P<\/strong><\/h2>\n\n\n\n<p><span style=\"font-weight: 400;\">P2P payments market research offers valuable insights into the dynamics of P2P payments, shedding light on user preferences, security concerns, and adoption patterns. It allows companies to adopt a consumer-centric approach and tailor their products and services to meet customers&#8217; evolving needs. This enhances user satisfaction and fosters brand loyalty in a fiercely competitive market.<\/span><\/p>\n\n\n\n<p><span style=\"font-weight: 400;\">Furthermore, market research can uncover potential pitfalls and vulnerabilities in the P2P payments landscape, enabling businesses to address security concerns and compliance issues proactively. However, it offers many other benefits for businesses, including:<\/span><\/p>\n\n\n\n<ul class=\"wp-block-list\">\n<li><b> Innovaci\u00f3n estrat\u00e9gica: <\/b><span style=\"font-weight: 400;\">P2P payments market research exposes companies to emerging technologies and trends within the payment industry.&nbsp;<\/span><\/li>\n\n\n\n<li><b> Ventaja competitiva:<\/b><span style=\"font-weight: 400;\"> By staying ahead of market trends and understanding the competitive landscape, companies can position themselves as leaders in the P2P payments sector.&nbsp;<\/span><\/li>\n\n\n\n<li><b> Eficiencia de costo:<\/b><span style=\"font-weight: 400;\"> Comprender la din\u00e1mica del mercado y el comportamiento del consumidor puede conducir a estrategias rentables. La investigaci\u00f3n de mercado de pagos P2P ayuda a las empresas a asignar recursos de manera efectiva, minimizando gastos innecesarios y maximizando el impacto de sus inversiones.<\/span><\/li>\n\n\n\n<li><b> Escalabilidad:<\/b><span style=\"font-weight: 400;\"> Businesses aiming for growth and expansion can benefit significantly from P2P payments market research. It provides insights into potential markets, user demographics, and growth opportunities, enabling companies to scale their operations strategically.<\/span><\/li>\n<\/ul>\n\n\n\n<h2 class=\"wp-block-heading\"><strong>\u00bfQui\u00e9n utiliza la investigaci\u00f3n de mercado de pagos entre pares?<\/strong><\/h2>\n\n\n\n<figure class=\"gb-block-image gb-block-image-1b33d891\"><img loading=\"lazy\" decoding=\"async\" width=\"1456\" height=\"816\" class=\"gb-image gb-image-1b33d891\" src=\"https:\/\/www.sisinternational.com\/wp-content\/uploads\/2025\/08\/Multicultural-Advertising-Services-for-a-Famous-Peer-to-Peer-Payments-Technology-Company.jpg\" alt=\"Investigaci\u00f3n y estrategia de mercado internacional de SIS\" title=\"Servicios de publicidad multicultural para una famosa empresa de tecnolog\u00eda de pagos entre pares\" srcset=\"https:\/\/www.sisinternational.com\/wp-content\/uploads\/2025\/08\/Multicultural-Advertising-Services-for-a-Famous-Peer-to-Peer-Payments-Technology-Company.jpg 1456w, https:\/\/www.sisinternational.com\/wp-content\/uploads\/2025\/08\/Multicultural-Advertising-Services-for-a-Famous-Peer-to-Peer-Payments-Technology-Company-300x168.jpg 300w, https:\/\/www.sisinternational.com\/wp-content\/uploads\/2025\/08\/Multicultural-Advertising-Services-for-a-Famous-Peer-to-Peer-Payments-Technology-Company-1024x574.jpg 1024w, https:\/\/www.sisinternational.com\/wp-content\/uploads\/2025\/08\/Multicultural-Advertising-Services-for-a-Famous-Peer-to-Peer-Payments-Technology-Company-768x430.jpg 768w, https:\/\/www.sisinternational.com\/wp-content\/uploads\/2025\/08\/Multicultural-Advertising-Services-for-a-Famous-Peer-to-Peer-Payments-Technology-Company-18x10.jpg 18w\" sizes=\"auto, (max-width: 1456px) 100vw, 1456px\"><\/figure>\n\n\n\n<p><\/p>\n\n\n\n<p><span style=\"font-weight: 400;\">Understanding the user base of the peer-to-peer payments market research is key to comprehend its relevance in today&#8217;s financial landscape. Here are some of the most critical users of this market research:<\/span><\/p>\n\n\n\n<p><b> <span class=\"s1\">- <\/span>Instituciones financieras: <\/b><span style=\"font-weight: 400;\">Los bancos y cooperativas de cr\u00e9dito tradicionales est\u00e1n muy interesados en la investigaci\u00f3n de mercado de pagos P2P a medida que se adaptan a las cambiantes preferencias de los clientes. La investigaci\u00f3n les ayuda a alinear sus servicios y ofertas digitales con las expectativas de los consumidores conocedores de la tecnolog\u00eda.<\/span><\/p>\n\n\n\n<p><b> <span class=\"s1\">- <\/span>Nuevas empresas de tecnolog\u00eda financiera: <\/b><span style=\"font-weight: 400;\">Las nuevas empresas de tecnolog\u00eda financiera est\u00e1n a la vanguardia de las innovaciones en pagos P2P. Dependen en gran medida de la investigaci\u00f3n de mercado para identificar brechas en el mercado, comprender el comportamiento de los usuarios y ajustar sus productos para lograr experiencias de usuario \u00f3ptimas.<\/span><\/p>\n\n\n\n<p><b> <span class=\"s1\">- <\/span>Proveedores de servicios de pago:<\/b><span style=\"font-weight: 400;\"> Las empresas que facilitan el procesamiento de pagos, incluidos los pagos P2P, utilizan estudios de mercado para optimizar sus plataformas, mejorar las medidas de seguridad y mantenerse competitivas en un panorama en constante cambio.<\/span><\/p>\n\n\n\n<p><b> <span class=\"s1\">- <\/span>Empresas de comercio electr\u00f3nico: <\/b><span style=\"font-weight: 400;\">Los minoristas en l\u00ednea integran opciones de pago P2P en sus procesos de pago. La investigaci\u00f3n de mercado les ayuda a identificar los m\u00e9todos de pago preferidos, lo que garantiza una experiencia de compra perfecta para los clientes.<\/span><\/p>\n\n\n\n<p><b> <span class=\"s1\">- <\/span>Cuerpos reguladores:<\/b><span style=\"font-weight: 400;\"> Government agencies and regulatory bodies use P2P <a href=\"https:\/\/www.sisinternational.com\/es\/pericia\/industrias\/investigacion-de-mercado-del-gobierno-federal\/\" title=\"Investigaci\u00f3n de mercado del gobierno federal\"  data-wpil-monitor-id=\"5770\">investigaci\u00f3n de mercado de pagos<\/a> to understand the impact of these technologies on financial markets and to develop appropriate regulations and safeguards.<\/span><\/p>\n\n\n\n<h2 class=\"wp-block-heading\"><strong>\u00bfEn qu\u00e9 se diferencia la investigaci\u00f3n de mercado de pagos P2P de la investigaci\u00f3n de mercado tradicional?<\/strong><\/h2>\n\n\n\n<p><span style=\"font-weight: 400;\">La investigaci\u00f3n de mercado de pagos P2P es inherentemente digital y se centra en el panorama en r\u00e1pida evoluci\u00f3n de los pagos digitales, las aplicaciones m\u00f3viles y las plataformas en l\u00ednea. La investigaci\u00f3n de mercado tradicional, por otro lado, abarca un espectro m\u00e1s amplio de industrias y sectores.<\/span><\/p>\n\n\n\n<p><span style=\"font-weight: 400;\">Adem\u00e1s,<\/span> <span style=\"font-weight: 400;\">P2P payments market research closely tracks emerging technologies within the financial sector such as blockchain, cryptocurrencies, and digital wallets. These technologies are transforming transactions, and understanding their impact is essential. Traditional market research may not delve as deeply into these specific technological trends.<\/span><\/p>\n\n\n\n<p><span style=\"font-weight: 400;\">Adem\u00e1s,<\/span> <span style=\"font-weight: 400;\">as mobile devices become the primary conduit for P2P payments, this research provides insights into mobile usage patterns, app adoption, and mobile payment trends. Traditional market research may not capture these mobile-centric insights as comprehensively.<\/span><\/p>\n\n\n\n<h2 class=\"wp-block-heading\"><strong>Tendencias actuales en la investigaci\u00f3n de mercado de pagos P2P<\/strong><\/h2>\n\n\n\n<figure class=\"gb-block-image gb-block-image-adfcc3e9\"><img loading=\"lazy\" decoding=\"async\" width=\"1456\" height=\"816\" class=\"gb-image gb-image-adfcc3e9\" src=\"https:\/\/www.sisinternational.com\/wp-content\/uploads\/2025\/08\/Bank-4.jpg\" alt=\"Investigaci\u00f3n y estrategia de mercado internacional de SIS\" title=\"Bank (4)\" srcset=\"https:\/\/www.sisinternational.com\/wp-content\/uploads\/2025\/08\/Bank-4.jpg 1456w, https:\/\/www.sisinternational.com\/wp-content\/uploads\/2025\/08\/Bank-4-300x168.jpg 300w, https:\/\/www.sisinternational.com\/wp-content\/uploads\/2025\/08\/Bank-4-1024x574.jpg 1024w, https:\/\/www.sisinternational.com\/wp-content\/uploads\/2025\/08\/Bank-4-768x430.jpg 768w, https:\/\/www.sisinternational.com\/wp-content\/uploads\/2025\/08\/Bank-4-18x10.jpg 18w\" sizes=\"auto, (max-width: 1456px) 100vw, 1456px\"><\/figure>\n\n\n\n<p><\/p>\n\n\n\n<p><span style=\"font-weight: 400;\">Para permanecer a la vanguardia del panorama de investigaci\u00f3n de mercado de pagos entre pares en r\u00e1pida evoluci\u00f3n, es fundamental estar al tanto de las \u00faltimas tendencias y desarrollos, y estas son algunas de las tendencias actuales que dan forma a este campo:<\/span><\/p>\n\n\n\n<p><b> <span class=\"s1\">- <\/span>Integraci\u00f3n de IA y aprendizaje autom\u00e1tico:<\/b><span style=\"font-weight: 400;\"> La investigaci\u00f3n de mercado de pagos P2P aprovecha cada vez m\u00e1s la inteligencia artificial (IA) y el aprendizaje autom\u00e1tico para analizar grandes conjuntos de datos. Estas tecnolog\u00edas mejoran la precisi\u00f3n de los datos, permiten an\u00e1lisis predictivos e identifican patrones complejos en el comportamiento del usuario.<\/span><\/p>\n\n\n\n<p><b> <span class=\"s1\">- <\/span>Informaci\u00f3n centrada en dispositivos m\u00f3viles:<\/b><span style=\"font-weight: 400;\"> With the continued growth of mobile payments, research is focusing on mobile-centric insights. Understanding mobile app usage, user preferences, and mobile security measures is paramount.<\/span><\/p>\n\n\n\n<p><b> <span class=\"s1\">- <\/span>Blockchain y Criptomonedas:<\/b><span style=\"font-weight: 400;\"> The emergence of blockchain technology and cryptocurrencies within the P2P payments sector has sparked research interest. Investigating the impact of decentralized finance (DeFi) and digital currencies is a growing trend.<\/span><\/p>\n\n\n\n<p><b> <span class=\"s1\">- <\/span>Protocolos de seguridad mejorados: <\/b><span style=\"font-weight: 400;\">The importance of security in P2P payments cannot be overstated. Research focuses on the latest security protocols, encryption methods, and fraud detection techniques to safeguard user transactions.<\/span><\/p>\n\n\n\n<p><b> <span class=\"s1\">- <\/span>Optimizaci\u00f3n de la experiencia del usuario:<\/b><span style=\"font-weight: 400;\"> User experience is critical to P2P payment adoption. Research delves into user interface design, app usability, and feedback mechanisms to enhance the customer journey.<\/span><\/p>\n\n\n\n<h2 class=\"wp-block-heading\"><strong>Oportunidades en el mercado de pagos P2P para empresas<\/strong><\/h2>\n\n\n\n<p><span style=\"font-weight: 400;\">En el panorama din\u00e1mico de los pagos P2P, las empresas pueden encontrar una multitud de oportunidades para prosperar e innovar, como por ejemplo:<\/span><\/p>\n\n\n\n<p><b> <span class=\"s1\">- <\/span>Expansi\u00f3n global:<\/b><span style=\"font-weight: 400;\"> Digital transactions&#8217; borderless nature opens doors for global expansion. P2P payments market research can help businesses identify target markets with high adoption potential, regulatory considerations, and user preferences in different regions.<\/span><\/p>\n\n\n\n<p><b> <span class=\"s1\">- <\/span>Asociaciones y Alianzas:<\/b><span style=\"font-weight: 400;\"> Collaborations with fintech startups, payment service providers, or even traditional financial institutions present businesses with opportunities to broaden their reach and offer complementary services. Market research aids in identifying suitable partners and potential synergies.<\/span><\/p>\n\n\n\n<p><b> <span class=\"s1\">- <\/span>Soluciones de seguridad: <\/b><span style=\"font-weight: 400;\">The increasing concern over cybersecurity allows businesses to develop and market robust security solutions, such as biometric authentication, tokenization, or fraud detection systems. P2P payments <a href=\"https:\/\/www.sisinternational.com\/es\/pericia\/industrias\/investigacion-de-mercado-de-seguridad\/\" title=\"Investigaci\u00f3n de mercado de seguridad\"  data-wpil-monitor-id=\"6539\">market research helps identify security<\/a> trends and user expectations.<\/span><\/p>\n\n\n\n<p><b> <span class=\"s1\">- <\/span>Monetizaci\u00f3n de datos:<\/b><span style=\"font-weight: 400;\"> Las empresas pueden explorar estrategias de monetizaci\u00f3n de datos, como ofrecer informaci\u00f3n an\u00f3nima a otras empresas o anunciantes. La investigaci\u00f3n de mercado puede identificar tendencias de monetizaci\u00f3n de datos y socios potenciales.<\/span><\/p>\n\n\n\n<p><span class=\"s1\"><b>\u2022 Servicios de cumplimiento:<\/b><span style=\"font-weight: 400;\"> Evolving regulations require businesses to stay compliant. P2P payments market research can reveal the industry&#8217;s specific compliance needs, allowing companies to offer consulting or compliance-related services<\/span><\/span><span class=\"s1\">.<\/span><\/p>\n\n\n\n<h2 class=\"wp-block-heading p5\"><span class=\"s1\">Los sistemas P2P, una soluci\u00f3n eficaz para los micropagos<\/span><\/h2>\n\n\n\n<figure class=\"gb-block-image gb-block-image-d58bdd65\"><img loading=\"lazy\" decoding=\"async\" width=\"1456\" height=\"816\" class=\"gb-image gb-image-d58bdd65\" src=\"https:\/\/www.sisinternational.com\/wp-content\/uploads\/2025\/08\/Fintech-17.jpg\" alt=\"Investigaci\u00f3n y estrategia de mercado internacional de SIS\" title=\"Fintech (17)\" srcset=\"https:\/\/www.sisinternational.com\/wp-content\/uploads\/2025\/08\/Fintech-17.jpg 1456w, https:\/\/www.sisinternational.com\/wp-content\/uploads\/2025\/08\/Fintech-17-300x168.jpg 300w, https:\/\/www.sisinternational.com\/wp-content\/uploads\/2025\/08\/Fintech-17-1024x574.jpg 1024w, https:\/\/www.sisinternational.com\/wp-content\/uploads\/2025\/08\/Fintech-17-768x430.jpg 768w, https:\/\/www.sisinternational.com\/wp-content\/uploads\/2025\/08\/Fintech-17-18x10.jpg 18w\" sizes=\"auto, (max-width: 1456px) 100vw, 1456px\"><\/figure>\n\n\n\n<p><\/p>\n\n\n\n<p class=\"p2\"><span class=\"s1\">Micropayments are financial transactions involving tiny sums of money. PayPal defines anything less than US$12 as a micropayment, whereas Visa defines the amount as US$20. In practice, it\u2019s difficult for businesses to recoup micropayment processing costs. A growth area in micropayments has been using them in online virtual reality games. P2P payment systems make it easier and cheaper to settle micropayments. <\/span><\/p>\n\n\n\n<p class=\"p4\"><span class=\"s1\">Micropayments are a modern solution to an old problem. For a micropayment system to work, it must have large transaction volumes, small transaction fees, and instant payments. Most blockchains now have a link to a cryptocurrency. With micropayments, central banks can connect them to standard currencies. Once we have widespread adoption of micropayments, the way we do business will change.<\/span><\/p>\n\n\n\n<h2 class=\"wp-block-heading\">Acerca de la investigaci\u00f3n de mercado de pagos P2P<\/h2>\n\n\n\n<p class=\"p2\"><span class=\"s1\"><a href=\"https:\/\/www.linkedin.com\/company\/sisinternationalresearch\/posts\/?feedView=all\" target=\"_blank\" rel=\"noopener\">SIS Research<\/a> offers Market Research services, including Consumer Research, Customer Loyalty, and Segmentation, Industry Tracking, Competitive Analysis, and FinTech Strategy Consulting. SIS provides Focus Groups, Surveys, Consumer Online Communities, and Global Market Expansion strategies. Call us today to schedule a consultation.<\/span><\/p>\n\n\n\n<h2 class=\"wp-block-heading\">Nuestra ubicaci\u00f3n de instalaciones en Nueva York<\/h2>\n\n\n\n<p>\n\n\n\n<iframe loading=\"lazy\" src=\"https:\/\/www.google.com\/maps\/embed?pb=!1m18!1m12!1m3!1d3022.976188376966!2d-73.99130312499956!3d40.740549471389315!2m3!1f0!2f0!3f0!3m2!1i1024!2i768!4f13.1!3m3!1m2!1s0x89c259a15798c731%3A0xd695d09bdd495f25!2s11%20E%2022nd%20St%20FL%202%2C%20New%20York%2C%20NY%2010010%2C%20USA!5e0!3m2!1sen!2spe!4v1726171763526!5m2!1sen!2spe\" width=\"600\" height=\"450\" allowfullscreen=\"allowfullscreen\" data-mce-fragment=\"1\"><\/iframe>\n\n\n\n<\/p>\n\n\n\n<h3 class=\"wp-block-heading\">11 E 22nd Street, piso 2, Nueva York, NY 10010 T: +1(212) 505-6805<\/h3>\n\n\n\n<hr class=\"wp-block-separator has-alpha-channel-opacity\"\/>\n\n\n\n<h2 class=\"wp-block-heading\"><span style=\"font-weight: 400;\">Acerca de SIS Internacional<\/span><\/h2>\n\n\n\n<p><a href=\"https:\/\/www.sisinternational.com\/es\/\"><span style=\"font-weight: 400;\">SIS Internacional<\/span><\/a><span style=\"font-weight: 400;\"> ofrece investigaci\u00f3n cuantitativa, cualitativa y estrat\u00e9gica. Proporcionamos datos, herramientas, estrategias, informes y conocimientos para la toma de decisiones. Tambi\u00e9n realizamos entrevistas, encuestas, grupos focales y otros m\u00e9todos y enfoques de investigaci\u00f3n de mercado.<\/span><a href=\"https:\/\/www.sisinternational.com\/es\/sobre-la-investigacion-internacional-de-sis\/contact-sis-international-market-research\/\"><span style=\"font-weight: 400;\"> P\u00f3ngase en contacto con nosotros<\/span><\/a><span style=\"font-weight: 400;\"> para su pr\u00f3ximo proyecto de Investigaci\u00f3n de Mercado.<\/span><\/p>\n\n\n\n<p><\/p>","protected":false},"excerpt":{"rendered":"<p>Proporcionamos investigaci\u00f3n de mercado de pagos peer-to-peer (P2P).<\/p>","protected":false},"author":1,"featured_media":71785,"parent":27462,"menu_order":28,"comment_status":"closed","ping_status":"closed","template":"","meta":{"footnotes":""},"class_list":["post-34666","page","type-page","status-publish","has-post-thumbnail"],"_links":{"self":[{"href":"https:\/\/www.sisinternational.com\/es\/wp-json\/wp\/v2\/pages\/34666","targetHints":{"allow":["GET"]}}],"collection":[{"href":"https:\/\/www.sisinternational.com\/es\/wp-json\/wp\/v2\/pages"}],"about":[{"href":"https:\/\/www.sisinternational.com\/es\/wp-json\/wp\/v2\/types\/page"}],"author":[{"embeddable":true,"href":"https:\/\/www.sisinternational.com\/es\/wp-json\/wp\/v2\/users\/1"}],"replies":[{"embeddable":true,"href":"https:\/\/www.sisinternational.com\/es\/wp-json\/wp\/v2\/comments?post=34666"}],"version-history":[{"count":10,"href":"https:\/\/www.sisinternational.com\/es\/wp-json\/wp\/v2\/pages\/34666\/revisions"}],"predecessor-version":[{"id":80122,"href":"https:\/\/www.sisinternational.com\/es\/wp-json\/wp\/v2\/pages\/34666\/revisions\/80122"}],"up":[{"embeddable":true,"href":"https:\/\/www.sisinternational.com\/es\/wp-json\/wp\/v2\/pages\/27462"}],"wp:featuredmedia":[{"embeddable":true,"href":"https:\/\/www.sisinternational.com\/es\/wp-json\/wp\/v2\/media\/71785"}],"wp:attachment":[{"href":"https:\/\/www.sisinternational.com\/es\/wp-json\/wp\/v2\/media?parent=34666"}],"curies":[{"name":"wp","href":"https:\/\/api.w.org\/{rel}","templated":true}]}}