{"id":34608,"date":"2020-02-17T16:09:02","date_gmt":"2020-02-17T16:09:02","guid":{"rendered":"https:\/\/www.sisinternational.com\/?page_id=34608"},"modified":"2026-01-27T16:50:38","modified_gmt":"2026-01-27T21:50:38","slug":"investigacion-de-mercado-aml-contra-el-lavado-de-dinero","status":"publish","type":"page","link":"https:\/\/www.sisinternational.com\/es\/soluciones\/investigacion-de-consultoria-estrategica-fintech\/investigacion-de-mercado-aml-contra-el-lavado-de-dinero\/","title":{"rendered":"Anti Money Laundering Market Research"},"content":{"rendered":"<h1 class=\"wp-block-heading\">Anti Money Laundering Market Research<\/h1>\n\n\n\n<figure class=\"gb-block-image gb-block-image-513ad044\"><img loading=\"lazy\" decoding=\"async\" width=\"1456\" height=\"816\" class=\"gb-image gb-image-513ad044\" src=\"https:\/\/www.sisinternational.com\/wp-content\/uploads\/2025\/08\/Bank-6-1.jpg\" alt=\"Investigaci\u00f3n y estrategia de mercado internacional de SIS\" title=\"Bank (6)\" srcset=\"https:\/\/www.sisinternational.com\/wp-content\/uploads\/2025\/08\/Bank-6-1.jpg 1456w, https:\/\/www.sisinternational.com\/wp-content\/uploads\/2025\/08\/Bank-6-1-300x168.jpg 300w, https:\/\/www.sisinternational.com\/wp-content\/uploads\/2025\/08\/Bank-6-1-1024x574.jpg 1024w, https:\/\/www.sisinternational.com\/wp-content\/uploads\/2025\/08\/Bank-6-1-768x430.jpg 768w, https:\/\/www.sisinternational.com\/wp-content\/uploads\/2025\/08\/Bank-6-1-18x10.jpg 18w\" sizes=\"auto, (max-width: 1456px) 100vw, 1456px\"><\/figure>\n\n\n\n<hr class=\"wp-block-separator has-alpha-channel-opacity is-style-dots\"\/>\n\n\n\n<h2 class=\"wp-block-heading p3\"><span class=\"s1\">Soluciones para ayudar a las empresas a combatir el blanqueo de capitales y promover el cumplimiento<\/span><\/h2>\n\n\n\n<p class=\"p3\"><span class=\"s1\">What is Money Laundering? Money laundering is the process of legitimizing the proceeds of crime. It involves introducing the money into the legal financial system. The cash is then circulated into different accounts to create\u00a0confusion. Finally, the launderer integrates the funds into the financial system. Such money often encourages acts of terrorism and drug trafficking.<\/span><\/p>\n\n\n\n<h2 class=\"wp-block-heading\"><strong>Understanding Anti Money Laundering Market Research<\/strong><\/h2>\n\n\n\n<p><span style=\"font-weight: 400;\">AML market research aims to identify, assess, and mitigate the risks associated with money laundering and other illicit financial activities. This research involves analyzing vast amounts of financial data, transaction patterns, customer behavior, and regulatory requirements to develop robust strategies and tools for detecting and preventing money laundering activities.&nbsp;<\/span><\/p>\n\n\n\n<p><span style=\"font-weight: 400;\">Anti-money laundering market research aims to enable businesses and regulatory authorities to stay ahead of emerging trends, evolving threats, and regulatory changes in the financial landscape. Moreover, anti-money laundering market <a href=\"https:\/\/www.sisinternational.com\/es\/salud-inteligente\/\" title=\"Investigaci\u00f3n de mercado de salud inteligente\"  data-wpil-monitor-id=\"7627\">research facilitates the development of innovative solutions<\/a> and best practices for enhancing the effectiveness and efficiency of anti-money laundering efforts across various sectors of the economy.<\/span><\/p>\n\n\n\n<h2 class=\"wp-block-heading\"><strong>Why Is Anti Money Laundering Market Research So Important?<\/strong><\/h2>\n\n\n\n<figure class=\"gb-block-image gb-block-image-ba7b2bd7\"><img loading=\"lazy\" decoding=\"async\" width=\"1456\" height=\"816\" class=\"gb-image gb-image-ba7b2bd7\" src=\"https:\/\/www.sisinternational.com\/wp-content\/uploads\/2025\/08\/Bank-4.jpg\" alt=\"Investigaci\u00f3n y estrategia de mercado internacional de SIS\" title=\"Bank (4)\" srcset=\"https:\/\/www.sisinternational.com\/wp-content\/uploads\/2025\/08\/Bank-4.jpg 1456w, https:\/\/www.sisinternational.com\/wp-content\/uploads\/2025\/08\/Bank-4-300x168.jpg 300w, https:\/\/www.sisinternational.com\/wp-content\/uploads\/2025\/08\/Bank-4-1024x574.jpg 1024w, https:\/\/www.sisinternational.com\/wp-content\/uploads\/2025\/08\/Bank-4-768x430.jpg 768w, https:\/\/www.sisinternational.com\/wp-content\/uploads\/2025\/08\/Bank-4-18x10.jpg 18w\" sizes=\"auto, (max-width: 1456px) 100vw, 1456px\"><\/figure>\n\n\n\n<p><\/p>\n\n\n\n<p><span style=\"font-weight: 400;\">AML market research provides valuable insights and intelligence that empower organizations to effectively detect, prevent, and disrupt illicit financial activities. Furthermore, anti-money laundering market research enables businesses to stay abreast of evolving regulatory requirements and international standards related to anti-money laundering efforts.&nbsp;<\/span><\/p>\n\n\n\n<p><span style=\"font-weight: 400;\">Anti-money laundering market research also equips businesses with the knowledge and expertise to navigate complex regulatory landscapes, implement effective AML compliance programs, and demonstrate their commitment to combating money laundering. In any case, AML market research brings several other benefits such as:<\/span><\/p>\n\n\n\n<p><b>\u2022 Pr\u00e1cticas de cumplimiento mejoradas:<\/b><span style=\"font-weight: 400;\"> Regulatory landscapes continually evolve, and AML market research provides the intelligence needed to adapt to these changes seamlessly.<\/span><\/p>\n\n\n\n<p><b>\u2022 Salvaguardar la reputaci\u00f3n:<\/b><span style=\"font-weight: 400;\"> En el mundo interconectado de las finanzas, la reputaci\u00f3n tiene un valor incalculable. La investigaci\u00f3n de mercado contra el lavado de dinero ayuda a las organizaciones a mantener su integridad al evitar la asociaci\u00f3n con actividades de lavado de dinero.<\/span><\/p>\n\n\n\n<p><b>\u2022 Eficiencia operacional:<\/b><span style=\"font-weight: 400;\"> AML market research can uncover opportunities to streamline and enhance operational processes.&nbsp;<\/span><\/p>\n\n\n\n<h2 class=\"wp-block-heading p5\"><span class=\"s1\">History of Anti Money Laundering <\/span><\/h2>\n\n\n\n<p class=\"p3\"><span class=\"s1\">La Ley de Secreto Bancario creada en el a\u00f1o 1970 act\u00faa como una capa de seguridad contra los delitos financieros. La Ley proporciona a las autoridades reguladoras las herramientas adecuadas para frenar el lavado de dinero. El Congreso aprob\u00f3 en 2001 la Ley Patriota, que establece requisitos de cumplimiento. La ley otorg\u00f3 a las autoridades poderes y nuevas ideas para combatir el lavado de dinero. Tambi\u00e9n abord\u00f3 la financiaci\u00f3n del terrorismo. <\/span><\/p>\n\n\n\n<p class=\"p3\"><span class=\"s1\">The Patriot Act requires all financial institutions to conduct customer due diligence. This process involves identifying a customer\u2019s details and maintaining personal data and records for future reference. Banks now have to check whether a customer is on the wanted list of criminals in the country. They are also mandated to confirm the nature of a client&#8217;s business and its legality.<\/span><\/p>\n\n\n\n<h2 class=\"wp-block-heading\"><strong>When to Conduct Anti Money Laundering Market Research<\/strong><\/h2>\n\n\n\n<p><span style=\"font-weight: 400;\">La investigaci\u00f3n de mercado contra el lavado de dinero es fundamental para las organizaciones que buscan fortalecer su seguridad financiera, y existen algunos indicadores para considerar este movimiento estrat\u00e9gico:<\/span><\/p>\n\n\n\n<p><b><span style=\"font-weight: 400;\">- <\/span>Mayor escrutinio regulatorio:<\/b><span style=\"font-weight: 400;\"> Rising regulatory scrutiny signals organizations to reevaluate their AML strategies. If regulatory authorities are intensifying their focus on financial crime prevention, businesses should proactively conduct AML market research to align with the latest compliance requirements.<\/span><\/p>\n\n\n\n<p><b><span style=\"font-weight: 400;\">- <\/span>Cambios en las operaciones comerciales:<\/b><span style=\"font-weight: 400;\"> Any significant changes in the nature or scale of business operations should prompt a thorough anti-money laundering market research initiative. Expansion into new markets, introducing innovative products or services, or modifying transaction volumes may necessitate an updated AML strategy.<\/span><\/p>\n\n\n\n<p><span style=\"font-weight: 400;\">- <\/span><b>Aumento notable en el volumen de transacciones:<\/b><span style=\"font-weight: 400;\"> Un aumento repentino en el volumen de transacciones puede indicar la necesidad de mecanismos ALD m\u00e1s s\u00f3lidos. Los altos vol\u00famenes de transacciones pueden ocultar potencialmente actividades de lavado de dinero, lo que hace esencial que las organizaciones realicen investigaciones de mercado contra el lavado de dinero y adapten sus estrategias en consecuencia.<\/span><\/p>\n\n\n\n<h2 class=\"wp-block-heading\"><strong>\u00bfEn qu\u00e9 se diferencia la investigaci\u00f3n de mercado contra el blanqueo de capitales de la investigaci\u00f3n de mercado tradicional?<\/strong><\/h2>\n\n\n\n<figure class=\"gb-block-image gb-block-image-29623692\"><img loading=\"lazy\" decoding=\"async\" width=\"1456\" height=\"816\" class=\"gb-image gb-image-29623692\" src=\"https:\/\/www.sisinternational.com\/wp-content\/uploads\/2025\/08\/Bank-3-1.jpg\" alt=\"Investigaci\u00f3n y estrategia de mercado internacional de SIS\" title=\"Bank (3)\" srcset=\"https:\/\/www.sisinternational.com\/wp-content\/uploads\/2025\/08\/Bank-3-1.jpg 1456w, https:\/\/www.sisinternational.com\/wp-content\/uploads\/2025\/08\/Bank-3-1-300x168.jpg 300w, https:\/\/www.sisinternational.com\/wp-content\/uploads\/2025\/08\/Bank-3-1-1024x574.jpg 1024w, https:\/\/www.sisinternational.com\/wp-content\/uploads\/2025\/08\/Bank-3-1-768x430.jpg 768w, https:\/\/www.sisinternational.com\/wp-content\/uploads\/2025\/08\/Bank-3-1-18x10.jpg 18w\" sizes=\"auto, (max-width: 1456px) 100vw, 1456px\"><\/figure>\n\n\n\n<p><\/p>\n\n\n\n<p><span style=\"font-weight: 400;\">Anti-money laundering market research prioritizes identifying and preventing financial crimes such as money laundering, terrorist financing, and fraud. Its primary objective is to detect and mitigate risks associated with illicit financial activities rather than analyzing consumer preferences or market demand.<\/span><\/p>\n\n\n\n<p><span style=\"font-weight: 400;\">Moreover, AML market research is inherently guided by regulatory frameworks and compliance requirements established by financial authorities and international organizations. While traditional market research may incorporate regulatory considerations, its main emphasis is understanding consumer behavior and market dynamics.&nbsp;<\/span><\/p>\n\n\n\n<p><span style=\"font-weight: 400;\">While both traditional market research and anti-money laundering market research adhere to ethical principles and legal frameworks, the latter emphasizes compliance with anti-money laundering laws and regulations. AML market research practitioners must navigate complex legal and regulatory landscapes governing financial transactions, privacy, and data protection to ensure the ethical conduct of research activities.<\/span><\/p>\n\n\n\n<h2 class=\"wp-block-heading\"><strong>What to Expect from Anti Money Laundering Market Research<\/strong><\/h2>\n\n\n\n<p><span style=\"font-weight: 400;\">La investigaci\u00f3n de mercado contra el lavado de dinero ofrece conocimientos y estrategias integrales dise\u00f1ados para combatir los delitos financieros y garantizar el cumplimiento normativo dentro del sector financiero. Esto es lo que las empresas pueden esperar de la investigaci\u00f3n de mercado ALD:<\/span><\/p>\n\n\n\n<p><b>\u2022 Evaluaci\u00f3n de riesgos en profundidad:<\/b><span style=\"font-weight: 400;\"> Anti money laundering market research conducts thorough risk assessments to identify vulnerabilities and potential threats associated with money laundering, terrorist financing, and other illicit activities.<\/span><\/p>\n\n\n\n<p><b>\u2022 Gu\u00eda de cumplimiento normativo:<\/b><span style=\"font-weight: 400;\"> Anti money laundering market research provides guidance and expertise on navigating complex regulatory frameworks governing anti-money laundering activities.<\/span><\/p>\n\n\n\n<p><b>\u2022 Soluciones y Herramientas Tecnol\u00f3gicas: <\/b><span style=\"font-weight: 400;\"> Anti money laundering market research leverages cutting-edge technologies such as artificial intelligence, machine learning, and blockchain to develop innovative solutions for detecting and preventing financial crimes.<\/span><\/p>\n\n\n\n<p><b>\u2022 Colaboraci\u00f3n intersectorial:<\/b><span style=\"font-weight: 400;\"> Anti money laundering <a href=\"https:\/\/www.sisinternational.com\/es\/pericia\/industrias\/investigacion-de-mercado-de-la-industria-de-viajes-compartidos\/\" title=\"Investigaci\u00f3n de mercado de viajes compartidos\"  data-wpil-monitor-id=\"6384\">market research encourages collaboration and information sharing<\/a> among financial institutions, regulatory bodies, law enforcement agencies, and other stakeholders in combating financial crimes.<\/span><\/p>\n\n\n\n<p><b>\u2022 Monitoreo y Evaluaci\u00f3n Continua:<\/b><span style=\"font-weight: 400;\"> Anti money laundering market research emphasizes the importance of monitoring and evaluating anti-money laundering measures to ensure their effectiveness and relevance in mitigating evolving risks.<\/span><\/p>\n\n\n\n<h2 class=\"wp-block-heading p5\"><span class=\"s1\">Gesti\u00f3n de riesgos para ALD<\/span><\/h2>\n\n\n\n<figure class=\"gb-block-image gb-block-image-65012399\"><img loading=\"lazy\" decoding=\"async\" width=\"1456\" height=\"816\" class=\"gb-image gb-image-65012399\" src=\"https:\/\/www.sisinternational.com\/wp-content\/uploads\/2025\/08\/Bank-1.jpg\" alt=\"Investigaci\u00f3n y estrategia de mercado internacional de SIS\" title=\"Bank (1)\" srcset=\"https:\/\/www.sisinternational.com\/wp-content\/uploads\/2025\/08\/Bank-1.jpg 1456w, https:\/\/www.sisinternational.com\/wp-content\/uploads\/2025\/08\/Bank-1-300x168.jpg 300w, https:\/\/www.sisinternational.com\/wp-content\/uploads\/2025\/08\/Bank-1-1024x574.jpg 1024w, https:\/\/www.sisinternational.com\/wp-content\/uploads\/2025\/08\/Bank-1-768x430.jpg 768w, https:\/\/www.sisinternational.com\/wp-content\/uploads\/2025\/08\/Bank-1-18x10.jpg 18w\" sizes=\"auto, (max-width: 1456px) 100vw, 1456px\"><\/figure>\n\n\n\n<p><\/p>\n\n\n\n<p class=\"p3\"><span class=\"s1\">Los delitos financieros se han vuelto generalizados en los \u00faltimos tiempos. Por tanto, la gesti\u00f3n de riesgos es una necesidad para toda instituci\u00f3n financiera. Los sistemas de seguimiento de transacciones son ahora obligatorios para las instituciones financieras. Estos sistemas permiten a las instituciones combatir el lavado de dinero y otros delitos financieros. Ofrecen herramientas flexibles de gesti\u00f3n de riesgos. Estas herramientas tambi\u00e9n los equipan con el sistema de cumplimiento Conozca a su cliente (KYC). La mayor\u00eda del software de sistemas de monitoreo de transacciones cumple con KYC. Ayuda a los bancos a obtener una predicci\u00f3n intuitiva de cualquier actividad sospechosa de los clientes. <\/span><\/p>\n\n\n\n<p class=\"p3\"><span class=\"s1\">Los sistemas de cumplimiento KYC tambi\u00e9n ayudan a identificar a los beneficiarios finales. La mayor\u00eda de los pa\u00edses han permitido que las organizaciones financieras accedan a la informaci\u00f3n de registro. Dicho acceso permite la identificaci\u00f3n de los beneficiarios finales. <\/span><\/p>\n\n\n\n<h2 class=\"wp-block-heading p5\"><span class=\"s1\">Automation in<strong> Anti Money laundering market research<\/strong><\/span><\/h2>\n\n\n\n<p class=\"p3\"><span class=\"s1\">Los procesos de gesti\u00f3n de riesgos en AML requieren tecnolog\u00eda y automatizaci\u00f3n. La mayor\u00eda de las instituciones financieras han adoptado la automatizaci\u00f3n rob\u00f3tica de procesos (RPA). Utilizan RPA en sus sistemas de monitoreo de transacciones y cumplimiento de KYC. <\/span><\/p>\n\n\n\n<p class=\"p3\"><span class=\"s1\">Manual risk assessment and monitoring are expensive and time-consuming. Risk analysts who use manual systems can only work with a small data set to confirm a security alert. Automation takes less time. It also allows analysts to conduct thorough investigations using a broader data set. They can do more extensive data checks and ensure that they consider more parameters. Such tests are necessary when investigating both domestic and international high-risk accounts.<\/span><\/p>\n\n\n\n<h2 class=\"wp-block-heading\"><strong>Opportunities in Anti Money Laundering Market Research<\/strong><\/h2>\n\n\n\n<p><span style=\"font-weight: 400;\">The anti money laundering market research field presents several significant opportunities for businesses aiming to mitigate financial risks and comply with regulatory standards. These opportunities include:<\/span><\/p>\n\n\n\n<p><b>\u2022 Integraci\u00f3n de Tecnolog\u00eda:<\/b><span style=\"font-weight: 400;\"> Businesses can leverage advanced technologies such as AI and machine learning (ML) to enhance their AML efforts.<\/span><\/p>\n\n\n\n<p><b>\u2022 Entrenamiento y educaci\u00f3n:<\/b><span style=\"font-weight: 400;\"> Given the evolving landscape of financial crimes, continuous training and education in AML practices are needed.<\/span><\/p>\n\n\n\n<p><b>\u2022 Expansi\u00f3n global:<\/b><span style=\"font-weight: 400;\"> A medida que las amenazas de lavado de dinero trascienden las fronteras geogr\u00e1ficas, existe una demanda global de soluciones ALD. Las empresas pueden aprovechar las oportunidades de expansi\u00f3n ofreciendo sus servicios a nivel internacional, atendiendo a las necesidades de cumplimiento de las instituciones financieras que operan en diferentes jurisdicciones.<\/span><\/p>\n\n\n\n<p><b>\u2022 Oportunidades de asociaci\u00f3n:<\/b><span style=\"font-weight: 400;\"> La colaboraci\u00f3n con organismos reguladores, organismos encargados de hacer cumplir la ley y otras partes interesadas presenta importantes oportunidades para las empresas en el mercado ALD.<\/span><\/p>\n\n\n\n<p><b>\u2022 Innovaciones en Tecnolog\u00eda Blockchain:<\/b><span style=\"font-weight: 400;\"> El surgimiento de la tecnolog\u00eda blockchain ofrece oportunidades prometedoras para mejorar las pr\u00e1cticas ALD. Las empresas pueden explorar soluciones innovadoras que aprovechen la transparencia y la inmutabilidad de blockchain para mejorar.<\/span><\/p>\n\n\n\n<h2 class=\"wp-block-heading p5\"><span class=\"s1\">Sanciones financieras en lavado de dinero<\/span><\/h2>\n\n\n\n<figure class=\"gb-block-image gb-block-image-1dfaecd9\"><img loading=\"lazy\" decoding=\"async\" width=\"1456\" height=\"816\" class=\"gb-image gb-image-1dfaecd9\" src=\"https:\/\/www.sisinternational.com\/wp-content\/uploads\/2025\/08\/Bank-8.jpg\" alt=\"Investigaci\u00f3n y estrategia de mercado internacional de SIS\" title=\"Bank (8)\" srcset=\"https:\/\/www.sisinternational.com\/wp-content\/uploads\/2025\/08\/Bank-8.jpg 1456w, https:\/\/www.sisinternational.com\/wp-content\/uploads\/2025\/08\/Bank-8-300x168.jpg 300w, https:\/\/www.sisinternational.com\/wp-content\/uploads\/2025\/08\/Bank-8-1024x574.jpg 1024w, https:\/\/www.sisinternational.com\/wp-content\/uploads\/2025\/08\/Bank-8-768x430.jpg 768w, https:\/\/www.sisinternational.com\/wp-content\/uploads\/2025\/08\/Bank-8-18x10.jpg 18w\" sizes=\"auto, (max-width: 1456px) 100vw, 1456px\"><\/figure>\n\n\n\n<p><\/p>\n\n\n\n<p class=\"p3\"><span class=\"s1\">La industria RegTech debe seguir todas las regulaciones establecidas para el lavado de dinero. Eso incluye el conocimiento del r\u00e9gimen de sanciones, que se aplica a algunos pa\u00edses extranjeros de alto riesgo, y de los grupos de apoyo al terrorismo. Tambi\u00e9n se aplica a las regiones de narcotr\u00e1fico. Estados Unidos impone sanciones econ\u00f3micas integrales o espec\u00edficas a individuos y sectores. Tambi\u00e9n sanciona a industrias, estados o continentes que representen una amenaza para su seguridad. Como tal, la ley espera que las instituciones financieras cumplan. Tienen que se\u00f1alar cualquier actividad sospechosa de cualquier miembro de un r\u00e9gimen sancionado. <\/span><\/p>\n\n\n\n<p class=\"p3\"><span class=\"s1\">Special committees and monitoring groups manage the typical UN sanctions regime. The European Union also uses sanctions as part of its Common Foreign and Security Policy. The United States applies financial and economic sanctions more than any other country. The Treasury Department has its Office of Foreign Assets Control (OFAC), which administers the more than two dozen existing US sanctions programs.<\/span><\/p>\n\n\n\n<p class=\"p3\"><span class=\"s1\">Money laundering is a challenge in almost all countries globally. As such, government authorities have developed compliance regulations for financial institutions. The laws created help with risk assessment and monitoring local and international high-risk accounts.&nbsp; <\/span><\/p>\n\n\n\n<h2 class=\"wp-block-heading p3\"><span class=\"s1\">About Anti Money Laundering Market Research and Strategy Consulting Solutions<\/span><\/h2>\n\n\n\n<p class=\"p3\"><span class=\"s1\"> SIS helps FinTech companies and Financial Services organizations to combat Money Laundering, and to adopt Regulation Technology (RegTech).&nbsp; Our solutions include:<\/span><\/p>\n\n\n\n<ul class=\"wp-block-list\">\n<li>Consultor\u00eda en adopci\u00f3n de tecnolog\u00eda<\/li>\n\n\n\n<li>An\u00e1lisis competitivo<\/li>\n\n\n\n<li>An\u00e1lisis de tendencia<\/li>\n\n\n\n<li>Adquisici\u00f3n experta<\/li>\n\n\n\n<li>Investigaci\u00f3n de mercado de clientes<\/li>\n\n\n\n<li>Seguimiento de la industria<\/li>\n\n\n\n<li>Evaluaciones de tecnolog\u00eda de regulaci\u00f3n<\/li>\n<\/ul>\n\n\n\n<h2 class=\"wp-block-heading\">Nuestra ubicaci\u00f3n de instalaciones en Nueva York<\/h2>\n\n\n\n<p>  <iframe loading=\"lazy\" src=\"https:\/\/www.google.com\/maps\/embed?pb=!1m18!1m12!1m3!1d3022.976188376966!2d-73.99130312499956!3d40.740549471389315!2m3!1f0!2f0!3f0!3m2!1i1024!2i768!4f13.1!3m3!1m2!1s0x89c259a15798c731%3A0xd695d09bdd495f25!2s11%20E%2022nd%20St%20FL%202%2C%20New%20York%2C%20NY%2010010%2C%20USA!5e0!3m2!1sen!2spe!4v1726171763526!5m2!1sen!2spe\" width=\"600\" height=\"450\" allowfullscreen=\"allowfullscreen\" data-mce-fragment=\"1\"><\/iframe>  <\/p>\n\n\n\n<h3 class=\"wp-block-heading\">11 E 22nd Street, piso 2, Nueva York, NY 10010 T: +1(212) 505-6805<\/h3>\n\n\n\n<hr class=\"wp-block-separator has-alpha-channel-opacity\"\/>\n\n\n\n<h2 class=\"wp-block-heading\"><span style=\"font-weight: 400;\">Acerca de SIS Internacional<\/span><\/h2>\n\n\n\n<p><a href=\"https:\/\/www.sisinternational.com\/es\/\"><span style=\"font-weight: 400;\">SIS Internacional<\/span><\/a><span style=\"font-weight: 400;\"> ofrece investigaci\u00f3n cuantitativa, cualitativa y estrat\u00e9gica. Proporcionamos datos, herramientas, estrategias, informes y conocimientos para la toma de decisiones. Tambi\u00e9n realizamos entrevistas, encuestas, grupos focales y otros m\u00e9todos y enfoques de investigaci\u00f3n de mercado.<\/span><a href=\"https:\/\/www.sisinternational.com\/es\/sobre-la-investigacion-internacional-de-sis\/contact-sis-international-market-research\/\"><span style=\"font-weight: 400;\"> P\u00f3ngase en contacto con nosotros<\/span><\/a><span style=\"font-weight: 400;\"> para su pr\u00f3ximo proyecto de Investigaci\u00f3n de Mercado.<\/span><\/p>\n\n\n\n<p><\/p>","protected":false},"excerpt":{"rendered":"<p>Descubra nuevas fuentes de ventaja competitiva con AML Market Research.<\/p>","protected":false},"author":1,"featured_media":63033,"parent":27462,"menu_order":23,"comment_status":"closed","ping_status":"closed","template":"","meta":{"footnotes":""},"class_list":["post-34608","page","type-page","status-publish","has-post-thumbnail"],"_links":{"self":[{"href":"https:\/\/www.sisinternational.com\/es\/wp-json\/wp\/v2\/pages\/34608","targetHints":{"allow":["GET"]}}],"collection":[{"href":"https:\/\/www.sisinternational.com\/es\/wp-json\/wp\/v2\/pages"}],"about":[{"href":"https:\/\/www.sisinternational.com\/es\/wp-json\/wp\/v2\/types\/page"}],"author":[{"embeddable":true,"href":"https:\/\/www.sisinternational.com\/es\/wp-json\/wp\/v2\/users\/1"}],"replies":[{"embeddable":true,"href":"https:\/\/www.sisinternational.com\/es\/wp-json\/wp\/v2\/comments?post=34608"}],"version-history":[{"count":9,"href":"https:\/\/www.sisinternational.com\/es\/wp-json\/wp\/v2\/pages\/34608\/revisions"}],"predecessor-version":[{"id":81250,"href":"https:\/\/www.sisinternational.com\/es\/wp-json\/wp\/v2\/pages\/34608\/revisions\/81250"}],"up":[{"embeddable":true,"href":"https:\/\/www.sisinternational.com\/es\/wp-json\/wp\/v2\/pages\/27462"}],"wp:featuredmedia":[{"embeddable":true,"href":"https:\/\/www.sisinternational.com\/es\/wp-json\/wp\/v2\/media\/63033"}],"wp:attachment":[{"href":"https:\/\/www.sisinternational.com\/es\/wp-json\/wp\/v2\/media?parent=34608"}],"curies":[{"name":"wp","href":"https:\/\/api.w.org\/{rel}","templated":true}]}}