{"id":34603,"date":"2020-02-17T15:42:13","date_gmt":"2020-02-17T15:42:13","guid":{"rendered":"https:\/\/www.sisinternational.com\/?page_id=34603"},"modified":"2026-01-25T18:51:06","modified_gmt":"2026-01-25T23:51:06","slug":"estudio-de-mercado-de-seguros-contra-danos-a-la-propiedad","status":"publish","type":"page","link":"https:\/\/www.sisinternational.com\/es\/pericia\/estudio-de-mercado-de-seguros-contra-danos-a-la-propiedad\/","title":{"rendered":"Investigaci\u00f3n de mercado de seguros de propiedad y accidentes"},"content":{"rendered":"<h1 class=\"wp-block-heading\"><span class=\"s1\">Investigaci\u00f3n de mercado de seguros de propiedad y accidentes<\/span><\/h1>\n\n\n\n<figure class=\"gb-block-image gb-block-image-32f2dfda\"><img loading=\"lazy\" decoding=\"async\" width=\"1456\" height=\"816\" class=\"gb-image gb-image-32f2dfda\" src=\"https:\/\/www.sisinternational.com\/wp-content\/uploads\/2025\/08\/Real-estate-architect-house-2.jpg\" alt=\"Investigaci\u00f3n y estrategia de mercado internacional de SIS\" title=\"Real estate architect house (2)\" srcset=\"https:\/\/www.sisinternational.com\/wp-content\/uploads\/2025\/08\/Real-estate-architect-house-2.jpg 1456w, https:\/\/www.sisinternational.com\/wp-content\/uploads\/2025\/08\/Real-estate-architect-house-2-300x168.jpg 300w, https:\/\/www.sisinternational.com\/wp-content\/uploads\/2025\/08\/Real-estate-architect-house-2-1024x574.jpg 1024w, https:\/\/www.sisinternational.com\/wp-content\/uploads\/2025\/08\/Real-estate-architect-house-2-768x430.jpg 768w, https:\/\/www.sisinternational.com\/wp-content\/uploads\/2025\/08\/Real-estate-architect-house-2-18x10.jpg 18w\" sizes=\"auto, (max-width: 1456px) 100vw, 1456px\"><\/figure>\n\n\n\n<p><\/p>\n\n\n\n<h2 class=\"wp-block-heading p3\"><span class=\"s1\">El t\u00e9rmino seguro de propiedad y accidentes cubre muchos tipos de p\u00f3lizas. <\/span><\/h2>\n\n\n\n<p class=\"p3\"><span class=\"s1\">Es una inversi\u00f3n inteligente que puede ayudarte a ti y a tu familia en caso de alg\u00fan imprevisto en tu propiedad. Tambi\u00e9n puede proteger a los propietarios de empresas y brindar cobertura en caso de demandas. <\/span><\/p>\n\n\n\n<p class=\"p3\"><span class=\"s1\">El seguro de propiedad y accidentes es un tipo de cobertura que ayuda a protegerlo. Tambi\u00e9n protege la propiedad que posee. El seguro de propiedad le ayuda a cubrir cosas que posee, como su autom\u00f3vil o su casa. Seguro contra accidentes significa que la p\u00f3liza incluye cobertura de responsabilidad. Lo protege si es responsable de un accidente que causa lesiones a otra persona. Tambi\u00e9n puedes necesitarlo si causas da\u00f1os a las pertenencias de otra persona.<\/span><\/p>\n\n\n\n<h2 class=\"wp-block-heading p5\"><span class=\"s1\">Responsabilidad por asbesto<\/span><\/h2>\n\n\n\n<p class=\"p3\"><span class=\"s1\">Property and Casualty <a href=\"https:\/\/www.sisinternational.com\/es\/soluciones\/investigacion-de-consultoria-estrategica-fintech\/consultoria-de-estrategia-de-investigacion-de-mercado-de-seguros-de-interrupcion-de-negocios\/\" title=\"Investigaci\u00f3n de Mercado y Consultor\u00eda Estrat\u00e9gica de Seguros de Interrupci\u00f3n de Negocios\"  data-wpil-monitor-id=\"10951\">Insurance is critical for businesses<\/a> whose workers deal with asbestos. It doesn&#8217;t matter if the exposure is direct or indirect. It may be necessary to get Asbestos Liability insurance, since not all Property and Casualty policies cover asbestos exposure. Check your policy to ensure that you have coverage.<\/span><\/p>\n\n\n\n<h2 class=\"wp-block-heading p5\"><span class=\"s1\">Negligencia m\u00e9dica<\/span><\/h2>\n\n\n\n<p class=\"p3\"><span class=\"s1\">Los datos estad\u00edsticos muestran que la negligencia m\u00e9dica es un hecho com\u00fan. Puede suceder si un m\u00e9dico no puede diagnosticar una enfermedad. O podr\u00eda estar prescribiendo el medicamento equivocado, ya sea por ignorancia o por error. <\/span><\/p>\n\n\n\n<p class=\"p3\"><span class=\"s1\">Algunos estados exigen que los m\u00e9dicos tengan cobertura de seguro por negligencia m\u00e9dica. Este tipo de p\u00f3liza protege a los profesionales de la salud contra reclamos de los pacientes. El seguro por negligencia m\u00e9dica puede adoptar muchas formas. Los individuos o grupos pueden comprar cobertura de una aseguradora privada tradicional. O bien, un empleador, como un hospital, puede tener la p\u00f3liza. Dicha p\u00f3liza cubrir\u00e1 a los profesionales de la salud que emplea. <\/span><\/p>\n\n\n\n<h2 class=\"wp-block-heading p5\"><span class=\"s1\">suscripci\u00f3n<\/span><\/h2>\n\n\n\n<p class=\"p3\"><span class=\"s1\">The insurance company is underwriting for its customers. Thus, it has to work out premium amounts based on the information provided by the customer. Usually, the premium is higher for some high-risk customers. In some cases, the insurance company may not sell insurance to certain customers. Insurance <a href=\"https:\/\/www.sisinternational.com\/es\/soluciones\/consultoria-estrategica\/analisis-de-datos\/\" title=\"Empresa de an\u00e1lisis de datos\"  data-wpil-monitor-id=\"10950\">companies require a lot of data<\/a> for their Actuarial tasks. The data helps them calculate your insurance risk. <\/span><\/p>\n\n\n\n<p class=\"p3\"><span class=\"s1\">Not all insurance companies have the staff to <a href=\"https:\/\/www.sisinternational.com\/es\/cobertura\/europa\/investigacion-de-mercado-liverpool-reino-unido\/\" title=\"Investigaci\u00f3n de mercado en Liverpool | Grupos focales y recopilaci\u00f3n de datos del Reino Unido\"  data-wpil-monitor-id=\"10944\">collect actuarial data<\/a>. Some may not have the expertise to compile this information. Hence it is wise to hire the services of an experienced market research firm. A market <a href=\"https:\/\/www.sisinternational.com\/es\/pericia\/industrias\/estudio-de-mercado-de-seguros-de-salud\/\" title=\"Investigaci\u00f3n de mercado de seguros de salud\"  data-wpil-monitor-id=\"5217\">investigaci\u00f3n<\/a> firm can collect the data needed from insurance buyers. <\/span><\/p>\n\n\n\n<h2 class=\"wp-block-heading p5\"><span class=\"s1\">tecnolog\u00eda reg<\/span><\/h2>\n\n\n\n<p class=\"p3\"><span class=\"s1\">El sector de seguros est\u00e1 altamente regulado. En ocasiones, el gobierno implementa nuevas leyes para proteger a los compradores del fraude. Las compa\u00f1\u00edas de seguros deben asegurarse de cumplir con las regulaciones. Muchos est\u00e1n utilizando tecnolog\u00eda regulatoria, o RegTech, para hacerlo. Una gran cantidad de empresas ofrecen RegTech. Recopilar datos sobre estas empresas de tecnolog\u00eda es una tarea tediosa y que requiere mucho tiempo. Una empresa de investigaci\u00f3n de mercado tambi\u00e9n puede recopilar informaci\u00f3n sobre todas estas empresas Regtech. Permite a la compa\u00f1\u00eda de seguros elegir un proveedor en particular.<\/span><\/p>\n\n\n\n<h2 class=\"wp-block-heading p5\"><span class=\"s1\">API<\/span><\/h2>\n\n\n\n<p class=\"p3\"><span class=\"s1\">If an insurance company uses the services of a market research firm, it will need access to the data compiled. APIs allow the <a href=\"https:\/\/www.sisinternational.com\/es\/pericia\/industrias\/consultoria-de-estrategia-de-investigacion-de-mercado-de-seguros-de-construccion\/\" title=\"Building Insurance Market Research\"  data-wpil-monitor-id=\"5019\">insurance company to access the market research<\/a> data. API stands for Application Programming Interface. It is a piece of software that allows two applications to communicate with each other. Advanced <a href=\"https:\/\/www.sisinternational.com\/es\/soluciones\/investigacion-de-consultoria-estrategica-fintech\/investigacion-de-mercado-de-analisis-de-datos-bancarios\/\" title=\"Investigaci\u00f3n de mercado de an\u00e1lisis de datos bancarios\"  data-wpil-monitor-id=\"10946\">Analytics is also available for the data<\/a> required by the insurance company. It does not have to waste resources analyzing the data to get the information they need. APIs make it easy to retrieve. <\/span><\/p>\n\n\n\n<p class=\"p3\"><span class=\"s1\">Firms can also use RPA (<a href=\"https:\/\/www.sisinternational.com\/es\/financial-services-consulting\/robotic-process-automation-in-financial-services\/\" title=\"Robotic Process Automation in Financial Services\"  data-wpil-monitor-id=\"10943\">Robotic Process Automation<\/a>) and Artificial Intelligence ( AI ). These technologies allow them to gain insights into insurance risk. It also enables the insurance company to set a suitable premium amount.<\/span><\/p>\n\n\n\n<h2 class=\"wp-block-heading\">Acerca de la investigaci\u00f3n de mercado de seguros de propiedad y accidentes<\/h2>\n\n\n\n<p class=\"p3\"><span class=\"s1\">SIS Market Research puede encontrar la p\u00f3liza de seguro de propiedad y accidentes que mejor se adapte a sus necesidades. Tambi\u00e9n podemos encargarnos de sus necesidades de recopilaci\u00f3n de datos. Ll\u00e1menos hoy para una consulta.<\/span><\/p>\n\n\n\n<p><\/p>","protected":false},"excerpt":{"rendered":"<p>Impulse el desempe\u00f1o de su empresa con la Investigaci\u00f3n de Mercado de Seguros de Propiedad y Accidentes. <\/p>","protected":false},"author":1,"featured_media":63325,"parent":14514,"menu_order":53,"comment_status":"closed","ping_status":"closed","template":"","meta":{"footnotes":""},"class_list":["post-34603","page","type-page","status-publish","has-post-thumbnail"],"_links":{"self":[{"href":"https:\/\/www.sisinternational.com\/es\/wp-json\/wp\/v2\/pages\/34603","targetHints":{"allow":["GET"]}}],"collection":[{"href":"https:\/\/www.sisinternational.com\/es\/wp-json\/wp\/v2\/pages"}],"about":[{"href":"https:\/\/www.sisinternational.com\/es\/wp-json\/wp\/v2\/types\/page"}],"author":[{"embeddable":true,"href":"https:\/\/www.sisinternational.com\/es\/wp-json\/wp\/v2\/users\/1"}],"replies":[{"embeddable":true,"href":"https:\/\/www.sisinternational.com\/es\/wp-json\/wp\/v2\/comments?post=34603"}],"version-history":[{"count":6,"href":"https:\/\/www.sisinternational.com\/es\/wp-json\/wp\/v2\/pages\/34603\/revisions"}],"predecessor-version":[{"id":81790,"href":"https:\/\/www.sisinternational.com\/es\/wp-json\/wp\/v2\/pages\/34603\/revisions\/81790"}],"up":[{"embeddable":true,"href":"https:\/\/www.sisinternational.com\/es\/wp-json\/wp\/v2\/pages\/14514"}],"wp:featuredmedia":[{"embeddable":true,"href":"https:\/\/www.sisinternational.com\/es\/wp-json\/wp\/v2\/media\/63325"}],"wp:attachment":[{"href":"https:\/\/www.sisinternational.com\/es\/wp-json\/wp\/v2\/media?parent=34603"}],"curies":[{"name":"wp","href":"https:\/\/api.w.org\/{rel}","templated":true}]}}