{"id":34591,"date":"2020-02-16T05:09:39","date_gmt":"2020-02-16T05:09:39","guid":{"rendered":"https:\/\/www.sisinternational.com\/?page_id=34591"},"modified":"2026-03-12T12:35:52","modified_gmt":"2026-03-12T16:35:52","slug":"estudio-de-mercado-de-seguros-de-salud","status":"publish","type":"page","link":"https:\/\/www.sisinternational.com\/es\/soluciones\/investigacion-de-mercado-biotecnologico-y-farmaceutico-de-atencion-medica\/estudio-de-mercado-de-seguros-de-salud\/","title":{"rendered":"Investigaci\u00f3n de mercado de seguros de salud"},"content":{"rendered":"<h1 class=\"wp-block-heading\"><span class=\"s1\">Investigaci\u00f3n de mercado de seguros de salud<\/span><\/h1>\n\n\n\n<figure class=\"gb-block-image gb-block-image-f22e6098\"><img loading=\"lazy\" decoding=\"async\" width=\"1456\" height=\"816\" class=\"gb-image gb-image-f22e6098\" src=\"https:\/\/www.sisinternational.com\/wp-content\/uploads\/2025\/08\/Healthcare-16.jpg\" alt=\"Investigaci\u00f3n y estrategia de mercado internacional de SIS\" title=\"Healthcare (16)\" srcset=\"https:\/\/www.sisinternational.com\/wp-content\/uploads\/2025\/08\/Healthcare-16.jpg 1456w, https:\/\/www.sisinternational.com\/wp-content\/uploads\/2025\/08\/Healthcare-16-300x168.jpg 300w, https:\/\/www.sisinternational.com\/wp-content\/uploads\/2025\/08\/Healthcare-16-1024x574.jpg 1024w, https:\/\/www.sisinternational.com\/wp-content\/uploads\/2025\/08\/Healthcare-16-768x430.jpg 768w, https:\/\/www.sisinternational.com\/wp-content\/uploads\/2025\/08\/Healthcare-16-18x10.jpg 18w\" sizes=\"auto, (max-width: 1456px) 100vw, 1456px\"><\/figure>\n\n\n\n<p><\/p>\n\n\n\n<h2 class=\"wp-block-heading p3\"><span class=\"s1\">El mercado de seguros m\u00e9dicos est\u00e1 cambiando con la evoluci\u00f3n de RegTech y otros requisitos de cumplimiento. <\/span><\/h2>\n\n\n\n<p class=\"p3\"><span class=\"s1\">Si est\u00e1 buscando beneficios de atenci\u00f3n m\u00e9dica, necesitar\u00e1 obtener cotizaciones de los proveedores. Es la mejor manera de encontrar un programa que le ofrezca el mayor valor por su dinero. <\/span><\/p>\n\n\n\n<p class=\"p3\"><span class=\"s1\">Before getting or purchasing anything, we have to investigate certain variables. Healthcare is no exception. For health insurance, the principal issues are the premiums and health coverage. Keep these two components in mind as you begin your search for the best options on the market. <\/span><\/p>\n\n\n\n<h2 class=\"wp-block-heading p5\"><span class=\"s1\">Atenci\u00f3n m\u00e9dica de pagador \u00fanico<\/span><\/h2>\n\n\n\n<p class=\"p3\"><span class=\"s1\">Tambi\u00e9n denominado \u201cMedicare para todos\u201d, el seguro m\u00e9dico nacional de pagador \u00fanico es un sistema propuesto para uso diario. Bajo este sistema, una agencia p\u00fablica o semip\u00fablica coordina el financiamiento de la atenci\u00f3n m\u00e9dica. La prestaci\u00f3n de atenci\u00f3n permanece en manos privadas. El seguro de pagador \u00fanico a\u00fan no es una realidad, aunque es una propuesta popular.<\/span><\/p>\n\n\n\n<p class=\"p3\"><span class=\"s1\">El plan de pagador \u00fanico es, con diferencia, el tipo de plan menos costoso. Le permite visitar especialistas y cl\u00ednicas m\u00e9dicas de su elecci\u00f3n. Un sistema as\u00ed estar\u00eda financiado por los contribuyentes. Tambi\u00e9n estar\u00eda sujeto a la regulaci\u00f3n de las autoridades de seguros pertinentes. <\/span><\/p>\n\n\n\n<h2 class=\"wp-block-heading p5\"><span class=\"s1\">Seguro privado versus p\u00fablico<\/span><\/h2>\n\n\n\n<p class=\"p3\"><span class=\"s1\">\u00bfDeber\u00edamos dejar la atenci\u00f3n sanitaria al libre mercado o deber\u00eda proporcionarla el gobierno? El debate contin\u00faa y muchos comparan el mercado estadounidense con el del Reino Unido y Canad\u00e1. La investigaci\u00f3n de mercado es esencial para determinar la respuesta a la pregunta sobre la atenci\u00f3n sanitaria.<\/span><\/p>\n\n\n\n<h2 class=\"wp-block-heading p5\"><span class=\"s1\">Hacia una nueva estrategia de beneficios sanitarios<\/span><\/h2>\n\n\n\n<p><span class=\"s1\">The debate over single-payer and private vs. public insurance can become moot. Many large employers are adopting a new healthcare benefits strategy, which includes <a href=\"https:\/\/www.sisinternational.com\/es\/salud-inteligente\/\" title=\"Investigaci\u00f3n de mercado de salud inteligente\"  data-wpil-monitor-id=\"1957\">innovations<\/a> such as on-site health clinics and health coaching. It leads to healthier employees with less need for coverage.<\/span><\/p>\n\n\n\n<h2 class=\"wp-block-heading p5\"><span class=\"s1\">Organizaci\u00f3n de empleadores profesionales (PEO)<\/span><\/h2>\n\n\n\n<p class=\"p3\"><span class=\"s1\">Should you outsource your company&#8217;s health insurance to a PEO? A PEO gives you access to all its carriers; thus, you have more options. Even better, you won&#8217;t have to administer the plan &#8211; that&#8217;s the PEO&#8217;s job. <a href=\"https:\/\/www.sisinternational.com\/es\/soluciones\/soluciones-de-branding-e-investigacion-de-clientes\/narracion-de-historias-investigacion-de-mercado\/\" title=\"Investigaci\u00f3n de mercado de narraci\u00f3n de historias\"  data-wpil-monitor-id=\"5957\">Market research will tell<\/a> you whether a PEO is the best option for you.<\/span><\/p>\n\n\n\n<h2 class=\"wp-block-heading p5\"><span class=\"s1\">How Healthcare Benefits Improve HR Talent Strategy<\/span><\/h2>\n\n\n\n<p class=\"p3\"><span class=\"s1\">Hiring and retaining talented workers is getting harder and harder. Thus, HR specialists are leveraging employee benefits as a tool to boost employee recruitment and retention. Healthcare is one such benefit. The right plan will help you attract and keep your best talent. That&#8217;s why it&#8217;s wise to be careful in your selection.<\/span><\/p>\n\n\n\n<h2 class=\"wp-block-heading p5\"><span class=\"s1\">Inscripci\u00f3n abierta<\/span><\/h2>\n\n\n\n<p class=\"p3\"><span class=\"s1\">Open enrollment is a particular time of year when individuals can sign up for health insurance. The health plan must ensure that any eligible person who applies during open enrollment. It&#8217;s one of the best times to look for affordable health coverage.<\/span><\/p>\n\n\n\n<h2 class=\"wp-block-heading p5\"><span class=\"s1\">Beneficios del seguro m\u00e9dico para emprendedores<\/span><\/h2>\n\n\n\n<p class=\"p3\"><span class=\"s1\">Encontrar buenos planes de seguro para empresarios puede resultar complicado. El \u201cCosto compartido de salud\u201d es una de las formas de obtener cobertura. Es una forma para que las personas sanas se protejan contra acontecimientos inesperados en la vida. El costo es mucho menor que el del seguro tradicional e incluye los principales tipos de atenci\u00f3n.<\/span><\/p>\n\n\n\n<h2 class=\"wp-block-heading p5\"><span class=\"s1\">Beneficios para la salud y millennials<\/span><\/h2>\n\n\n\n<p class=\"p7\"><span class=\"s1\">\u00bfSu organizaci\u00f3n emplea una gran proporci\u00f3n de millennials? Es importante se\u00f1alar que este grupo plantea desaf\u00edos especiales. Por ejemplo, muchos millennials tienen problemas de salud que afectan su calidad de vida. La salud mental es una de estas condiciones. Deber\u00e1 considerar estos datos al elegir un plan.<\/span><\/p>\n\n\n\n<h2 class=\"wp-block-heading p5\"><span class=\"s1\">Gig Economy y seguro m\u00e9dico<\/span><\/h2>\n\n\n\n<p class=\"p3\"><span class=\"s1\">La econom\u00eda de los conciertos apoya a los managers y artistas. Los profesionales dispuestos a subirse a un avi\u00f3n en cualquier momento y los conductores de guardia tambi\u00e9n forman parte de este grupo. Estos contratistas independientes a menudo no tienen el nivel adecuado de seguro m\u00e9dico. Si lo hacen, no siempre es a un costo asequible. Si eres parte de la econom\u00eda colaborativa, es posible que necesites ayuda para investigar el plan adecuado para ti.<\/span><\/p>\n\n\n\n<p class=\"p3\"><span class=\"s1\">Cada a\u00f1o, m\u00e1s y m\u00e1s personas adquieren sus planes de seguro m\u00e9dico en l\u00ednea. Muchos no saben cu\u00e1les son mejores para ellos. La mayor\u00eda elige planes de seguro m\u00e9dico que tienen primas mensuales bajas. M\u00e1s tarde descubren que este acuerdo no satisface sus necesidades ni las de sus trabajadores. Los gastos pueden ser mucho mayores a largo plazo. El plan de seguro m\u00e9dico m\u00e1s adecuado acabar\u00e1 siendo el que le ofrezca la mayor relaci\u00f3n calidad-precio. No importa si no es el plan con la prima m\u00e1s baja.<\/span><\/p>\n\n\n\n<h2 class=\"wp-block-heading\">Acerca de la investigaci\u00f3n de mercado de seguros de salud<\/h2>\n\n\n\n<p class=\"p3\"><span class=\"s1\">Do you need Health <a href=\"https:\/\/www.sisinternational.com\/es\/pericia\/industrias\/consultoria-de-estrategia-de-investigacion-de-mercado-de-seguros-de-construccion\/\" title=\"Building Insurance Market Research\"  data-wpil-monitor-id=\"5021\">Insurance Market Research<\/a>?<span class=\"Apple-converted-space\">&nbsp; <\/span>SIS Internacional lo tiene cubierto. Realizamos estudios de mercado para encontrar el plan que mejor se adapta a ti o a tu organizaci\u00f3n. Ll\u00e1menos ahora para obtener una cotizaci\u00f3n para gestionar su cobertura de seguro m\u00e9dico.<\/span><\/p>\n\n\n\n<p><\/p>","protected":false},"excerpt":{"rendered":"<p>SIS es una empresa l\u00edder en consultor\u00eda estrat\u00e9gica e investigaci\u00f3n de mercados globales. Obtenga an\u00e1lisis de datos e informaci\u00f3n valiosa de la investigaci\u00f3n de mercado de seguros m\u00e9dicos.<\/p>","protected":false},"author":1,"featured_media":62434,"parent":11294,"menu_order":52,"comment_status":"closed","ping_status":"closed","template":"","meta":{"footnotes":""},"class_list":["post-34591","page","type-page","status-publish","has-post-thumbnail"],"_links":{"self":[{"href":"https:\/\/www.sisinternational.com\/es\/wp-json\/wp\/v2\/pages\/34591","targetHints":{"allow":["GET"]}}],"collection":[{"href":"https:\/\/www.sisinternational.com\/es\/wp-json\/wp\/v2\/pages"}],"about":[{"href":"https:\/\/www.sisinternational.com\/es\/wp-json\/wp\/v2\/types\/page"}],"author":[{"embeddable":true,"href":"https:\/\/www.sisinternational.com\/es\/wp-json\/wp\/v2\/users\/1"}],"replies":[{"embeddable":true,"href":"https:\/\/www.sisinternational.com\/es\/wp-json\/wp\/v2\/comments?post=34591"}],"version-history":[{"count":6,"href":"https:\/\/www.sisinternational.com\/es\/wp-json\/wp\/v2\/pages\/34591\/revisions"}],"predecessor-version":[{"id":79627,"href":"https:\/\/www.sisinternational.com\/es\/wp-json\/wp\/v2\/pages\/34591\/revisions\/79627"}],"up":[{"embeddable":true,"href":"https:\/\/www.sisinternational.com\/es\/wp-json\/wp\/v2\/pages\/11294"}],"wp:featuredmedia":[{"embeddable":true,"href":"https:\/\/www.sisinternational.com\/es\/wp-json\/wp\/v2\/media\/62434"}],"wp:attachment":[{"href":"https:\/\/www.sisinternational.com\/es\/wp-json\/wp\/v2\/media?parent=34591"}],"curies":[{"name":"wp","href":"https:\/\/api.w.org\/{rel}","templated":true}]}}