{"id":34568,"date":"2020-02-08T21:49:34","date_gmt":"2020-02-08T21:49:34","guid":{"rendered":"https:\/\/www.sisinternational.com\/?page_id=34568"},"modified":"2026-01-25T16:41:14","modified_gmt":"2026-01-25T21:41:14","slug":"analisis-de-datos","status":"publish","type":"page","link":"https:\/\/www.sisinternational.com\/es\/soluciones\/consultoria-estrategica\/analisis-de-datos\/","title":{"rendered":"Empresa de an\u00e1lisis de datos"},"content":{"rendered":"<h1 class=\"wp-block-heading\">Empresa de an\u00e1lisis de datos<\/h1>\n\n\n\n<figure class=\"gb-block-image gb-block-image-68ed9aa7\"><img loading=\"lazy\" decoding=\"async\" width=\"1456\" height=\"816\" class=\"gb-image gb-image-68ed9aa7\" src=\"https:\/\/www.sisinternational.com\/wp-content\/uploads\/2025\/08\/Data-38.jpg\" alt=\"Investigaci\u00f3n y estrategia de mercado internacional de SIS\" title=\"Data (38)\" srcset=\"https:\/\/www.sisinternational.com\/wp-content\/uploads\/2025\/08\/Data-38.jpg 1456w, https:\/\/www.sisinternational.com\/wp-content\/uploads\/2025\/08\/Data-38-300x168.jpg 300w, https:\/\/www.sisinternational.com\/wp-content\/uploads\/2025\/08\/Data-38-1024x574.jpg 1024w, https:\/\/www.sisinternational.com\/wp-content\/uploads\/2025\/08\/Data-38-768x430.jpg 768w, https:\/\/www.sisinternational.com\/wp-content\/uploads\/2025\/08\/Data-38-18x10.jpg 18w\" sizes=\"auto, (max-width: 1456px) 100vw, 1456px\"><\/figure>\n\n\n\n<p><\/p>\n\n\n\n<h2 class=\"wp-block-heading p3\"><span class=\"s1\">Transforme sus datos en conocimiento<\/span><\/h2>\n\n\n\n<p class=\"p3\"><span class=\"s1\">Do you feel your business is missing insight for confident decision making?&nbsp; Having support from a professional Data &amp; Analytics team can improve the effectiveness and profitability of your business. <\/span><\/p>\n\n\n\n<p class=\"p3\"><span class=\"s1\">Sin embargo, configurar un equipo interno de datos y an\u00e1lisis dentro de su empresa puede ser una tarea costosa y desafiante. Puede llevar tiempo hasta que el nuevo equipo sea productivo, entregue resultados y genere un retorno de la inversi\u00f3n (ROI). <\/span><\/p>\n\n\n\n<p class=\"p3\"><span class=\"s1\">Have you considered outsourcing your Data &amp; Analytics department? A professional <a href=\"https:\/\/www.sisinternational.com\/es\/sis-application-of-quantitative-data-analytics-to-sensory-testing\/\" title=\"SIS Application of Quantitative Data Analytics to Sensory Testing\"  data-wpil-monitor-id=\"1280\">Data Analytics consultancy like SIS<\/a> can provide you with cutting-edge analysis, tools, analytics and reports. By outsourcing Data Analysis, you can also receive the required reports rapidly and cost effectively. <\/span><\/p>\n\n\n\n<h2 class=\"wp-block-heading p3\"><span class=\"s1\">Nuestra propuesta de valor<\/span><\/h2>\n\n\n\n<p class=\"p3\"><span class=\"s1\">At SIS Research, our reports are clear and easy to digest. We have experts who add value with their experience. We gather and analyze your data rapidly. We are your strategic partner for Data Science and <a href=\"https:\/\/www.sisinternational.com\/es\/pericia\/industrias\/consultoria-de-analisis-de-ciencia-de-datos\/\" title=\"Consultor\u00eda en ciencia de datos y an\u00e1lisis\"  data-wpil-monitor-id=\"3675\">An\u00e1lisis de datos<\/a>.<\/span><\/p>\n\n\n\n<h2 class=\"wp-block-heading\">Somos m\u00e1s rentables y m\u00e1s especializados que contratar un equipo de ciencia de datos.<\/h2>\n\n\n\n<p class=\"p3\"><span class=\"s1\">Nuestros equipos de Datos y An\u00e1lisis conocen muchas t\u00e9cnicas anal\u00edticas. Podemos crear informaci\u00f3n sobre todos sus procesos comerciales. Con m\u00e1s conocimiento, la toma de decisiones se vuelve m\u00e1s natural y m\u00e1s efectiva. Puede descubrir nuevas fuentes de ventajas y encontrar formas de ser m\u00e1s rentable.<\/span><\/p>\n\n\n\n<h2 class=\"wp-block-heading\">Nuestros beneficios<\/h2>\n\n\n\n<ul class=\"wp-block-list\">\n<li>Econ\u00f3mico<\/li>\n\n\n\n<li>Especializado<\/li>\n\n\n\n<li>R\u00e1pido<\/li>\n\n\n\n<li>Global<\/li>\n\n\n\n<li>Imparcial<\/li>\n\n\n\n<li>Informes avanzados estrat\u00e9gicos y procesables<\/li>\n\n\n\n<li>Capacidades estad\u00edsticas avanzadas<\/li>\n<\/ul>\n\n\n\n<h2 class=\"wp-block-heading\">Soluciones<\/h2>\n\n\n\n<p class=\"p3\"><span class=\"s1\">En SIS Research ofrecemos las siguientes soluciones:<\/span><\/p>\n\n\n\n<ul class=\"wp-block-list\">\n<li><span class=\"s1\"><b>Visualizaci\u00f3n de datos y cuadro.<\/b> Nuestras herramientas muestran sus resultados gr\u00e1ficamente, lo cual es f\u00e1cil de digerir y comprender. Podemos hacerlo seg\u00fan sus requerimientos y deseos. <\/span><\/li>\n\n\n\n<li><span class=\"s1\"><b>An\u00e1lisis de regresi\u00f3n<\/b> Muestra la relaci\u00f3n entre dos o m\u00e1s variables. Esta herramienta le ayuda a comprender c\u00f3mo se relacionan entre s\u00ed los componentes del sistema. Muestra los elementos que necesitan mejorar para crear un impacto positivo en la organizaci\u00f3n. <\/span><\/li>\n\n\n\n<li><span class=\"s1\">Con <b>An\u00e1lisis conjunto<\/b>, compruebas el rendimiento de tus productos y servicios. Tambi\u00e9n ver\u00e1s c\u00f3mo los perciben tus clientes. Conjoint analiza los diferentes componentes y caracter\u00edsticas de sus productos y servicios. Los clientes pueden calificar piezas separadas. Esta calificaci\u00f3n proporcionar\u00e1 informaci\u00f3n valiosa a los equipos de marketing. <\/span><\/li>\n\n\n\n<li><span class=\"s1\"><b>An\u00e1lisis predictivo<\/b> predecir patrones y tendencias futuras. Al analizar datos hist\u00f3ricos, podemos predecir resultados futuros. <\/span><\/li>\n\n\n\n<li><span class=\"s1\"><b>An\u00e1lisis de varianza (ANOVA)<\/b> compara la diferencia entre m\u00e1s de dos variables. Para ser m\u00e1s espec\u00edfico, examina la variaci\u00f3n dentro de los grupos. Tambi\u00e9n analiza el cambio entre grupos. ANOVA es una herramienta \u00fatil para comprender conjuntos de datos m\u00e1s complicados. <\/span><\/li>\n\n\n\n<li><span class=\"s1\"><b>An\u00e1lisis de Montecarlo<\/b> permite a los investigadores realizar varios ensayos. Podemos definir todos los resultados posibles de un evento o inversi\u00f3n. <\/span><\/li>\n\n\n\n<li><span class=\"s1\"><b>Modelado de datos<\/b> analiza los conceptos para los que desea realizar un seguimiento de los datos y se convierten en tablas en una base de datos. <\/span><\/li>\n\n\n\n<li><span class=\"s1\"><b>SQL y Python<\/b> es otra herramienta de an\u00e1lisis que ofrece a los cient\u00edficos de datos muchas opciones. Esta herramienta facilita el procesamiento, consulta y uso de los datos recopilados. <\/span><\/li>\n\n\n\n<li><span class=\"s1\">Ofrecemos <b>An\u00e1lisis de ROA y ROE<\/b>. ROA significa retorno sobre los activos y ROE es retorno sobre el capital. <\/span><\/li>\n\n\n\n<li><span class=\"s1\">A <b>Informe desestacionalizado<\/b> es donde eliminamos sus datos de sus patrones estacionales. <\/span><\/li>\n\n\n\n<li><span class=\"s1\">Tambi\u00e9n ofrecemos un <b>Paquete de an\u00e1lisis completo<\/b>. Incluye lo siguiente:\u00a0<\/span>\n<ul class=\"wp-block-list\">\n<li><span class=\"s1\">An\u00e1lisis de caja<\/span><\/li>\n\n\n\n<li><span class=\"s1\">Intervalos de confianza<\/span><\/li>\n\n\n\n<li><span class=\"s1\">An\u00e1lisis de valores at\u00edpicos<\/span><\/li>\n\n\n\n<li><span class=\"s1\">An\u00e1lisis de distribuci\u00f3n, asimetr\u00eda y curtosis<\/span><\/li>\n\n\n\n<li><span class=\"s1\">Alfa, estad\u00edstica F, valor p, etc.<\/span><\/li>\n<\/ul>\n<\/li>\n<\/ul>\n\n\n\n<h2 class=\"wp-block-heading\">Por qu\u00e9 el an\u00e1lisis de datos es fundamental<\/h2>\n\n\n\n<p class=\"p3\"><span class=\"s1\">Una empresa de investigaci\u00f3n de mercado y de an\u00e1lisis de datos puede proporcionarle a su empresa los tipos de an\u00e1lisis anteriores, lo que crear\u00e1 una comprensi\u00f3n m\u00e1s profunda de su empresa, sus productos y servicios. Tambi\u00e9n puede ayudarle con sus finanzas, eficiencia y m\u00e1s. <\/span><\/p>\n\n\n\n<p class=\"p3\"><span class=\"s1\">Data &amp; Analytics consulting is low-cost, efficient, and reliable.&nbsp; It can uncover a deeper understanding of your operations&nbsp;<\/span><\/p>\n\n\n\n<p class=\"p3\"><span class=\"s1\">A Market <a class=\"wpil_keyword_link\" href=\"https:\/\/www.sisinternational.com\/es\/\"   title=\"Inicio\" data-wpil-keyword-link=\"linked\"  data-wpil-monitor-id=\"756\">Research and Strategy<\/a> Consulting company like SIS is skilled at Data Analysis and tools.&nbsp; We can examine the products\/services you offer. We can examine the relationships of different components within the business.&nbsp; We can uncover efficiencies in the decision-making process, and provide actionable data and insight for confident decision making.<\/span><\/p>\n\n\n\n<p><\/p>","protected":false},"excerpt":{"rendered":"<p>SIS act\u00faa como su equipo de an\u00e1lisis y ciencia de datos. Brindamos soluciones de An\u00e1lisis de Datos y Consultor\u00eda Estad\u00edstica.<\/p>","protected":false},"author":1,"featured_media":64376,"parent":14567,"menu_order":13,"comment_status":"closed","ping_status":"closed","template":"","meta":{"footnotes":""},"class_list":["post-34568","page","type-page","status-publish","has-post-thumbnail"],"_links":{"self":[{"href":"https:\/\/www.sisinternational.com\/es\/wp-json\/wp\/v2\/pages\/34568","targetHints":{"allow":["GET"]}}],"collection":[{"href":"https:\/\/www.sisinternational.com\/es\/wp-json\/wp\/v2\/pages"}],"about":[{"href":"https:\/\/www.sisinternational.com\/es\/wp-json\/wp\/v2\/types\/page"}],"author":[{"embeddable":true,"href":"https:\/\/www.sisinternational.com\/es\/wp-json\/wp\/v2\/users\/1"}],"replies":[{"embeddable":true,"href":"https:\/\/www.sisinternational.com\/es\/wp-json\/wp\/v2\/comments?post=34568"}],"version-history":[{"count":6,"href":"https:\/\/www.sisinternational.com\/es\/wp-json\/wp\/v2\/pages\/34568\/revisions"}],"predecessor-version":[{"id":77883,"href":"https:\/\/www.sisinternational.com\/es\/wp-json\/wp\/v2\/pages\/34568\/revisions\/77883"}],"up":[{"embeddable":true,"href":"https:\/\/www.sisinternational.com\/es\/wp-json\/wp\/v2\/pages\/14567"}],"wp:featuredmedia":[{"embeddable":true,"href":"https:\/\/www.sisinternational.com\/es\/wp-json\/wp\/v2\/media\/64376"}],"wp:attachment":[{"href":"https:\/\/www.sisinternational.com\/es\/wp-json\/wp\/v2\/media?parent=34568"}],"curies":[{"name":"wp","href":"https:\/\/api.w.org\/{rel}","templated":true}]}}