{"id":33419,"date":"2019-10-06T21:53:24","date_gmt":"2019-10-06T21:53:24","guid":{"rendered":"https:\/\/www.sisinternational.com\/?page_id=33419"},"modified":"2025-09-13T18:13:39","modified_gmt":"2025-09-13T22:13:39","slug":"investigacion-de-mercado-en-idaho","status":"publish","type":"page","link":"https:\/\/www.sisinternational.com\/es\/cobertura\/north-america\/cobertura-de-estados-unidos\/investigacion-de-mercado-en-idaho\/","title":{"rendered":"Investigaci\u00f3n de mercado en Idaho"},"content":{"rendered":"<h1 class=\"wp-block-heading\">Investigaci\u00f3n de mercado en Idaho<\/h1>\n\n\n\n<figure class=\"gb-block-image gb-block-image-7d19e551\"><img loading=\"lazy\" decoding=\"async\" width=\"1456\" height=\"816\" class=\"gb-image gb-image-7d19e551\" src=\"https:\/\/www.sisinternational.com\/wp-content\/uploads\/2025\/09\/Idaho-5.jpg\" alt=\"Investigaci\u00f3n y estrategia de mercado internacional de SIS\" title=\"Idaho (5)\" srcset=\"https:\/\/www.sisinternational.com\/wp-content\/uploads\/2025\/09\/Idaho-5.jpg 1456w, https:\/\/www.sisinternational.com\/wp-content\/uploads\/2025\/09\/Idaho-5-300x168.jpg 300w, https:\/\/www.sisinternational.com\/wp-content\/uploads\/2025\/09\/Idaho-5-1024x574.jpg 1024w, https:\/\/www.sisinternational.com\/wp-content\/uploads\/2025\/09\/Idaho-5-768x430.jpg 768w, https:\/\/www.sisinternational.com\/wp-content\/uploads\/2025\/09\/Idaho-5-18x10.jpg 18w\" sizes=\"auto, (max-width: 1456px) 100vw, 1456px\"><\/figure>\n\n\n\n<p><\/p>\n\n\n\n<h2 class=\"wp-block-heading p3\"><span class=\"s1\">Tambi\u00e9n conocido como el &quot;Estado de las gemas&quot;, Idaho comprende 83.569 millas cuadradas de tierra y tiene 1,7 millones de habitantes. <\/span><\/h2>\n\n\n\n<p class=\"p3\"><span class=\"s1\">Washington, Oreg\u00f3n, Montana, Nevada y Wyoming limitan con Idaho. Comparte una corta frontera con Columbia Brit\u00e1nica, Canad\u00e1. Boise es su capital y ciudad m\u00e1s grande. <\/span><\/p>\n\n\n\n<p class=\"p3\"><span class=\"s1\">A state that is both scenic and adventurous, Idaho offers a little bit of everything. Part of Yellowstone Park is in this state. Idaho Falls, Coeur d\u2019Alene, and Shoshone Falls are some of the top things to look forward to when visiting Idaho. You can always expect unpredictable weather here. Despite this, many people consider July and August to be the best months. Winter is cold, and fall characterized by cooler type weather. <\/span><\/p>\n\n\n\n<h2 class=\"wp-block-heading p5\"><span class=\"s1\">Energ\u00eda<\/span><\/h2>\n\n\n\n<p class=\"p3\"><span class=\"s1\">The Department of Energy designed the Idaho National Laboratory. This laboratory is the <a href=\"https:\/\/www.sisinternational.com\/es\/pericia\/curriculums-de-experiencia\/empresa-de-investigacion-de-mercados-b2b\/\" title=\"La mejor empresa de investigaci\u00f3n de mercados B2B\"  data-wpil-monitor-id=\"8028\">top nuclear research<\/a> facility in the nation. Its engineers do development, testing, and demonstration of new materials and fuels so that the residents enjoy clean and sustainable energy through the advancement of the facility. <\/span><\/p>\n\n\n\n<h2 class=\"wp-block-heading p5\"><span class=\"s1\">Aeroespacial<\/span><\/h2>\n\n\n\n<p class=\"p3\"><span class=\"s1\">Aerospace businesses keep finding a home here. Idaho is home to more than 24 aerospace companies, such as Empire Airlines. Its location is ideal as it is close to several international airports. These companies engage in airplane assembly and its related <a href=\"https:\/\/www.sisinternational.com\/es\/soluciones\/prueba-de-sabor\/servicios-de-prueba-de-productos-en-nueva-york\/\" title=\"Servicios de prueba de productos en Nueva York\"  data-wpil-monitor-id=\"8029\">products and services<\/a>. Aerospace continues to play a massive role in the economic development of Idaho. <\/span><\/p>\n\n\n\n<h2 class=\"wp-block-heading p5\"><span class=\"s1\">Fabricaci\u00f3n avanzada <\/span><\/h2>\n\n\n\n<p class=\"p3\"><span class=\"s1\">The use of cutting-edge processes is what makes the difference from conventional manufacturing. Moreover, in Idaho, businesses have access to such methods along with a skilled workforce. These skills and advancements make Idaho the ideal place to invest in manufacturing. Companies such as Motive Power and Unitech Composites have done so. They have found that Idaho provides an opportunity for the use of technology. The state also has an excellent transportation network, which complements its technological advancements.<\/span><\/p>\n\n\n\n<h2 class=\"wp-block-heading p5\"><span class=\"s1\">La producci\u00f3n de alimentos<\/span><\/h2>\n\n\n\n<p class=\"p3\"><span class=\"s1\">La mayor\u00eda de la gente conoce Idaho por su producci\u00f3n de patatas. Sin embargo, sus productos incluyen productos l\u00e1cteos, vinos, ganado, cultivos y semillas. A GoGo, Squeeze y Chobani les result\u00f3 beneficioso establecerse en Idaho.<\/span><\/p>\n\n\n\n<h2 class=\"wp-block-heading p5\"><span class=\"s1\">Turismo y actividades recreativas al aire libre<\/span><\/h2>\n\n\n\n<p class=\"p3\"><span class=\"s1\">El turismo representa una gran parte de los ingresos de Idaho. El estado tiene muchas actividades al aire libre para alentar a los visitantes. Tanto los visitantes como los due\u00f1os de negocios est\u00e1n tomando nota y disfrutando de la belleza al aire libre de Idaho. Las oportunidades son enormes en este sector. <\/span><\/p>\n\n\n\n<h2 class=\"wp-block-heading p5\"><span class=\"s1\">Incentivos comerciales en Idaho<\/span><\/h2>\n\n\n\n<p class=\"p3\"><span class=\"s1\">Idaho ha hecho que sea beneficioso hacer negocios en Gem State. Algunos incentivos incluyen: <\/span><\/p>\n\n\n\n<ul class=\"wp-block-list\">\n<li><span class=\"s1\">Fondo de Oportunidades de Idaho. Este fondo es para el desarrollo de infraestructura. Este desarrollo ayuda a atraer o dar cabida a nuevas instalaciones comerciales. <\/span><\/li>\n\n\n\n<li><span class=\"s1\">TRI &#8211; Tax Reimbursement Incentive, can offer a tax credit up to 30% on income generated by a business<\/span><\/li>\n\n\n\n<li><span class=\"s1\">Exenci\u00f3n del Impuesto sobre la Propiedad. Esta exenci\u00f3n es para empresas nuevas o existentes que invierten al menos $500K. Estas empresas pueden calificar para una exenci\u00f3n del impuesto a la propiedad. En algunos casos, la exenci\u00f3n de impuestos dura hasta 5 a\u00f1os. <\/span><\/li>\n\n\n\n<li><span class=\"s1\">Investment in Human Resources. This incentive can result in a reimbursement of up to $3,000 when training employees.<\/span><\/li>\n\n\n\n<li><span class=\"s1\">Cr\u00e9dito Fiscal a la Inversi\u00f3n. Al invertir en maquinaria y equipo en Idaho, una empresa puede recibir un cr\u00e9dito fiscal 3%.<\/span><\/li>\n<\/ul>\n\n\n\n<h2 class=\"wp-block-heading\">Acerca de la investigaci\u00f3n de mercado en Idaho<\/h2>\n\n\n\n<p class=\"p3\"><span class=\"s1\">For your business to thrive, you need information. <a href=\"https:\/\/www.sisinternational.com\/es\/soluciones\/soluciones-de-investigacion-cualitativa-cuantitativa\/reclutamiento-de-investigacion-cualitativa\/\" title=\"Reclutamiento de investigaci\u00f3n cualitativa\"  data-wpil-monitor-id=\"8026\">Investigaci\u00f3n cualitativa y cuantitativa<\/a> can help you figure out your business location. It tells you what the consumer needs or current wants are. It also gives you the best <a href=\"https:\/\/www.sisinternational.com\/es\/soluciones\/investigacion-de-consultoria-estrategica-fintech\/consultoria-de-estrategia-de-investigacion-de-mercado-de-seguros-de-interrupcion-de-negocios\/\" title=\"Investigaci\u00f3n de Mercado y Consultor\u00eda Estrat\u00e9gica de Seguros de Interrupci\u00f3n de Negocios\"  data-wpil-monitor-id=\"8030\">strategy to use for your business<\/a> success. SIS can do this and more for you. We specialize in Qualitative, Quantitative, and Strategy Research. The future and <a href=\"https:\/\/www.sisinternational.com\/es\/predictive-analytics\/\" title=\"Predictive Analytics: Your Crystal Ball for Business Success\"  data-wpil-monitor-id=\"8027\">success of your business<\/a> are in your hands. Moreover, you can trust <a href=\"https:\/\/www.sisinternational.com\/es\/sis-presenta-una-plataforma-de-analisis-cuantitativo-y-ciencia-de-datos\/\" title=\"SIS presenta plataforma de an\u00e1lisis cuantitativo y ciencia de datos\"  data-wpil-monitor-id=\"8025\">SIS<\/a> to assist you in taking loads of data and transforming it into a solid base for your decision-making. Click on the link below and experience how we can assist in your business success.<\/span><\/p>\n\n\n\n<h2 class=\"wp-block-heading\">&nbsp;<\/h2>","protected":false},"excerpt":{"rendered":"<p>Descubra nuevas oportunidades comerciales con investigaci\u00f3n de mercado en Idaho.<\/p>","protected":false},"author":1,"featured_media":66550,"parent":19303,"menu_order":55,"comment_status":"closed","ping_status":"closed","template":"","meta":{"footnotes":""},"class_list":["post-33419","page","type-page","status-publish","has-post-thumbnail"],"_links":{"self":[{"href":"https:\/\/www.sisinternational.com\/es\/wp-json\/wp\/v2\/pages\/33419","targetHints":{"allow":["GET"]}}],"collection":[{"href":"https:\/\/www.sisinternational.com\/es\/wp-json\/wp\/v2\/pages"}],"about":[{"href":"https:\/\/www.sisinternational.com\/es\/wp-json\/wp\/v2\/types\/page"}],"author":[{"embeddable":true,"href":"https:\/\/www.sisinternational.com\/es\/wp-json\/wp\/v2\/users\/1"}],"replies":[{"embeddable":true,"href":"https:\/\/www.sisinternational.com\/es\/wp-json\/wp\/v2\/comments?post=33419"}],"version-history":[{"count":4,"href":"https:\/\/www.sisinternational.com\/es\/wp-json\/wp\/v2\/pages\/33419\/revisions"}],"predecessor-version":[{"id":81352,"href":"https:\/\/www.sisinternational.com\/es\/wp-json\/wp\/v2\/pages\/33419\/revisions\/81352"}],"up":[{"embeddable":true,"href":"https:\/\/www.sisinternational.com\/es\/wp-json\/wp\/v2\/pages\/19303"}],"wp:featuredmedia":[{"embeddable":true,"href":"https:\/\/www.sisinternational.com\/es\/wp-json\/wp\/v2\/media\/66550"}],"wp:attachment":[{"href":"https:\/\/www.sisinternational.com\/es\/wp-json\/wp\/v2\/media?parent=33419"}],"curies":[{"name":"wp","href":"https:\/\/api.w.org\/{rel}","templated":true}]}}