{"id":33413,"date":"2019-10-06T19:22:04","date_gmt":"2019-10-06T19:22:04","guid":{"rendered":"https:\/\/www.sisinternational.com\/?page_id=33413"},"modified":"2025-09-13T18:06:55","modified_gmt":"2025-09-13T22:06:55","slug":"investigacion-de-mercado-en-vermont","status":"publish","type":"page","link":"https:\/\/www.sisinternational.com\/es\/cobertura\/north-america\/cobertura-de-estados-unidos\/investigacion-de-mercado-en-vermont\/","title":{"rendered":"Investigaci\u00f3n de mercado en Vermont"},"content":{"rendered":"<h1 class=\"wp-block-heading\">Investigaci\u00f3n de mercado en Vermont<\/h1>\n\n\n\n<figure class=\"gb-block-image gb-block-image-429df7f0\"><img loading=\"lazy\" decoding=\"async\" width=\"1456\" height=\"816\" class=\"gb-image gb-image-429df7f0\" src=\"https:\/\/www.sisinternational.com\/wp-content\/uploads\/2025\/09\/Vermont-2.jpg\" alt=\"Investigaci\u00f3n y estrategia de mercado internacional de SIS\" title=\"Vermont (2)\" srcset=\"https:\/\/www.sisinternational.com\/wp-content\/uploads\/2025\/09\/Vermont-2.jpg 1456w, https:\/\/www.sisinternational.com\/wp-content\/uploads\/2025\/09\/Vermont-2-300x168.jpg 300w, https:\/\/www.sisinternational.com\/wp-content\/uploads\/2025\/09\/Vermont-2-1024x574.jpg 1024w, https:\/\/www.sisinternational.com\/wp-content\/uploads\/2025\/09\/Vermont-2-768x430.jpg 768w, https:\/\/www.sisinternational.com\/wp-content\/uploads\/2025\/09\/Vermont-2-18x10.jpg 18w\" sizes=\"auto, (max-width: 1456px) 100vw, 1456px\"><\/figure>\n\n\n\n<p><\/p>\n\n\n\n<h2 class=\"wp-block-heading p2\"><span class=\"s1\">Vermont est\u00e1 en Nueva Inglaterra, en la esquina noreste de los Estados Unidos. <\/span><\/h2>\n\n\n\n<p class=\"p2\"><span class=\"s1\">Con una poblaci\u00f3n estimada de 624.000 habitantes, tiene la segunda poblaci\u00f3n m\u00e1s peque\u00f1a de todos los estados de Estados Unidos. Es un estado peque\u00f1o, el sexto m\u00e1s peque\u00f1o del pa\u00eds en superficie. Burlington es la ciudad m\u00e1s grande, con 42.000 habitantes, y South Burlington, ubicada en el condado de Chittenden, tiene la segunda poblaci\u00f3n m\u00e1s grande de Vermont. Tiene una poblaci\u00f3n de 18.000 personas. Otras grandes \u00e1reas metropolitanas incluyen Rutland, Barre y Montpelier, la capital de Vermont.<\/span><\/p>\n\n\n\n<p class=\"p2\"><span class=\"s1\">Animadas estaciones de esqu\u00ed, serenas monta\u00f1as boscosas y aut\u00e9ntico jarabe de arce forman parte de Vermont, siendo una de las principales atracciones la Granja y Museo Billings en Woodstock. Billings, un museo de historia al aire libre, es uno de los mejores del pa\u00eds. Otra atracci\u00f3n es Hildene, la Casa de la Familia Lincoln, una impresionante mansi\u00f3n de estilo georgiano. Es la casa familiar de los descendientes del presidente Lincoln.<\/span><\/p>\n\n\n\n<h2 class=\"wp-block-heading p5\"><span class=\"s1\">Industrias clave en Vermont<\/span><\/h2>\n\n\n\n<p class=\"p2\"><span class=\"s1\">The largest employer in Vermont is the US Government, with most public employees working in the fields of education and healthcare. Full-service restaurants are also major employers, but they have one of the lowest average earnings figures. There is a noticeable lack of professional services in Vermont. For example, the state has few technical and professional consultants and lawyers. However, it has an extensive semiconductor and other <a href=\"https:\/\/www.sisinternational.com\/es\/soluciones\/investigacion-de-mercado-de-ia-y-consultoria-estrategica\/consultoria-de-inteligencia-artificial-de-automatizacion-de-la-industria-electronica\/\" title=\"Consultor\u00eda en Automatizaci\u00f3n e Inteligencia Artificial de la Industria Electr\u00f3nica\"  data-wpil-monitor-id=\"9063\">electronic manufacturing industry<\/a>.<\/span><\/p>\n\n\n\n<h2 class=\"wp-block-heading\">Fabricaci\u00f3n<\/h2>\n\n\n\n<p class=\"p6\"><span class=\"s1\">Manufacturing is Vermont\u2019s leading industry, accounting for approximately 11 percent of state&#8217;s GDP. The state has over 1000 manufacturing firms, and a new <a href=\"https:\/\/www.sisinternational.com\/es\/pericia\/industrias\/investigacion-de-mercado-de-generacion-de-energia\/\" title=\"Investigaci\u00f3n de mercado de generaci\u00f3n de energ\u00eda\"  data-wpil-monitor-id=\"9059\">generation of market<\/a> leaders is driving innovation in this sector. Agriculture, tech, and energy are also leading industries, with other vital lines of business being software development, IT, financial services, and insurance. Renewable energy, green companies, and food and beverage also contribute to GDP. Vermont also manufactures consumer goods. Finally, the state has vibrant <a href=\"https:\/\/www.sisinternational.com\/es\/soluciones\/investigacion-de-mercado-de-ia-y-consultoria-estrategica\/adopcion-de-ia-viajes-hospitalidad-turismo-industria-consultoria\/\" title=\"Adopci\u00f3n de IA en la consultor\u00eda de la industria de viajes, hoteler\u00eda y turismo\"  data-wpil-monitor-id=\"9064\">tourism and outdoor recreation industries<\/a>. Each industry has strong <a href=\"https:\/\/www.sisinternational.com\/es\/soluciones\/soluciones-de-branding-e-investigacion-de-clientes\/narracion-de-historias-investigacion-de-mercado\/\" title=\"Investigaci\u00f3n de mercado de narraci\u00f3n de historias\"  data-wpil-monitor-id=\"9060\">stories to tell<\/a> about Vermont as a place to live, work, or start and grow a business.<\/span><\/p>\n\n\n\n<h2 class=\"wp-block-heading p5\"><span class=\"s1\">Aspectos destacados y ventajas de hacer negocios en Vermont<\/span><\/h2>\n\n\n\n<p class=\"p2\"><span class=\"s1\">Los emprendedores est\u00e1n estableciendo m\u00e1s empresas emergentes en Vermont que nunca. \u00bfPor qu\u00e9 registrar una nueva empresa en Vermont? Estas son algunas de las razones:<\/span><\/p>\n\n\n\n<ul class=\"wp-block-list\">\n<li><span class=\"s1\"><b>Impuesto sobre la renta cero: <\/b>You can enjoy the fact that Vermont does not tax S corporations<\/span><\/li>\n\n\n\n<li><span class=\"s1\"><b>Otros incentivos fiscales:<\/b> El estado, algunas ciudades y condados como Newport ofrecen varios programas de incentivos. Estos programas son para empresas de nueva creaci\u00f3n que se registran como LLC.<\/span><\/li>\n\n\n\n<li><span class=\"s1\"><b>Programas de capital e incentivos:<\/b> Estos programas van desde inversiones \u00e1ngeles hasta una amplia variedad de fuentes de deuda. La Autoridad de Desarrollo Econ\u00f3mico de Vermont ofrece muchos de estos programas.<\/span><\/li>\n\n\n\n<li><span class=\"s1\"><b>Protecci\u00f3n de responsabilidad limitada:<\/b> Los propietarios de LLC en Vermont disfrutan de una protecci\u00f3n similar a la de las corporaciones.<\/span><\/li>\n\n\n\n<li><span class=\"s1\"><b>Distribuci\u00f3n flexible de beneficios:<\/b> Una empresa nueva registrada en Vermont puede seleccionar diferentes formas de distribuir las ganancias. Este acuerdo es diferente a las sociedades, donde el porcentaje es 50-50<\/span><\/li>\n<\/ul>\n\n\n\n<h2 class=\"wp-block-heading\">Entorno empresarial favorable<\/h2>\n\n\n\n<p class=\"p6\"><span class=\"s1\">Vermont ofrece la opci\u00f3n de incorporar empresas como &quot;corporaciones de beneficio&quot;. Este beneficio permite a las empresas agregar una misi\u00f3n social a sus objetivos financieros. Permitir\u00e1 a la corporaci\u00f3n de beneficios apoyar oportunidades econ\u00f3micas para comunidades o individuos. Estas oportunidades pueden estar fuera de lo normal en el curso normal de los negocios. Tambi\u00e9n brindan a las comunidades e individuos desatendidos o de bajos ingresos los productos y servicios necesarios. Las corporaciones ben\u00e9ficas tambi\u00e9n pueden tener inter\u00e9s en preservar o mejorar el medio ambiente.<\/span><\/p>\n\n\n\n<h2 class=\"wp-block-heading p5\"><span class=\"s1\">Acerca de la investigaci\u00f3n de mercado en Vermont<\/span><\/h2>\n\n\n\n<p class=\"p2\"><span class=\"s1\"><a href=\"https:\/\/www.sisinternational.com\/es\/top-5-benefits-of-conducting-quantitative-market-research\/\" title=\"Top 5 Benefits of Conducting Quantitative Market Research\"  data-wpil-monitor-id=\"9058\">Investigaci\u00f3n de mercado cuantitativa<\/a> uses statistical, mathematical, and computational tools to derive results. It involves experiments, surveys, and real-time data gathering, and offers a more subjective overview. For Qualitative research, we use Focus Groups and other tools. We help <a href=\"https:\/\/www.sisinternational.com\/es\/publicaciones\/investigacion-de-mercado-empresarial-escalable-7-formas-de-construir-un-negocio-escalable\/\" title=\"Investigaci\u00f3n de mercado empresarial escalable: 7 formas de construir un negocio escalable\"  data-wpil-monitor-id=\"9062\">businesses define their markets<\/a> and strengthen their competitive advantages. Both types of <a href=\"https:\/\/www.sisinternational.com\/es\/pericia\/curriculums-de-experiencia\/investigacion-de-marca\/\" title=\"Empresa de investigaci\u00f3n de marca\"  data-wpil-monitor-id=\"9061\">research are beneficial to companies<\/a> considering doing business in Vermont.<\/span><\/p>\n\n\n\n<p class=\"p2\"><span class=\"s1\"><a href=\"https:\/\/www.sisinternational.com\/es\/what-to-expect-in-your-first-year-entering-a-new-market-5-essential-strategies\/\" title=\"What to Expect in Your First Year Entering a New Market: 5 Essential Strategies\"  data-wpil-monitor-id=\"9065\">Strategy Research is also essential<\/a>. It helps businesses to identify potential opportunities and threats. It minimizes investment risk and helps companies to strengthen their position. It also facilitates strategic planning. It allows businesses to discover their own and their competitors\u2019 weaknesses and strengths. It also helps them to stay ahead of the competition and assists them in spotting emerging trends. <\/span><\/p>\n\n\n\n<p><\/p>\n\n\n\n<h2 class=\"wp-block-heading\">&nbsp;<\/h2>","protected":false},"excerpt":{"rendered":"<p>Descubra nuevas oportunidades comerciales con Market Research en Vermont.<\/p>","protected":false},"author":1,"featured_media":66734,"parent":19303,"menu_order":53,"comment_status":"closed","ping_status":"closed","template":"","meta":{"footnotes":""},"class_list":["post-33413","page","type-page","status-publish","has-post-thumbnail"],"_links":{"self":[{"href":"https:\/\/www.sisinternational.com\/es\/wp-json\/wp\/v2\/pages\/33413","targetHints":{"allow":["GET"]}}],"collection":[{"href":"https:\/\/www.sisinternational.com\/es\/wp-json\/wp\/v2\/pages"}],"about":[{"href":"https:\/\/www.sisinternational.com\/es\/wp-json\/wp\/v2\/types\/page"}],"author":[{"embeddable":true,"href":"https:\/\/www.sisinternational.com\/es\/wp-json\/wp\/v2\/users\/1"}],"replies":[{"embeddable":true,"href":"https:\/\/www.sisinternational.com\/es\/wp-json\/wp\/v2\/comments?post=33413"}],"version-history":[{"count":5,"href":"https:\/\/www.sisinternational.com\/es\/wp-json\/wp\/v2\/pages\/33413\/revisions"}],"predecessor-version":[{"id":81518,"href":"https:\/\/www.sisinternational.com\/es\/wp-json\/wp\/v2\/pages\/33413\/revisions\/81518"}],"up":[{"embeddable":true,"href":"https:\/\/www.sisinternational.com\/es\/wp-json\/wp\/v2\/pages\/19303"}],"wp:featuredmedia":[{"embeddable":true,"href":"https:\/\/www.sisinternational.com\/es\/wp-json\/wp\/v2\/media\/66734"}],"wp:attachment":[{"href":"https:\/\/www.sisinternational.com\/es\/wp-json\/wp\/v2\/media?parent=33413"}],"curies":[{"name":"wp","href":"https:\/\/api.w.org\/{rel}","templated":true}]}}