{"id":33392,"date":"2019-10-05T20:39:24","date_gmt":"2019-10-05T20:39:24","guid":{"rendered":"https:\/\/www.sisinternational.com\/?page_id=33392"},"modified":"2026-01-25T16:59:27","modified_gmt":"2026-01-25T21:59:27","slug":"investigacion-de-mercado-en-dakota-del-sur","status":"publish","type":"page","link":"https:\/\/www.sisinternational.com\/es\/cobertura\/north-america\/cobertura-de-estados-unidos\/investigacion-de-mercado-en-dakota-del-sur\/","title":{"rendered":"Investigaci\u00f3n de mercado en Dakota del Sur"},"content":{"rendered":"<h1 class=\"wp-block-heading\">Investigaci\u00f3n de mercado en Dakota del Sur<\/h1>\n\n\n\n<figure class=\"gb-block-image gb-block-image-3661bb70\"><img loading=\"lazy\" decoding=\"async\" width=\"1456\" height=\"816\" class=\"gb-image gb-image-3661bb70\" src=\"https:\/\/www.sisinternational.com\/wp-content\/uploads\/2025\/09\/South-Dakota-5.jpg\" alt=\"Investigaci\u00f3n y estrategia de mercado internacional de SIS\" title=\"South Dakota (5)\" srcset=\"https:\/\/www.sisinternational.com\/wp-content\/uploads\/2025\/09\/South-Dakota-5.jpg 1456w, https:\/\/www.sisinternational.com\/wp-content\/uploads\/2025\/09\/South-Dakota-5-300x168.jpg 300w, https:\/\/www.sisinternational.com\/wp-content\/uploads\/2025\/09\/South-Dakota-5-1024x574.jpg 1024w, https:\/\/www.sisinternational.com\/wp-content\/uploads\/2025\/09\/South-Dakota-5-768x430.jpg 768w, https:\/\/www.sisinternational.com\/wp-content\/uploads\/2025\/09\/South-Dakota-5-18x10.jpg 18w\" sizes=\"auto, (max-width: 1456px) 100vw, 1456px\"><\/figure>\n\n\n\n<p><\/p>\n\n\n\n<h2 class=\"wp-block-heading p2\">South Dakota is a Midwestern state, receiving its name from the Lakota and Dakota Sioux Native American<span class=\"s1\"> people. <\/span><\/h2>\n\n\n\n<p class=\"p2\"><span class=\"s1\">Its nicknames are the Coyote State and the Mount Rushmore State after its most famous tourist destination. South Dakota became a member of the Union on November 2, 1889, as the 40<sup>th<\/sup> state. It borders the states of Minnesota to the east, Iowa to the southeast, and Nebraska to the south. It also shares borders with Wyoming to the west, Montana to the northwest, and North Dakota to the north. The Missouri River runs through the state. It bisects South Dakota into two distinct halves known as the East River and the West River.<\/span><\/p>\n\n\n\n<h2 class=\"wp-block-heading\">Beneficios econ\u00f3micos<\/h2>\n\n\n\n<p class=\"p2\"><span class=\"s1\">La capital de Dakota del Sur es Pierre, con una poblaci\u00f3n de m\u00e1s de 13.000 habitantes. Su ciudad m\u00e1s grande es Sioux Falls, donde la poblaci\u00f3n es de m\u00e1s de 180.000 personas. El panorama econ\u00f3mico de Dakota del Sur ofrece una visi\u00f3n alentadora para nuevos negocios. El estado no tiene un impuesto estatal sobre la renta corporativo o individual. Tampoco tiene impuesto sobre el inventario empresarial. Estas exenciones permiten m\u00e1s oportunidades para un crecimiento empresarial continuo. Dakota del Sur es un lugar asequible para hacer negocios porque las tarifas limitadas facilitan la consecuci\u00f3n de los objetivos comerciales. <\/span><\/p>\n\n\n\n<h2 class=\"wp-block-heading\">Atracciones<\/h2>\n\n\n\n<p class=\"p2\"><span class=\"s1\">South Dakota presents a breathtaking landscape. Its striking scenery of the mountainous Black Hills is a sight to behold. You\u2019ll also find rugged stretches of rocky badlands and undulating grassy plains. The state is most well-known for the Mount Rushmore National Memorial in Keystone in the Black Hills, and the Crazy Horse Memorial is nearby. Both monuments are carvings into the mountains to honor influential past leaders. There\u2019s also Custer State Park with its buffalo safari and the Black Hills Wild Horse Sanctuary. At the sanctuary, rescued mustangs and other horses run free. Outside of the Black Hills, much of South Dakota is grasslands. You\u2019ll also find small forest areas near rivers and in shelterbelts. Wild West enthusiasts also visit Deadwood, a restored western town. This town is the burial site of Wild Bill Hickok and Calamity Jane.<\/span><\/p>\n\n\n\n<h2 class=\"wp-block-heading\">Agricultura<\/h2>\n\n\n\n<p class=\"p2\"><span class=\"s1\">La agricultura ha sido una industria fundamental en Dakota del Sur y ha realizado una contribuci\u00f3n vital a la econom\u00eda del estado. Los productos agr\u00edcolas m\u00e1s rentables son la soja, el trigo y el ma\u00edz. Tambi\u00e9n existen estancias dedicadas a la cr\u00eda de ganado vacuno y porcino.<\/span><\/p>\n\n\n\n<h2 class=\"wp-block-heading\">Industrias de servicio<\/h2>\n\n\n\n<p class=\"p2\"><span class=\"s1\">The modern mainstay of the economy of South Dakota is the service industry. The most significant contributors to this industry are the retail, finance, and healthcare sectors. Government spending is also an essential <a href=\"https:\/\/www.sisinternational.com\/es\/industry-forecast\/industrial-sector-forecast\/\" title=\"Industrial Sector Forecast\"  data-wpil-monitor-id=\"9232\">sector in the service industry<\/a>. The Ellsworth Air Force Base, <a href=\"https:\/\/www.sisinternational.com\/es\/soluciones\/soluciones-de-investigacion-cualitativa-cuantitativa\/pruebas-en-ubicaciones-centrales-de-la-ciudad-de-nueva-york\/\" title=\"Pruebas en ubicaciones centrales de la ciudad de Nueva York: beneficios para las pruebas de productos\"  data-wpil-monitor-id=\"9233\">located close to Rapid City<\/a>, is the state\u2019s second-largest employer.<\/span><\/p>\n\n\n\n<h2 class=\"wp-block-heading\">Turismo<\/h2>\n\n\n\n<p class=\"p2\"><span class=\"s1\"><a href=\"https:\/\/www.sisinternational.com\/es\/soluciones\/investigacion-de-mercado-de-ia-y-consultoria-estrategica\/adopcion-de-ia-viajes-hospitalidad-turismo-industria-consultoria\/\" title=\"Adopci\u00f3n de IA en la consultor\u00eda de la industria de viajes, hoteler\u00eda y turismo\"  data-wpil-monitor-id=\"9231\">Tourism is another vital industry<\/a>. Many visitors come to view the state\u2019s attractions and festivals. Most of these attractions are in the Black Hills.&nbsp; South Dakota is also famous for Mount Rushmore National Memorial.<\/span><\/p>\n\n\n\n<h2 class=\"wp-block-heading p2\">Acerca de la investigaci\u00f3n de mercado en Dakota del Sur<\/h2>\n\n\n\n<p class=\"p2\"><span class=\"s1\">Are you interested in establishing a business in North Dakota? SIS International can help. We offer Quantitative, Qualitative, and <a href=\"https:\/\/www.sisinternational.com\/es\/soluciones\/investigacion-de-consultoria-estrategica-fintech\/adquisicion-digital-banca-cliente-investigacion-de-mercado-consultoria-estrategica\/\" title=\"Banca de Adquisiciones Digitales Investigaci\u00f3n de Mercado de Clientes y Consultor\u00eda de Estrategia\"  data-wpil-monitor-id=\"9229\">Strategy Research to help you understand customers\u2019<\/a> preferences and pain points. We also give you detailed insights about your competitors. Qualitative Research methods include Focus Groups, Customer Interviews, Ethnography, and <a href=\"https:\/\/www.sisinternational.com\/es\/soluciones\/soluciones-de-investigacion-cualitativa-cuantitativa\/grupos-focales-en-linea-2\/\" title=\"Grupos de discusi\u00f3n en l\u00ednea\"  data-wpil-monitor-id=\"9228\">Grupos de discusi\u00f3n en l\u00ednea<\/a>, while Quantitative techniques include Online, App, and Telephone surveys. Strategy <a href=\"https:\/\/www.sisinternational.com\/es\/pericia\/industrias\/investigacion-de-mercado-ecologia\/\" title=\"Investigaci\u00f3n de Mercado de Ecolog\u00eda\"  data-wpil-monitor-id=\"3900\">Research uncovers Market<\/a> Opportunities, Competitive Analysis, Industry Trends, and Go-To-Market Strategies.<span class=\"Apple-converted-space\">&nbsp; <\/span>These insights will help you to understand demographics and economic shifts. You\u2019ll also find out about <a href=\"https:\/\/www.sisinternational.com\/es\/publicaciones\/comportamiento-del-comprador-despues-del-coronavirus-nuevo-consumidor\/\" title=\"Comportamiento del comprador despu\u00e9s del coronavirus \u2013 Investigaci\u00f3n de mercado del consumidor\"  data-wpil-monitor-id=\"9230\">consumer buying patterns and the latest market<\/a> trends.<\/span><\/p>\n\n\n\n<p><\/p>\n\n\n\n<h2 class=\"wp-block-heading\">&nbsp;<\/h2>","protected":false},"excerpt":{"rendered":"<p>Descubra nuevas oportunidades comerciales con investigaci\u00f3n de mercado en Dakota del Sur.<\/p>","protected":false},"author":1,"featured_media":66715,"parent":19303,"menu_order":52,"comment_status":"closed","ping_status":"closed","template":"","meta":{"footnotes":""},"class_list":["post-33392","page","type-page","status-publish","has-post-thumbnail"],"_links":{"self":[{"href":"https:\/\/www.sisinternational.com\/es\/wp-json\/wp\/v2\/pages\/33392","targetHints":{"allow":["GET"]}}],"collection":[{"href":"https:\/\/www.sisinternational.com\/es\/wp-json\/wp\/v2\/pages"}],"about":[{"href":"https:\/\/www.sisinternational.com\/es\/wp-json\/wp\/v2\/types\/page"}],"author":[{"embeddable":true,"href":"https:\/\/www.sisinternational.com\/es\/wp-json\/wp\/v2\/users\/1"}],"replies":[{"embeddable":true,"href":"https:\/\/www.sisinternational.com\/es\/wp-json\/wp\/v2\/comments?post=33392"}],"version-history":[{"count":4,"href":"https:\/\/www.sisinternational.com\/es\/wp-json\/wp\/v2\/pages\/33392\/revisions"}],"predecessor-version":[{"id":81542,"href":"https:\/\/www.sisinternational.com\/es\/wp-json\/wp\/v2\/pages\/33392\/revisions\/81542"}],"up":[{"embeddable":true,"href":"https:\/\/www.sisinternational.com\/es\/wp-json\/wp\/v2\/pages\/19303"}],"wp:featuredmedia":[{"embeddable":true,"href":"https:\/\/www.sisinternational.com\/es\/wp-json\/wp\/v2\/media\/66715"}],"wp:attachment":[{"href":"https:\/\/www.sisinternational.com\/es\/wp-json\/wp\/v2\/media?parent=33392"}],"curies":[{"name":"wp","href":"https:\/\/api.w.org\/{rel}","templated":true}]}}